{"id":994,"date":"2019-02-07T00:04:11","date_gmt":"2019-02-06T21:04:11","guid":{"rendered":"http:\/\/hortum.com.tr\/product\/import-placeholder-for-438\/"},"modified":"2024-03-21T17:39:42","modified_gmt":"2024-03-21T14:39:42","slug":"ispanyol-disi-rekor","status":"publish","type":"product","link":"https:\/\/tuzlahortum.com.tr\/fr\/produit\/ispanyol-disi-rekor\/","title":{"rendered":"Record f\u00e9minin espagnol"},"content":{"rendered":"<h2>Record f\u00e9minin espagnol<\/h2>","protected":false},"excerpt":{"rendered":"<p>Record f\u00e9minin espagnol<\/p>","protected":false},"featured_media":2970,"comment_status":"open","ping_status":"closed","template":"","meta":{"jetpack_post_was_ever_published":false},"product_brand":[],"product_cat":[127],"product_tag":[257,1276,1278,252,256,254],"class_list":{"0":"post-994","1":"product","2":"type-product","3":"status-publish","4":"has-post-thumbnail","6":"product_cat-ispanyol-tip-yangin-rekorlari","7":"product_tag-disi","8":"product_tag-ispanyol","9":"product_tag-ispanyol-disi-rekor","10":"product_tag-rekor","11":"product_tag-yangin","12":"product_tag-yangin-rekoru","14":"first","15":"instock","16":"taxable","17":"shipping-taxable","18":"product-type-variable"},"jetpack-related-posts":[{"id":993,"url":"https:\/\/tuzlahortum.com.tr\/fr\/produit\/ispanyol-hortum-rekoru\/","url_meta":{"origin":994,"position":0},"title":"Record espagnol de tuyau","author":"admin","date":"7 f\u00e9vrier 2019","format":false,"excerpt":"Record espagnol de tuyau","rel":"","context":"Article similaire","block_context":{"text":"Article similaire","link":""},"img":{"alt_text":"","src":"https:\/\/i0.wp.com\/tuzlahortum.com.tr\/wp-content\/uploads\/2019\/02\/%C4%B0spanyol-Hortum-Rekoru.jpg?fit=400%2C300&ssl=1&resize=350%2C200","width":350,"height":200},"classes":[]},{"id":995,"url":"https:\/\/tuzlahortum.com.tr\/fr\/produit\/ispanyol-kortapa\/","url_meta":{"origin":994,"position":1},"title":"Bouchon aveugle espagnol","author":"admin","date":"7 f\u00e9vrier 2019","format":false,"excerpt":"Bouchon aveugle espagnol","rel":"","context":"Article similaire","block_context":{"text":"Article similaire","link":""},"img":{"alt_text":"","src":"https:\/\/i0.wp.com\/tuzlahortum.com.tr\/wp-content\/uploads\/2019\/02\/%C4%B0spanyol-K%C3%B6rtapa.jpg?fit=400%2C300&ssl=1&resize=350%2C200","width":350,"height":200},"classes":[]},{"id":964,"url":"https:\/\/tuzlahortum.com.tr\/fr\/produit\/ingiliz-disi-rekor-kulakli\/","url_meta":{"origin":994,"position":2},"title":"Record f\u00e9minin britannique (avec oreilles)","author":"admin","date":"6 f\u00e9vrier 2019","format":false,"excerpt":"Record f\u00e9minin britannique (avec oreilles)","rel":"","context":"Article similaire","block_context":{"text":"Article similaire","link":""},"img":{"alt_text":"","src":"https:\/\/i0.wp.com\/tuzlahortum.com.tr\/wp-content\/uploads\/2019\/02\/ingiliz-disi-rekorkulakli.jpg?fit=500%2C500&ssl=1&resize=350%2C200","width":350,"height":200},"classes":[]},{"id":986,"url":"https:\/\/tuzlahortum.com.tr\/fr\/produit\/ingiliz-disi-rekor-kulaksiz\/","url_meta":{"origin":994,"position":3},"title":"Record f\u00e9minin britannique (sans oreilles)","author":"admin","date":"7 f\u00e9vrier 2019","format":false,"excerpt":"Record f\u00e9minin britannique (sans oreilles)","rel":"","context":"Article similaire","block_context":{"text":"Article similaire","link":""},"img":{"alt_text":"","src":"https:\/\/i0.wp.com\/tuzlahortum.com.tr\/wp-content\/uploads\/2019\/02\/ingiliz-disi-rekorkulaksiz22.jpg?fit=800%2C800&ssl=1&resize=350%2C200","width":350,"height":200,"srcset":"https:\/\/i0.wp.com\/tuzlahortum.com.tr\/wp-content\/uploads\/2019\/02\/ingiliz-disi-rekorkulaksiz22.jpg?fit=800%2C800&ssl=1&resize=350%2C200 1x, https:\/\/i0.wp.com\/tuzlahortum.com.tr\/wp-content\/uploads\/2019\/02\/ingiliz-disi-rekorkulaksiz22.jpg?fit=800%2C800&ssl=1&resize=525%2C300 1.5x, https:\/\/i0.wp.com\/tuzlahortum.com.tr\/wp-content\/uploads\/2019\/02\/ingiliz-disi-rekorkulaksiz22.jpg?fit=800%2C800&ssl=1&resize=700%2C400 2x"},"classes":[]},{"id":603,"url":"https:\/\/tuzlahortum.com.tr\/fr\/produit\/sari-disi-hortum-rekoru\/","url_meta":{"origin":994,"position":4},"title":"Union de tuyau femelle jaune","author":"admin","date":"6 f\u00e9vrier 2019","format":false,"excerpt":"Union de tuyau femelle jaune","rel":"","context":"Article similaire","block_context":{"text":"Article similaire","link":""},"img":{"alt_text":"","src":"https:\/\/i0.wp.com\/tuzlahortum.com.tr\/wp-content\/uploads\/2019\/02\/disihortumrekor-300x300.jpg?fit=300%2C300&ssl=1&resize=350%2C200","width":350,"height":200},"classes":[]},{"id":695,"url":"https:\/\/tuzlahortum.com.tr\/fr\/produit\/japon-disi-rekor\/","url_meta":{"origin":994,"position":5},"title":"Record f\u00e9minin japonais","author":"admin","date":"6 f\u00e9vrier 2019","format":false,"excerpt":"Record f\u00e9minin japonais","rel":"","context":"Article similaire","block_context":{"text":"Article similaire","link":""},"img":{"alt_text":"","src":"https:\/\/i0.wp.com\/tuzlahortum.com.tr\/wp-content\/uploads\/2019\/02\/japon-disi-rekor.jpg?fit=500%2C500&ssl=1&resize=350%2C200","width":350,"height":200},"classes":[]}],"jetpack_sharing_enabled":true,"jetpack_likes_enabled":true,"_links":{"self":[{"href":"https:\/\/tuzlahortum.com.tr\/fr\/wp-json\/wp\/v2\/product\/994","targetHints":{"allow":["GET"]}}],"collection":[{"href":"https:\/\/tuzlahortum.com.tr\/fr\/wp-json\/wp\/v2\/product"}],"about":[{"href":"https:\/\/tuzlahortum.com.tr\/fr\/wp-json\/wp\/v2\/types\/product"}],"replies":[{"embeddable":true,"href":"https:\/\/tuzlahortum.com.tr\/fr\/wp-json\/wp\/v2\/comments?post=994"}],"wp:featuredmedia":[{"embeddable":true,"href":"https:\/\/tuzlahortum.com.tr\/fr\/wp-json\/wp\/v2\/media\/2970"}],"wp:attachment":[{"href":"https:\/\/tuzlahortum.com.tr\/fr\/wp-json\/wp\/v2\/media?parent=994"}],"wp:term":[{"taxonomy":"product_brand","embeddable":true,"href":"https:\/\/tuzlahortum.com.tr\/fr\/wp-json\/wp\/v2\/product_brand?post=994"},{"taxonomy":"product_cat","embeddable":true,"href":"https:\/\/tuzlahortum.com.tr\/fr\/wp-json\/wp\/v2\/product_cat?post=994"},{"taxonomy":"product_tag","embeddable":true,"href":"https:\/\/tuzlahortum.com.tr\/fr\/wp-json\/wp\/v2\/product_tag?post=994"}],"curies":[{"name":"wp","href":"https:\/\/api.w.org\/{rel}","templated":true}]}}