{"id":993,"date":"2019-02-07T00:04:11","date_gmt":"2019-02-06T21:04:11","guid":{"rendered":"http:\/\/hortum.com.tr\/product\/import-placeholder-for-437\/"},"modified":"2024-03-21T17:39:42","modified_gmt":"2024-03-21T14:39:42","slug":"ispanyol-hortum-rekoru","status":"publish","type":"product","link":"https:\/\/tuzlahortum.com.tr\/fr\/produit\/ispanyol-hortum-rekoru\/","title":{"rendered":"Record espagnol de tuyau"},"content":{"rendered":"<h2>Record espagnol de tuyau<\/h2>","protected":false},"excerpt":{"rendered":"<p>Record espagnol de tuyau<\/p>","protected":false},"featured_media":2971,"comment_status":"open","ping_status":"closed","template":"","meta":{"jetpack_post_was_ever_published":false},"product_brand":[],"product_cat":[127],"product_tag":[290,1276,1277,252,256,254],"class_list":{"0":"post-993","1":"product","2":"type-product","3":"status-publish","4":"has-post-thumbnail","6":"product_cat-ispanyol-tip-yangin-rekorlari","7":"product_tag-hortum","8":"product_tag-ispanyol","9":"product_tag-ispanyol-hortum-rekoru","10":"product_tag-rekor","11":"product_tag-yangin","12":"product_tag-yangin-rekoru","14":"first","15":"instock","16":"taxable","17":"shipping-taxable","18":"product-type-variable"},"jetpack-related-posts":[{"id":994,"url":"https:\/\/tuzlahortum.com.tr\/fr\/produit\/ispanyol-disi-rekor\/","url_meta":{"origin":993,"position":0},"title":"Record f\u00e9minin espagnol","author":"admin","date":"7 f\u00e9vrier 2019","format":false,"excerpt":"Record f\u00e9minin espagnol","rel":"","context":"Article similaire","block_context":{"text":"Article similaire","link":""},"img":{"alt_text":"","src":"https:\/\/i0.wp.com\/tuzlahortum.com.tr\/wp-content\/uploads\/2019\/02\/%C4%B0spanyol-Di%C5%9Fi-Rekor.jpg?fit=400%2C300&ssl=1&resize=350%2C200","width":350,"height":200},"classes":[]},{"id":995,"url":"https:\/\/tuzlahortum.com.tr\/fr\/produit\/ispanyol-kortapa\/","url_meta":{"origin":993,"position":1},"title":"Bouchon aveugle espagnol","author":"admin","date":"7 f\u00e9vrier 2019","format":false,"excerpt":"Bouchon aveugle espagnol","rel":"","context":"Article similaire","block_context":{"text":"Article similaire","link":""},"img":{"alt_text":"","src":"https:\/\/i0.wp.com\/tuzlahortum.com.tr\/wp-content\/uploads\/2019\/02\/%C4%B0spanyol-K%C3%B6rtapa.jpg?fit=400%2C300&ssl=1&resize=350%2C200","width":350,"height":200},"classes":[]},{"id":989,"url":"https:\/\/tuzlahortum.com.tr\/fr\/produit\/rus-hortum-rekoru\/","url_meta":{"origin":993,"position":2},"title":"Record de tuyau russe","author":"admin","date":"7 f\u00e9vrier 2019","format":false,"excerpt":"Record de tuyau russe","rel":"","context":"Article similaire","block_context":{"text":"Article similaire","link":""},"img":{"alt_text":"","src":"https:\/\/i0.wp.com\/tuzlahortum.com.tr\/wp-content\/uploads\/2019\/02\/rus-tip-yangin-rekorlari.jpg?fit=500%2C500&ssl=1&resize=350%2C200","width":350,"height":200},"classes":[]},{"id":997,"url":"https:\/\/tuzlahortum.com.tr\/fr\/produit\/machino-hortum-rekoru\/","url_meta":{"origin":993,"position":3},"title":"Raccord de tuyau Machino","author":"admin","date":"7 f\u00e9vrier 2019","format":false,"excerpt":"Raccord de tuyau Machino","rel":"","context":"Article similaire","block_context":{"text":"Article similaire","link":""},"img":{"alt_text":"","src":"https:\/\/i0.wp.com\/tuzlahortum.com.tr\/wp-content\/uploads\/2019\/02\/machino-hortum-rekoru.jpg?fit=500%2C500&ssl=1&resize=350%2C200","width":350,"height":200},"classes":[]},{"id":1001,"url":"https:\/\/tuzlahortum.com.tr\/fr\/produit\/alman-hortum-rekoru\/","url_meta":{"origin":993,"position":4},"title":"Record allemand de tuyau","author":"admin","date":"7 f\u00e9vrier 2019","format":false,"excerpt":"Record allemand de tuyau","rel":"","context":"Article similaire","block_context":{"text":"Article similaire","link":""},"img":{"alt_text":"","src":"https:\/\/i0.wp.com\/tuzlahortum.com.tr\/wp-content\/uploads\/2019\/02\/alman-hortum-rekoru4.jpg?fit=500%2C500&ssl=1&resize=350%2C200","width":350,"height":200},"classes":[]},{"id":1002,"url":"https:\/\/tuzlahortum.com.tr\/fr\/produit\/japon-hortum-rekoru\/","url_meta":{"origin":993,"position":5},"title":"Record de tuyau japonais","author":"admin","date":"7 f\u00e9vrier 2019","format":false,"excerpt":"Record de tuyau japonais","rel":"","context":"Article similaire","block_context":{"text":"Article similaire","link":""},"img":{"alt_text":"","src":"https:\/\/i0.wp.com\/tuzlahortum.com.tr\/wp-content\/uploads\/2019\/02\/japon-tipi-rekor.jpg?fit=500%2C500&ssl=1&resize=350%2C200","width":350,"height":200},"classes":[]}],"jetpack_sharing_enabled":true,"jetpack_likes_enabled":true,"_links":{"self":[{"href":"https:\/\/tuzlahortum.com.tr\/fr\/wp-json\/wp\/v2\/product\/993","targetHints":{"allow":["GET"]}}],"collection":[{"href":"https:\/\/tuzlahortum.com.tr\/fr\/wp-json\/wp\/v2\/product"}],"about":[{"href":"https:\/\/tuzlahortum.com.tr\/fr\/wp-json\/wp\/v2\/types\/product"}],"replies":[{"embeddable":true,"href":"https:\/\/tuzlahortum.com.tr\/fr\/wp-json\/wp\/v2\/comments?post=993"}],"wp:featuredmedia":[{"embeddable":true,"href":"https:\/\/tuzlahortum.com.tr\/fr\/wp-json\/wp\/v2\/media\/2971"}],"wp:attachment":[{"href":"https:\/\/tuzlahortum.com.tr\/fr\/wp-json\/wp\/v2\/media?parent=993"}],"wp:term":[{"taxonomy":"product_brand","embeddable":true,"href":"https:\/\/tuzlahortum.com.tr\/fr\/wp-json\/wp\/v2\/product_brand?post=993"},{"taxonomy":"product_cat","embeddable":true,"href":"https:\/\/tuzlahortum.com.tr\/fr\/wp-json\/wp\/v2\/product_cat?post=993"},{"taxonomy":"product_tag","embeddable":true,"href":"https:\/\/tuzlahortum.com.tr\/fr\/wp-json\/wp\/v2\/product_tag?post=993"}],"curies":[{"name":"wp","href":"https:\/\/api.w.org\/{rel}","templated":true}]}}