{"id":987,"date":"2019-02-07T00:04:09","date_gmt":"2019-02-06T21:04:09","guid":{"rendered":"http:\/\/hortum.com.tr\/product\/import-placeholder-for-427\/"},"modified":"2024-03-21T17:39:47","modified_gmt":"2024-03-21T14:39:47","slug":"ingiliz-erkek-rekor","status":"publish","type":"product","link":"https:\/\/tuzlahortum.com.tr\/fr\/produit\/ingiliz-erkek-rekor\/","title":{"rendered":"Record masculin britannique"},"content":{"rendered":"<h2>Record masculin britannique<\/h2>","protected":false},"excerpt":{"rendered":"<p>Record masculin britannique<\/p>","protected":false},"featured_media":8199,"comment_status":"open","ping_status":"closed","template":"","meta":[],"product_brand":[],"product_cat":[126],"product_tag":[292,1242,1270,252,256,254],"class_list":{"0":"post-987","1":"product","2":"type-product","3":"status-publish","4":"has-post-thumbnail","6":"product_cat-ingiliz-tip-yangin-rekorlari","7":"product_tag-erkek","8":"product_tag-ingiliz","9":"product_tag-ingiliz-erkek-rekor","10":"product_tag-rekor","11":"product_tag-yangin","12":"product_tag-yangin-rekoru","14":"first","15":"instock","16":"taxable","17":"shipping-taxable","18":"product-type-variable"},"jetpack-related-posts":[{"id":964,"url":"https:\/\/tuzlahortum.com.tr\/fr\/produit\/ingiliz-disi-rekor-kulakli\/","url_meta":{"origin":987,"position":0},"title":"Record f\u00e9minin britannique (avec oreilles)","author":"admin","date":"6 f\u00e9vrier 2019","format":false,"excerpt":"Record f\u00e9minin britannique (avec oreilles)","rel":"","context":"Article similaire","block_context":{"text":"Article similaire","link":""},"img":{"alt_text":"","src":"https:\/\/i0.wp.com\/tuzlahortum.com.tr\/wp-content\/uploads\/2019\/02\/ingiliz-disi-rekorkulakli.jpg?fit=500%2C500&ssl=1&resize=350%2C200","width":350,"height":200},"classes":[]},{"id":986,"url":"https:\/\/tuzlahortum.com.tr\/fr\/produit\/ingiliz-disi-rekor-kulaksiz\/","url_meta":{"origin":987,"position":1},"title":"Record f\u00e9minin britannique (sans oreilles)","author":"admin","date":"7 f\u00e9vrier 2019","format":false,"excerpt":"Record f\u00e9minin britannique (sans oreilles)","rel":"","context":"Article similaire","block_context":{"text":"Article similaire","link":""},"img":{"alt_text":"","src":"https:\/\/i0.wp.com\/tuzlahortum.com.tr\/wp-content\/uploads\/2019\/02\/ingiliz-disi-rekorkulaksiz22.jpg?fit=800%2C800&ssl=1&resize=350%2C200","width":350,"height":200,"srcset":"https:\/\/i0.wp.com\/tuzlahortum.com.tr\/wp-content\/uploads\/2019\/02\/ingiliz-disi-rekorkulaksiz22.jpg?fit=800%2C800&ssl=1&resize=350%2C200 1x, https:\/\/i0.wp.com\/tuzlahortum.com.tr\/wp-content\/uploads\/2019\/02\/ingiliz-disi-rekorkulaksiz22.jpg?fit=800%2C800&ssl=1&resize=525%2C300 1.5x, https:\/\/i0.wp.com\/tuzlahortum.com.tr\/wp-content\/uploads\/2019\/02\/ingiliz-disi-rekorkulaksiz22.jpg?fit=800%2C800&ssl=1&resize=700%2C400 2x"},"classes":[]},{"id":985,"url":"https:\/\/tuzlahortum.com.tr\/fr\/produit\/ingiliz-tipi-yangin-rekor\/","url_meta":{"origin":987,"position":2},"title":"Record d&#039;incendie de type britannique","author":"admin","date":"7 f\u00e9vrier 2019","format":false,"excerpt":"Record d&#039;incendie de type britannique","rel":"","context":"Article similaire","block_context":{"text":"Article similaire","link":""},"img":{"alt_text":"","src":"https:\/\/i0.wp.com\/tuzlahortum.com.tr\/wp-content\/uploads\/2019\/02\/ingiliz-tipi-yangin-rekor.jpg?fit=500%2C500&ssl=1&resize=350%2C200","width":350,"height":200},"classes":[]},{"id":535,"url":"https:\/\/tuzlahortum.com.tr\/fr\/produit\/amerikan-erkek-rekor\/","url_meta":{"origin":987,"position":3},"title":"Record masculin am\u00e9ricain","author":"admin","date":"6 f\u00e9vrier 2019","format":false,"excerpt":"Record masculin am\u00e9ricain","rel":"","context":"Article similaire","block_context":{"text":"Article similaire","link":""},"img":{"alt_text":"","src":"https:\/\/i0.wp.com\/tuzlahortum.com.tr\/wp-content\/uploads\/2019\/02\/amerikan-erkek-rekor-1.jpg?fit=500%2C500&ssl=1&resize=350%2C200","width":350,"height":200},"classes":[]},{"id":694,"url":"https:\/\/tuzlahortum.com.tr\/fr\/produit\/italyan-erkek-rekor\/","url_meta":{"origin":987,"position":4},"title":"Record masculin italien","author":"admin","date":"6 f\u00e9vrier 2019","format":false,"excerpt":"Record masculin italien","rel":"","context":"Article similaire","block_context":{"text":"Article similaire","link":""},"img":{"alt_text":"","src":"https:\/\/i0.wp.com\/tuzlahortum.com.tr\/wp-content\/uploads\/2019\/02\/italyan-erkek-rekor.jpg?fit=500%2C500&ssl=1&resize=350%2C200","width":350,"height":200},"classes":[]},{"id":967,"url":"https:\/\/tuzlahortum.com.tr\/fr\/produit\/alman-erkek-rekor\/","url_meta":{"origin":987,"position":5},"title":"Record masculin allemand","author":"admin","date":"6 f\u00e9vrier 2019","format":false,"excerpt":"Record masculin allemand","rel":"","context":"Article similaire","block_context":{"text":"Article similaire","link":""},"img":{"alt_text":"","src":"https:\/\/i0.wp.com\/tuzlahortum.com.tr\/wp-content\/uploads\/2019\/02\/alman-erkek-rekor-2.jpg?fit=500%2C500&ssl=1&resize=350%2C200","width":350,"height":200},"classes":[]}],"jetpack_sharing_enabled":true,"jetpack_likes_enabled":true,"_links":{"self":[{"href":"https:\/\/tuzlahortum.com.tr\/fr\/wp-json\/wp\/v2\/product\/987","targetHints":{"allow":["GET"]}}],"collection":[{"href":"https:\/\/tuzlahortum.com.tr\/fr\/wp-json\/wp\/v2\/product"}],"about":[{"href":"https:\/\/tuzlahortum.com.tr\/fr\/wp-json\/wp\/v2\/types\/product"}],"replies":[{"embeddable":true,"href":"https:\/\/tuzlahortum.com.tr\/fr\/wp-json\/wp\/v2\/comments?post=987"}],"wp:featuredmedia":[{"embeddable":true,"href":"https:\/\/tuzlahortum.com.tr\/fr\/wp-json\/wp\/v2\/media\/8199"}],"wp:attachment":[{"href":"https:\/\/tuzlahortum.com.tr\/fr\/wp-json\/wp\/v2\/media?parent=987"}],"wp:term":[{"taxonomy":"product_brand","embeddable":true,"href":"https:\/\/tuzlahortum.com.tr\/fr\/wp-json\/wp\/v2\/product_brand?post=987"},{"taxonomy":"product_cat","embeddable":true,"href":"https:\/\/tuzlahortum.com.tr\/fr\/wp-json\/wp\/v2\/product_cat?post=987"},{"taxonomy":"product_tag","embeddable":true,"href":"https:\/\/tuzlahortum.com.tr\/fr\/wp-json\/wp\/v2\/product_tag?post=987"}],"curies":[{"name":"wp","href":"https:\/\/api.w.org\/{rel}","templated":true}]}}