{"id":986,"date":"2019-02-07T00:04:09","date_gmt":"2019-02-06T21:04:09","guid":{"rendered":"http:\/\/hortum.com.tr\/product\/import-placeholder-for-425\/"},"modified":"2024-03-21T17:39:48","modified_gmt":"2024-03-21T14:39:48","slug":"ingiliz-disi-rekor-kulaksiz","status":"publish","type":"product","link":"https:\/\/tuzlahortum.com.tr\/fr\/produit\/ingiliz-disi-rekor-kulaksiz\/","title":{"rendered":"Record f\u00e9minin britannique (sans oreilles)"},"content":{"rendered":"<h2>Record f\u00e9minin britannique (sans oreilles)<\/h2>","protected":false},"excerpt":{"rendered":"<p>Record f\u00e9minin britannique (sans oreilles)<\/p>","protected":false},"featured_media":3041,"comment_status":"open","ping_status":"closed","template":"","meta":[],"product_brand":[],"product_cat":[126],"product_tag":[257,1242,1269,1244,1268,252,256,254],"class_list":{"0":"post-986","1":"product","2":"type-product","3":"status-publish","4":"has-post-thumbnail","6":"product_cat-ingiliz-tip-yangin-rekorlari","7":"product_tag-disi","8":"product_tag-ingiliz","9":"product_tag-ingiliz-disi-kulaksiz-rekor","10":"product_tag-ingiliz-disi-rekor","11":"product_tag-kulaksiz","12":"product_tag-rekor","13":"product_tag-yangin","14":"product_tag-yangin-rekoru","16":"first","17":"instock","18":"taxable","19":"shipping-taxable","20":"product-type-variable"},"jetpack-related-posts":[{"id":964,"url":"https:\/\/tuzlahortum.com.tr\/fr\/produit\/ingiliz-disi-rekor-kulakli\/","url_meta":{"origin":986,"position":0},"title":"Record f\u00e9minin britannique (avec oreilles)","author":"admin","date":"6 f\u00e9vrier 2019","format":false,"excerpt":"Record f\u00e9minin britannique (avec oreilles)","rel":"","context":"Article similaire","block_context":{"text":"Article similaire","link":""},"img":{"alt_text":"","src":"https:\/\/i0.wp.com\/tuzlahortum.com.tr\/wp-content\/uploads\/2019\/02\/ingiliz-disi-rekorkulakli.jpg?fit=500%2C500&ssl=1&resize=350%2C200","width":350,"height":200},"classes":[]},{"id":987,"url":"https:\/\/tuzlahortum.com.tr\/fr\/produit\/ingiliz-erkek-rekor\/","url_meta":{"origin":986,"position":1},"title":"Record masculin britannique","author":"admin","date":"7 f\u00e9vrier 2019","format":false,"excerpt":"Record masculin britannique","rel":"","context":"Article similaire","block_context":{"text":"Article similaire","link":""},"img":{"alt_text":"","src":"https:\/\/i0.wp.com\/tuzlahortum.com.tr\/wp-content\/uploads\/2019\/03\/ingiliz-erkek-rekor.jpg?fit=500%2C500&ssl=1&resize=350%2C200","width":350,"height":200},"classes":[]},{"id":985,"url":"https:\/\/tuzlahortum.com.tr\/fr\/produit\/ingiliz-tipi-yangin-rekor\/","url_meta":{"origin":986,"position":2},"title":"Record d&#039;incendie de type britannique","author":"admin","date":"7 f\u00e9vrier 2019","format":false,"excerpt":"Record d&#039;incendie de type britannique","rel":"","context":"Article similaire","block_context":{"text":"Article similaire","link":""},"img":{"alt_text":"","src":"https:\/\/i0.wp.com\/tuzlahortum.com.tr\/wp-content\/uploads\/2019\/02\/ingiliz-tipi-yangin-rekor.jpg?fit=500%2C500&ssl=1&resize=350%2C200","width":350,"height":200},"classes":[]},{"id":695,"url":"https:\/\/tuzlahortum.com.tr\/fr\/produit\/japon-disi-rekor\/","url_meta":{"origin":986,"position":3},"title":"Record f\u00e9minin japonais","author":"admin","date":"6 f\u00e9vrier 2019","format":false,"excerpt":"Record f\u00e9minin japonais","rel":"","context":"Article similaire","block_context":{"text":"Article similaire","link":""},"img":{"alt_text":"","src":"https:\/\/i0.wp.com\/tuzlahortum.com.tr\/wp-content\/uploads\/2019\/02\/japon-disi-rekor.jpg?fit=500%2C500&ssl=1&resize=350%2C200","width":350,"height":200},"classes":[]},{"id":966,"url":"https:\/\/tuzlahortum.com.tr\/fr\/produit\/italyan-disi-rekor\/","url_meta":{"origin":986,"position":4},"title":"Record f\u00e9minin italien","author":"admin","date":"6 f\u00e9vrier 2019","format":false,"excerpt":"Record f\u00e9minin italien","rel":"","context":"Article similaire","block_context":{"text":"Article similaire","link":""},"img":{"alt_text":"","src":"https:\/\/i0.wp.com\/tuzlahortum.com.tr\/wp-content\/uploads\/2019\/02\/italyan-disi-rekor-1.jpg?fit=500%2C500&ssl=1&resize=350%2C200","width":350,"height":200},"classes":[]},{"id":994,"url":"https:\/\/tuzlahortum.com.tr\/fr\/produit\/ispanyol-disi-rekor\/","url_meta":{"origin":986,"position":5},"title":"Record f\u00e9minin espagnol","author":"admin","date":"7 f\u00e9vrier 2019","format":false,"excerpt":"Record f\u00e9minin espagnol","rel":"","context":"Article similaire","block_context":{"text":"Article similaire","link":""},"img":{"alt_text":"","src":"https:\/\/i0.wp.com\/tuzlahortum.com.tr\/wp-content\/uploads\/2019\/02\/%C4%B0spanyol-Di%C5%9Fi-Rekor.jpg?fit=400%2C300&ssl=1&resize=350%2C200","width":350,"height":200},"classes":[]}],"jetpack_sharing_enabled":true,"jetpack_likes_enabled":true,"_links":{"self":[{"href":"https:\/\/tuzlahortum.com.tr\/fr\/wp-json\/wp\/v2\/product\/986","targetHints":{"allow":["GET"]}}],"collection":[{"href":"https:\/\/tuzlahortum.com.tr\/fr\/wp-json\/wp\/v2\/product"}],"about":[{"href":"https:\/\/tuzlahortum.com.tr\/fr\/wp-json\/wp\/v2\/types\/product"}],"replies":[{"embeddable":true,"href":"https:\/\/tuzlahortum.com.tr\/fr\/wp-json\/wp\/v2\/comments?post=986"}],"wp:featuredmedia":[{"embeddable":true,"href":"https:\/\/tuzlahortum.com.tr\/fr\/wp-json\/wp\/v2\/media\/3041"}],"wp:attachment":[{"href":"https:\/\/tuzlahortum.com.tr\/fr\/wp-json\/wp\/v2\/media?parent=986"}],"wp:term":[{"taxonomy":"product_brand","embeddable":true,"href":"https:\/\/tuzlahortum.com.tr\/fr\/wp-json\/wp\/v2\/product_brand?post=986"},{"taxonomy":"product_cat","embeddable":true,"href":"https:\/\/tuzlahortum.com.tr\/fr\/wp-json\/wp\/v2\/product_cat?post=986"},{"taxonomy":"product_tag","embeddable":true,"href":"https:\/\/tuzlahortum.com.tr\/fr\/wp-json\/wp\/v2\/product_tag?post=986"}],"curies":[{"name":"wp","href":"https:\/\/api.w.org\/{rel}","templated":true}]}}