{"id":985,"date":"2019-02-07T00:04:09","date_gmt":"2019-02-06T21:04:09","guid":{"rendered":"http:\/\/hortum.com.tr\/product\/import-placeholder-for-424\/"},"modified":"2024-03-21T17:39:49","modified_gmt":"2024-03-21T14:39:49","slug":"ingiliz-tipi-yangin-rekor","status":"publish","type":"product","link":"https:\/\/tuzlahortum.com.tr\/fr\/produit\/ingiliz-tipi-yangin-rekor\/","title":{"rendered":"Record d&#039;incendie de type britannique"},"content":{"rendered":"<h2>Record d&#039;incendie de type britannique<\/h2>","protected":false},"excerpt":{"rendered":"<p>Record d&#039;incendie de type britannique<\/p>","protected":false},"featured_media":3028,"comment_status":"open","ping_status":"closed","template":"","meta":{"jetpack_post_was_ever_published":false},"product_brand":[],"product_cat":[126],"product_tag":[1242,1267,725,256,254],"class_list":{"0":"post-985","1":"product","2":"type-product","3":"status-publish","4":"has-post-thumbnail","6":"product_cat-ingiliz-tip-yangin-rekorlari","7":"product_tag-ingiliz","8":"product_tag-ingiliz-tipi-yangin-rekor","9":"product_tag-tipi","10":"product_tag-yangin","11":"product_tag-yangin-rekoru","13":"first","14":"instock","15":"taxable","16":"shipping-taxable","17":"product-type-variable"},"jetpack-related-posts":[{"id":987,"url":"https:\/\/tuzlahortum.com.tr\/fr\/produit\/ingiliz-erkek-rekor\/","url_meta":{"origin":985,"position":0},"title":"Record masculin britannique","author":"admin","date":"7 f\u00e9vrier 2019","format":false,"excerpt":"Record masculin britannique","rel":"","context":"Article similaire","block_context":{"text":"Article similaire","link":""},"img":{"alt_text":"","src":"https:\/\/i0.wp.com\/tuzlahortum.com.tr\/wp-content\/uploads\/2019\/03\/ingiliz-erkek-rekor.jpg?fit=500%2C500&ssl=1&resize=350%2C200","width":350,"height":200},"classes":[]},{"id":964,"url":"https:\/\/tuzlahortum.com.tr\/fr\/produit\/ingiliz-disi-rekor-kulakli\/","url_meta":{"origin":985,"position":1},"title":"Record f\u00e9minin britannique (avec oreilles)","author":"admin","date":"6 f\u00e9vrier 2019","format":false,"excerpt":"Record f\u00e9minin britannique (avec oreilles)","rel":"","context":"Article similaire","block_context":{"text":"Article similaire","link":""},"img":{"alt_text":"","src":"https:\/\/i0.wp.com\/tuzlahortum.com.tr\/wp-content\/uploads\/2019\/02\/ingiliz-disi-rekorkulakli.jpg?fit=500%2C500&ssl=1&resize=350%2C200","width":350,"height":200},"classes":[]},{"id":986,"url":"https:\/\/tuzlahortum.com.tr\/fr\/produit\/ingiliz-disi-rekor-kulaksiz\/","url_meta":{"origin":985,"position":2},"title":"Record f\u00e9minin britannique (sans oreilles)","author":"admin","date":"7 f\u00e9vrier 2019","format":false,"excerpt":"Record f\u00e9minin britannique (sans oreilles)","rel":"","context":"Article similaire","block_context":{"text":"Article similaire","link":""},"img":{"alt_text":"","src":"https:\/\/i0.wp.com\/tuzlahortum.com.tr\/wp-content\/uploads\/2019\/02\/ingiliz-disi-rekorkulaksiz22.jpg?fit=800%2C800&ssl=1&resize=350%2C200","width":350,"height":200,"srcset":"https:\/\/i0.wp.com\/tuzlahortum.com.tr\/wp-content\/uploads\/2019\/02\/ingiliz-disi-rekorkulaksiz22.jpg?fit=800%2C800&ssl=1&resize=350%2C200 1x, https:\/\/i0.wp.com\/tuzlahortum.com.tr\/wp-content\/uploads\/2019\/02\/ingiliz-disi-rekorkulaksiz22.jpg?fit=800%2C800&ssl=1&resize=525%2C300 1.5x, https:\/\/i0.wp.com\/tuzlahortum.com.tr\/wp-content\/uploads\/2019\/02\/ingiliz-disi-rekorkulaksiz22.jpg?fit=800%2C800&ssl=1&resize=700%2C400 2x"},"classes":[]},{"id":988,"url":"https:\/\/tuzlahortum.com.tr\/fr\/produit\/ingiliz-kortapa\/","url_meta":{"origin":985,"position":3},"title":"Prise britannique","author":"admin","date":"7 f\u00e9vrier 2019","format":false,"excerpt":"Prise britannique","rel":"","context":"Article similaire","block_context":{"text":"Article similaire","link":""},"img":{"alt_text":"","src":"https:\/\/i0.wp.com\/tuzlahortum.com.tr\/wp-content\/uploads\/2019\/02\/ingiliz-kortapa.jpg?fit=500%2C500&ssl=1&resize=350%2C200","width":350,"height":200},"classes":[]},{"id":693,"url":"https:\/\/tuzlahortum.com.tr\/fr\/produit\/italyan-tipi-yangin-rekoru\/","url_meta":{"origin":985,"position":4},"title":"Registre des incendies de type italien","author":"admin","date":"6 f\u00e9vrier 2019","format":false,"excerpt":"Registre des incendies de type italien","rel":"","context":"Article similaire","block_context":{"text":"Article similaire","link":""},"img":{"alt_text":"","src":"https:\/\/i0.wp.com\/tuzlahortum.com.tr\/wp-content\/uploads\/2019\/02\/italyan-tipi-yangin-rekoru.jpg?fit=500%2C500&ssl=1&resize=350%2C200","width":350,"height":200},"classes":[]},{"id":1005,"url":"https:\/\/tuzlahortum.com.tr\/fr\/produit\/machino-disi-rekor\/","url_meta":{"origin":985,"position":5},"title":"Record f\u00e9minin de Machino","author":"admin","date":"7 f\u00e9vrier 2019","format":false,"excerpt":"Record f\u00e9minin de Machino","rel":"","context":"Article similaire","block_context":{"text":"Article similaire","link":""},"img":{"alt_text":"","src":"https:\/\/i0.wp.com\/tuzlahortum.com.tr\/wp-content\/uploads\/2019\/02\/2-12-machino-tipi-disli.jpg?fit=500%2C500&ssl=1&resize=350%2C200","width":350,"height":200},"classes":[]}],"jetpack_sharing_enabled":true,"jetpack_likes_enabled":true,"_links":{"self":[{"href":"https:\/\/tuzlahortum.com.tr\/fr\/wp-json\/wp\/v2\/product\/985","targetHints":{"allow":["GET"]}}],"collection":[{"href":"https:\/\/tuzlahortum.com.tr\/fr\/wp-json\/wp\/v2\/product"}],"about":[{"href":"https:\/\/tuzlahortum.com.tr\/fr\/wp-json\/wp\/v2\/types\/product"}],"replies":[{"embeddable":true,"href":"https:\/\/tuzlahortum.com.tr\/fr\/wp-json\/wp\/v2\/comments?post=985"}],"wp:featuredmedia":[{"embeddable":true,"href":"https:\/\/tuzlahortum.com.tr\/fr\/wp-json\/wp\/v2\/media\/3028"}],"wp:attachment":[{"href":"https:\/\/tuzlahortum.com.tr\/fr\/wp-json\/wp\/v2\/media?parent=985"}],"wp:term":[{"taxonomy":"product_brand","embeddable":true,"href":"https:\/\/tuzlahortum.com.tr\/fr\/wp-json\/wp\/v2\/product_brand?post=985"},{"taxonomy":"product_cat","embeddable":true,"href":"https:\/\/tuzlahortum.com.tr\/fr\/wp-json\/wp\/v2\/product_cat?post=985"},{"taxonomy":"product_tag","embeddable":true,"href":"https:\/\/tuzlahortum.com.tr\/fr\/wp-json\/wp\/v2\/product_tag?post=985"}],"curies":[{"name":"wp","href":"https:\/\/api.w.org\/{rel}","templated":true}]}}