{"id":972,"date":"2019-02-07T00:04:06","date_gmt":"2019-02-06T21:04:06","guid":{"rendered":"http:\/\/hortum.com.tr\/product\/import-placeholder-for-327\/"},"modified":"2024-03-21T17:39:51","modified_gmt":"2024-03-21T14:39:51","slug":"kumandali-yangin-lansi","status":"publish","type":"product","link":"https:\/\/tuzlahortum.com.tr\/fr\/produit\/kumandali-yangin-lansi\/","title":{"rendered":"LANGAGE DE FEU CONTR\u00d4L\u00c9"},"content":{"rendered":"<h2>LANGAGE DE FEU CONTR\u00d4L\u00c9<\/h2>\n<p><strong>SP\u00c9CIFICATIONS TECHNIQUES<\/strong><\/p>\n<ul>\n<li>Le tube de la lance est en aluminium et sa surface ext\u00e9rieure est recouverte de caoutchouc.<\/li>\n<li>Il dispose d&#039;une poign\u00e9e de commande pouvant fonctionner dans deux positions (ferm\u00e9e, ouverte).<\/li>\n<li>Il y a un joint d&#039;\u00e9tanch\u00e9it\u00e9 dans la partie de connexion de l&#039;union.<\/li>\n<li>Fabriqu\u00e9 en type allemand.<\/li>\n<\/ul>\n<ul>\n<li>La tol\u00e9rance de trempe de la lance dans le brouillard est \u00e0 des angles compris entre 0 (z\u00e9ro) degr\u00e9 et 120 (cent vingt) degr\u00e9s.<\/li>\n<\/ul>","protected":false},"excerpt":{"rendered":"<p>KUMANDALI YANGIN LANSI TEKN\u0130K \u00d6ZELL\u0130KLER\u0130 Lans\u0131n borusu al\u00fcminyum olup, d\u0131\u015f y\u00fczeyi kau\u00e7uk kaplamal\u0131d\u0131r. \u0130ki\u00a0 konumda \u00e7al\u0131\u015fabilecek nitelikte (kapal\u0131 ,a\u00e7\u0131k) kumanda koluna sahiptir. Rekora irtibatlama k\u0131sm\u0131nda s\u0131zd\u0131rmazl\u0131k contas\u0131 vard\u0131r. Alman tipte imal edilmi\u015ftir. Lans\u0131n sis halinde su verme tolerans\u0131 , 0 (s\u0131f\u0131r) derece ile 120 (y\u00fczyirmi) derece aras\u0131 a\u00e7\u0131lardad\u0131r.<\/p>","protected":false},"featured_media":1202,"comment_status":"open","ping_status":"closed","template":"","meta":{"jetpack_post_was_ever_published":false},"product_brand":[],"product_cat":[120],"product_tag":[1252,1254,1253,256],"class_list":{"0":"post-972","1":"product","2":"type-product","3":"status-publish","4":"has-post-thumbnail","6":"product_cat-yangin-lansi","7":"product_tag-kumandali","8":"product_tag-kumandali-yangin-lansi","9":"product_tag-lansi","10":"product_tag-yangin","12":"first","13":"instock","14":"taxable","15":"shipping-taxable","16":"product-type-variable"},"jetpack-related-posts":[{"id":619,"url":"https:\/\/tuzlahortum.com.tr\/fr\/produit\/tc-06\/","url_meta":{"origin":972,"position":0},"title":"CT 06","author":"admin","date":"6 f\u00e9vrier 2019","format":false,"excerpt":"TC 06MATERYAL: Kuma\u015f Duvar\u0131 : 170 mikron Aluminum+PVC \u2022 Standart Uzunluk : 10 mt. \u2022 \u0130vme : 30 m\/s (max) \u2022 \u00c7al\u0131\u015fma Bas\u0131nc\u0131 : 3000 Pa (max) \u2022 Renk : Siyah D\u0131\u015f Spiral : Helisel \u00c7elik UYGULAMALAR: \u2022 \u00a0Kaynak emi\u015f hatlar\u0131 \u2022 \u00a0Emi\u015f hatlar\u0131nda, hortumlar\u0131n zor alev almas\u0131 gerekti\u011fi yerlerde\u2026","rel":"","context":"Article similaire","block_context":{"text":"Article similaire","link":""},"img":{"alt_text":"","src":"https:\/\/i0.wp.com\/tuzlahortum.com.tr\/wp-content\/uploads\/2019\/03\/TC-06.jpg?fit=600%2C435&ssl=1&resize=350%2C200","width":350,"height":200,"srcset":"https:\/\/i0.wp.com\/tuzlahortum.com.tr\/wp-content\/uploads\/2019\/03\/TC-06.jpg?fit=600%2C435&ssl=1&resize=350%2C200 1x, https:\/\/i0.wp.com\/tuzlahortum.com.tr\/wp-content\/uploads\/2019\/03\/TC-06.jpg?fit=600%2C435&ssl=1&resize=525%2C300 1.5x"},"classes":[]},{"id":1009,"url":"https:\/\/tuzlahortum.com.tr\/fr\/produit\/yangin-vanasi\/","url_meta":{"origin":972,"position":1},"title":"Vanne coupe-feu","author":"admin","date":"7 f\u00e9vrier 2019","format":false,"excerpt":"Vanne coupe-feu","rel":"","context":"Article similaire","block_context":{"text":"Article similaire","link":""},"img":{"alt_text":"Yang\u0131n Vanas\u0131","src":"https:\/\/i0.wp.com\/tuzlahortum.com.tr\/wp-content\/uploads\/2019\/02\/Yang%C4%B1n-Vanas%C4%B12.jpg?fit=431%2C431&ssl=1&resize=350%2C200","width":350,"height":200},"classes":[]},{"id":693,"url":"https:\/\/tuzlahortum.com.tr\/fr\/produit\/italyan-tipi-yangin-rekoru\/","url_meta":{"origin":972,"position":2},"title":"Registre des incendies de type italien","author":"admin","date":"6 f\u00e9vrier 2019","format":false,"excerpt":"Registre des incendies de type italien","rel":"","context":"Article similaire","block_context":{"text":"Article similaire","link":""},"img":{"alt_text":"","src":"https:\/\/i0.wp.com\/tuzlahortum.com.tr\/wp-content\/uploads\/2019\/02\/italyan-tipi-yangin-rekoru.jpg?fit=500%2C500&ssl=1&resize=350%2C200","width":350,"height":200},"classes":[]},{"id":985,"url":"https:\/\/tuzlahortum.com.tr\/fr\/produit\/ingiliz-tipi-yangin-rekor\/","url_meta":{"origin":972,"position":3},"title":"Record d&#039;incendie de type britannique","author":"admin","date":"7 f\u00e9vrier 2019","format":false,"excerpt":"Record d&#039;incendie de type britannique","rel":"","context":"Article similaire","block_context":{"text":"Article similaire","link":""},"img":{"alt_text":"","src":"https:\/\/i0.wp.com\/tuzlahortum.com.tr\/wp-content\/uploads\/2019\/02\/ingiliz-tipi-yangin-rekor.jpg?fit=500%2C500&ssl=1&resize=350%2C200","width":350,"height":200},"classes":[]},{"id":974,"url":"https:\/\/tuzlahortum.com.tr\/fr\/produit\/yangin-jet-nozulu\/","url_meta":{"origin":972,"position":4},"title":"Buse \u00e0 jet d&#039;incendie","author":"admin","date":"7 f\u00e9vrier 2019","format":false,"excerpt":"Buse \u00e0 jet d&#039;incendie","rel":"","context":"Article similaire","block_context":{"text":"Article similaire","link":""},"img":{"alt_text":"","src":"https:\/\/i0.wp.com\/tuzlahortum.com.tr\/wp-content\/uploads\/2019\/02\/Yang%C4%B1n-Jet-Nozulu.jpg?fit=300%2C300&ssl=1&resize=350%2C200","width":350,"height":200},"classes":[]},{"id":1007,"url":"https:\/\/tuzlahortum.com.tr\/fr\/produit\/yangin-tupu-kkt-6kg\/","url_meta":{"origin":972,"position":5},"title":"Extincteur KKT(6kg)","author":"admin","date":"7 f\u00e9vrier 2019","format":false,"excerpt":"Yang\u0131n T\u00fcp\u00fc KKT(6kg)A1 7114 Kalite S\u0131vama Sactan G\u00f6vde Gazalt\u0131 Kaynak Prin\u00e7 Tetik Vana Tertibat\u0131 \u0130thal Manometre \u0130thal ABC s\u00f6nd\u00fcr\u00fcc\u00fc 18 Bar \u00c7al\u0131\u015fma Bas\u0131nc\u0131 0.70 Mikron Elektro Statik Toz Boya \u00d6zel Montaj Ask\u0131s\u0131 S\u00f6nd\u00fcrme Maddesi 6-12 Kg. Ortalama \u00c7al\u0131\u015fma S\u00fcresi 18 Saniye \u00c7al\u0131\u015fma S\u0131cakl\u0131\u011f\u0131 -20 +60","rel":"","context":"Article similaire","block_context":{"text":"Article similaire","link":""},"img":{"alt_text":"Yang\u0131n T\u00fcp\u00fc","src":"https:\/\/i0.wp.com\/tuzlahortum.com.tr\/wp-content\/uploads\/2019\/02\/6-kg-kkt.png?fit=1024%2C768&ssl=1&resize=350%2C200","width":350,"height":200,"srcset":"https:\/\/i0.wp.com\/tuzlahortum.com.tr\/wp-content\/uploads\/2019\/02\/6-kg-kkt.png?fit=1024%2C768&ssl=1&resize=350%2C200 1x, https:\/\/i0.wp.com\/tuzlahortum.com.tr\/wp-content\/uploads\/2019\/02\/6-kg-kkt.png?fit=1024%2C768&ssl=1&resize=525%2C300 1.5x, https:\/\/i0.wp.com\/tuzlahortum.com.tr\/wp-content\/uploads\/2019\/02\/6-kg-kkt.png?fit=1024%2C768&ssl=1&resize=700%2C400 2x"},"classes":[]}],"jetpack_sharing_enabled":true,"jetpack_likes_enabled":true,"_links":{"self":[{"href":"https:\/\/tuzlahortum.com.tr\/fr\/wp-json\/wp\/v2\/product\/972","targetHints":{"allow":["GET"]}}],"collection":[{"href":"https:\/\/tuzlahortum.com.tr\/fr\/wp-json\/wp\/v2\/product"}],"about":[{"href":"https:\/\/tuzlahortum.com.tr\/fr\/wp-json\/wp\/v2\/types\/product"}],"replies":[{"embeddable":true,"href":"https:\/\/tuzlahortum.com.tr\/fr\/wp-json\/wp\/v2\/comments?post=972"}],"wp:featuredmedia":[{"embeddable":true,"href":"https:\/\/tuzlahortum.com.tr\/fr\/wp-json\/wp\/v2\/media\/1202"}],"wp:attachment":[{"href":"https:\/\/tuzlahortum.com.tr\/fr\/wp-json\/wp\/v2\/media?parent=972"}],"wp:term":[{"taxonomy":"product_brand","embeddable":true,"href":"https:\/\/tuzlahortum.com.tr\/fr\/wp-json\/wp\/v2\/product_brand?post=972"},{"taxonomy":"product_cat","embeddable":true,"href":"https:\/\/tuzlahortum.com.tr\/fr\/wp-json\/wp\/v2\/product_cat?post=972"},{"taxonomy":"product_tag","embeddable":true,"href":"https:\/\/tuzlahortum.com.tr\/fr\/wp-json\/wp\/v2\/product_tag?post=972"}],"curies":[{"name":"wp","href":"https:\/\/api.w.org\/{rel}","templated":true}]}}