{"id":971,"date":"2019-02-07T00:04:05","date_gmt":"2019-02-06T21:04:05","guid":{"rendered":"http:\/\/hortum.com.tr\/product\/import-placeholder-for-336\/"},"modified":"2024-03-21T17:39:52","modified_gmt":"2024-03-21T14:39:52","slug":"kirmizi-yangin-hortumu","status":"publish","type":"product","link":"https:\/\/tuzlahortum.com.tr\/fr\/produit\/kirmizi-yangin-hortumu\/","title":{"rendered":"Tuyau d&#039;incendie rouge"},"content":{"rendered":"<h2>Tuyau d&#039;incendie rouge<\/h2>\n<p>Normes : EST 9222<\/p>\n<h1><strong>Remarque : Il n&#039;y a pas de certificat TSE de 5\u2033-125 mm et 6\u2033-152 mm.<\/strong><\/h1>\n<ul>\n<li>* Il est produit comme rev\u00eatement int\u00e9rieur en caoutchouc conform\u00e9ment \u00e0 la norme TS 9222 dans le cadre de la norme DIN EN ISO 9001-2008. Sa surface ext\u00e9rieure est recouverte d&#039;un mat\u00e9riau sp\u00e9cial pour le rendre plus r\u00e9sistant aux sols durs et rugueux.<\/li>\n<li>* Apr\u00e8s chaque utilisation, il doit \u00eatre s\u00e9ch\u00e9 et les corps \u00e9trangers doivent \u00eatre nettoy\u00e9s.<\/li>\n<li>* Convient pour une utilisation dans les services d&#039;incendie.<\/li>\n<li>* La connexion de l&#039;union est faite avec une machine sp\u00e9ciale avec du fil galvanis\u00e9 inoxydable.<\/li>\n<li>* Pression de service max. 25 barres<\/li>\n<li>* Pression d&#039;\u00e9clatement max. 50 barres<\/li>\n<\/ul>","protected":false},"excerpt":{"rendered":"<p>K\u0131rm\u0131z\u0131 Yang\u0131n Hortumu Standartlar: TSE 9222 Not: 5&#8243;-125 mm ve 6&#8243;-152 mm TSE Belgesi yoktur. * DIN EN ISO 9001-2008 kapsam\u0131nda, TS 9222 standard\u0131nda i\u00e7 astar\u0131 kau\u00e7uk olarak \u00fcretilmektedir. D\u0131\u015f y\u00fczeyi sert ve p\u00fcr\u00fczl\u00fc zeminlere kar\u015f\u0131 daha dayan\u0131kl\u0131 olmas\u0131 i\u00e7in \u00f6zel bir madde ile kaplanmaktad\u0131r. * Her kullan\u0131mdan sonra kurutulmal\u0131 ve \u00fczerindeki yabanc\u0131 maddeler temizlenmelidir. [&#8230;]\n","protected":false},"featured_media":2933,"comment_status":"open","ping_status":"closed","template":"","meta":{"jetpack_post_was_ever_published":false},"product_brand":[],"product_cat":[119],"product_tag":[720,513,2290,256,349],"class_list":{"0":"post-971","1":"product","2":"type-product","3":"status-publish","4":"has-post-thumbnail","6":"product_cat-yangin-hortumu","7":"product_tag-hortumu","8":"product_tag-kirmizi","9":"product_tag-kirmizi-yangin-hortumu","10":"product_tag-yangin","11":"product_tag-yangin-hortumu","13":"first","14":"instock","15":"taxable","16":"shipping-taxable","17":"product-type-variable"},"jetpack-related-posts":[{"id":970,"url":"https:\/\/tuzlahortum.com.tr\/fr\/produit\/beyaz-yangin-hortumu\/","url_meta":{"origin":971,"position":0},"title":"Tuyau d&#039;incendie blanc","author":"admin","date":"7 f\u00e9vrier 2019","format":false,"excerpt":"Beyaz Yang\u0131n Hortumu\u00a0Standartlar: TSE 9222Not: 5\"-125 mm ve 6\"-125 mm TSE Belgesi yoktur.* DIN EN ISO 9001-2008 kapsam\u0131nda, TS 9222 standard\u0131nda i\u00e7 astar\u0131 kau\u00e7uk olarak \u00fcretilmektedir.* D\u0131\u015f y\u00fczeyi sert ve p\u00fcr\u00fczl\u00fc zeminlere kar\u015f\u0131 daha dayan\u0131kl\u0131 olmas\u0131 i\u00e7in \u00f6zel olarak dokunmaktad\u0131r.* Her kullan\u0131mdan sonra kurutulmal\u0131 ve \u00fczerindeki yabanc\u0131 maddeler temizlenmelidir.* \u0130tfaiye\u2026","rel":"","context":"Article similaire","block_context":{"text":"Article similaire","link":""},"img":{"alt_text":"","src":"https:\/\/i0.wp.com\/tuzlahortum.com.tr\/wp-content\/uploads\/2019\/02\/beyaz-ba%C5%9Fl%C4%B1kl%C4%B1-hortum.jpg?fit=1000%2C1000&ssl=1&resize=350%2C200","width":350,"height":200,"srcset":"https:\/\/i0.wp.com\/tuzlahortum.com.tr\/wp-content\/uploads\/2019\/02\/beyaz-ba%C5%9Fl%C4%B1kl%C4%B1-hortum.jpg?fit=1000%2C1000&ssl=1&resize=350%2C200 1x, https:\/\/i0.wp.com\/tuzlahortum.com.tr\/wp-content\/uploads\/2019\/02\/beyaz-ba%C5%9Fl%C4%B1kl%C4%B1-hortum.jpg?fit=1000%2C1000&ssl=1&resize=525%2C300 1.5x, https:\/\/i0.wp.com\/tuzlahortum.com.tr\/wp-content\/uploads\/2019\/02\/beyaz-ba%C5%9Fl%C4%B1kl%C4%B1-hortum.jpg?fit=1000%2C1000&ssl=1&resize=700%2C400 2x"},"classes":[]},{"id":670,"url":"https:\/\/tuzlahortum.com.tr\/fr\/produit\/r13-hidrolik-hortumu\/","url_meta":{"origin":971,"position":1},"title":"Tuyau hydraulique R13","author":"admin","date":"6 f\u00e9vrier 2019","format":false,"excerpt":"R13 Hidrolik HortumuMineral, nebati ve glikoz bazl\u0131 hidrolik ya\u011flara dayan\u0131kl\u0131 \u00f6zel sentetik kau\u00e7uktan mamul, \u00e7ok y\u00fcksek pik bas\u0131n\u00e7lara ve zor \u015fartlara maruz kalacak sistemlerde kullan\u0131lan hortum \u00e7e\u015fididir. \u00a0-40\u00b0C \/ +120\u00b0C \u0130\u00c7 \u00c7API DI\u015e \u00c7API \u00c7ALI\u015eMA BASINCI PATLAMA BASINCI inch mm mm bar bar 3\/4 19 32 345 1380 1\" 25.4\u2026","rel":"","context":"Article similaire","block_context":{"text":"Article similaire","link":""},"img":{"alt_text":"","src":"https:\/\/i0.wp.com\/tuzlahortum.com.tr\/wp-content\/uploads\/2019\/03\/powerstream-r13-hortum.png?fit=512%2C512&ssl=1&resize=350%2C200","width":350,"height":200},"classes":[]},{"id":619,"url":"https:\/\/tuzlahortum.com.tr\/fr\/produit\/tc-06\/","url_meta":{"origin":971,"position":2},"title":"CT 06","author":"admin","date":"6 f\u00e9vrier 2019","format":false,"excerpt":"TC 06MATERYAL: Kuma\u015f Duvar\u0131 : 170 mikron Aluminum+PVC \u2022 Standart Uzunluk : 10 mt. \u2022 \u0130vme : 30 m\/s (max) \u2022 \u00c7al\u0131\u015fma Bas\u0131nc\u0131 : 3000 Pa (max) \u2022 Renk : Siyah D\u0131\u015f Spiral : Helisel \u00c7elik UYGULAMALAR: \u2022 \u00a0Kaynak emi\u015f hatlar\u0131 \u2022 \u00a0Emi\u015f hatlar\u0131nda, hortumlar\u0131n zor alev almas\u0131 gerekti\u011fi yerlerde\u2026","rel":"","context":"Article similaire","block_context":{"text":"Article similaire","link":""},"img":{"alt_text":"","src":"https:\/\/i0.wp.com\/tuzlahortum.com.tr\/wp-content\/uploads\/2019\/03\/TC-06.jpg?fit=600%2C435&ssl=1&resize=350%2C200","width":350,"height":200,"srcset":"https:\/\/i0.wp.com\/tuzlahortum.com.tr\/wp-content\/uploads\/2019\/03\/TC-06.jpg?fit=600%2C435&ssl=1&resize=350%2C200 1x, https:\/\/i0.wp.com\/tuzlahortum.com.tr\/wp-content\/uploads\/2019\/03\/TC-06.jpg?fit=600%2C435&ssl=1&resize=525%2C300 1.5x"},"classes":[]},{"id":683,"url":"https:\/\/tuzlahortum.com.tr\/fr\/produit\/r9-sh-hidrolik-hortumu\/","url_meta":{"origin":971,"position":3},"title":"Flexible hydraulique R9 SH","author":"admin","date":"6 f\u00e9vrier 2019","format":false,"excerpt":"R9 SH Hidrolik Hortumu Alt Kat : M\u0130NERAL, NEBAT\u0130 VE GL\u0130KOL BAZLI H\u0130DROL\u0130K YA\u011eLARA DAYANIKLI \u00d6ZEL SENTET\u0130K KAU\u00c7UK. Takviye : 4 KAT \u00c7OK Y\u00dcKSEK MUKAVEMETL\u0130 SP\u0130RAL \u00c7EL\u0130K TEL. \u00dcst Kat : YA\u011eLARA, A\u015eINMAYA VE HER T\u00dcRL\u00dc HAVA \u015eARTLARINA DAYANIKLI SARGILI \u00d6ZEL SENTET\u0130K KAU\u00c7UK. Kullan\u0131m Yeri : \u00c7OK Y\u00dcKSEK P\u0130K BASIN\u00c7LARA\u2026","rel":"","context":"Article similaire","block_context":{"text":"Article similaire","link":""},"img":{"alt_text":"","src":"https:\/\/i0.wp.com\/tuzlahortum.com.tr\/wp-content\/uploads\/2019\/03\/powerstream-r9sh-hortum.png?fit=512%2C512&ssl=1&resize=350%2C200","width":350,"height":200},"classes":[]},{"id":682,"url":"https:\/\/tuzlahortum.com.tr\/fr\/produit\/r9-sp-hidrolik-hortumu\/","url_meta":{"origin":971,"position":4},"title":"Flexible hydraulique R9 SP","author":"admin","date":"6 f\u00e9vrier 2019","format":false,"excerpt":"R9 SP Hidrolik Hortumu Alt Kat : M\u0130NERAL, NEBAT\u0130 VE GL\u0130KOL BAZLI H\u0130DROL\u0130K YA\u011eLARA DAYANIKLI \u00d6ZEL SENTET\u0130K KAU\u00c7UK. Takviye : 4 KAT \u00c7OK Y\u00dcKSEK MUKAVEMETL\u0130 SP\u0130RAL \u00c7EL\u0130K TEL. \u00dcst Kat : YA\u011eLARA, A\u015eINMAYA VE HER T\u00dcRL\u00dc HAVA \u015eARTLARINA DAYANIKLI SARGILI \u00d6ZEL SENTET\u0130K KAU\u00c7UK. Kullan\u0131m Yeri : \u00c7OK Y\u00dcKSEK P\u0130K BASIN\u00c7LARA\u2026","rel":"","context":"Article similaire","block_context":{"text":"Article similaire","link":""},"img":{"alt_text":"","src":"https:\/\/i0.wp.com\/tuzlahortum.com.tr\/wp-content\/uploads\/2019\/03\/powerstream-r9sp-hortum.png?fit=512%2C512&ssl=1&resize=350%2C200","width":350,"height":200},"classes":[]},{"id":23028,"url":"https:\/\/tuzlahortum.com.tr\/fr\/produit\/trench-cutter\/","url_meta":{"origin":971,"position":5},"title":"Coupeur de tranch\u00e9es","author":"admin","date":"30 septembre 2025","format":false,"excerpt":"Tip: Bulk Material Suction & Discharge Hose \u0130\u00e7 \u00e7ap: 152 mm (6\") D\u0131\u015f \u00e7ap: 214.8 mm \u00c7al\u0131\u015fma bas\u0131nc\u0131: 40 bar (580 psi) Patlama bas\u0131nc\u0131: 120 bar (1740 psi) Vakum dayan\u0131m\u0131: -0.82 bar A\u011f\u0131rl\u0131k: 18.4 kg\/m Yap\u0131: BR blend kau\u00e7uk i\u00e7 y\u00fczey, y\u00fcksek dayan\u0131ml\u0131 sentetik tekstil takviye + \u00e7elik helix tel\u2026","rel":"","context":"Article similaire","block_context":{"text":"Article similaire","link":""},"img":{"alt_text":"","src":"https:\/\/i0.wp.com\/tuzlahortum.com.tr\/wp-content\/uploads\/2025\/09\/TrencCutter1.png?fit=1183%2C347&ssl=1&resize=350%2C200","width":350,"height":200,"srcset":"https:\/\/i0.wp.com\/tuzlahortum.com.tr\/wp-content\/uploads\/2025\/09\/TrencCutter1.png?fit=1183%2C347&ssl=1&resize=350%2C200 1x, https:\/\/i0.wp.com\/tuzlahortum.com.tr\/wp-content\/uploads\/2025\/09\/TrencCutter1.png?fit=1183%2C347&ssl=1&resize=525%2C300 1.5x, https:\/\/i0.wp.com\/tuzlahortum.com.tr\/wp-content\/uploads\/2025\/09\/TrencCutter1.png?fit=1183%2C347&ssl=1&resize=700%2C400 2x, https:\/\/i0.wp.com\/tuzlahortum.com.tr\/wp-content\/uploads\/2025\/09\/TrencCutter1.png?fit=1183%2C347&ssl=1&resize=1050%2C600 3x"},"classes":[]}],"jetpack_sharing_enabled":true,"jetpack_likes_enabled":true,"_links":{"self":[{"href":"https:\/\/tuzlahortum.com.tr\/fr\/wp-json\/wp\/v2\/product\/971","targetHints":{"allow":["GET"]}}],"collection":[{"href":"https:\/\/tuzlahortum.com.tr\/fr\/wp-json\/wp\/v2\/product"}],"about":[{"href":"https:\/\/tuzlahortum.com.tr\/fr\/wp-json\/wp\/v2\/types\/product"}],"replies":[{"embeddable":true,"href":"https:\/\/tuzlahortum.com.tr\/fr\/wp-json\/wp\/v2\/comments?post=971"}],"wp:featuredmedia":[{"embeddable":true,"href":"https:\/\/tuzlahortum.com.tr\/fr\/wp-json\/wp\/v2\/media\/2933"}],"wp:attachment":[{"href":"https:\/\/tuzlahortum.com.tr\/fr\/wp-json\/wp\/v2\/media?parent=971"}],"wp:term":[{"taxonomy":"product_brand","embeddable":true,"href":"https:\/\/tuzlahortum.com.tr\/fr\/wp-json\/wp\/v2\/product_brand?post=971"},{"taxonomy":"product_cat","embeddable":true,"href":"https:\/\/tuzlahortum.com.tr\/fr\/wp-json\/wp\/v2\/product_cat?post=971"},{"taxonomy":"product_tag","embeddable":true,"href":"https:\/\/tuzlahortum.com.tr\/fr\/wp-json\/wp\/v2\/product_tag?post=971"}],"curies":[{"name":"wp","href":"https:\/\/api.w.org\/{rel}","templated":true}]}}