{"id":959,"date":"2019-02-06T23:56:17","date_gmt":"2019-02-06T20:56:17","guid":{"rendered":"http:\/\/hortum.com.tr\/product\/import-placeholder-for-407\/"},"modified":"2024-03-21T17:40:01","modified_gmt":"2024-03-21T14:40:01","slug":"sahra-tipi-yangin-dolabi-ts-en-671-2-cift-makarali","status":"publish","type":"product","link":"https:\/\/tuzlahortum.com.tr\/fr\/produit\/sahra-tipi-yangin-dolabi-ts-en-671-2-cift-makarali\/","title":{"rendered":"Armoire incendie de type terrain TS EN 671-2 \u00e0 double rouleau (100 \u00d7 60)"},"content":{"rendered":"<h2>Armoire incendie de type terrain TS EN 671-2 \u00e0 double rouleau (100 \u00d7 60)<\/h2>\n<h3>TAILLE 100*60<\/h3>\n<ul class=\"list-style-2\">\n<li class=\"check-list\">Syst\u00e8me de toit<\/li>\n<li class=\"check-list\">Tuyau d&#039;incendie en tissu 2\u2033 (50 ATU)<\/li>\n<li class=\"check-list\">2\u2033 Union de connexion d&#039;hydrant (3 pcs.)<\/li>\n<li class=\"check-list\">Lance 2\u2033 (avec raccord-1 pi\u00e8ce)<\/li>\n<\/ul>\n<div class=\"row\">\n<table class=\"table table-bordered span4\">\n<thead>\n<tr>\n<th>40 tonnes<\/th>\n<th>50 tonnes<\/th>\n<th>60 tonnes<\/th>\n<\/tr>\n<\/thead>\n<tbody>\n<tr>\n<td>PI-345<\/td>\n<td>PI-346<\/td>\n<td>PI-347<\/td>\n<\/tr>\n<\/tbody>\n<\/table>\n<\/div>","protected":false},"excerpt":{"rendered":"<p>Sahra Tipi Yang\u0131n Dolab\u0131 TS EN 671-2 \u00c7ift Makaral\u0131(100&#215;60) \u00d6L\u00c7\u00dc 100*60 \u00c7at\u0131l\u0131-Ayakl\u0131 Sistem 2&#8243; bez yang\u0131n hortumu (50 AT\u00dc) 2&#8243; Hidrant ba\u011flant\u0131 rakoru (3 adet) 2&#8243; lans (rakorlu-1 adet) 40 MT 50 MT 60 MT P\u0130-345 P\u0130-346 P\u0130-347<\/p>","protected":false},"featured_media":7311,"comment_status":"open","ping_status":"closed","template":"","meta":{"jetpack_post_was_ever_published":false},"product_brand":[],"product_cat":[117],"product_tag":[1147,1146,1237,1148,1150,1149,256,352,349],"class_list":{"0":"post-959","1":"product","2":"type-product","3":"status-publish","4":"has-post-thumbnail","6":"product_cat-sahra-tipi","7":"product_tag-ayakli-sistem","8":"product_tag-catili","9":"product_tag-cift-makarali","10":"product_tag-hidrant-baglanti-rakoru","11":"product_tag-lans","12":"product_tag-sahra-tipi","13":"product_tag-yangin","14":"product_tag-yangin-dolabi","15":"product_tag-yangin-hortumu","17":"first","18":"instock","19":"taxable","20":"shipping-taxable","21":"product-type-simple"},"jetpack-related-posts":[],"jetpack_sharing_enabled":true,"jetpack_likes_enabled":true,"_links":{"self":[{"href":"https:\/\/tuzlahortum.com.tr\/fr\/wp-json\/wp\/v2\/product\/959","targetHints":{"allow":["GET"]}}],"collection":[{"href":"https:\/\/tuzlahortum.com.tr\/fr\/wp-json\/wp\/v2\/product"}],"about":[{"href":"https:\/\/tuzlahortum.com.tr\/fr\/wp-json\/wp\/v2\/types\/product"}],"replies":[{"embeddable":true,"href":"https:\/\/tuzlahortum.com.tr\/fr\/wp-json\/wp\/v2\/comments?post=959"}],"wp:featuredmedia":[{"embeddable":true,"href":"https:\/\/tuzlahortum.com.tr\/fr\/wp-json\/wp\/v2\/media\/7311"}],"wp:attachment":[{"href":"https:\/\/tuzlahortum.com.tr\/fr\/wp-json\/wp\/v2\/media?parent=959"}],"wp:term":[{"taxonomy":"product_brand","embeddable":true,"href":"https:\/\/tuzlahortum.com.tr\/fr\/wp-json\/wp\/v2\/product_brand?post=959"},{"taxonomy":"product_cat","embeddable":true,"href":"https:\/\/tuzlahortum.com.tr\/fr\/wp-json\/wp\/v2\/product_cat?post=959"},{"taxonomy":"product_tag","embeddable":true,"href":"https:\/\/tuzlahortum.com.tr\/fr\/wp-json\/wp\/v2\/product_tag?post=959"}],"curies":[{"name":"wp","href":"https:\/\/api.w.org\/{rel}","templated":true}]}}