{"id":950,"date":"2019-02-06T23:56:15","date_gmt":"2019-02-06T20:56:15","guid":{"rendered":"http:\/\/hortum.com.tr\/product\/import-placeholder-for-613\/"},"modified":"2024-03-21T17:40:16","modified_gmt":"2024-03-21T14:40:16","slug":"yalitkan-hortum","status":"publish","type":"product","link":"https:\/\/tuzlahortum.com.tr\/fr\/produit\/yalitkan-hortum\/","title":{"rendered":"Tuyau isolant"},"content":{"rendered":"<h2>Tuyau isolant<\/h2>\n<p>-30\u00b0C +85\u00b0C<\/p>\n<p>Vert<\/p>\n<p>Utilis\u00e9 dans les laminoirs sid\u00e9rurgiques et le refroidissement du c\u00e2ble \u00e0 l&#039;int\u00e9rieur,<\/p>\n<p>C&#039;est un tuyau isolant r\u00e9sistant \u00e0 l&#039;usure.<\/p>\n<div class=\"video video-fit mb\" style=\"padding-top:56.25%;\"><p><iframe loading=\"lazy\" title=\"Confusion des mesures (pouces, doigts, brume, millim\u00e8tres)\" width=\"1020\" height=\"574\" src=\"https:\/\/www.youtube.com\/embed\/uKk6AG_AZls?feature=oembed\" frameborder=\"0\" allow=\"accelerometer; autoplay; clipboard-write; encrypted-media; gyroscope; picture-in-picture\" allowfullscreen><\/iframe><\/p>\n<\/div>","protected":false},"excerpt":{"rendered":"<p>Tuyau isolant -30\u00b0C +85\u00b0C Vert Tuyau isolant r\u00e9sistant \u00e0 l'abrasion utilis\u00e9 dans les laminoirs de fer et d'acier qui refroidit le c\u00e2ble \u00e0 l'int\u00e9rieur.<\/p>","protected":false},"featured_media":5391,"comment_status":"open","ping_status":"closed","template":"","meta":{"jetpack_post_was_ever_published":false},"product_brand":[],"product_cat":[164],"product_tag":[294,290,1230,1231],"class_list":{"0":"post-950","1":"product","2":"type-product","3":"status-publish","4":"has-post-thumbnail","6":"product_cat-yalitkan-hortumlar","7":"product_tag-dayanikli","8":"product_tag-hortum","9":"product_tag-yalitkan","10":"product_tag-yalitkan-hortum","12":"first","13":"instock","14":"taxable","15":"shipping-taxable","16":"product-type-variable"},"jetpack-related-posts":[{"id":21701,"url":"https:\/\/tuzlahortum.com.tr\/fr\/produit\/blanco\/","url_meta":{"origin":950,"position":0},"title":"BLANCO","author":"admin","date":"11 ao\u00fbt 2025","format":false,"excerpt":"\u00a0 \u00dcr\u00fcn Ad\u0131: BLANCO \u00dcr\u00fcn Kodu: CFH851 Kablo Koruma Hortumu Kullanim Alan\u0131 : \u00c7elik fabrikalar\u0131 ve d\u00f6k\u00fcmhanelerde elektrik kablolar\u0131n\u0131 so\u011futmak ve korumak i\u00e7in. Alt Katman : Yal\u0131tkan Beyaz EPDM Kau\u00e7uk. Takviye Katman\u0131 : Y\u00fcksek Mukavemetli Sentetik Tekstil. \u00dcst Katman : A\u015f\u0131nmaya Dayan\u0131kl\u0131 Is\u0131, Oksijen ve Hava Ko\u015fullar\u0131na Dayan\u0131kl\u0131 Yal\u0131tkan EPDM\u2026","rel":"","context":"Article similaire","block_context":{"text":"Article similaire","link":""},"img":{"alt_text":"","src":"https:\/\/i0.wp.com\/tuzlahortum.com.tr\/wp-content\/uploads\/2025\/08\/blanco-p.png?fit=528%2C528&ssl=1&resize=350%2C200","width":350,"height":200,"srcset":"https:\/\/i0.wp.com\/tuzlahortum.com.tr\/wp-content\/uploads\/2025\/08\/blanco-p.png?fit=528%2C528&ssl=1&resize=350%2C200 1x, https:\/\/i0.wp.com\/tuzlahortum.com.tr\/wp-content\/uploads\/2025\/08\/blanco-p.png?fit=528%2C528&ssl=1&resize=525%2C300 1.5x"},"classes":[]},{"id":21716,"url":"https:\/\/tuzlahortum.com.tr\/fr\/produit\/ostro-2gf\/","url_meta":{"origin":950,"position":1},"title":"OSTRO 2GF","author":"admin","date":"11 ao\u00fbt 2025","format":false,"excerpt":"\u00a0 \u00dcr\u00fcn Ad\u0131: OSTRO 2GF \u00dcr\u00fcn Kodu: CWFG855 \u00c7ift Kat Cam Elyaf Kapl\u0131, So\u011futma Suyu D\u0131\u015f Ortam S\u0131cakl\u0131\u011f\u0131 600\u00b0C\u2019ye Kadar Kullanim Alan\u0131 : \u00c7elik fabrikalar\u0131 ve d\u00f6k\u00fcmhanelerin so\u011futma suyu sistemleri i\u00e7in, \u0131s\u0131ya ve erimi\u015f metal temas\u0131na dayan\u0131kl\u0131. Hortumun \u0131s\u0131 kaynaklar\u0131na (600\u00b0C'ye kadar) yak\u0131n \u00e7al\u0131\u015ft\u0131\u011f\u0131 yerlerde kullan\u0131l\u0131r. Alt Katman : Yal\u0131tkan\u2026","rel":"","context":"Article similaire","block_context":{"text":"Article similaire","link":""},"img":{"alt_text":"","src":"https:\/\/i0.wp.com\/tuzlahortum.com.tr\/wp-content\/uploads\/2025\/08\/ostro2gf-p.png?fit=505%2C505&ssl=1&resize=350%2C200","width":350,"height":200},"classes":[]},{"id":21719,"url":"https:\/\/tuzlahortum.com.tr\/fr\/produit\/ostro-flanged\/","url_meta":{"origin":950,"position":2},"title":"OSTRO FLANGED","author":"admin","date":"11 ao\u00fbt 2025","format":false,"excerpt":"\u00a0 \u00dcr\u00fcn Ad\u0131: OSTRO FLANGED \u00dcr\u00fcn Kodu: CWFG125 \u00c7ift Kat Cam Elyaf Kapl\u0131, Flan\u015fl\u0131, So\u011futma Suyu D\u0131\u015f Ortam S\u0131cakl\u0131\u011f\u0131 600\u00b0C\u2019ye Kadar Kullanim Alan\u0131 : \u00c7elik fabrikalar\u0131 ve d\u00f6k\u00fcmhanelerin so\u011futma suyu sistemleri i\u00e7in. Is\u0131ya ve erimi\u015f metal temas\u0131na dayan\u0131kl\u0131d\u0131r. Hortumun \u0131s\u0131 kaynaklar\u0131na (600\u00b0C'ye kadar) yak\u0131n \u00e7al\u0131\u015ft\u0131\u011f\u0131 yerlerde kullan\u0131l\u0131r. Alt Katman :\u2026","rel":"","context":"Article similaire","block_context":{"text":"Article similaire","link":""},"img":{"alt_text":"","src":"https:\/\/i0.wp.com\/tuzlahortum.com.tr\/wp-content\/uploads\/2025\/08\/ostro-flanged.png?fit=496%2C496&ssl=1&resize=350%2C200","width":350,"height":200},"classes":[]},{"id":21710,"url":"https:\/\/tuzlahortum.com.tr\/fr\/produit\/ostro\/","url_meta":{"origin":950,"position":3},"title":"OSTRO","author":"admin","date":"11 ao\u00fbt 2025","format":false,"excerpt":"\u00a0 \u00dcr\u00fcn Ad\u0131: OSTRO \u00dcr\u00fcn Kodu: CWH855 Yanmaz - So\u011futma Hortumu Kullanim Alan\u0131 : \u00c7elik fabrikalar\u0131, d\u00f6k\u00fcmhaneler vb. yerlerde \u00e7ok y\u00fcksek ortam s\u0131cakl\u0131klar\u0131nda so\u011futma suyunun tahliyesi i\u00e7in. Alt Katman : Yal\u0131tkan Gri EPDM Kau\u00e7uk. Takviye Katman\u0131 : Y\u00fcksek Mukavemetli Sentetik Tekstil. \u00dcst Katman : A\u015f\u0131nma, Is\u0131, Buhar, Ozon ve Hava\u2026","rel":"","context":"Article similaire","block_context":{"text":"Article similaire","link":""},"img":{"alt_text":"","src":"https:\/\/i0.wp.com\/tuzlahortum.com.tr\/wp-content\/uploads\/2025\/08\/ostro-p.png?fit=536%2C536&ssl=1&resize=350%2C200","width":350,"height":200,"srcset":"https:\/\/i0.wp.com\/tuzlahortum.com.tr\/wp-content\/uploads\/2025\/08\/ostro-p.png?fit=536%2C536&ssl=1&resize=350%2C200 1x, https:\/\/i0.wp.com\/tuzlahortum.com.tr\/wp-content\/uploads\/2025\/08\/ostro-p.png?fit=536%2C536&ssl=1&resize=525%2C300 1.5x"},"classes":[]},{"id":21713,"url":"https:\/\/tuzlahortum.com.tr\/fr\/produit\/ostro-gf\/","url_meta":{"origin":950,"position":4},"title":"OSTRO GF","author":"admin","date":"11 ao\u00fbt 2025","format":false,"excerpt":"\u00a0 \u00dcr\u00fcn Ad\u0131: OSTRO GF \u00dcr\u00fcn Kodu: CWFG857 Cam Elyaf Kaplama So\u011futma Suyu D\u0131\u015f S\u0131cakl\u0131k 600\u00b0C Kullanim Alan\u0131 : \u00c7elik fabrikalar\u0131, d\u00f6k\u00fcmhaneler vb. yerlerde \u00e7ok y\u00fcksek ortam s\u0131cakl\u0131klar\u0131nda so\u011futma suyunun de\u015farj\u0131 i\u00e7in. Alt Katman : Yal\u0131tkan Beyaz EPDM Kau\u00e7uk. Takviye Katman\u0131 : Y\u00fcksek Mukavemetli Sentetik Tekstil. \u00dcst Katman : Hava\u2026","rel":"","context":"Article similaire","block_context":{"text":"Article similaire","link":""},"img":{"alt_text":"","src":"https:\/\/i0.wp.com\/tuzlahortum.com.tr\/wp-content\/uploads\/2025\/08\/ostrogf-p.png?fit=513%2C513&ssl=1&resize=350%2C200","width":350,"height":200},"classes":[]},{"id":930,"url":"https:\/\/tuzlahortum.com.tr\/fr\/produit\/telli-seffaf-hortumlar\/","url_meta":{"origin":950,"position":5},"title":"Tuyaux transparents en fil","author":"admin","date":"6 f\u00e9vrier 2019","format":false,"excerpt":"Telli \u015eeffaf Hortumlar\u00d6zellikler : \u2022 Emici ve verici olarak kullan\u0131labilir \u2022 Maksimum esneklik ve k\u0131r\u0131lmaya kar\u015f\u0131 son derece dayan\u0131kl\u0131d\u0131r. \u2022 -20\u00b0C and +65\u00b0C Dura\u011fan Halde \u2022 -5\u00b0C and +43\u00b0C Hareketli Halde\u00a0 Kullan\u0131m Alanlar\u0131 : \u2022 Hert\u00fcrl\u00fc s\u0131v\u0131 g\u0131da transferinde emme ve tahliye i\u015flerinde, emi\u015f pompalar\u0131nda, g\u0131da ve tar\u0131m sanayinde vb.\u2026","rel":"","context":"Article similaire","block_context":{"text":"Article similaire","link":""},"img":{"alt_text":"Telli \u015eeffaf Hortumlar","src":"https:\/\/i0.wp.com\/tuzlahortum.com.tr\/wp-content\/uploads\/2019\/02\/pvcflex.jpg?fit=510%2C433&ssl=1&resize=350%2C200","width":350,"height":200},"classes":[]}],"jetpack_sharing_enabled":true,"jetpack_likes_enabled":true,"_links":{"self":[{"href":"https:\/\/tuzlahortum.com.tr\/fr\/wp-json\/wp\/v2\/product\/950","targetHints":{"allow":["GET"]}}],"collection":[{"href":"https:\/\/tuzlahortum.com.tr\/fr\/wp-json\/wp\/v2\/product"}],"about":[{"href":"https:\/\/tuzlahortum.com.tr\/fr\/wp-json\/wp\/v2\/types\/product"}],"replies":[{"embeddable":true,"href":"https:\/\/tuzlahortum.com.tr\/fr\/wp-json\/wp\/v2\/comments?post=950"}],"wp:featuredmedia":[{"embeddable":true,"href":"https:\/\/tuzlahortum.com.tr\/fr\/wp-json\/wp\/v2\/media\/5391"}],"wp:attachment":[{"href":"https:\/\/tuzlahortum.com.tr\/fr\/wp-json\/wp\/v2\/media?parent=950"}],"wp:term":[{"taxonomy":"product_brand","embeddable":true,"href":"https:\/\/tuzlahortum.com.tr\/fr\/wp-json\/wp\/v2\/product_brand?post=950"},{"taxonomy":"product_cat","embeddable":true,"href":"https:\/\/tuzlahortum.com.tr\/fr\/wp-json\/wp\/v2\/product_cat?post=950"},{"taxonomy":"product_tag","embeddable":true,"href":"https:\/\/tuzlahortum.com.tr\/fr\/wp-json\/wp\/v2\/product_tag?post=950"}],"curies":[{"name":"wp","href":"https:\/\/api.w.org\/{rel}","templated":true}]}}