{"id":947,"date":"2019-02-06T23:56:14","date_gmt":"2019-02-06T20:56:14","guid":{"rendered":"http:\/\/hortum.com.tr\/product\/import-placeholder-for-520\/"},"modified":"2024-03-21T17:40:19","modified_gmt":"2024-03-21T14:40:19","slug":"trelleborg-hydroeco","status":"publish","type":"product","link":"https:\/\/tuzlahortum.com.tr\/fr\/produit\/trelleborg-hydroeco\/","title":{"rendered":"Trelleborg HYDRO&#039;ECO"},"content":{"rendered":"<h2>Trelleborg HYDRO&#039;ECO<\/h2>\n<div>P\u00e9trole<\/div>\n<div>Pour les applications automobiles, diesel, essence avec et sans plomb, RMA (essence respectueuse de l&#039;environnement)<\/div>\n<div>%50&#8217;nin \u00fczerinde aromatik i\u00e7eri\u011fe kar\u015f\u0131 diren\u00e7li bas\u0131n\u00e7l\u0131 hortum.<\/div>\n<div>Conduites de retour d&#039;huile et de graisse dans les syst\u00e8mes hydrauliques.<\/div>\n<div>Convient \u00e9galement pour d&#039;autres applications utilisant de l&#039;huile, de la graisse et de l&#039;eau.<\/div>\n<div>Avantages<\/div>\n<div>*Chambre \u00e0 air sp\u00e9ciale r\u00e9sistante \u00e0 l&#039;huile et \u00e0 l&#039;essence.<\/div>\n<div>*Excellent rayon de courbure.<\/div>\n<div>* Flexibilit\u00e9 \u00e0 basses et hautes temp\u00e9ratures.<\/div>\n<div>*R\u00e9sistant \u00e0 l&#039;abrasion, au brouillard d&#039;huile, aux intemp\u00e9ries et \u00e0 l&#039;ozone, \u00e0 l&#039;abrasion.<\/div>\n<div>description technique<\/div>\n<div>Tube int\u00e9rieur : NBR\/PVC, noir, droit.<\/div>\n<div>Renforcement : textile synth\u00e9tique.<\/div>\n<div>Rev\u00eatement : NBR\/PVC, noir, uni.<\/div>\n<div>Plage de temp\u00e9rature : -30\u00b0C \u00e0 +100\u00b0C.<\/div>\n<div>Informations Compl\u00e9mentaires<\/div>\n<div>Disponible en diff\u00e9rentes longueurs ou packs sur demande.<\/div>\n<div>Tous les produits standards sont livr\u00e9s en bobines avec des trous de 55 mm ID.<\/div>\n<div>\n<div class=\"video video-fit mb\" style=\"padding-top:56.25%;\"><p><iframe loading=\"lazy\" title=\"Confusion des mesures (pouces, doigts, brume, millim\u00e8tres)\" width=\"1020\" height=\"574\" src=\"https:\/\/www.youtube.com\/embed\/uKk6AG_AZls?feature=oembed\" frameborder=\"0\" allow=\"accelerometer; autoplay; clipboard-write; encrypted-media; gyroscope; picture-in-picture; web-share\" referrerpolicy=\"strict-origin-when-cross-origin\" allowfullscreen><\/iframe><\/p>\n<\/div>\n<div class=\"video video-fit mb\" style=\"padding-top:56.25%;\"><p>https:\/\/www.youtube.com\/watch?v=O8ZlzKEjfEQ%20<\/p>\n<\/div>\n<\/div>\n<p><img data-recalc-dims=\"1\" loading=\"lazy\" decoding=\"async\" class=\"alignnone size-medium wp-image-2117\" src=\"https:\/\/i0.wp.com\/hortum.com.tr\/wp-content\/uploads\/urunler\/trelleborg\/Trelleborg-HYDROECO-800x163.jpg?resize=800%2C163\" alt=\"\" width=\"800\" height=\"163\" title=\"\" srcset=\"https:\/\/i0.wp.com\/tuzlahortum.com.tr\/wp-content\/uploads\/urunler\/trelleborg\/Trelleborg-HYDROECO.jpg?resize=800%2C163&amp;ssl=1 800w, https:\/\/i0.wp.com\/tuzlahortum.com.tr\/wp-content\/uploads\/urunler\/trelleborg\/Trelleborg-HYDROECO.jpg?resize=768%2C157&amp;ssl=1 768w, https:\/\/i0.wp.com\/tuzlahortum.com.tr\/wp-content\/uploads\/urunler\/trelleborg\/Trelleborg-HYDROECO.jpg?resize=600%2C122&amp;ssl=1 600w, https:\/\/i0.wp.com\/tuzlahortum.com.tr\/wp-content\/uploads\/urunler\/trelleborg\/Trelleborg-HYDROECO.jpg?w=844&amp;ssl=1 844w\" sizes=\"auto, (max-width: 800px) 100vw, 800px\" \/><\/p>","protected":false},"excerpt":{"rendered":"<p>Trelleborg HYDRO&#8217;ECO Ya\u011f Otomotiv uygulamalar\u0131nda, dizel, kur\u015funlu ve kur\u015funsuz petrol, RMA (\u00e7evre dostu benzin) i\u00e7in %50&#8217;nin \u00fczerinde aromatik i\u00e7eri\u011fe kar\u015f\u0131 diren\u00e7li bas\u0131n\u00e7l\u0131 hortum. Hidrolik sistemlerde ya\u011f ve gres d\u00f6n\u00fc\u015f hatlar\u0131. Ya\u011f, gres ve su kullan\u0131lan di\u011fer uygulamalar i\u00e7in de uygundur. Avantajlar *\u00d6zel ya\u011fa ve petrole dayan\u0131kl\u0131 i\u00e7 lastik. *M\u00fckemmel b\u00fckme yar\u0131\u00e7ap\u0131. *D\u00fc\u015f\u00fck ve y\u00fcksek s\u0131cakl\u0131klarda [&#8230;]\n","protected":false},"featured_media":2643,"comment_status":"open","ping_status":"closed","template":"","meta":{"jetpack_post_was_ever_published":false},"product_brand":[],"product_cat":[187],"product_tag":[294,290,421,1229],"class_list":{"0":"post-947","1":"product","2":"type-product","3":"status-publish","4":"has-post-thumbnail","6":"product_cat-yag-ve-petrol-hortumu-uygulamalari","7":"product_tag-dayanikli","8":"product_tag-hortum","9":"product_tag-tekne","10":"product_tag-yakit","12":"first","13":"instock","14":"taxable","15":"shipping-taxable","16":"product-type-variable"},"jetpack-related-posts":[{"id":948,"url":"https:\/\/tuzlahortum.com.tr\/fr\/produit\/trelleborg-hydrok\/","url_meta":{"origin":947,"position":0},"title":"Trelleborg HYDRO\u2019K","author":"admin","date":"6 f\u00e9vrier 2019","format":false,"excerpt":"Trelleborg HYDRO'KYa\u011f ve petrol End\u00fcstriyel kullan\u0131ma y\u00f6nelik \u00e7ok ama\u00e7l\u0131 hortum Dizel ya\u011f\u0131, mineral ya\u011f ve aromatik i\u00e7eri\u011fi \u2264%50 olan gres i\u00e7indir. Hidrolik sistem ve tar\u0131m makinelerinde d\u00f6n\u00fc\u015f hortumu. Deniz suyu (motor so\u011futma) ve sulu\u00a0\u00e7\u00f6zeltiler. Ya\u011f, su, bas\u0131n\u00e7l\u0131 hava, gres, vs. i\u00e7in \u00e7ok ama\u00e7l\u0131 hortum. Avantajlar *Stok ihtiyac\u0131n\u0131 en aza indirgeyen\u2026","rel":"","context":"Article similaire","block_context":{"text":"Article similaire","link":""},"img":{"alt_text":"","src":"https:\/\/i0.wp.com\/tuzlahortum.com.tr\/wp-content\/uploads\/2019\/02\/HYDROK.jpg?fit=800%2C800&ssl=1&resize=350%2C200","width":350,"height":200,"srcset":"https:\/\/i0.wp.com\/tuzlahortum.com.tr\/wp-content\/uploads\/2019\/02\/HYDROK.jpg?fit=800%2C800&ssl=1&resize=350%2C200 1x, https:\/\/i0.wp.com\/tuzlahortum.com.tr\/wp-content\/uploads\/2019\/02\/HYDROK.jpg?fit=800%2C800&ssl=1&resize=525%2C300 1.5x, https:\/\/i0.wp.com\/tuzlahortum.com.tr\/wp-content\/uploads\/2019\/02\/HYDROK.jpg?fit=800%2C800&ssl=1&resize=700%2C400 2x"},"classes":[]},{"id":949,"url":"https:\/\/tuzlahortum.com.tr\/fr\/produit\/trelleborg-polyoil\/","url_meta":{"origin":947,"position":1},"title":"Trelleborg POLYOIL","author":"admin","date":"6 f\u00e9vrier 2019","format":false,"excerpt":"Trelleborg POLYOILOil et p\u00e9trole transport de produits p\u00e9troliers sous haute pression et basse pression syst\u00e8mes d'entra\u00eenement hydraulique et retour d'huile. Transport \u00e9galement de d\u00e9riv\u00e9s du p\u00e9trole l\u00e9ger et lourd, de produits chimiques et d'antigels, d'air comprim\u00e9 contenant de l'huile, d'alcalins industriels et de saumure. Avantages * Excellente r\u00e9sistance aux intemp\u00e9ries, aux conditions atmosph\u00e9riques et \u00e0 l'ozone. *Tr\u00e8s haute r\u00e9sistance \u00e0 la pression...","rel":"","context":"Article similaire","block_context":{"text":"Article similaire","link":""},"img":{"alt_text":"","src":"https:\/\/i0.wp.com\/tuzlahortum.com.tr\/wp-content\/uploads\/2019\/02\/POLYOIL.jpg?fit=800%2C800&ssl=1&resize=350%2C200","width":350,"height":200,"srcset":"https:\/\/i0.wp.com\/tuzlahortum.com.tr\/wp-content\/uploads\/2019\/02\/POLYOIL.jpg?fit=800%2C800&ssl=1&resize=350%2C200 1x, https:\/\/i0.wp.com\/tuzlahortum.com.tr\/wp-content\/uploads\/2019\/02\/POLYOIL.jpg?fit=800%2C800&ssl=1&resize=525%2C300 1.5x, https:\/\/i0.wp.com\/tuzlahortum.com.tr\/wp-content\/uploads\/2019\/02\/POLYOIL.jpg?fit=800%2C800&ssl=1&resize=700%2C400 2x"},"classes":[]},{"id":536,"url":"https:\/\/tuzlahortum.com.tr\/fr\/produit\/trelleborg-push-lock-hose-black\/","url_meta":{"origin":947,"position":2},"title":"TUYAU PUSH-LOCK Trelleborg NOIR","author":"admin","date":"6 f\u00e9vrier 2019","format":false,"excerpt":"Trelleborg PUSH-LOCK HOSE BLACKOtomotiv End\u00fcstrileri Robotik ve otomotiv end\u00fcstrilerinde kullan\u0131lan hidrolik pn\u00f6matik d\u00fc\u015f\u00fck bas\u0131n\u00e7l\u0131 hatlar i\u00e7in ideal\u00a0olarak tasarlanm\u0131\u015ft\u0131r. Maksimum 16 bar (250psi) \u00e7al\u0131\u015fma bas\u0131nc\u0131nda kolay tak\u0131l\u0131r ba\u011flant\u0131 donan\u0131mlar\u0131 ile kullan\u0131l\u0131r. Fas\u0131lal\u0131 bas\u0131n\u00e7 uygulamalar\u0131 i\u00e7in uygun de\u011fildir. Avantajlar *Bir ah\u015fap kasnak \u00fczerinde 40, 80 ve 100m olarak teslim edilir. *\u00c7ok iyi\u2026","rel":"","context":"Article similaire","block_context":{"text":"Article similaire","link":""},"img":{"alt_text":"","src":"https:\/\/i0.wp.com\/tuzlahortum.com.tr\/wp-content\/uploads\/2019\/02\/PUSH-LOCK-BLACK.jpg?fit=800%2C800&ssl=1&resize=350%2C200","width":350,"height":200,"srcset":"https:\/\/i0.wp.com\/tuzlahortum.com.tr\/wp-content\/uploads\/2019\/02\/PUSH-LOCK-BLACK.jpg?fit=800%2C800&ssl=1&resize=350%2C200 1x, https:\/\/i0.wp.com\/tuzlahortum.com.tr\/wp-content\/uploads\/2019\/02\/PUSH-LOCK-BLACK.jpg?fit=800%2C800&ssl=1&resize=525%2C300 1.5x, https:\/\/i0.wp.com\/tuzlahortum.com.tr\/wp-content\/uploads\/2019\/02\/PUSH-LOCK-BLACK.jpg?fit=800%2C800&ssl=1&resize=700%2C400 2x"},"classes":[]},{"id":537,"url":"https:\/\/tuzlahortum.com.tr\/fr\/produit\/trelleborg-push-lock-hose-blue\/","url_meta":{"origin":947,"position":3},"title":"TUYAU PUSH-LOCK Trelleborg BLEU","author":"admin","date":"6 f\u00e9vrier 2019","format":false,"excerpt":"Trelleborg PUSH-LOCK HOSE BLUEOtomotiv End\u00fcstrileri Robotik ve otomotiv end\u00fcstrilerinde kullan\u0131lan hidrolik pn\u00f6matik d\u00fc\u015f\u00fck bas\u0131n\u00e7l\u0131 hatlar i\u00e7in ideal\u00a0olarak tasarlanm\u0131\u015ft\u0131r. Maksimum 16 bar (250psi) \u00e7al\u0131\u015fma bas\u0131nc\u0131nda kolay tak\u0131l\u0131r ba\u011flant\u0131 donan\u0131mlar\u0131 ile kullan\u0131l\u0131r. Fas\u0131lal\u0131 bas\u0131n\u00e7 uygulamalar\u0131 i\u00e7in uygun de\u011fildir. Avantajlar *Bir ah\u015fap kasnak \u00fczerinde 40, 80 ve 100m olarak teslim edilir. *\u00c7ok iyi\u2026","rel":"","context":"Article similaire","block_context":{"text":"Article similaire","link":""},"img":{"alt_text":"","src":"https:\/\/i0.wp.com\/tuzlahortum.com.tr\/wp-content\/uploads\/2019\/02\/PUSH-LOCK-BLUE.jpg?fit=800%2C800&ssl=1&resize=350%2C200","width":350,"height":200,"srcset":"https:\/\/i0.wp.com\/tuzlahortum.com.tr\/wp-content\/uploads\/2019\/02\/PUSH-LOCK-BLUE.jpg?fit=800%2C800&ssl=1&resize=350%2C200 1x, https:\/\/i0.wp.com\/tuzlahortum.com.tr\/wp-content\/uploads\/2019\/02\/PUSH-LOCK-BLUE.jpg?fit=800%2C800&ssl=1&resize=525%2C300 1.5x, https:\/\/i0.wp.com\/tuzlahortum.com.tr\/wp-content\/uploads\/2019\/02\/PUSH-LOCK-BLUE.jpg?fit=800%2C800&ssl=1&resize=700%2C400 2x"},"classes":[]},{"id":538,"url":"https:\/\/tuzlahortum.com.tr\/fr\/produit\/trelleborg-push-lock-hose-green\/","url_meta":{"origin":947,"position":4},"title":"Trelleborg TUYAU PUSH-LOCK VERT","author":"admin","date":"6 f\u00e9vrier 2019","format":false,"excerpt":"Trelleborg PUSH-LOCK HOSE GREENOtomotiv End\u00fcstrileri Robotik ve otomotiv end\u00fcstrilerinde kullan\u0131lan hidrolik pn\u00f6matik d\u00fc\u015f\u00fck bas\u0131n\u00e7l\u0131 hatlar i\u00e7in ideal olarak tasarlanm\u0131\u015ft\u0131r. Maksimum 16 bar (250psi) \u00e7al\u0131\u015fma bas\u0131nc\u0131nda kolay tak\u0131l\u0131r ba\u011flant\u0131 donan\u0131mlar\u0131 ile kullan\u0131l\u0131r. Fas\u0131lal\u0131 bas\u0131n\u00e7 uygulamalar\u0131 i\u00e7in uygun de\u011fildir. Avantajlar *Bir ah\u015fap kasnak \u00fczerinde 40, 80 ve 100m olarak teslim edilir. *\u00c7ok\u2026","rel":"","context":"Article similaire","block_context":{"text":"Article similaire","link":""},"img":{"alt_text":"","src":"https:\/\/i0.wp.com\/tuzlahortum.com.tr\/wp-content\/uploads\/2019\/02\/PUSH-LOCK-GREEN.jpg?fit=800%2C800&ssl=1&resize=350%2C200","width":350,"height":200,"srcset":"https:\/\/i0.wp.com\/tuzlahortum.com.tr\/wp-content\/uploads\/2019\/02\/PUSH-LOCK-GREEN.jpg?fit=800%2C800&ssl=1&resize=350%2C200 1x, https:\/\/i0.wp.com\/tuzlahortum.com.tr\/wp-content\/uploads\/2019\/02\/PUSH-LOCK-GREEN.jpg?fit=800%2C800&ssl=1&resize=525%2C300 1.5x, https:\/\/i0.wp.com\/tuzlahortum.com.tr\/wp-content\/uploads\/2019\/02\/PUSH-LOCK-GREEN.jpg?fit=800%2C800&ssl=1&resize=700%2C400 2x"},"classes":[]},{"id":539,"url":"https:\/\/tuzlahortum.com.tr\/fr\/produit\/trelleborg-push-lock-hose-red\/","url_meta":{"origin":947,"position":5},"title":"TUYAU PUSH-LOCK Trelleborg ROUGE","author":"admin","date":"6 f\u00e9vrier 2019","format":false,"excerpt":"Trelleborg PUSH-LOCK HOSE REDOtomotiv End\u00fcstrileri Robotik ve otomotiv end\u00fcstrilerinde kullan\u0131lan hidrolik pn\u00f6matik d\u00fc\u015f\u00fck bas\u0131n\u00e7l\u0131 hatlar i\u00e7in ideal\u00a0olarak tasarlanm\u0131\u015ft\u0131r. Maksimum 16 bar (250psi) \u00e7al\u0131\u015fma bas\u0131nc\u0131nda kolay tak\u0131l\u0131r ba\u011flant\u0131 donan\u0131mlar\u0131 ile kullan\u0131l\u0131r. Fas\u0131lal\u0131 bas\u0131n\u00e7 uygulamalar\u0131 i\u00e7in uygun de\u011fildir. Avantajlar *Bir ah\u015fap kasnak \u00fczerinde 40, 80 ve 100m olarak teslim edilir. *\u00c7ok iyi\u2026","rel":"","context":"Article similaire","block_context":{"text":"Article similaire","link":""},"img":{"alt_text":"","src":"https:\/\/i0.wp.com\/tuzlahortum.com.tr\/wp-content\/uploads\/2019\/02\/PUSH-LOCK-RED.jpg?fit=800%2C800&ssl=1&resize=350%2C200","width":350,"height":200,"srcset":"https:\/\/i0.wp.com\/tuzlahortum.com.tr\/wp-content\/uploads\/2019\/02\/PUSH-LOCK-RED.jpg?fit=800%2C800&ssl=1&resize=350%2C200 1x, https:\/\/i0.wp.com\/tuzlahortum.com.tr\/wp-content\/uploads\/2019\/02\/PUSH-LOCK-RED.jpg?fit=800%2C800&ssl=1&resize=525%2C300 1.5x, https:\/\/i0.wp.com\/tuzlahortum.com.tr\/wp-content\/uploads\/2019\/02\/PUSH-LOCK-RED.jpg?fit=800%2C800&ssl=1&resize=700%2C400 2x"},"classes":[]}],"jetpack_sharing_enabled":true,"jetpack_likes_enabled":true,"_links":{"self":[{"href":"https:\/\/tuzlahortum.com.tr\/fr\/wp-json\/wp\/v2\/product\/947","targetHints":{"allow":["GET"]}}],"collection":[{"href":"https:\/\/tuzlahortum.com.tr\/fr\/wp-json\/wp\/v2\/product"}],"about":[{"href":"https:\/\/tuzlahortum.com.tr\/fr\/wp-json\/wp\/v2\/types\/product"}],"replies":[{"embeddable":true,"href":"https:\/\/tuzlahortum.com.tr\/fr\/wp-json\/wp\/v2\/comments?post=947"}],"wp:featuredmedia":[{"embeddable":true,"href":"https:\/\/tuzlahortum.com.tr\/fr\/wp-json\/wp\/v2\/media\/2643"}],"wp:attachment":[{"href":"https:\/\/tuzlahortum.com.tr\/fr\/wp-json\/wp\/v2\/media?parent=947"}],"wp:term":[{"taxonomy":"product_brand","embeddable":true,"href":"https:\/\/tuzlahortum.com.tr\/fr\/wp-json\/wp\/v2\/product_brand?post=947"},{"taxonomy":"product_cat","embeddable":true,"href":"https:\/\/tuzlahortum.com.tr\/fr\/wp-json\/wp\/v2\/product_cat?post=947"},{"taxonomy":"product_tag","embeddable":true,"href":"https:\/\/tuzlahortum.com.tr\/fr\/wp-json\/wp\/v2\/product_tag?post=947"}],"curies":[{"name":"wp","href":"https:\/\/api.w.org\/{rel}","templated":true}]}}