{"id":946,"date":"2019-02-06T23:56:14","date_gmt":"2019-02-06T20:56:14","guid":{"rendered":"http:\/\/hortum.com.tr\/product\/import-placeholder-for-519\/"},"modified":"2024-03-21T17:40:20","modified_gmt":"2024-03-21T14:40:20","slug":"trelleborg-boat-fuel-hose-iso-7840-a1","status":"publish","type":"product","link":"https:\/\/tuzlahortum.com.tr\/fr\/produit\/trelleborg-boat-fuel-hose-iso-7840-a1\/","title":{"rendered":"TUYAU DE CARBURANT POUR BATEAU Trelleborg ISO 7840 A1"},"content":{"rendered":"<h2>TUYAU DE CARBURANT POUR BATEAU Trelleborg ISO 7840 A1<\/h2>\n<div>P\u00e9trole<\/div>\n<div>Tuyau de carburant r\u00e9sistant au feu utilis\u00e9 dans les applications de bateau.<\/div>\n<div>Conforme aux exigences CEN sur les bateaux de sport.<\/div>\n<div>Avantages<\/div>\n<div>* R\u00e9pond \u00e0 la norme la plus \u00e9lev\u00e9e en mati\u00e8re de perm\u00e9abilit\u00e9.<\/div>\n<div>*Certifi\u00e9 par l&#039;International Marine Certification Institute.<\/div>\n<div>description technique<\/div>\n<div>Tube int\u00e9rieur : NBR, noir, droit.<\/div>\n<div>Renforcement : Tresse textile synth\u00e9tique avec h\u00e9lice acier noy\u00e9e pour INS&gt;25mm.<\/div>\n<div>Rev\u00eatement : CR, noir, uni pour DIA\u226425mm, aspect tissu fin pour DIA&gt;25mm.<\/div>\n<div>Plage de temp\u00e9rature : -30\u00b0C \u00e0 +100\u00b0C.<\/div>\n<div>Informations Compl\u00e9mentaires<\/div>\n<div>Diff\u00e9rentes tailles sont produites sur demande.<\/div>\n<div>Conforme \u00e0 SAE J 1527 type B1.<\/div>\n<div>\n<div class=\"video video-fit mb\" style=\"padding-top:56.25%;\"><p><iframe loading=\"lazy\" title=\"Confusion des mesures (pouces, doigts, brume, millim\u00e8tres)\" width=\"1020\" height=\"574\" src=\"https:\/\/www.youtube.com\/embed\/uKk6AG_AZls?feature=oembed\" frameborder=\"0\" allow=\"accelerometer; autoplay; clipboard-write; encrypted-media; gyroscope; picture-in-picture; web-share\" referrerpolicy=\"strict-origin-when-cross-origin\" allowfullscreen><\/iframe><\/p>\n<\/div>\n<div class=\"video video-fit mb\" style=\"padding-top:56.25%;\"><p>https:\/\/www.youtube.com\/watch?v=O8ZlzKEjfEQ%20<\/p>\n<\/div>\n<\/div>\n<p><img data-recalc-dims=\"1\" loading=\"lazy\" decoding=\"async\" class=\"alignnone size-medium wp-image-2131\" src=\"https:\/\/i0.wp.com\/hortum.com.tr\/wp-content\/uploads\/urunler\/trelleborg\/Trelleborg-BOAT-FUEL-HOSE-ISO-7840-A1-800x247.jpg?resize=800%2C247\" alt=\"\" width=\"800\" height=\"247\" title=\"\" srcset=\"https:\/\/i0.wp.com\/tuzlahortum.com.tr\/wp-content\/uploads\/urunler\/trelleborg\/Trelleborg-BOAT-FUEL-HOSE-ISO-7840-A1.jpg?resize=800%2C247&amp;ssl=1 800w, https:\/\/i0.wp.com\/tuzlahortum.com.tr\/wp-content\/uploads\/urunler\/trelleborg\/Trelleborg-BOAT-FUEL-HOSE-ISO-7840-A1.jpg?resize=768%2C237&amp;ssl=1 768w, https:\/\/i0.wp.com\/tuzlahortum.com.tr\/wp-content\/uploads\/urunler\/trelleborg\/Trelleborg-BOAT-FUEL-HOSE-ISO-7840-A1.jpg?resize=600%2C186&amp;ssl=1 600w, https:\/\/i0.wp.com\/tuzlahortum.com.tr\/wp-content\/uploads\/urunler\/trelleborg\/Trelleborg-BOAT-FUEL-HOSE-ISO-7840-A1.jpg?w=857&amp;ssl=1 857w\" sizes=\"auto, (max-width: 800px) 100vw, 800px\" \/><\/p>","protected":false},"excerpt":{"rendered":"<p>Trelleborg BOAT FUEL HOSE ISO 7840 A1 Ya\u011f Tekne uygulamalar\u0131nda kullan\u0131lan yanmaya dayan\u0131kl\u0131 yak\u0131t hortumu. Spor teknelerde CEN gerekliliklerine uygun. Avantajlar *Ge\u00e7irim direnci konusunda en y\u00fcksek standard\u0131 kar\u015f\u0131lar. *Uluslararas\u0131 Deniz Belgelendirme Enstit\u00fcs\u00fc taraf\u0131ndan belgelendirilmi\u015ftir. Teknik a\u00e7\u0131klama \u0130\u00e7 t\u00fcp :\u00a0NBR, siyah, d\u00fcz. Takviye :\u00a0\u0130\u00c7&gt;25mm i\u00e7in g\u00f6m\u00fcl\u00fc \u00e7elik helis bulunan sentetik tekstil \u00f6rg\u00fc. Kaplama :\u00a0CR, siyah, \u0130\u00c7\u226425mm [&#8230;]\n","protected":false},"featured_media":2626,"comment_status":"open","ping_status":"closed","template":"","meta":{"jetpack_post_was_ever_published":false},"product_brand":[],"product_cat":[187],"product_tag":[294,290,421,1229],"class_list":{"0":"post-946","1":"product","2":"type-product","3":"status-publish","4":"has-post-thumbnail","6":"product_cat-yag-ve-petrol-hortumu-uygulamalari","7":"product_tag-dayanikli","8":"product_tag-hortum","9":"product_tag-tekne","10":"product_tag-yakit","12":"first","13":"instock","14":"taxable","15":"shipping-taxable","16":"product-type-variable"},"jetpack-related-posts":[{"id":903,"url":"https:\/\/tuzlahortum.com.tr\/fr\/produit\/trelleborg-boat-sanitary-hose\/","url_meta":{"origin":946,"position":0},"title":"TUYAU SANITAIRE POUR BATEAU Trelleborg","author":"admin","date":"6 f\u00e9vrier 2019","format":false,"excerpt":"Trelleborg BOAT SANITARY HOSESu\/\u00d6zel uygulamalar Tatil teknelerinin tuvalet sistemleri i\u00e7in at\u0131k su hortumu. Avantajlar *Esnek. *Dola\u015fmaya kar\u015f\u0131 dayan\u0131kl\u0131. *Dif\u00fczyon ge\u00e7irimi yoktur (tuvalet sisteminden gelen kokuyu ge\u00e7irmez). *Kolayl\u0131kla kesilir ve plastik helisten dolay\u0131 ezilmez. Teknik a\u00e7\u0131klama \u0130\u00e7 t\u00fcp :\u00a0S\u0131zd\u0131rmaz butil kau\u00e7uk, siyah. Takviye :\u00a0g\u00f6m\u00fcl\u00fc \u00e7elik yay ile sentetik tekstil. Kaplama :\u00a0EPDM,\u2026","rel":"","context":"Article similaire","block_context":{"text":"Article similaire","link":""},"img":{"alt_text":"","src":"https:\/\/i0.wp.com\/tuzlahortum.com.tr\/wp-content\/uploads\/2019\/02\/BOAT-SANITARY-HOSE.jpg?fit=800%2C800&ssl=1&resize=350%2C200","width":350,"height":200,"srcset":"https:\/\/i0.wp.com\/tuzlahortum.com.tr\/wp-content\/uploads\/2019\/02\/BOAT-SANITARY-HOSE.jpg?fit=800%2C800&ssl=1&resize=350%2C200 1x, https:\/\/i0.wp.com\/tuzlahortum.com.tr\/wp-content\/uploads\/2019\/02\/BOAT-SANITARY-HOSE.jpg?fit=800%2C800&ssl=1&resize=525%2C300 1.5x, https:\/\/i0.wp.com\/tuzlahortum.com.tr\/wp-content\/uploads\/2019\/02\/BOAT-SANITARY-HOSE.jpg?fit=800%2C800&ssl=1&resize=700%2C400 2x"},"classes":[]},{"id":918,"url":"https:\/\/tuzlahortum.com.tr\/fr\/produit\/trelleborg-redwater\/","url_meta":{"origin":946,"position":1},"title":"EAU ROUGE Trelleborg","author":"admin","date":"6 f\u00e9vrier 2019","format":false,"excerpt":"Trelleborg REDWATERSu\/Temizlik ve y\u0131kama End\u00fcstriyel alanlarda veya \u015fehirlerde bas\u0131n\u00e7 alt\u0131nda su tahliyesi. Avantajlar *Dayan\u0131kl\u0131 hortum. *Et kal\u0131nl\u0131\u011f\u0131 sayesinde a\u015f\u0131nmaya kar\u015f\u0131 y\u00fcksek dayan\u0131m. Teknik a\u00e7\u0131klama \u0130\u00e7 t\u00fcp :\u00a0\u0130\u00c7\u226425mm i\u00e7in SBR, \u0130\u00c7>25mm i\u00e7in EPDM, siyah, d\u00fcz. Takviye :\u00a0sentetik tekstil. Kaplama :\u00a0SBR, k\u0131rm\u0131z\u0131, \u0130\u00c7>25mm i\u00e7in kuma\u015f g\u00f6r\u00fcn\u00fcml\u00fc, \u0130\u00c7\u226425mm i\u00e7in d\u00fcz. S\u0131cakl\u0131k aral\u0131\u011f\u0131 :\u00a0-25\u00b0C\u2026","rel":"","context":"Article similaire","block_context":{"text":"Article similaire","link":""},"img":{"alt_text":"","src":"https:\/\/i0.wp.com\/tuzlahortum.com.tr\/wp-content\/uploads\/2019\/02\/RED-WATER.jpg?fit=800%2C800&ssl=1&resize=350%2C200","width":350,"height":200,"srcset":"https:\/\/i0.wp.com\/tuzlahortum.com.tr\/wp-content\/uploads\/2019\/02\/RED-WATER.jpg?fit=800%2C800&ssl=1&resize=350%2C200 1x, https:\/\/i0.wp.com\/tuzlahortum.com.tr\/wp-content\/uploads\/2019\/02\/RED-WATER.jpg?fit=800%2C800&ssl=1&resize=525%2C300 1.5x, https:\/\/i0.wp.com\/tuzlahortum.com.tr\/wp-content\/uploads\/2019\/02\/RED-WATER.jpg?fit=800%2C800&ssl=1&resize=700%2C400 2x"},"classes":[]},{"id":661,"url":"https:\/\/tuzlahortum.com.tr\/fr\/produit\/trelleborg-supermines\/","url_meta":{"origin":946,"position":2},"title":"Trelleborg SURMINES","author":"admin","date":"6 f\u00e9vrier 2019","format":false,"excerpt":"Trelleborg SUPERMINESHava\/Bas\u0131n\u00e7l\u0131 hava uygulamalar\u0131 \u015eantiyeler, in\u015faat projeleri, maden ocaklar\u0131, vs. i\u00e7in ekstra a\u011f\u0131r ko\u015fullara uygun kompres\u00f6r\u00a0hortumu. Avantajlar *Yorulma, k\u0131r\u0131lma ve b\u00fck\u00fclmeye kar\u015f\u0131 y\u00fcksek dayan\u0131m. *A\u015f\u0131nma, atmosfer ko\u015fullar\u0131 ve engebeli ve ya\u011fl\u0131 y\u00fczeyler \u00fczerinde s\u00fcr\u00fcklemeye kar\u015f\u0131\u00a0m\u00fckemmel dayan\u0131m. *\u0130yi so\u011fuk esneklik. *Oksijen tahliyesi i\u00e7in uygun (sadece \u0130\u00c7\u226425mm). *\u015eeffaf kaplama (sar\u0131 renkte). Teknik\u2026","rel":"","context":"Article similaire","block_context":{"text":"Article similaire","link":""},"img":{"alt_text":"","src":"https:\/\/i0.wp.com\/tuzlahortum.com.tr\/wp-content\/uploads\/2019\/02\/SUPERMINES.jpg?fit=800%2C800&ssl=1&resize=350%2C200","width":350,"height":200,"srcset":"https:\/\/i0.wp.com\/tuzlahortum.com.tr\/wp-content\/uploads\/2019\/02\/SUPERMINES.jpg?fit=800%2C800&ssl=1&resize=350%2C200 1x, https:\/\/i0.wp.com\/tuzlahortum.com.tr\/wp-content\/uploads\/2019\/02\/SUPERMINES.jpg?fit=800%2C800&ssl=1&resize=525%2C300 1.5x, https:\/\/i0.wp.com\/tuzlahortum.com.tr\/wp-content\/uploads\/2019\/02\/SUPERMINES.jpg?fit=800%2C800&ssl=1&resize=700%2C400 2x"},"classes":[]},{"id":897,"url":"https:\/\/tuzlahortum.com.tr\/fr\/produit\/trelleborg-breathing-hose-en-14593\/","url_meta":{"origin":946,"position":3},"title":"TUYAU RESPIRATOIRE Trelleborg EN 14593","author":"admin","date":"6 f\u00e9vrier 2019","format":false,"excerpt":"Trelleborg BREATHING HOSE EN 14593Soluma havas\u0131 Taze hava soluma maskeleri ve bas\u0131n\u00e7l\u0131 hava beslemesi i\u00e7in besleme hatt\u0131. Avantajlar *G\u00fcvenli ve sa\u011flam. *Y\u00fcksek s\u0131cakl\u0131k dayan\u0131m\u0131. *Y\u00fcksek esneklik. *A\u015f\u0131nmaya dayan\u0131kl\u0131 kaplama. *Antistatik. *EN 14593\/14594 onayl\u0131. Teknik a\u00e7\u0131klama \u0130\u00e7 t\u00fcp :\u00a0EPDM, siyah, d\u00fcz. Takviye :\u00a0aramid, \u00f6rg\u00fc. Kaplama :\u00a0EPDM, d\u00fcz, 7.2 ve 9.5mm \u0130\u00c7\u2026","rel":"","context":"Article similaire","block_context":{"text":"Article similaire","link":""},"img":{"alt_text":"","src":"https:\/\/i0.wp.com\/tuzlahortum.com.tr\/wp-content\/uploads\/2019\/02\/BREATHING-HOSE-EN-14593.jpg?fit=800%2C800&ssl=1&resize=350%2C200","width":350,"height":200,"srcset":"https:\/\/i0.wp.com\/tuzlahortum.com.tr\/wp-content\/uploads\/2019\/02\/BREATHING-HOSE-EN-14593.jpg?fit=800%2C800&ssl=1&resize=350%2C200 1x, https:\/\/i0.wp.com\/tuzlahortum.com.tr\/wp-content\/uploads\/2019\/02\/BREATHING-HOSE-EN-14593.jpg?fit=800%2C800&ssl=1&resize=525%2C300 1.5x, https:\/\/i0.wp.com\/tuzlahortum.com.tr\/wp-content\/uploads\/2019\/02\/BREATHING-HOSE-EN-14593.jpg?fit=800%2C800&ssl=1&resize=700%2C400 2x"},"classes":[]},{"id":659,"url":"https:\/\/tuzlahortum.com.tr\/fr\/produit\/trelleborg-maxair\/","url_meta":{"origin":946,"position":4},"title":"Trelleborg MAXAIR","author":"admin","date":"6 f\u00e9vrier 2019","format":false,"excerpt":"Trelleborg MAXAIRAir\/applications d'air comprim\u00e9 Tuyau d'air comprim\u00e9 pour les applications industrielles et autres, pour les outils pneumatiques et les usages g\u00e9n\u00e9raux. Convient \u00e0 l'air comprim\u00e9 pour toutes les applications, \u00e0 l'oxyg\u00e8ne (POI\u226425mm uniquement) et aux gaz inertes argon, azote et dioxyde de carbone pour le soudage \u00e0 l'arc. Egalement pour les solutions aqueuses ou les \u00e9mulsions utilis\u00e9es dans la pulv\u00e9risation agricole d'eau industrielle, le blanchiment, la d\u00e9sinfection, les acides et...","rel":"","context":"Article similaire","block_context":{"text":"Article similaire","link":""},"img":{"alt_text":"","src":"https:\/\/i0.wp.com\/tuzlahortum.com.tr\/wp-content\/uploads\/2019\/02\/MAXAIR.jpg?fit=800%2C800&ssl=1&resize=350%2C200","width":350,"height":200,"srcset":"https:\/\/i0.wp.com\/tuzlahortum.com.tr\/wp-content\/uploads\/2019\/02\/MAXAIR.jpg?fit=800%2C800&ssl=1&resize=350%2C200 1x, https:\/\/i0.wp.com\/tuzlahortum.com.tr\/wp-content\/uploads\/2019\/02\/MAXAIR.jpg?fit=800%2C800&ssl=1&resize=525%2C300 1.5x, https:\/\/i0.wp.com\/tuzlahortum.com.tr\/wp-content\/uploads\/2019\/02\/MAXAIR.jpg?fit=800%2C800&ssl=1&resize=700%2C400 2x"},"classes":[]},{"id":660,"url":"https:\/\/tuzlahortum.com.tr\/fr\/produit\/trelleborg-normines-ii\/","url_meta":{"origin":946,"position":5},"title":"Trelleborg NORMINES II","author":"admin","date":"6 f\u00e9vrier 2019","format":false,"excerpt":"Trelleborg NORMINES IIHava\/Bas\u0131n\u00e7l\u0131 hava uygulamalar\u0131 Kaya deliciler, a\u015f\u0131nd\u0131r\u0131c\u0131 ve slot makinesi, per\u00e7in ve \u00e7apak temizleme \u00e7eki\u00e7leri, vs. gibi pn\u00f6matik makinelerde kullan\u0131lan ekstra a\u011f\u0131r \u00e7al\u0131\u015fma ko\u015fullar\u0131na uygun hava hortumu. Madencilik end\u00fcstrisi, in\u015faat, imalat end\u00fcstrisi ve di\u011ferlerinde kullan\u0131lan \u00e7ok ama\u00e7l\u0131 bas\u0131n\u00e7l\u0131\u00a0hava hortumu. T\u00fcm uygulamalara y\u00f6nelik s\u0131k\u0131\u015ft\u0131r\u0131lm\u0131\u015f hava, oksijen (sadece \u0130\u00c7\u226425mm) ve ark\u2026","rel":"","context":"Article similaire","block_context":{"text":"Article similaire","link":""},"img":{"alt_text":"","src":"https:\/\/i0.wp.com\/tuzlahortum.com.tr\/wp-content\/uploads\/2019\/02\/NORMINES-II.jpg?fit=800%2C800&ssl=1&resize=350%2C200","width":350,"height":200,"srcset":"https:\/\/i0.wp.com\/tuzlahortum.com.tr\/wp-content\/uploads\/2019\/02\/NORMINES-II.jpg?fit=800%2C800&ssl=1&resize=350%2C200 1x, https:\/\/i0.wp.com\/tuzlahortum.com.tr\/wp-content\/uploads\/2019\/02\/NORMINES-II.jpg?fit=800%2C800&ssl=1&resize=525%2C300 1.5x, https:\/\/i0.wp.com\/tuzlahortum.com.tr\/wp-content\/uploads\/2019\/02\/NORMINES-II.jpg?fit=800%2C800&ssl=1&resize=700%2C400 2x"},"classes":[]}],"jetpack_sharing_enabled":true,"jetpack_likes_enabled":true,"_links":{"self":[{"href":"https:\/\/tuzlahortum.com.tr\/fr\/wp-json\/wp\/v2\/product\/946","targetHints":{"allow":["GET"]}}],"collection":[{"href":"https:\/\/tuzlahortum.com.tr\/fr\/wp-json\/wp\/v2\/product"}],"about":[{"href":"https:\/\/tuzlahortum.com.tr\/fr\/wp-json\/wp\/v2\/types\/product"}],"replies":[{"embeddable":true,"href":"https:\/\/tuzlahortum.com.tr\/fr\/wp-json\/wp\/v2\/comments?post=946"}],"wp:featuredmedia":[{"embeddable":true,"href":"https:\/\/tuzlahortum.com.tr\/fr\/wp-json\/wp\/v2\/media\/2626"}],"wp:attachment":[{"href":"https:\/\/tuzlahortum.com.tr\/fr\/wp-json\/wp\/v2\/media?parent=946"}],"wp:term":[{"taxonomy":"product_brand","embeddable":true,"href":"https:\/\/tuzlahortum.com.tr\/fr\/wp-json\/wp\/v2\/product_brand?post=946"},{"taxonomy":"product_cat","embeddable":true,"href":"https:\/\/tuzlahortum.com.tr\/fr\/wp-json\/wp\/v2\/product_cat?post=946"},{"taxonomy":"product_tag","embeddable":true,"href":"https:\/\/tuzlahortum.com.tr\/fr\/wp-json\/wp\/v2\/product_tag?post=946"}],"curies":[{"name":"wp","href":"https:\/\/api.w.org\/{rel}","templated":true}]}}