{"id":944,"date":"2019-02-06T23:56:13","date_gmt":"2019-02-06T20:56:13","guid":{"rendered":"http:\/\/hortum.com.tr\/product\/import-placeholder-for-278\/"},"modified":"2024-03-21T17:40:22","modified_gmt":"2024-03-21T14:40:22","slug":"galvaniz-14-mm-hortum-kelepceleri","status":"publish","type":"product","link":"https:\/\/tuzlahortum.com.tr\/fr\/produit\/galvaniz-14-mm-hortum-kelepceleri\/","title":{"rendered":"Colliers de serrage galvanis\u00e9s de 14 mm"},"content":{"rendered":"<h2>Colliers de serrage galvanis\u00e9s de 14 mm<\/h2>\n<p><b>Bande de serrage et Couvercle<\/b> Norme Standard \u2022 DIN 1623 P2 \u2013 Acier lamin\u00e9 \u00e0 froid. \u2022 DIN EN 10130:1999 \u2013 Convient pour l&#039;op\u00e9ration de dessin<\/p>\n<p>acier lamin\u00e9 \u00e0 froid. <b>Types de colliers de serrage<\/b> \u2022 W1 (zingu\u00e9) \u2013 ruban perfor\u00e9 \u2022 Largeur de bande 14 mm \u2022 Ruban convexe s\u00fbr<\/p>\n<p>Le tuyau serr\u00e9 avec ses bords est emp\u00each\u00e9 d&#039;\u00eatre endommag\u00e9. <b>Vis<\/b> Norme Standard \u2022 DIN EN 10263 qualit\u00e9 Cq 15 \u2013 Pour formage \u00e0 froid<\/p>\n<p>mat\u00e9riau de fil machine appropri\u00e9.<\/p>\n<p><strong>SP\u00c9CIFICATIONS TECHNIQUES ET LISTE DES TAILLES<\/strong> \u00a0<\/p>\n<table class=\"prod-table prod-table-red\" cellspacing=\"0\" cellpadding=\"0\">\n<tbody>\n<tr>\n<th>\u00a0<\/th>\n<th colspan=\"2\"><span style=\"font-family: Tahoma; font-size: small;\"><strong>Diam\u00e8tre<\/strong><\/span> IL EST<\/th>\n<th><span style=\"font-family: Tahoma; font-size: small;\"><strong>Bande passante<\/strong><\/span> (b1)<\/th>\n<th><span style=\"font-family: Tahoma; font-size: small;\"><strong>\u00c9paisseur de bande<\/strong><\/span> (s)<\/th>\n<th>Max. Couple<\/th>\n<th><span style=\"font-family: Tahoma; font-size: small;\"><strong>Quantit\u00e9 pi\u00e8ce\/bo\u00eete<\/strong><\/span><\/th>\n<th><span style=\"font-family: Tahoma; font-size: small;\"><strong>T\u00eate de vis SW<\/strong><\/span><\/th>\n<\/tr>\n<tr class=\"unit\">\n<th>\u00a0<\/th>\n<th>millim\u00e8tre<\/th>\n<th>pouce<\/th>\n<th>millim\u00e8tre<\/th>\n<th>millim\u00e8tre<\/th>\n<th>nm<\/th>\n<th>pi\u00e8ces<\/th>\n<th>\u00a0<\/th>\n<\/tr>\n<tr>\n<td>\u00a0<\/td>\n<td>19-26<\/td>\n<td>3\/4\u2033-1 1\/32\u2033<\/td>\n<td>14<\/td>\n<td>0,80<\/td>\n<td>6,0<\/td>\n<td>600<\/td>\n<td>SW8<\/td>\n<\/tr>\n<tr>\n<td>\u00a0<\/td>\n<td>20-30<\/td>\n<td>3\/4\u2033-1 3\/16\u2033<\/td>\n<td>14<\/td>\n<td>0,80<\/td>\n<td>5,0<\/td>\n<td>500<\/td>\n<td>SW8<\/td>\n<\/tr>\n<tr>\n<td>\u00a0<\/td>\n<td>22-36<\/td>\n<td>7\/8\u2033-1 27\/64\u2033<\/td>\n<td>14<\/td>\n<td>0,80<\/td>\n<td>8,5<\/td>\n<td>450<\/td>\n<td>SW8<\/td>\n<\/tr>\n<tr>\n<td>\u00a0<\/td>\n<td>25-42<\/td>\n<td>1\u2033-1 21\/32\u2033<\/td>\n<td>14<\/td>\n<td>0,80<\/td>\n<td>8,5<\/td>\n<td>400<\/td>\n<td>SW8<\/td>\n<\/tr>\n<tr>\n<td>\u00a0<\/td>\n<td>28-48<\/td>\n<td>1 3\/32\u2033-1 7\/8\u2033<\/td>\n<td>14<\/td>\n<td>0,80<\/td>\n<td>9,5<\/td>\n<td>350<\/td>\n<td>SW8<\/td>\n<\/tr>\n<tr>\n<td>\u00a0<\/td>\n<td>32-51<\/td>\n<td>2 1\/4\u2033-2\u2033<\/td>\n<td>14<\/td>\n<td>0,80<\/td>\n<td>9,5<\/td>\n<td>350<\/td>\n<td>SW8<\/td>\n<\/tr>\n<tr>\n<td>\u00a0<\/td>\n<td>38-58<\/td>\n<td>1 1\/2\u2033-1 9\/32\u2033<\/td>\n<td>14<\/td>\n<td>0,80<\/td>\n<td>9,5<\/td>\n<td>300<\/td>\n<td>SW8<\/td>\n<\/tr>\n<tr>\n<td>\u00a0<\/td>\n<td>44-64<\/td>\n<td>1 3\/4\u2033-2 1\/2\u2033<\/td>\n<td>14<\/td>\n<td>0,80<\/td>\n<td>9,5<\/td>\n<td>250<\/td>\n<td>SW8<\/td>\n<\/tr>\n<tr>\n<td>\u00a0<\/td>\n<td>51-72<\/td>\n<td>2\u2033-2 28\/32\u2033<\/td>\n<td>14<\/td>\n<td>0,80<\/td>\n<td>8,5<\/td>\n<td>200<\/td>\n<td>SW8<\/td>\n<\/tr>\n<tr>\n<td>\u00a0<\/td>\n<td>57-76<\/td>\n<td>2 1\/4\u2033-3\u2033<\/td>\n<td>14<\/td>\n<td>0,80<\/td>\n<td>8,5<\/td>\n<td>200<\/td>\n<td>SW8<\/td>\n<\/tr>\n<tr>\n<td>\u00a0<\/td>\n<td>65-82<\/td>\n<td>2 9\/16\u2033-3 15\/64\u2033<\/td>\n<td>14<\/td>\n<td>0,80<\/td>\n<td>8,5<\/td>\n<td>200<\/td>\n<td>SW8<\/td>\n<\/tr>\n<tr>\n<td>\u00a0<\/td>\n<td>76-92<\/td>\n<td>3\u20333 5\/8\u2033<\/td>\n<td>14<\/td>\n<td>0,80<\/td>\n<td>8,5<\/td>\n<td>150<\/td>\n<td>SW8<\/td>\n<\/tr>\n<tr>\n<td>\u00a0<\/td>\n<td>85-103<\/td>\n<td>3 1 1\/2\u2033-4 1\/16\u2033<\/td>\n<td>14<\/td>\n<td>0,80<\/td>\n<td>8,5<\/td>\n<td>125<\/td>\n<td>SW8<\/td>\n<\/tr>\n<tr>\n<td>\u00a0<\/td>\n<td>92-110<\/td>\n<td>3 5\/8\u2033-4 21\/64\u2033<\/td>\n<td>14<\/td>\n<td>0,80<\/td>\n<td>8,5<\/td>\n<td>125<\/td>\n<td>SW8<\/td>\n<\/tr>\n<tr>\n<td>\u00a0<\/td>\n<td>105-121<\/td>\n<td>4 9\/64\u2033-4 49\/64\u2033<\/td>\n<td>14<\/td>\n<td>0,80<\/td>\n<td>8,5<\/td>\n<td>100<\/td>\n<td>SW8<\/td>\n<\/tr>\n<tr>\n<td>\u00a0<\/td>\n<td>115-135<\/td>\n<td>4 17\/32\u2033-5 5\/16\u2033<\/td>\n<td>14<\/td>\n<td>0,80<\/td>\n<td>8,0<\/td>\n<td>100<\/td>\n<td>SW8<\/td>\n<\/tr>\n<tr>\n<td>\u00a0<\/td>\n<td>130-146<\/td>\n<td>5 1\/8\u2033-5 3\/4\u2033<\/td>\n<td>14<\/td>\n<td>0,80<\/td>\n<td>8,0<\/td>\n<td>75<\/td>\n<td>SW8<\/td>\n<\/tr>\n<tr>\n<td>\u00a0<\/td>\n<td>146-164<\/td>\n<td>5 3\/4\u2033-6 29\/64\u2033<\/td>\n<td>14<\/td>\n<td>0,80<\/td>\n<td>8,0<\/td>\n<td>75<\/td>\n<td>SW8<\/td>\n<\/tr>\n<tr>\n<td>\u00a0<\/td>\n<td>150-170<\/td>\n<td>5 7\/8\u2033-6 11\/16\u2033<\/td>\n<td>14<\/td>\n<td>0,80<\/td>\n<td>8,0<\/td>\n<td>50<\/td>\n<td>SW8<\/td>\n<\/tr>\n<tr>\n<td>\u00a0<\/td>\n<td>160-180<\/td>\n<td>6 1\/4\u2033-7 1\/32\u2033<\/td>\n<td>14<\/td>\n<td>0,80<\/td>\n<td>8,0<\/td>\n<td>40<\/td>\n<td>SW8<\/td>\n<\/tr>\n<tr>\n<td>\u00a0<\/td>\n<td>170-190<\/td>\n<td>6 11\/16\u2033-7 31\/64\u2033<\/td>\n<td>14<\/td>\n<td>0,80<\/td>\n<td>8,0<\/td>\n<td>25<\/td>\n<td>SW8<\/td>\n<\/tr>\n<tr>\n<td>\u00a0<\/td>\n<td>180-200<\/td>\n<td>7 1\/32\u2033-7 7\/8\u2033<\/td>\n<td>14<\/td>\n<td>0,80<\/td>\n<td>8,0<\/td>\n<td>25<\/td>\n<td>SW8<\/td>\n<\/tr>\n<tr>\n<td>\u00a0<\/td>\n<td>190-210<\/td>\n<td>7 31\/64\u2033-8 17\/64\u2033<\/td>\n<td>14<\/td>\n<td>0,80<\/td>\n<td>8,0<\/td>\n<td>25<\/td>\n<td>SW8<\/td>\n<\/tr>\n<\/tbody>\n<\/table>\n<p>\u00a0<\/p>","protected":false},"excerpt":{"rendered":"<p>Galvaniz 14 mm Hortum Kelep\u00e7eleri Kelep\u00e7e band &amp; Kapak Norm Standart\u0131 \u2022\u00a0DIN 1623 P2 \u2013 So\u011fuk Haddelenmi\u015f \u00c7elik. \u2022\u00a0DIN EN 10130:1999 \u2013 \u00c7ekme i\u015flemine uygun so\u011fuk haddelenmi\u015f \u00e7elik. Kelep\u00e7e band tipleri \u2022\u00a0W1 (\u00e7inko kaplama) \u2013 delikli band \u2022\u00a0Band geni\u015fli\u011fi 14mm \u2022\u00a0G\u00fcvenli d\u0131\u015f b\u00fckey band kenarlar\u0131yla s\u0131k\u0131lan hortumun zarar g\u00f6rmesi engellenmi\u015ftir. Vida Norm Standard \u2022\u00a0DIN EN [&#8230;]\n","protected":false},"featured_media":4103,"comment_status":"open","ping_status":"closed","template":"","meta":{"jetpack_post_was_ever_published":false},"product_brand":[],"product_cat":[113],"product_tag":[1226,2256,2257,1224,290,852],"class_list":{"0":"post-944","1":"product","2":"type-product","3":"status-publish","4":"has-post-thumbnail","6":"product_cat-vida-surumlu-kelepceler","7":"product_tag-14-mm","8":"product_tag-galvaniz-14-mm-hortum-kelepce","9":"product_tag-galvaniz-14-mm-kelepce","10":"product_tag-galveniz","11":"product_tag-hortum","12":"product_tag-kelepce","14":"first","15":"instock","16":"taxable","17":"shipping-taxable","18":"product-type-variable"},"jetpack-related-posts":[{"id":942,"url":"https:\/\/tuzlahortum.com.tr\/fr\/produit\/galvaniz-8-5-mm-hortum-kelepceleri\/","url_meta":{"origin":944,"position":0},"title":"Colliers de serrage galvanis\u00e9s de 8,5 mm","author":"admin","date":"6 f\u00e9vrier 2019","format":false,"excerpt":"Galvaniz 8.5 mm Hortum Kelep\u00e7eleriKelep\u00e7e band & Kapak Norm Standart\u0131 \u2022\u00a0DIN 1623 P2 \u2013 So\u011fuk Haddelenmi\u015f \u00c7elik. \u2022\u00a0DIN EN 10130:1999 \u2013 \u00c7ekme i\u015flemine uygun so\u011fuk haddelenmi\u015f \u00e7elik. Kelep\u00e7e band tipleri \u2022\u00a0W1 (\u00e7inko kaplama) \u2013 delikli band \u2022\u00a0Band geni\u015fli\u011fi 8.5 mm \u2022\u00a0G\u00fcvenli d\u0131\u015f b\u00fckey band kenarlar\u0131yla s\u0131k\u0131lan hortumun zarar g\u00f6rmesi engellenmi\u015ftir.\u2026","rel":"","context":"Article similaire","block_context":{"text":"Article similaire","link":""},"img":{"alt_text":"","src":"https:\/\/i0.wp.com\/tuzlahortum.com.tr\/wp-content\/uploads\/2019\/02\/tork-kelep%C3%A7e-d.jpg?fit=605%2C601&ssl=1&resize=350%2C200","width":350,"height":200,"srcset":"https:\/\/i0.wp.com\/tuzlahortum.com.tr\/wp-content\/uploads\/2019\/02\/tork-kelep%C3%A7e-d.jpg?fit=605%2C601&ssl=1&resize=350%2C200 1x, https:\/\/i0.wp.com\/tuzlahortum.com.tr\/wp-content\/uploads\/2019\/02\/tork-kelep%C3%A7e-d.jpg?fit=605%2C601&ssl=1&resize=525%2C300 1.5x"},"classes":[]},{"id":943,"url":"https:\/\/tuzlahortum.com.tr\/fr\/produit\/galvaniz-10-mm-hortum-kelepceleri\/","url_meta":{"origin":944,"position":1},"title":"Colliers de serrage galvanis\u00e9s de 10 mm","author":"admin","date":"6 f\u00e9vrier 2019","format":false,"excerpt":"Galvaniz 10 mm Hortum Kelep\u00e7eleriKelep\u00e7e band & Kapak Norm Standart\u0131 \u2022\u00a0DIN 1623 P2 \u2013 So\u011fuk Haddelenmi\u015f \u00c7elik. \u2022\u00a0DIN EN 10130:1999 \u2013 \u00c7ekme i\u015flemine uygunso\u011fuk haddelenmi\u015f \u00e7elik. Kelep\u00e7e band tipleri \u2022\u00a0W1 (\u00e7inko kaplama) \u2013 delikli band \u2022\u00a0Band geni\u015fli\u011fi 10mm \u2022\u00a0G\u00fcvenli d\u0131\u015f b\u00fckey bandkenarlar\u0131yla s\u0131k\u0131lan hortumun zarar g\u00f6rmesi engellenmi\u015ftir. Vida Norm Standard\u2026","rel":"","context":"Article similaire","block_context":{"text":"Article similaire","link":""},"img":{"alt_text":"","src":"https:\/\/i0.wp.com\/tuzlahortum.com.tr\/wp-content\/uploads\/2019\/02\/tork-kelep%C3%A7e-d.jpg?fit=605%2C601&ssl=1&resize=350%2C200","width":350,"height":200,"srcset":"https:\/\/i0.wp.com\/tuzlahortum.com.tr\/wp-content\/uploads\/2019\/02\/tork-kelep%C3%A7e-d.jpg?fit=605%2C601&ssl=1&resize=350%2C200 1x, https:\/\/i0.wp.com\/tuzlahortum.com.tr\/wp-content\/uploads\/2019\/02\/tork-kelep%C3%A7e-d.jpg?fit=605%2C601&ssl=1&resize=525%2C300 1.5x"},"classes":[]},{"id":931,"url":"https:\/\/tuzlahortum.com.tr\/fr\/produit\/band-buckle-kelepce\/","url_meta":{"origin":944,"position":2},"title":"Bande et Boucle Pince","author":"admin","date":"6 f\u00e9vrier 2019","format":false,"excerpt":"Band & Buckle Kelep\u00e7eBand & Buckle paslanmaz \u00e7elik serbest boy kelep\u00e7e modelleri standartlar\u0131n \u00fczerindeki \u00e7aplarda s\u0131zd\u0131rmazl\u0131k ve sabitleme ama\u00e7l\u0131 tasarlanm\u0131\u015flard\u0131r. Bu serbest boy kelep\u00e7elerin korozyon diren\u00e7leri y\u00fcksektir. DIN 1.4301 (AISI 304) malzemeden \u00fcretilmektedir. \u0130stenilen \u00e7ap i\u00e7in uygulanmas\u0131 olduk\u00e7a basit olan bu serbest boy paslanmaz hortum kelep\u00e7esi modelleri bir s\u0131kma aparat\u0131\u2026","rel":"","context":"Article similaire","block_context":{"text":"Article similaire","link":""},"img":{"alt_text":"","src":"https:\/\/i0.wp.com\/tuzlahortum.com.tr\/wp-content\/uploads\/urunler\/kelepceler\/bandbucklekelepce.jpg?fit=500%2C350&ssl=1&resize=350%2C200","width":350,"height":200},"classes":[]},{"id":745,"url":"https:\/\/tuzlahortum.com.tr\/fr\/produit\/12mm-vida-surumlu-kelepceler\/","url_meta":{"origin":944,"position":3},"title":"Pinces \u00e0 vis de 12 mm","author":"admin","date":"6 f\u00e9vrier 2019","format":false,"excerpt":"12mm Vida S\u00fcr\u00fcml\u00fc Kelep\u00e7eler 12mm bant geni\u015fli\u011finde\u00a0DIN 3017\u00a0normuna g\u00f6re \u00fcretilen Kale vida s\u00fcr\u00fcml\u00fc hortum kelep\u00e7esi modelleri, geni\u015f \u00e7ap se\u00e7enekleri ile bir \u00e7ok sekt\u00f6rde rahatl\u0131kla kullan\u0131lmaktad\u0131r. KALE vida s\u00fcr\u00fcml\u00fc hortum kelep\u00e7esi modelleri, bant\/yuva\/vida malzeme kombinasyonlar\u0131 (W2B, W2, W3, W4, W5), 7mm alt\u0131gen vida ba\u015f\u0131 (y\u0131ld\u0131z ve d\u00fcz tornavida a\u011f\u0131zl\u0131) se\u00e7enekleri ile\u2026","rel":"","context":"Article similaire","block_context":{"text":"Article similaire","link":""},"img":{"alt_text":"","src":"https:\/\/i0.wp.com\/tuzlahortum.com.tr\/wp-content\/uploads\/2019\/02\/12-MM-V%C4%B0DA-S%C3%9CR%C3%9CML%C3%9C-KELEP%C3%87E.jpg?fit=691%2C725&ssl=1&resize=350%2C200","width":350,"height":200,"srcset":"https:\/\/i0.wp.com\/tuzlahortum.com.tr\/wp-content\/uploads\/2019\/02\/12-MM-V%C4%B0DA-S%C3%9CR%C3%9CML%C3%9C-KELEP%C3%87E.jpg?fit=691%2C725&ssl=1&resize=350%2C200 1x, https:\/\/i0.wp.com\/tuzlahortum.com.tr\/wp-content\/uploads\/2019\/02\/12-MM-V%C4%B0DA-S%C3%9CR%C3%9CML%C3%9C-KELEP%C3%87E.jpg?fit=691%2C725&ssl=1&resize=525%2C300 1.5x"},"classes":[]},{"id":945,"url":"https:\/\/tuzlahortum.com.tr\/fr\/produit\/9mm-vida-surumlu-kelepceler\/","url_meta":{"origin":944,"position":4},"title":"Pinces \u00e0 vis de 9 mm","author":"admin","date":"6 f\u00e9vrier 2019","format":false,"excerpt":"9mm Vida S\u00fcr\u00fcml\u00fc Kelep\u00e7eler 9mm bant geni\u015fli\u011finde\u00a0DIN 3017\u00a0normuna g\u00f6re \u00fcretilen Kale vida s\u00fcr\u00fcml\u00fc hortum kelep\u00e7esi modelleri, geni\u015f \u00e7ap se\u00e7enekleri ile bir \u00e7ok sekt\u00f6rde rahatl\u0131kla kullan\u0131lmaktad\u0131r. KALE vida s\u00fcr\u00fcml\u00fc hortum kelep\u00e7esi modelleri, bant\/yuva\/vida malzeme kombinasyonlar\u0131 (W2B, W2, W3, W4, W5), 7mm alt\u0131gen vida ba\u015f\u0131 (y\u0131ld\u0131z ve d\u00fcz tornavida a\u011f\u0131zl\u0131) se\u00e7enekleri ile\u2026","rel":"","context":"Article similaire","block_context":{"text":"Article similaire","link":""},"img":{"alt_text":"","src":"https:\/\/i0.wp.com\/tuzlahortum.com.tr\/wp-content\/uploads\/2019\/02\/9-MM-V%C4%B0DA-S%C3%9CR%C3%9CML%C3%9C-KELEP%C3%87E.jpg?fit=699%2C753&ssl=1&resize=350%2C200","width":350,"height":200,"srcset":"https:\/\/i0.wp.com\/tuzlahortum.com.tr\/wp-content\/uploads\/2019\/02\/9-MM-V%C4%B0DA-S%C3%9CR%C3%9CML%C3%9C-KELEP%C3%87E.jpg?fit=699%2C753&ssl=1&resize=350%2C200 1x, https:\/\/i0.wp.com\/tuzlahortum.com.tr\/wp-content\/uploads\/2019\/02\/9-MM-V%C4%B0DA-S%C3%9CR%C3%9CML%C3%9C-KELEP%C3%87E.jpg?fit=699%2C753&ssl=1&resize=525%2C300 1.5x"},"classes":[]},{"id":616,"url":"https:\/\/tuzlahortum.com.tr\/fr\/produit\/tc-02as\/","url_meta":{"origin":944,"position":5},"title":"TC 02AS","author":"admin","date":"6 f\u00e9vrier 2019","format":false,"excerpt":"TC 02ASMATERYAL: Kuma\u015f Duvar : Antistatik \u2264 10^8Ohm \u2022 A\u011f\u0131rl\u0131k : 570 gr\/m2 DIN EN ISO 2286-2 \u2022 \u00c7ekme Dayan\u0131m\u0131 : 2200 \/ 2200 N\/5 cm \u2022 Y\u0131rt\u0131lma Dayan\u0131m\u0131 : 310 \/ 350 N \u2022 Ek Kal\u0131nl\u0131\u011f\u0131 : 0,55 mm \u2022 Renk : Siyah D\u0131\u015f Spiral : Galvaniz \u00c7elik UYGULAMALAR:\u2026","rel":"","context":"Article similaire","block_context":{"text":"Article similaire","link":""},"img":{"alt_text":"","src":"https:\/\/i0.wp.com\/tuzlahortum.com.tr\/wp-content\/uploads\/2019\/03\/TC-02AS.jpg?fit=600%2C450&ssl=1&resize=350%2C200","width":350,"height":200,"srcset":"https:\/\/i0.wp.com\/tuzlahortum.com.tr\/wp-content\/uploads\/2019\/03\/TC-02AS.jpg?fit=600%2C450&ssl=1&resize=350%2C200 1x, https:\/\/i0.wp.com\/tuzlahortum.com.tr\/wp-content\/uploads\/2019\/03\/TC-02AS.jpg?fit=600%2C450&ssl=1&resize=525%2C300 1.5x"},"classes":[]}],"jetpack_sharing_enabled":true,"jetpack_likes_enabled":true,"_links":{"self":[{"href":"https:\/\/tuzlahortum.com.tr\/fr\/wp-json\/wp\/v2\/product\/944","targetHints":{"allow":["GET"]}}],"collection":[{"href":"https:\/\/tuzlahortum.com.tr\/fr\/wp-json\/wp\/v2\/product"}],"about":[{"href":"https:\/\/tuzlahortum.com.tr\/fr\/wp-json\/wp\/v2\/types\/product"}],"replies":[{"embeddable":true,"href":"https:\/\/tuzlahortum.com.tr\/fr\/wp-json\/wp\/v2\/comments?post=944"}],"wp:featuredmedia":[{"embeddable":true,"href":"https:\/\/tuzlahortum.com.tr\/fr\/wp-json\/wp\/v2\/media\/4103"}],"wp:attachment":[{"href":"https:\/\/tuzlahortum.com.tr\/fr\/wp-json\/wp\/v2\/media?parent=944"}],"wp:term":[{"taxonomy":"product_brand","embeddable":true,"href":"https:\/\/tuzlahortum.com.tr\/fr\/wp-json\/wp\/v2\/product_brand?post=944"},{"taxonomy":"product_cat","embeddable":true,"href":"https:\/\/tuzlahortum.com.tr\/fr\/wp-json\/wp\/v2\/product_cat?post=944"},{"taxonomy":"product_tag","embeddable":true,"href":"https:\/\/tuzlahortum.com.tr\/fr\/wp-json\/wp\/v2\/product_tag?post=944"}],"curies":[{"name":"wp","href":"https:\/\/api.w.org\/{rel}","templated":true}]}}