{"id":942,"date":"2019-02-06T23:56:12","date_gmt":"2019-02-06T20:56:12","guid":{"rendered":"http:\/\/hortum.com.tr\/product\/import-placeholder-for-276\/"},"modified":"2024-03-21T17:40:23","modified_gmt":"2024-03-21T14:40:23","slug":"galvaniz-8-5-mm-hortum-kelepceleri","status":"publish","type":"product","link":"https:\/\/tuzlahortum.com.tr\/fr\/produit\/galvaniz-8-5-mm-hortum-kelepceleri\/","title":{"rendered":"Colliers de serrage galvanis\u00e9s de 8,5 mm"},"content":{"rendered":"<h2>Colliers de serrage galvanis\u00e9s de 8,5 mm<\/h2>\n<p><b>Bande de serrage et Couvercle<\/b> Norme Standard \u2022 DIN 1623 P2 \u2013 Acier lamin\u00e9 \u00e0 froid. \u2022 DIN EN 10130:1999 \u2013 Pour le dessin<\/p>\n<p>acier lamin\u00e9 \u00e0 froid appropri\u00e9. <b>Types de colliers de serrage<\/b> \u2022 W1 (zingu\u00e9) \u2013 ruban perfor\u00e9 \u2022 Largeur de bande 8,5 mm \u2022 Ext\u00e9rieur s\u00e9curis\u00e9<\/p>\n<p>Le tuyau serr\u00e9 avec les bords de bande incurv\u00e9s est emp\u00each\u00e9 d&#039;\u00eatre endommag\u00e9. <b>Vis<\/b> Norme Standard \u2022 DIN EN 10263 qualit\u00e9 Cq 15 \u2013 Froid<\/p>\n<p>mat\u00e9riau fil machine adapt\u00e9 au formage. \u2022 La distance entre les bords droits oppos\u00e9s (SW) pour tous les produits est de 7 mm.<\/p>\n<p><b>SP\u00c9CIFICATIONS TECHNIQUES ET LISTE DES TAILLES<\/b><\/p>\n<table class=\"prod-table prod-table-red\" style=\"height: 241px;\" width=\"888\" cellspacing=\"0\" cellpadding=\"0\">\n<tbody>\n<tr>\n<th><\/th>\n<th colspan=\"2\"><span style=\"font-family: Tahoma; font-size: small;\"><strong>Diam\u00e8tre<\/strong><\/span> IL EST<\/th>\n<th><span style=\"font-family: Tahoma; font-size: small;\"><strong>Bande passante <\/strong><\/span> (b1)<\/th>\n<th><span style=\"font-family: Tahoma; font-size: small;\"><strong>\u00c9paisseur de bande <\/strong><\/span> (s)<\/th>\n<th>Max. Couple<\/th>\n<th><span style=\"font-family: Tahoma; font-size: small;\"><strong>Quantit\u00e9 pi\u00e8ce\/bo\u00eete<\/strong><\/span><\/th>\n<th><span style=\"font-family: Tahoma; font-size: small;\"><strong>T\u00eate de vis SW<\/strong><\/span><\/th>\n<\/tr>\n<tr class=\"unit\">\n<th><\/th>\n<th>millim\u00e8tre<\/th>\n<th>pouce<\/th>\n<th>millim\u00e8tre<\/th>\n<th>millim\u00e8tre<\/th>\n<th>nm<\/th>\n<th>pi\u00e8ces<\/th>\n<th><\/th>\n<\/tr>\n<tr>\n<td style=\"text-align: left;\"><\/td>\n<td style=\"text-align: left;\">8-12<\/td>\n<td style=\"text-align: left;\">5\/16\u2033-1\/2\u2033<\/td>\n<td style=\"text-align: left;\">8.5<\/td>\n<td style=\"text-align: left;\">0,60<\/td>\n<td style=\"text-align: left;\">5,5<\/td>\n<td style=\"text-align: left;\">1.000<\/td>\n<td style=\"text-align: left;\">SW7<\/td>\n<\/tr>\n<tr>\n<td><\/td>\n<td>10-16<\/td>\n<td>3\/8\u2033 - 5\/8\u2033<\/td>\n<td>8.5<\/td>\n<td>0,60<\/td>\n<td>5,5<\/td>\n<td>1.000<\/td>\n<td>SW7<\/td>\n<\/tr>\n<tr>\n<td><\/td>\n<td>12-20<\/td>\n<td>1\/2\u2033 - 3\/4\u2033<\/td>\n<td>8.5<\/td>\n<td>0,70<\/td>\n<td>6<\/td>\n<td>1.000<\/td>\n<td>SW7<\/td>\n<\/tr>\n<tr>\n<td><\/td>\n<td>13-19<\/td>\n<td>1\/2\u2033 - 3\/4\u2033<\/td>\n<td>8.5<\/td>\n<td>0,70<\/td>\n<td>6<\/td>\n<td>1.000<\/td>\n<td>SW7<\/td>\n<\/tr>\n<tr>\n<td><\/td>\n<td>16-25<\/td>\n<td>5\/8\u2033 - 1\u2033<\/td>\n<td>8.5<\/td>\n<td>0,70<\/td>\n<td>6<\/td>\n<td>1.000<\/td>\n<td>SW7<\/td>\n<\/tr>\n<tr>\n<td><\/td>\n<td><\/td>\n<td><\/td>\n<td><\/td>\n<td><\/td>\n<td><\/td>\n<td><\/td>\n<td><\/td>\n<\/tr>\n<tr>\n<td><\/td>\n<td><\/td>\n<td><\/td>\n<td><\/td>\n<td><\/td>\n<td><\/td>\n<td><\/td>\n<td><\/td>\n<\/tr>\n<tr>\n<td><\/td>\n<td><\/td>\n<td><\/td>\n<td><\/td>\n<td><\/td>\n<td><\/td>\n<td><\/td>\n<td><\/td>\n<\/tr>\n<\/tbody>\n<\/table>\n<p><img data-recalc-dims=\"1\" loading=\"lazy\" decoding=\"async\" class=\"alignnone size-full wp-image-10443\" src=\"https:\/\/i0.wp.com\/tuzlahortum.com.tr\/wp-content\/uploads\/2019\/02\/TORK-8.5-10.jpg?resize=599%2C285&#038;ssl=1\" alt=\"\" width=\"599\" height=\"285\" title=\"\"><\/p>\n<p>&nbsp;<\/p>\n<p><img data-recalc-dims=\"1\" loading=\"lazy\" decoding=\"async\" class=\"alignnone size-full wp-image-10445\" src=\"https:\/\/i0.wp.com\/tuzlahortum.com.tr\/wp-content\/uploads\/2019\/02\/TORK-8.5-10-3.jpg?resize=872%2C134&#038;ssl=1\" alt=\"\" width=\"872\" height=\"134\" title=\"\" srcset=\"https:\/\/i0.wp.com\/tuzlahortum.com.tr\/wp-content\/uploads\/2019\/02\/TORK-8.5-10-3.jpg?w=872&amp;ssl=1 872w, https:\/\/i0.wp.com\/tuzlahortum.com.tr\/wp-content\/uploads\/2019\/02\/TORK-8.5-10-3.jpg?resize=800%2C123&amp;ssl=1 800w, https:\/\/i0.wp.com\/tuzlahortum.com.tr\/wp-content\/uploads\/2019\/02\/TORK-8.5-10-3.jpg?resize=768%2C118&amp;ssl=1 768w, https:\/\/i0.wp.com\/tuzlahortum.com.tr\/wp-content\/uploads\/2019\/02\/TORK-8.5-10-3.jpg?resize=600%2C92&amp;ssl=1 600w\" sizes=\"auto, (max-width: 872px) 100vw, 872px\" \/><\/p>","protected":false},"excerpt":{"rendered":"<p>Galvaniz 8.5 mm Hortum Kelep\u00e7eleri Kelep\u00e7e band &amp; Kapak Norm Standart\u0131 \u2022\u00a0DIN 1623 P2 \u2013 So\u011fuk Haddelenmi\u015f \u00c7elik. \u2022\u00a0DIN EN 10130:1999 \u2013 \u00c7ekme i\u015flemine uygun so\u011fuk haddelenmi\u015f \u00e7elik. Kelep\u00e7e band tipleri \u2022\u00a0W1 (\u00e7inko kaplama) \u2013 delikli band \u2022\u00a0Band geni\u015fli\u011fi 8.5 mm \u2022\u00a0G\u00fcvenli d\u0131\u015f b\u00fckey band kenarlar\u0131yla s\u0131k\u0131lan hortumun zarar g\u00f6rmesi engellenmi\u015ftir. Vida Norm Standard \u2022\u00a0DIN [&#8230;]\n","protected":false},"featured_media":4103,"comment_status":"open","ping_status":"closed","template":"","meta":{"jetpack_post_was_ever_published":false},"product_brand":[],"product_cat":[113],"product_tag":[1223,456,2260,2261,290,852],"class_list":{"0":"post-942","1":"product","2":"type-product","3":"status-publish","4":"has-post-thumbnail","6":"product_cat-vida-surumlu-kelepceler","7":"product_tag-8-5mm","8":"product_tag-galvaniz","9":"product_tag-galvaniz-8-5-mm-hortum-kelepce","10":"product_tag-galvaniz-8-5-mm-kelepce","11":"product_tag-hortum","12":"product_tag-kelepce","14":"first","15":"instock","16":"taxable","17":"shipping-taxable","18":"product-type-variable"},"jetpack-related-posts":[],"jetpack_sharing_enabled":true,"jetpack_likes_enabled":true,"_links":{"self":[{"href":"https:\/\/tuzlahortum.com.tr\/fr\/wp-json\/wp\/v2\/product\/942","targetHints":{"allow":["GET"]}}],"collection":[{"href":"https:\/\/tuzlahortum.com.tr\/fr\/wp-json\/wp\/v2\/product"}],"about":[{"href":"https:\/\/tuzlahortum.com.tr\/fr\/wp-json\/wp\/v2\/types\/product"}],"replies":[{"embeddable":true,"href":"https:\/\/tuzlahortum.com.tr\/fr\/wp-json\/wp\/v2\/comments?post=942"}],"wp:featuredmedia":[{"embeddable":true,"href":"https:\/\/tuzlahortum.com.tr\/fr\/wp-json\/wp\/v2\/media\/4103"}],"wp:attachment":[{"href":"https:\/\/tuzlahortum.com.tr\/fr\/wp-json\/wp\/v2\/media?parent=942"}],"wp:term":[{"taxonomy":"product_brand","embeddable":true,"href":"https:\/\/tuzlahortum.com.tr\/fr\/wp-json\/wp\/v2\/product_brand?post=942"},{"taxonomy":"product_cat","embeddable":true,"href":"https:\/\/tuzlahortum.com.tr\/fr\/wp-json\/wp\/v2\/product_cat?post=942"},{"taxonomy":"product_tag","embeddable":true,"href":"https:\/\/tuzlahortum.com.tr\/fr\/wp-json\/wp\/v2\/product_tag?post=942"}],"curies":[{"name":"wp","href":"https:\/\/api.w.org\/{rel}","templated":true}]}}