{"id":938,"date":"2019-02-06T23:56:11","date_gmt":"2019-02-06T20:56:11","guid":{"rendered":"http:\/\/hortum.com.tr\/product\/import-placeholder-for-570\/"},"modified":"2024-03-21T17:40:26","modified_gmt":"2024-03-21T14:40:26","slug":"thermo-su-hortumlari-standart","status":"publish","type":"product","link":"https:\/\/tuzlahortum.com.tr\/fr\/produit\/thermo-su-hortumlari-standart\/","title":{"rendered":"Tuyaux d&#039;eau thermo (STANDARD)"},"content":{"rendered":"<h2>Tuyaux d&#039;eau thermo (STANDARD)<\/h2>\n<p>La couche inf\u00e9rieure est en PVC noir et en fil de polyester haute t\u00e9nacit\u00e9, la couche sup\u00e9rieure est r\u00e9sistante \u00e0 l&#039;usure<\/p>\n<p>Fabriqu\u00e9 avec un m\u00e9lange sp\u00e9cial de PVC. Il est r\u00e9sistant \u00e0 la pression.<br \/>\nTemp\u00e9rature de fonctionnement<\/p>\n<p>-10\u00b0C \u00e0 +50\u00b0C<\/p>\n<p>Zones d&#039;utilisation<\/p>\n<p>Il est utilis\u00e9 dans les travaux d&#039;irrigation et d&#039;\u00e9vacuation dans les secteurs de la maison, du jardin, des champs, de l&#039;industrie et de la construction.<\/p>\n<div class=\"video video-fit mb\" style=\"padding-top:56.25%;\"><p><iframe loading=\"lazy\" title=\"Confusion des mesures (pouces, doigts, brume, millim\u00e8tres)\" width=\"1020\" height=\"574\" src=\"https:\/\/www.youtube.com\/embed\/uKk6AG_AZls?feature=oembed\" frameborder=\"0\" allow=\"accelerometer; autoplay; clipboard-write; encrypted-media; gyroscope; picture-in-picture; web-share\" referrerpolicy=\"strict-origin-when-cross-origin\" allowfullscreen><\/iframe><\/p>\n<\/div>\n<div class=\"video video-fit mb\" style=\"padding-top:56.25%;\"><p>https:\/\/www.youtube.com\/watch?v=O8ZlzKEjfEQ%20<\/p>\n<\/div>\n<p><img data-recalc-dims=\"1\" loading=\"lazy\" decoding=\"async\" class=\"alignnone size-full wp-image-1983\" src=\"https:\/\/i0.wp.com\/hortum.com.tr\/wp-content\/uploads\/urunler\/plastik\/Thermo-Su-Hortumlar%C4%B1-STANDART.jpg?resize=393%2C127\" alt=\"\" width=\"393\" height=\"127\" title=\"\"><\/p>","protected":false},"excerpt":{"rendered":"<p>Thermo Su Hortumlar\u0131 (STANDART) Alt kat siyah\u00a0PVC ve\u00a0y\u00fcksek mukavemetli polyester iplik, \u00fcst katta a\u015f\u0131nmaya \u00a0dayan\u0131kl\u0131 \u00f6zel kar\u0131\u015f\u0131m PVC ile \u00fcretilmi\u015ftir. Bas\u0131nca dayan\u0131kl\u0131d\u0131r. \u00c7al\u0131\u015fma S\u0131cakl\u0131\u011f\u0131 -10\u00b0C ile +50\u00b0C aras\u0131 Kullan\u0131m Alanlar\u0131 Ev, bah\u00e7e, tarla, sanayi ve in\u015faat sekt\u00f6r\u00fcnde sulama ve tahliye i\u015flerinde kullan\u0131l\u0131r.<\/p>","protected":false},"featured_media":1988,"comment_status":"open","ping_status":"closed","template":"","meta":{"jetpack_post_was_ever_published":false},"product_brand":[],"product_cat":[173],"product_tag":[1211,555,1209,1218],"class_list":{"0":"post-938","1":"product","2":"type-product","3":"status-publish","4":"has-post-thumbnail","6":"product_cat-thermo-hortumlar","7":"product_tag-hortumlari","8":"product_tag-su","9":"product_tag-thermo","10":"product_tag-thermo-su-hortumlari","12":"first","13":"instock","14":"taxable","15":"shipping-taxable","16":"product-type-variable"},"jetpack-related-posts":[],"jetpack_sharing_enabled":true,"jetpack_likes_enabled":true,"_links":{"self":[{"href":"https:\/\/tuzlahortum.com.tr\/fr\/wp-json\/wp\/v2\/product\/938","targetHints":{"allow":["GET"]}}],"collection":[{"href":"https:\/\/tuzlahortum.com.tr\/fr\/wp-json\/wp\/v2\/product"}],"about":[{"href":"https:\/\/tuzlahortum.com.tr\/fr\/wp-json\/wp\/v2\/types\/product"}],"replies":[{"embeddable":true,"href":"https:\/\/tuzlahortum.com.tr\/fr\/wp-json\/wp\/v2\/comments?post=938"}],"wp:featuredmedia":[{"embeddable":true,"href":"https:\/\/tuzlahortum.com.tr\/fr\/wp-json\/wp\/v2\/media\/1988"}],"wp:attachment":[{"href":"https:\/\/tuzlahortum.com.tr\/fr\/wp-json\/wp\/v2\/media?parent=938"}],"wp:term":[{"taxonomy":"product_brand","embeddable":true,"href":"https:\/\/tuzlahortum.com.tr\/fr\/wp-json\/wp\/v2\/product_brand?post=938"},{"taxonomy":"product_cat","embeddable":true,"href":"https:\/\/tuzlahortum.com.tr\/fr\/wp-json\/wp\/v2\/product_cat?post=938"},{"taxonomy":"product_tag","embeddable":true,"href":"https:\/\/tuzlahortum.com.tr\/fr\/wp-json\/wp\/v2\/product_tag?post=938"}],"curies":[{"name":"wp","href":"https:\/\/api.w.org\/{rel}","templated":true}]}}