{"id":937,"date":"2019-02-06T23:55:53","date_gmt":"2019-02-06T20:55:53","guid":{"rendered":"http:\/\/hortum.com.tr\/product\/import-placeholder-for-612\/"},"modified":"2024-03-21T17:40:27","modified_gmt":"2024-03-21T14:40:27","slug":"thermo-kompresor-hortumu-10-bar","status":"publish","type":"product","link":"https:\/\/tuzlahortum.com.tr\/fr\/produit\/thermo-kompresor-hortumu-10-bar\/","title":{"rendered":"Flexible de thermocompresseur (10 bars)"},"content":{"rendered":"<h2>Flexible de thermocompresseur (10 bars)<\/h2>\n<p><span class=\"footer_baslik\">Traits :<\/span><br \/>\n<span class=\"haberlink\">\u2022 PVC synth\u00e9tique sp\u00e9cial, haute r\u00e9sistance<br \/>\nrenforc\u00e9 de polyester.<br \/>\n\u2022 R\u00e9sistant aux huiles de compresseur et \u00e0 toutes les conditions climatiques. \u2022 R\u00e9siste \u00e0 des temp\u00e9ratures comprises entre -20\u00b0C et +60\u00b0C.<\/span><span class=\"footer_baslik\"><br \/>\nDomaines d&#039;utilisation :<\/span><br \/>\n<span class=\"haberlink\">\u2022 Tous les types de refoulement d&#039;air comprim\u00e9 et pneumatique<br \/>\nutilis\u00e9 dans les outils.<\/span><\/p>\n<div class=\"video video-fit mb\" style=\"padding-top:56.25%;\"><p><iframe loading=\"lazy\" title=\"Confusion des mesures (pouces, doigts, brume, millim\u00e8tres)\" width=\"1020\" height=\"574\" src=\"https:\/\/www.youtube.com\/embed\/uKk6AG_AZls?feature=oembed\" frameborder=\"0\" allow=\"accelerometer; autoplay; clipboard-write; encrypted-media; gyroscope; picture-in-picture; web-share\" referrerpolicy=\"strict-origin-when-cross-origin\" allowfullscreen><\/iframe><\/p>\n<\/div>\n<div class=\"video video-fit mb\" style=\"padding-top:56.25%;\"><p>https:\/\/www.youtube.com\/watch?v=O8ZlzKEjfEQ%20<\/p>\n<\/div>\n<p><img data-recalc-dims=\"1\" loading=\"lazy\" decoding=\"async\" class=\"alignnone size-full wp-image-1985\" src=\"https:\/\/i0.wp.com\/hortum.com.tr\/wp-content\/uploads\/urunler\/plastik\/Thermo-Kompreso%CC%88r-Hortumu-10-Bar-1.jpg?resize=696%2C217\" alt=\"\" width=\"696\" height=\"217\" title=\"\" srcset=\"https:\/\/i0.wp.com\/tuzlahortum.com.tr\/wp-content\/uploads\/urunler\/plastik\/Thermo-Kompreso%CC%88r-Hortumu-10-Bar-1.jpg?w=696&amp;ssl=1 696w, https:\/\/i0.wp.com\/tuzlahortum.com.tr\/wp-content\/uploads\/urunler\/plastik\/Thermo-Kompreso%CC%88r-Hortumu-10-Bar-1.jpg?resize=600%2C187&amp;ssl=1 600w\" sizes=\"auto, (max-width: 696px) 100vw, 696px\" \/><\/p>","protected":false},"excerpt":{"rendered":"<p>Thermo Kompres\u00f6r Hortumu (10 Bar) \u00d6zellikler : \u2022 \u00d6zel Sentetik PVC, y\u00fcksek mukavemetli polyester ile takviye edilmi\u015ftir. \u2022 Kompres\u00f6r ya\u011flar\u0131na ve hert\u00fcrl\u00fc hava \u015fartlar\u0131na kar\u015f\u0131 dayan\u0131kl\u0131d\u0131r. \u2022 -20\u00b0C ile +60\u00b0C aras\u0131nda s\u0131cakl\u0131\u011fa dayan\u0131kl\u0131d\u0131r. Kullan\u0131m Alanlar\u0131 : \u2022 Hert\u00fcrl\u00fc bas\u0131n\u00e7l\u0131 hava tahliyesine ve hava ile \u00e7al\u0131\u015fan aletlerde kullan\u0131l\u0131r.<\/p>","protected":false},"featured_media":1984,"comment_status":"open","ping_status":"closed","template":"","meta":{"jetpack_post_was_ever_published":false},"product_brand":[],"product_cat":[173],"product_tag":[1211,1216,1209,1217],"class_list":{"0":"post-937","1":"product","2":"type-product","3":"status-publish","4":"has-post-thumbnail","6":"product_cat-thermo-hortumlar","7":"product_tag-hortumlari","8":"product_tag-kompresor","9":"product_tag-thermo","10":"product_tag-thermo-kompresor-hortumlari","12":"first","13":"instock","14":"taxable","15":"shipping-taxable","16":"product-type-variable"},"jetpack-related-posts":[{"id":652,"url":"https:\/\/tuzlahortum.com.tr\/fr\/produit\/duz-kompresor-hortumu\/","url_meta":{"origin":937,"position":0},"title":"Tuyau de compresseur droit","author":"admin","date":"6 f\u00e9vrier 2019","format":false,"excerpt":"D\u00fcz Kompres\u00f6r HortumuHava ile \u00e7al\u0131\u015fan aletlerde ve bas\u0131n\u00e7l\u0131 hava tahliyesinde Kompres\u00f6r ya\u011flar\u0131na dayan\u0131kl\u0131 tabii ve sentetik kau\u00e7uk Y\u00fcksek mukavemetli sentetik tekstil A\u015f\u0131nmaya,ozona ve her t\u00fcrl\u00fc hava \u015fartlar\u0131na dayan\u0131kl\u0131 d\u00fcz sentetik kau\u00e7uk \u00a0","rel":"","context":"Article similaire","block_context":{"text":"Article similaire","link":""},"img":{"alt_text":"","src":"https:\/\/i0.wp.com\/tuzlahortum.com.tr\/wp-content\/uploads\/urunler\/kaucuk\/Du%CC%88z-Kompreso%CC%88r-Hortumu.jpg?fit=300%2C300&ssl=1&resize=350%2C200","width":350,"height":200},"classes":[]},{"id":935,"url":"https:\/\/tuzlahortum.com.tr\/fr\/produit\/thermo-hava-hortumlarioksijen\/","url_meta":{"origin":937,"position":1},"title":"Tuyaux Thermo Air (Oxyg\u00e8ne)","author":"admin","date":"6 f\u00e9vrier 2019","format":false,"excerpt":"Thermo Hava Hortumlar\u0131(Oksijen)Alt kat \u00f6zel PVC kar\u0131\u015f\u0131m ve\u00a0y\u00fcksek mukavemetli polyester iplik, \u00fcst katta a\u015f\u0131nmaya \u00a0dayan\u0131kl\u0131 PVC kar\u0131\u015f\u0131mdan \u00a0\u00fcretilmi\u015ftir. \u00c7al\u0131\u015fma S\u0131cakl\u0131\u011f\u0131 -10\u00b0C ile +50\u00b0C aras\u0131 Kullan\u0131m Alanlar\u0131 Kaynak i\u015fleri ve hava hatlar\u0131nda kullan\u0131lmaktad\u0131r. \u00c7ap (inch) \u00c7ap (mm) \u00c7al\u0131\u015fma Bas\u0131nc\u0131 (bar) Uzunluk (mt) 5\/16\" 8 \u00a0 \u00a0 \u00a0 \u00a0 \u00a0 \u00a020 100\u2026","rel":"","context":"Article similaire","block_context":{"text":"Article similaire","link":""},"img":{"alt_text":"","src":"https:\/\/i0.wp.com\/tuzlahortum.com.tr\/wp-content\/uploads\/urunler\/plastik\/THERMO-HAVA-HORTUMLARI.jpg?fit=640%2C480&ssl=1&resize=350%2C200","width":350,"height":200,"srcset":"https:\/\/i0.wp.com\/tuzlahortum.com.tr\/wp-content\/uploads\/urunler\/plastik\/THERMO-HAVA-HORTUMLARI.jpg?fit=640%2C480&ssl=1&resize=350%2C200 1x, https:\/\/i0.wp.com\/tuzlahortum.com.tr\/wp-content\/uploads\/urunler\/plastik\/THERMO-HAVA-HORTUMLARI.jpg?fit=640%2C480&ssl=1&resize=525%2C300 1.5x"},"classes":[]},{"id":934,"url":"https:\/\/tuzlahortum.com.tr\/fr\/produit\/thermo-kalorifer-hortumu\/","url_meta":{"origin":937,"position":2},"title":"Tuyau de chauffage thermique","author":"admin","date":"6 f\u00e9vrier 2019","format":false,"excerpt":"Thermo Kalorifer Hortumu\u00d6zellikler : \u2022 Is\u0131 yal\u0131t\u0131m\u0131 sa\u011flayan \u00f6zel \u00fcst kat. \u2022 Ya\u011f ge\u00e7irmez, elektrik iletmez, U.V. ve Ozon\u2019 a dayan\u0131kl\u0131d\u0131r. \u2022 -20\u00b0C ile +65\u00b0C aras\u0131nda s\u0131cakl\u0131\u011fa dayan\u0131kl\u0131d\u0131r. Kullan\u0131m Alanlar\u0131 : \u2022 S\u0131cak su aktar\u0131m\u0131nda ve devirdaim i\u015flerinde kullan\u0131l\u0131r.","rel":"","context":"Article similaire","block_context":{"text":"Article similaire","link":""},"img":{"alt_text":"","src":"https:\/\/i0.wp.com\/hortum.com.tr\/wp-content\/uploads\/urunler\/plastik\/Thermo-Kalorifer-Hortumu-2.jpg?resize=350%2C200","width":350,"height":200,"srcset":"https:\/\/i0.wp.com\/hortum.com.tr\/wp-content\/uploads\/urunler\/plastik\/Thermo-Kalorifer-Hortumu-2.jpg?resize=350%2C200 1x, https:\/\/i0.wp.com\/hortum.com.tr\/wp-content\/uploads\/urunler\/plastik\/Thermo-Kalorifer-Hortumu-2.jpg?resize=525%2C300 1.5x"},"classes":[]},{"id":712,"url":"https:\/\/tuzlahortum.com.tr\/fr\/produit\/kompresor-hortumlari-hafif-tip\/","url_meta":{"origin":937,"position":3},"title":"Flexibles de compresseur (type l\u00e9ger)","author":"admin","date":"6 f\u00e9vrier 2019","format":false,"excerpt":"Kompres\u00f6r Hortumlar\u0131 (Hafif Tip)KULLANIM ALANLARI : \u00c7al\u0131\u015fma bas\u0131n\u00e7lar\u0131na g\u00f6re maden ocaklar\u0131nda, end\u00fcstri ve in\u015faat i\u00e7in kullan\u0131\u015fl\u0131, sa\u011flam ve k\u0131r\u0131lmaya dayan\u0131kl\u0131 hava hortumlar\u0131. SERT\u0130F\u0130KALAR : Hortumlar TSE markal\u0131d\u0131r. TS745 EN ISO2398 KONTR\u00dcKS\u0130YON Alt : SBR\/NBR, siyah, su ve ya\u011f buhar\u0131 ihtiva eden bas\u0131n\u00e7l\u0131 havaya dayan\u0131kl\u0131 Takviye : Y\u00fcksek mukavemetli kord bezi\u2026","rel":"","context":"Article similaire","block_context":{"text":"Article similaire","link":""},"img":{"alt_text":"","src":"https:\/\/i0.wp.com\/tuzlahortum.com.tr\/wp-content\/uploads\/urunler\/kaucuk\/superlas-tip1-kompresor-hortumu.jpg?fit=360%2C270&ssl=1&resize=350%2C200","width":350,"height":200},"classes":[]},{"id":938,"url":"https:\/\/tuzlahortum.com.tr\/fr\/produit\/thermo-su-hortumlari-standart\/","url_meta":{"origin":937,"position":4},"title":"Tuyaux d&#039;eau thermo (STANDARD)","author":"admin","date":"6 f\u00e9vrier 2019","format":false,"excerpt":"Thermo Su Hortumlar\u0131 (STANDART)Alt kat siyah\u00a0PVC ve\u00a0y\u00fcksek mukavemetli polyester iplik, \u00fcst katta a\u015f\u0131nmaya \u00a0dayan\u0131kl\u0131 \u00f6zel kar\u0131\u015f\u0131m PVC ile \u00fcretilmi\u015ftir. Bas\u0131nca dayan\u0131kl\u0131d\u0131r. \u00c7al\u0131\u015fma S\u0131cakl\u0131\u011f\u0131 -10\u00b0C ile +50\u00b0C aras\u0131 Kullan\u0131m Alanlar\u0131 Ev, bah\u00e7e, tarla, sanayi ve in\u015faat sekt\u00f6r\u00fcnde sulama ve tahliye i\u015flerinde kullan\u0131l\u0131r.","rel":"","context":"Article similaire","block_context":{"text":"Article similaire","link":""},"img":{"alt_text":"","src":"https:\/\/i0.wp.com\/tuzlahortum.com.tr\/wp-content\/uploads\/urunler\/plastik\/THERMO-SU-HORTUMLAR.jpg?fit=640%2C480&ssl=1&resize=350%2C200","width":350,"height":200,"srcset":"https:\/\/i0.wp.com\/tuzlahortum.com.tr\/wp-content\/uploads\/urunler\/plastik\/THERMO-SU-HORTUMLAR.jpg?fit=640%2C480&ssl=1&resize=350%2C200 1x, https:\/\/i0.wp.com\/tuzlahortum.com.tr\/wp-content\/uploads\/urunler\/plastik\/THERMO-SU-HORTUMLAR.jpg?fit=640%2C480&ssl=1&resize=525%2C300 1.5x"},"classes":[]},{"id":939,"url":"https:\/\/tuzlahortum.com.tr\/fr\/produit\/thermo-su-hortumlari-super\/","url_meta":{"origin":937,"position":5},"title":"Tuyaux d&#039;eau thermo (SUPER)","author":"admin","date":"6 f\u00e9vrier 2019","format":false,"excerpt":"Thermo Su Hortumlar\u0131 (S\u00dcPER)Alt kat siyah\u00a0PVC ve\u00a0y\u00fcksek mukavemetli polyester iplik, \u00fcst katta a\u015f\u0131nmaya \u00a0dayan\u0131kl\u0131 \u00f6zel kar\u0131\u015f\u0131m PVC ile \u00fcretilmi\u015ftir. Bas\u0131nca dayan\u0131kl\u0131d\u0131r. \u00c7al\u0131\u015fma S\u0131cakl\u0131\u011f\u0131 -10\u00b0C ile +50\u00b0C aras\u0131 Kullan\u0131m Alanlar\u0131 Ev, bah\u00e7e, tarla, sanayi ve in\u015faat sekt\u00f6r\u00fcnde sulama ve tahliye i\u015flerinde kullan\u0131l\u0131r.","rel":"","context":"Article similaire","block_context":{"text":"Article similaire","link":""},"img":{"alt_text":"","src":"https:\/\/i0.wp.com\/tuzlahortum.com.tr\/wp-content\/uploads\/urunler\/plastik\/THERMO-SU-HORTUMLAR.jpg?fit=640%2C480&ssl=1&resize=350%2C200","width":350,"height":200,"srcset":"https:\/\/i0.wp.com\/tuzlahortum.com.tr\/wp-content\/uploads\/urunler\/plastik\/THERMO-SU-HORTUMLAR.jpg?fit=640%2C480&ssl=1&resize=350%2C200 1x, https:\/\/i0.wp.com\/tuzlahortum.com.tr\/wp-content\/uploads\/urunler\/plastik\/THERMO-SU-HORTUMLAR.jpg?fit=640%2C480&ssl=1&resize=525%2C300 1.5x"},"classes":[]}],"jetpack_sharing_enabled":true,"jetpack_likes_enabled":true,"_links":{"self":[{"href":"https:\/\/tuzlahortum.com.tr\/fr\/wp-json\/wp\/v2\/product\/937","targetHints":{"allow":["GET"]}}],"collection":[{"href":"https:\/\/tuzlahortum.com.tr\/fr\/wp-json\/wp\/v2\/product"}],"about":[{"href":"https:\/\/tuzlahortum.com.tr\/fr\/wp-json\/wp\/v2\/types\/product"}],"replies":[{"embeddable":true,"href":"https:\/\/tuzlahortum.com.tr\/fr\/wp-json\/wp\/v2\/comments?post=937"}],"wp:featuredmedia":[{"embeddable":true,"href":"https:\/\/tuzlahortum.com.tr\/fr\/wp-json\/wp\/v2\/media\/1984"}],"wp:attachment":[{"href":"https:\/\/tuzlahortum.com.tr\/fr\/wp-json\/wp\/v2\/media?parent=937"}],"wp:term":[{"taxonomy":"product_brand","embeddable":true,"href":"https:\/\/tuzlahortum.com.tr\/fr\/wp-json\/wp\/v2\/product_brand?post=937"},{"taxonomy":"product_cat","embeddable":true,"href":"https:\/\/tuzlahortum.com.tr\/fr\/wp-json\/wp\/v2\/product_cat?post=937"},{"taxonomy":"product_tag","embeddable":true,"href":"https:\/\/tuzlahortum.com.tr\/fr\/wp-json\/wp\/v2\/product_tag?post=937"}],"curies":[{"name":"wp","href":"https:\/\/api.w.org\/{rel}","templated":true}]}}