{"id":936,"date":"2019-02-06T23:55:53","date_gmt":"2019-02-06T20:55:53","guid":{"rendered":"http:\/\/hortum.com.tr\/product\/import-placeholder-for-622\/"},"modified":"2024-03-21T17:40:27","modified_gmt":"2024-03-21T14:40:27","slug":"thermo-ciftli-oksijen-hortumu","status":"publish","type":"product","link":"https:\/\/tuzlahortum.com.tr\/fr\/produit\/thermo-ciftli-oksijen-hortumu\/","title":{"rendered":"Tuyau Thermo Double Oxyg\u00e8ne"},"content":{"rendered":"<h2>Tuyau Thermo Double Oxyg\u00e8ne<\/h2>\n<table border=\"0\" width=\"570\">\n<tbody>\n<tr>\n<td width=\"410\">SOURCE D&#039;OXYG\u00c8NE ET D&#039;AC\u00c9TYL\u00c8NE<\/td>\n<td width=\"150\">\n<div align=\"right\"><\/div>\n<\/td>\n<\/tr>\n<\/tbody>\n<\/table>\n<table border=\"0\" width=\"570\">\n<tbody>\n<tr>\n<td colspan=\"2\" valign=\"top\">\n<table border=\"0\" width=\"100%\">\n<tbody>\n<tr valign=\"top\">\n<td width=\"60\">En bas<\/td>\n<td width=\"15\">:<\/td>\n<td width=\"370\">CAOUTCHOUC SYNTH\u00c9TIQUE PLAT SP\u00c9CIAL, NOIR, R\u00c9SISTANT \u00c0 L&#039;OXYG\u00c8NE ET \u00c0 L&#039;AC\u00c9THYL\u00c8NE.<\/td>\n<\/tr>\n<tr valign=\"top\">\n<td width=\"60\">Renforcement<\/td>\n<td width=\"15\">:<\/td>\n<td width=\"370\">TEXTILE SYNTH\u00c9TIQUE \u00c0 HAUTE R\u00c9SISTANCE.<\/td>\n<\/tr>\n<tr valign=\"top\">\n<td width=\"60\">En haut<\/td>\n<td width=\"15\">:<\/td>\n<td width=\"370\">CAOUTCHOUC SYNTH\u00c9TIQUE SP\u00c9CIAL R\u00c9SISTANT AUX FLAVE, \u00e0 l&#039;abrasion et \u00e0 toutes les conditions m\u00e9t\u00e9orologiques. BLEU POUR OXYG\u00c8NE, ROUGE POUR AC\u00c9THYL\u00c8NE.<\/td>\n<\/tr>\n<tr valign=\"top\">\n<td width=\"60\">Lieu d&#039;utilisation<\/td>\n<td width=\"15\">:<\/td>\n<td width=\"370\">DANS LES TRAVAUX DE SOUDAGE INDUSTRIEL \u00c0 L&#039;OXYG\u00c8NE ET \u00c0 L&#039;AC\u00c9THYL\u00c8NE.<\/td>\n<\/tr>\n<\/tbody>\n<\/table>\n<\/td>\n<td width=\"71\">\n<div align=\"center\"><\/div>\n<\/td>\n<\/tr>\n<\/tbody>\n<\/table>\n<table border=\"0\" width=\"570\">\n<tbody>\n<tr>\n<td>\n<table border=\"0\" width=\"570\">\n<tbody>\n<tr>\n<td width=\"150\">temp\u00e9ratures<\/td>\n<td>\n<div>-25\u00b0C\/+110\u00b0C<\/div>\n<div>-13\u00b0F\/+230\u00b0F<\/div>\n<div><\/div>\n<\/td>\n<td><\/td>\n<\/tr>\n<\/tbody>\n<\/table>\n<\/td>\n<\/tr>\n<tr>\n<td>\n<table border=\"0\" width=\"570\">\n<tbody>\n<tr>\n<td width=\"69\" height=\"25\"><strong>Normes:<\/strong><\/td>\n<td width=\"217\">UNI EN 559 \/ ISO 3821 \/ DIN 8541- TS 2411- EN 559 \/ NFT 47-220- ISO 1307<\/td>\n<td colspan=\"2\" rowspan=\"2\" width=\"270\">\n<table border=\"0\" width=\"270\">\n<tbody>\n<tr>\n<td width=\"58\"><strong>Couleurs:<\/strong><\/td>\n<td width=\"202\">\u00a0Rouge Bleu<\/td>\n<\/tr>\n<\/tbody>\n<\/table>\n<\/td>\n<\/tr>\n<\/tbody>\n<\/table>\n<\/td>\n<\/tr>\n<\/tbody>\n<\/table>\n<div class=\"video video-fit mb\" style=\"padding-top:56.25%;\"><p><iframe loading=\"lazy\" title=\"Confusion des mesures (pouces, doigts, brume, millim\u00e8tres)\" width=\"1020\" height=\"574\" src=\"https:\/\/www.youtube.com\/embed\/uKk6AG_AZls?feature=oembed\" frameborder=\"0\" allow=\"accelerometer; autoplay; clipboard-write; encrypted-media; gyroscope; picture-in-picture\" allowfullscreen><\/iframe><\/p>\n<\/div>\n<div class=\"video video-fit mb\" style=\"padding-top:56.25%;\"><p>https:\/\/youtu.be\/YFDzAoEaZfM%20<\/p>\n<\/div>","protected":false},"excerpt":{"rendered":"<p>Thermo \u00c7iftli Oksijen Hortumu OKS\u0130JEN VE ASET\u0130LEN KAYNAK Alt Kat : OKS\u0130JEN VE ASET\u0130LENE DAYANIKLI \u00d6ZEL, S\u0130YAH D\u00dcZ SENTET\u0130K KAU\u00c7UK. Takviye : Y\u00dcKSEK MUKAVEMETL\u0130 SENTET\u0130K TEKST\u0130L. \u00dcst Kat : ALEVE, A\u015eINMAYA VE HER T\u00dcRL\u00dc HAVA \u015eARTLARINA SAYANIKLI \u00d6ZEL SENTET\u0130K KAU\u00c7UK. OKS\u0130JEN \u0130\u00c7\u0130N MAV\u0130, ASET\u0130LEN \u0130\u00c7\u0130N KIRMIZI RENKLERDE. Kullan\u0131m Yeri : END\u00dcSTR\u0130YEL OKS\u0130JEN VE ASET\u0130LEN KAYNA\u011eI [&#8230;]\n","protected":false},"featured_media":1997,"comment_status":"open","ping_status":"closed","template":"","meta":{"jetpack_post_was_ever_published":false},"product_brand":[],"product_cat":[173],"product_tag":[1215,424,1211,517,1209,1214],"class_list":{"0":"post-936","1":"product","2":"type-product","3":"status-publish","4":"has-post-thumbnail","6":"product_cat-thermo-hortumlar","7":"product_tag-ciftli","8":"product_tag-hava","9":"product_tag-hortumlari","10":"product_tag-oksijen","11":"product_tag-thermo","12":"product_tag-thermo-ciftli-oksijen-hortumu","14":"first","15":"instock","16":"taxable","17":"shipping-taxable","18":"product-type-variable"},"jetpack-related-posts":[{"id":715,"url":"https:\/\/tuzlahortum.com.tr\/fr\/produit\/oksijen-ve-asetilen-hortumlari\/","url_meta":{"origin":936,"position":0},"title":"Tuyaux d&#039;oxyg\u00e8ne et d&#039;ac\u00e9tyl\u00e8ne","author":"admin","date":"6 f\u00e9vrier 2019","format":false,"excerpt":"Oksijen ve Asetilen Hortumlar\u0131KULLANIM ALANLARI : End\u00fcstri, tersane, in\u015faat alanlar\u0131 gibi oksijen ve asetilen kayna\u011f\u0131 kullan\u0131lan tum uygulamalarda SERT\u0130F\u0130KALAR : Hortumlar TSE markal\u0131d\u0131r. TS 2411 EN 559 KONTR\u00dcKS\u0130YON Alt : Sentetik alstomer kar\u0131\u015f\u0131m\u0131, siyah, p\u00fcr\u00fczs\u00fcz Takviye : Katlar aras\u0131nda tekstil \u00f6rg\u00fc \u00dcst S\u00fcrt\u00fcnmeye ve iklim \u015fartlar\u0131na dayan\u0131kl\u0131 elastomer kar\u0131\u015f\u0131m\u0131 oksjen\u2026","rel":"","context":"Article similaire","block_context":{"text":"Article similaire","link":""},"img":{"alt_text":"","src":"https:\/\/i0.wp.com\/tuzlahortum.com.tr\/wp-content\/uploads\/urunler\/kaucuk\/superlas-oksijen-asetilen-hortumu.jpg?fit=360%2C270&ssl=1&resize=350%2C200","width":350,"height":200},"classes":[]},{"id":21326,"url":"https:\/\/tuzlahortum.com.tr\/fr\/produit\/jupiter-en-559\/","url_meta":{"origin":936,"position":1},"title":"JUPITER-FR 559","author":"admin","date":"11 ao\u00fbt 2025","format":false,"excerpt":"\u00a0 \u00dcr\u00fcn Ad\u0131: JUPITER-EN 559 \u00dcr\u00fcn Kodu: WH210 Kaynak (Oksijen - Asetilen) Kullanim Alan\u0131 : Oksijen veya asetilen ile end\u00fcstriyel kaynak i\u00e7in. Alt Katman : Oksijen ve Asetilene Dayan\u0131kl\u0131 Siyah D\u00fcz Sentetik Kau\u00e7uk. Takviye Katman\u0131 : Y\u00fcksek Mukavemetli Sentetik Tekstil. \u00dcst Katman : A\u015f\u0131nmaya, Hava ve Alev Ko\u015fullar\u0131na Dayan\u0131kl\u0131 \u00d6zel\u2026","rel":"","context":"Article similaire","block_context":{"text":"Article similaire","link":""},"img":{"alt_text":"","src":"https:\/\/i0.wp.com\/tuzlahortum.com.tr\/wp-content\/uploads\/2026\/04\/jupiter559_generated-e1775540920314.jpg?fit=512%2C512&ssl=1&resize=350%2C200","width":350,"height":200},"classes":[]},{"id":21329,"url":"https:\/\/tuzlahortum.com.tr\/fr\/produit\/jupiter-twin-en-559\/","url_meta":{"origin":936,"position":2},"title":"JUPITER TWIN-EN 559","author":"admin","date":"11 ao\u00fbt 2025","format":false,"excerpt":"\u00a0 \u00dcr\u00fcn Ad\u0131: JUPITER TWIN-EN 559 \u00dcr\u00fcn Kodu: TWH210 Kaynak (Oksijen - Asetilen) Kullanim Alan\u0131 : Oksijen veya asetilen ile end\u00fcstriyel kaynak i\u00e7in. Alt Katman : Oksijen ve asetilene dayan\u0131kl\u0131 siyah p\u00fcr\u00fczs\u00fcz sentetik kau\u00e7uk. Takviye Katman\u0131 : Y\u00fcksek Mukavemetli Sentetik Tekstil. \u00dcst Katman : A\u015f\u0131nmaya, Hava ve Alev Ko\u015fullar\u0131na Dayan\u0131kl\u0131\u2026","rel":"","context":"Article similaire","block_context":{"text":"Article similaire","link":""},"img":{"alt_text":"","src":"https:\/\/i0.wp.com\/tuzlahortum.com.tr\/wp-content\/uploads\/2026\/04\/jupiter559twin_generated-e1775550445939.png?fit=512%2C512&ssl=1&resize=350%2C200","width":350,"height":200},"classes":[]},{"id":21332,"url":"https:\/\/tuzlahortum.com.tr\/fr\/produit\/jupiter-astm-c-542\/","url_meta":{"origin":936,"position":3},"title":"JUPITER-ASTM C 542","author":"admin","date":"11 ao\u00fbt 2025","format":false,"excerpt":"\u00a0 \u00dcr\u00fcn Ad\u0131: JUPITER-ASTM C 542 \u00dcr\u00fcn Kodu: WHB211 Kaynak (Oksijen - Asetilen) Kullanim Alan\u0131 : Oksijen veya asetilen ile end\u00fcstriyel kaynak i\u00e7in. Alt Katman : Oksijen ve Asetilene Dayan\u0131kl\u0131 Siyah D\u00fcz Sentetik Kau\u00e7uk. Takviye Katman\u0131 : Y\u00fcksek Mukavemetli Sentetik Tekstil. \u00dcst Katman : A\u015f\u0131nmaya, Hava ve Alev Ko\u015fullar\u0131na Dayan\u0131kl\u0131\u2026","rel":"","context":"Article similaire","block_context":{"text":"Article similaire","link":""},"img":{"alt_text":"","src":"https:\/\/i0.wp.com\/tuzlahortum.com.tr\/wp-content\/uploads\/2025\/08\/jupiterastmc542-p.png?fit=519%2C519&ssl=1&resize=350%2C200","width":350,"height":200},"classes":[]},{"id":22034,"url":"https:\/\/tuzlahortum.com.tr\/fr\/produit\/java-twin\/","url_meta":{"origin":936,"position":4},"title":"JAVA TWIN","author":"admin","date":"11 ao\u00fbt 2025","format":false,"excerpt":"\u00a0 \u00dcr\u00fcn Ad\u0131: JAVA TWIN \u00dcr\u00fcn Kodu: TBK62 \u0130kiz Kaynak Hortumu (Oksijen veya Asetilen) Kullanim Alan\u0131 : Oksijen veya Asetilen ile End\u00fcstriyel Kaynak \u0130\u00e7in Alt Katman : Oksijen ve Asetilen Gazlar\u0131na Dayan\u0131kl\u0131 Siyah D\u00fcz \u00d6zel Termorub Bile\u015fi\u011fi. Takviye Katman\u0131 : Y\u00fcksek Mukavemetli Sentetik Tekstil. \u00dcst Katman : A\u015f\u0131nmaya, Hava Ko\u015fullar\u0131na\u2026","rel":"","context":"Article similaire","block_context":{"text":"Article similaire","link":""},"img":{"alt_text":"","src":"https:\/\/i0.wp.com\/tuzlahortum.com.tr\/wp-content\/uploads\/2025\/08\/PVC_104.png?fit=442%2C442&ssl=1&resize=350%2C200","width":350,"height":200},"classes":[]},{"id":22031,"url":"https:\/\/tuzlahortum.com.tr\/fr\/produit\/java\/","url_meta":{"origin":936,"position":5},"title":"JAVA","author":"admin","date":"11 ao\u00fbt 2025","format":false,"excerpt":"\u00a0 \u00dcr\u00fcn Ad\u0131: JAVA \u00dcr\u00fcn Kodu: TBK61 Kaynak (Oksijen - Asetilen) Kullanim Alan\u0131 : Oksijen veya asetilen ile end\u00fcstriyel kaynak i\u00e7in. Alt Katman : Oksijen ve Asetilen Gazlar\u0131na Dayan\u0131kl\u0131 Siyah D\u00fcz \u00d6zel Termorub Bile\u015fi\u011fi. Takviye Katman\u0131 : Y\u00fcksek Mukavemetli Sentetik Tekstil. \u00dcst Katman : A\u015f\u0131nmaya, Hava Ko\u015fullar\u0131na ve Aleve Dayan\u0131kl\u0131,\u2026","rel":"","context":"Article similaire","block_context":{"text":"Article similaire","link":""},"img":{"alt_text":"","src":"https:\/\/i0.wp.com\/tuzlahortum.com.tr\/wp-content\/uploads\/2025\/08\/PVC_103.png?fit=445%2C445&ssl=1&resize=350%2C200","width":350,"height":200},"classes":[]}],"jetpack_sharing_enabled":true,"jetpack_likes_enabled":true,"_links":{"self":[{"href":"https:\/\/tuzlahortum.com.tr\/fr\/wp-json\/wp\/v2\/product\/936","targetHints":{"allow":["GET"]}}],"collection":[{"href":"https:\/\/tuzlahortum.com.tr\/fr\/wp-json\/wp\/v2\/product"}],"about":[{"href":"https:\/\/tuzlahortum.com.tr\/fr\/wp-json\/wp\/v2\/types\/product"}],"replies":[{"embeddable":true,"href":"https:\/\/tuzlahortum.com.tr\/fr\/wp-json\/wp\/v2\/comments?post=936"}],"wp:featuredmedia":[{"embeddable":true,"href":"https:\/\/tuzlahortum.com.tr\/fr\/wp-json\/wp\/v2\/media\/1997"}],"wp:attachment":[{"href":"https:\/\/tuzlahortum.com.tr\/fr\/wp-json\/wp\/v2\/media?parent=936"}],"wp:term":[{"taxonomy":"product_brand","embeddable":true,"href":"https:\/\/tuzlahortum.com.tr\/fr\/wp-json\/wp\/v2\/product_brand?post=936"},{"taxonomy":"product_cat","embeddable":true,"href":"https:\/\/tuzlahortum.com.tr\/fr\/wp-json\/wp\/v2\/product_cat?post=936"},{"taxonomy":"product_tag","embeddable":true,"href":"https:\/\/tuzlahortum.com.tr\/fr\/wp-json\/wp\/v2\/product_tag?post=936"}],"curies":[{"name":"wp","href":"https:\/\/api.w.org\/{rel}","templated":true}]}}