{"id":934,"date":"2019-02-06T23:55:52","date_gmt":"2019-02-06T20:55:52","guid":{"rendered":"http:\/\/hortum.com.tr\/product\/import-placeholder-for-592\/"},"modified":"2024-03-21T17:40:29","modified_gmt":"2024-03-21T14:40:29","slug":"thermo-kalorifer-hortumu","status":"publish","type":"product","link":"https:\/\/tuzlahortum.com.tr\/fr\/produit\/thermo-kalorifer-hortumu\/","title":{"rendered":"Tuyau de chauffage thermique"},"content":{"rendered":"<h2>Tuyau de chauffage thermique<\/h2>\n<p><span class=\"footer_baslik\">Traits :<\/span><br \/>\n<span class=\"haberlink\">\u2022 Dernier \u00e9tage sp\u00e9cial assurant une isolation thermique.<br \/>\n\u2022 Il est \u00e9tanche \u00e0 l&#039;huile, non conducteur d&#039;\u00e9lectricit\u00e9, r\u00e9sistant aux UV et \u00e0 l&#039;ozone.<br \/>\n\u2022 R\u00e9siste \u00e0 des temp\u00e9ratures comprises entre -20\u00b0C et +65\u00b0C.<\/span><span class=\"footer_baslik\"><br \/>\nDomaines d&#039;utilisation :<\/span><br \/>\n<span class=\"haberlink\">\u2022 Il est utilis\u00e9 dans les travaux de transfert et de circulation d&#039;eau chaude.<\/span><\/p>\n<div class=\"video video-fit mb\" style=\"padding-top:56.25%;\"><p><iframe loading=\"lazy\" title=\"Confusion des mesures (pouces, doigts, brume, millim\u00e8tres)\" width=\"1020\" height=\"574\" src=\"https:\/\/www.youtube.com\/embed\/uKk6AG_AZls?feature=oembed\" frameborder=\"0\" allow=\"accelerometer; autoplay; clipboard-write; encrypted-media; gyroscope; picture-in-picture; web-share\" referrerpolicy=\"strict-origin-when-cross-origin\" allowfullscreen><\/iframe><\/p>\n<\/div>\n<div class=\"video video-fit mb\" style=\"padding-top:56.25%;\"><p>https:\/\/www.youtube.com\/watch?v=O8ZlzKEjfEQ%20<\/p>\n<\/div>\n<p><img data-recalc-dims=\"1\" loading=\"lazy\" decoding=\"async\" class=\"alignnone size-full wp-image-1987\" src=\"https:\/\/i0.wp.com\/hortum.com.tr\/wp-content\/uploads\/urunler\/plastik\/Thermo-Kalorifer-Hortumu-2.jpg?resize=683%2C132\" alt=\"\" width=\"683\" height=\"132\" title=\"\" srcset=\"https:\/\/i0.wp.com\/tuzlahortum.com.tr\/wp-content\/uploads\/urunler\/plastik\/Thermo-Kalorifer-Hortumu-2.jpg?w=683&amp;ssl=1 683w, https:\/\/i0.wp.com\/tuzlahortum.com.tr\/wp-content\/uploads\/urunler\/plastik\/Thermo-Kalorifer-Hortumu-2.jpg?resize=600%2C116&amp;ssl=1 600w\" sizes=\"auto, (max-width: 683px) 100vw, 683px\" \/><\/p>","protected":false},"excerpt":{"rendered":"<p>Thermo Kalorifer Hortumu \u00d6zellikler : \u2022 Is\u0131 yal\u0131t\u0131m\u0131 sa\u011flayan \u00f6zel \u00fcst kat. \u2022 Ya\u011f ge\u00e7irmez, elektrik iletmez, U.V. ve Ozon\u2019 a dayan\u0131kl\u0131d\u0131r. \u2022 -20\u00b0C ile +65\u00b0C aras\u0131nda s\u0131cakl\u0131\u011fa dayan\u0131kl\u0131d\u0131r. Kullan\u0131m Alanlar\u0131 : \u2022 S\u0131cak su aktar\u0131m\u0131nda ve devirdaim i\u015flerinde kullan\u0131l\u0131r.<\/p>","protected":false},"featured_media":1986,"comment_status":"open","ping_status":"closed","template":"","meta":{"jetpack_post_was_ever_published":false},"product_brand":[],"product_cat":[173],"product_tag":[1211,1210,1209,1212],"class_list":{"0":"post-934","1":"product","2":"type-product","3":"status-publish","4":"has-post-thumbnail","6":"product_cat-thermo-hortumlar","7":"product_tag-hortumlari","8":"product_tag-kalorifer","9":"product_tag-thermo","10":"product_tag-thermo-kalorifer-hortumlari","12":"first","13":"instock","14":"taxable","15":"shipping-taxable","16":"product-type-variable"},"jetpack-related-posts":[],"jetpack_sharing_enabled":true,"jetpack_likes_enabled":true,"_links":{"self":[{"href":"https:\/\/tuzlahortum.com.tr\/fr\/wp-json\/wp\/v2\/product\/934","targetHints":{"allow":["GET"]}}],"collection":[{"href":"https:\/\/tuzlahortum.com.tr\/fr\/wp-json\/wp\/v2\/product"}],"about":[{"href":"https:\/\/tuzlahortum.com.tr\/fr\/wp-json\/wp\/v2\/types\/product"}],"replies":[{"embeddable":true,"href":"https:\/\/tuzlahortum.com.tr\/fr\/wp-json\/wp\/v2\/comments?post=934"}],"wp:featuredmedia":[{"embeddable":true,"href":"https:\/\/tuzlahortum.com.tr\/fr\/wp-json\/wp\/v2\/media\/1986"}],"wp:attachment":[{"href":"https:\/\/tuzlahortum.com.tr\/fr\/wp-json\/wp\/v2\/media?parent=934"}],"wp:term":[{"taxonomy":"product_brand","embeddable":true,"href":"https:\/\/tuzlahortum.com.tr\/fr\/wp-json\/wp\/v2\/product_brand?post=934"},{"taxonomy":"product_cat","embeddable":true,"href":"https:\/\/tuzlahortum.com.tr\/fr\/wp-json\/wp\/v2\/product_cat?post=934"},{"taxonomy":"product_tag","embeddable":true,"href":"https:\/\/tuzlahortum.com.tr\/fr\/wp-json\/wp\/v2\/product_tag?post=934"}],"curies":[{"name":"wp","href":"https:\/\/api.w.org\/{rel}","templated":true}]}}