{"id":932,"date":"2019-02-06T23:55:52","date_gmt":"2019-02-06T20:55:52","guid":{"rendered":"http:\/\/hortum.com.tr\/product\/import-placeholder-for-350\/"},"modified":"2024-03-21T17:40:30","modified_gmt":"2024-03-21T14:40:30","slug":"siber-vana","status":"publish","type":"product","link":"https:\/\/tuzlahortum.com.tr\/fr\/produit\/siber-vana\/","title":{"rendered":"soupape d'arr\u00eat en laiton"},"content":{"rendered":"<h2>soupape d'arr\u00eat en laiton<\/h2>\n<p>TS EN12288 Approbation de l&#039;Institut turc des normes.<\/p>\n<p>Certificat de syst\u00e8me qualit\u00e9 ISO 9001.<\/p>\n<p>Full pass pour un maximum de fluidit\u00e9.<\/p>\n<p style=\"font-size: 14.4px;\"><img data-recalc-dims=\"1\" loading=\"lazy\" decoding=\"async\" class=\"size-full wp-image-2188 alignright\" style=\"font-size: 14.4px;\" src=\"https:\/\/i0.wp.com\/hortum.com.tr\/wp-content\/uploads\/urunler\/vanalar\/sibertek.jpg?resize=400%2C300\" alt=\"\" width=\"400\" height=\"300\" title=\"\"><\/p>\n<p><span style=\"font-size: 14.4px;\">Large zone d&#039;utilisation pour une utilisation dans les syst\u00e8mes industriels, de plomberie et d&#039;irrigation.<\/span><\/p>\n<p>Connexion ISO 228 Femelle X Femelle.<\/p>\n<p>Temp\u00e9rature -10\u00b0C + 120\u00b0C<\/p>\n<table border=\"0\" cellspacing=\"0\" cellpadding=\"0\">\n<tbody>\n<tr bgcolor=\"#002f62\">\n<td>TAILLE NOMINALE<\/td>\n<td>g<br \/>(mm)<\/td>\n<td>r\u00e9<br \/>(mm)<\/td>\n<td>L<br \/>(mm)<\/td>\n<td>t<br \/>(mm)<\/td>\n<td>\u00c0<br \/>(mm)<\/td>\n<\/tr>\n<tr>\n<td>1-2\u2033<\/td>\n<td>15<\/td>\n<td>14<\/td>\n<td>36<\/td>\n<td>9<\/td>\n<td>71<\/td>\n<\/tr>\n<tr>\n<td>3\/4\u2033<\/td>\n<td>20<\/td>\n<td>19<\/td>\n<td>40<\/td>\n<td>12<\/td>\n<td>80<\/td>\n<\/tr>\n<tr>\n<td>1\u2033<\/td>\n<td>25<\/td>\n<td>24<\/td>\n<td>45<\/td>\n<td>14<\/td>\n<td>92<\/td>\n<\/tr>\n<tr>\n<td>1 1\/4\u2033<\/td>\n<td>32<\/td>\n<td>30<\/td>\n<td>50<\/td>\n<td>13<\/td>\n<td>108<\/td>\n<\/tr>\n<tr>\n<td>1 1\/2\u2033<\/td>\n<td>40<\/td>\n<td>38<\/td>\n<td>53<\/td>\n<td>13<\/td>\n<td>125<\/td>\n<\/tr>\n<tr>\n<td>2\u2033<\/td>\n<td>50<\/td>\n<td>47<\/td>\n<td>60<\/td>\n<td>14<\/td>\n<td>140<\/td>\n<\/tr>\n<tr>\n<td>2 1\/2\u2033<\/td>\n<td>72<\/td>\n<td>58<\/td>\n<td>75<\/td>\n<td>20<\/td>\n<td>175<\/td>\n<\/tr>\n<tr>\n<td>3\u2033<\/td>\n<td>85<\/td>\n<td>77<\/td>\n<td>86<\/td>\n<td>22<\/td>\n<td>205<\/td>\n<\/tr>\n<tr>\n<td>4\u2033<\/td>\n<td>110<\/td>\n<td>90<\/td>\n<td>102<\/td>\n<td>27<\/td>\n<td>240<\/td>\n<\/tr>\n<\/tbody>\n<\/table>","protected":false},"excerpt":{"rendered":"<p>\u015eiber Vana TS EN12288 T\u00fcrk Standartlar\u0131 Enstit\u00fcs\u00fc Onay\u0131. ISO 9001 Kalite Sistem Sertfikas\u0131. Maksimum ak\u0131\u015fkanl\u0131k i\u00e7in tam ge\u00e7i\u015f. End\u00fcstriyel, Tesisat ve sulama sistemlerinde kullan\u0131lmak \u00fczere geni\u015f kullan\u0131m alan\u0131. ISO 228 Di\u015fi X Di\u015fi ba\u011flant\u0131. S\u0131cakl\u0131k -10\u00b0C + 120\u00b0C ANMA \u00d6L\u00c7\u00dcS\u00dc G(mm) d(mm) L(mm) t(mm) E(mm) 1-2&#8243; 15 14 36 9 71 3\/4&#8243; 20 19 40 [&#8230;]\n","protected":false},"featured_media":4599,"comment_status":"open","ping_status":"closed","template":"","meta":{"jetpack_post_was_ever_published":false},"product_brand":[],"product_cat":[207],"product_tag":[357,1208,962,961,331],"class_list":{"0":"post-932","1":"product","2":"type-product","3":"status-publish","4":"has-post-thumbnail","6":"product_cat-siber-vanasi","7":"product_tag-endustriyel","8":"product_tag-siber-vana","9":"product_tag-sulama","10":"product_tag-tesisat","11":"product_tag-vana","13":"first","14":"instock","15":"featured","16":"taxable","17":"shipping-taxable","18":"product-type-variable"},"jetpack-related-posts":[{"id":782,"url":"https:\/\/tuzlahortum.com.tr\/fr\/produit\/kelebek-vana-pn16-disi\/","url_meta":{"origin":932,"position":0},"title":"Vanne Papillon PN16 Femelle","author":"admin","date":"6 f\u00e9vrier 2019","format":false,"excerpt":"Kelebek Vana PN16 Di\u015fiTS CEN\/EN 13547 T\u00fcrk Standartlar\u0131 Enstit\u00fcs\u00fc Onay\u0131.ISO 9001 Kalite Sistem Sertfikas\u0131.Daha uzun \u00f6m\u00fcr i\u00e7in kurum kaplama k\u00fcre.Maksimum g\u00fcvenlik i\u00e7in PTFE conta ve EPDM O-ring.Al\u00fcminyum kol.End\u00fcstriyel, Tesisat ve sulama sistemlerinde kullan\u0131lmak \u00fczere geni\u015f kullan\u0131m alan\u0131.S\u0131cakl\u0131k -10\u00b0C + 120\u00b0CANMA \u00d6L\u00c7\u00dcS\u00dcG(DN)d(mm)E(mm)L(mm)1\/2\"151441543\/4\"201951611\"25245373","rel":"","context":"Article similaire","block_context":{"text":"Article similaire","link":""},"img":{"alt_text":"","src":"https:\/\/i0.wp.com\/tuzlahortum.com.tr\/wp-content\/uploads\/2019\/02\/Kelebek-Vana-PN16-Di%C5%9Fi.jpg?fit=520%2C350&ssl=1&resize=350%2C200","width":350,"height":200},"classes":[]},{"id":784,"url":"https:\/\/tuzlahortum.com.tr\/fr\/produit\/kollektor-ana-vanasi-pn16\/","url_meta":{"origin":932,"position":1},"title":"Collecteur Ma\u00eetre Vanne PN16","author":"admin","date":"6 f\u00e9vrier 2019","format":false,"excerpt":"Vanne principale de collecteur PN16TS CEN\/EN 13547 Approbation de l'Institut turc de normalisation.Certificat du syst\u00e8me de qualit\u00e9 ISO 9001.Bille enduite de suie pour une plus longue dur\u00e9e de vie.Connexion ISO 228 femelle x femelle.Joint PTFE et joint torique EPDM pour une s\u00e9curit\u00e9 maximale.Manchon \u00e9pais en acier recouvert de PVC.Large gamme d'applications pour utilisation dans les syst\u00e8mes industriels, de plomberie et d'irrigation.Temp\u00e9rature -10\u00b0C + 120\u00b0CDIMENSIONS DE RONDEMENTN(L)d1(mm)L(mm)K(mm)t(mm)E(mm)3\/4\"2019618516531\"2524739217551 1\/4\"3230831142059","rel":"","context":"Article similaire","block_context":{"text":"Article similaire","link":""},"img":{"alt_text":"","src":"https:\/\/i0.wp.com\/tuzlahortum.com.tr\/wp-content\/uploads\/2019\/02\/Kollekt%C3%B6r-Ana-Vana.jpg?fit=520%2C350&ssl=1&resize=350%2C200","width":350,"height":200},"classes":[]},{"id":2859,"url":"https:\/\/tuzlahortum.com.tr\/fr\/produit\/dogalgaz-vanasi-mop-5-20-kopya\/","url_meta":{"origin":932,"position":2},"title":"Vanne papillon \u00e0 gaz","author":"\u0130smail \u00c7elik","date":"14 f\u00e9vrier 2019","format":false,"excerpt":"Kelebek Do\u011falgaz Vanas\u0131TS CEN\/EN 331\/A1 T\u00fcrk Standartlar\u0131 Enstit\u00fcs\u00fc Onay\u0131.ISO 9001 Kalite Sistem Sertfikas\u0131.MOP5 \u00e7al\u0131\u015fma bas\u0131nc\u0131.Maksimum ak\u0131\u015fkanl\u0131k i\u00e7in tam ge\u00e7i\u015f.Daha uzun \u00f6m\u00fcr i\u00e7in kurum kaplama k\u00fcre.ISO 228 Di\u015fi X Di\u015fi ba\u011flant\u0131.Maksimum g\u00fcvenlik i\u00e7in PTFE conta ve EPDM O-ring.Do\u011falgaz sistemlerinde kullan\u0131lmak \u00fczere geni\u015f kullan\u0131m alan\u0131.Kal\u0131n PVC kapl\u0131 \u00e7elik kol.S\u0131cakl\u0131k -10\u00b0C + 120\u00b0CANMA\u2026","rel":"","context":"Article similaire","block_context":{"text":"Article similaire","link":""},"img":{"alt_text":"","src":"https:\/\/i0.wp.com\/tuzlahortum.com.tr\/wp-content\/uploads\/2019\/02\/Kelebek-Do%C4%9Fal-gaz-vanas%C4%B1.jpg?fit=520%2C350&ssl=1&resize=350%2C200","width":350,"height":200},"classes":[]},{"id":555,"url":"https:\/\/tuzlahortum.com.tr\/fr\/produit\/dogalgaz-vanasi-mop-5-20-kilitli\/","url_meta":{"origin":932,"position":3},"title":"Vanne de gaz naturel MOP 5-20 verrouill\u00e9e","author":"admin","date":"6 f\u00e9vrier 2019","format":false,"excerpt":"Do\u011falgaz Vanas\u0131 MOP 5-20 KilitliTS CEN\/EN 331\/A1 T\u00fcrk Standartlar\u0131 Enstit\u00fcs\u00fc Onay\u0131.ISO 9001 Kalite Sistem Sertfikas\u0131.MOP5-20 \u00e7al\u0131\u015fma bas\u0131nc\u0131.Maksimum ak\u0131\u015fkanl\u0131k i\u00e7in tam ge\u00e7i\u015f.Daha uzun \u00f6m\u00fcr i\u00e7in kurum kaplama k\u00fcre.ISO 228 Di\u015fi X Di\u015fi ba\u011flant\u0131.Maksimum g\u00fcvenlik i\u00e7in PTFE conta ve EPDM O-ring.Do\u011falgaz sistemlerinde kullan\u0131lmak \u00fczere geni\u015f kullan\u0131m alan\u0131.Kal\u0131n PVC kapl\u0131 \u00e7elik kol.S\u0131cakl\u0131k -10\u00b0C\u2026","rel":"","context":"Article similaire","block_context":{"text":"Article similaire","link":""},"img":{"alt_text":"","src":"https:\/\/i0.wp.com\/tuzlahortum.com.tr\/wp-content\/uploads\/2019\/02\/Do%C4%9Falgaz-Vana-MOP-5-20-kilitli.jpg?fit=520%2C350&ssl=1&resize=350%2C200","width":350,"height":200},"classes":[]},{"id":756,"url":"https:\/\/tuzlahortum.com.tr\/fr\/produit\/yayli-klape\/","url_meta":{"origin":932,"position":4},"title":"Soupape \u00e0 ressort","author":"admin","date":"6 f\u00e9vrier 2019","format":false,"excerpt":"Valve \u00e0 ressort Certification du syst\u00e8me de qualit\u00e9 ISO 9001. Passage int\u00e9gral pour une fluidit\u00e9 maximale.   Connexion ISO 228 femelle x femelle. Joint torique en EPDM pour une s\u00e9curit\u00e9 maximale. Large gamme d'applications dans l'industrie, la plomberie et les syst\u00e8mes d'irrigation. Temp\u00e9rature -10\u00b0C + 50\u00b0C MOMENT TAILLE d (mm) G (mm) L (mm) 3\/4\" 18 20 90 1\"....","rel":"","context":"Article similaire","block_context":{"text":"Article similaire","link":""},"img":{"alt_text":"","src":"https:\/\/i0.wp.com\/tuzlahortum.com.tr\/wp-content\/uploads\/2019\/02\/yayliKlape1.jpg?fit=520%2C350&ssl=1&resize=350%2C200","width":350,"height":200},"classes":[]},{"id":755,"url":"https:\/\/tuzlahortum.com.tr\/fr\/produit\/sari-klape\/","url_meta":{"origin":932,"position":5},"title":"Rabat jaune","author":"admin","date":"6 f\u00e9vrier 2019","format":false,"excerpt":"Certification du syst\u00e8me de qualit\u00e9 ISO 9001. Passage int\u00e9gral pour une fluidit\u00e9 maximale. Connexion ISO 228 femelle x femelle. Joint torique en EPDM pour une s\u00e9curit\u00e9 maximale. Large gamme d'applications dans l'industrie, la plomberie et les syst\u00e8mes d'irrigation. Temp\u00e9rature -10\u00b0C + 50\u00b0C MOMENT TAILLE L (mm) d (mm) L (mm) 3\/4\" 20 18 90 1\"....","rel":"","context":"Article similaire","block_context":{"text":"Article similaire","link":""},"img":{"alt_text":"","src":"https:\/\/i0.wp.com\/tuzlahortum.com.tr\/wp-content\/uploads\/2019\/02\/Sar%C4%B1-Klape.jpg?fit=520%2C350&ssl=1&resize=350%2C200","width":350,"height":200},"classes":[]}],"jetpack_sharing_enabled":true,"jetpack_likes_enabled":true,"_links":{"self":[{"href":"https:\/\/tuzlahortum.com.tr\/fr\/wp-json\/wp\/v2\/product\/932","targetHints":{"allow":["GET"]}}],"collection":[{"href":"https:\/\/tuzlahortum.com.tr\/fr\/wp-json\/wp\/v2\/product"}],"about":[{"href":"https:\/\/tuzlahortum.com.tr\/fr\/wp-json\/wp\/v2\/types\/product"}],"replies":[{"embeddable":true,"href":"https:\/\/tuzlahortum.com.tr\/fr\/wp-json\/wp\/v2\/comments?post=932"}],"wp:featuredmedia":[{"embeddable":true,"href":"https:\/\/tuzlahortum.com.tr\/fr\/wp-json\/wp\/v2\/media\/4599"}],"wp:attachment":[{"href":"https:\/\/tuzlahortum.com.tr\/fr\/wp-json\/wp\/v2\/media?parent=932"}],"wp:term":[{"taxonomy":"product_brand","embeddable":true,"href":"https:\/\/tuzlahortum.com.tr\/fr\/wp-json\/wp\/v2\/product_brand?post=932"},{"taxonomy":"product_cat","embeddable":true,"href":"https:\/\/tuzlahortum.com.tr\/fr\/wp-json\/wp\/v2\/product_cat?post=932"},{"taxonomy":"product_tag","embeddable":true,"href":"https:\/\/tuzlahortum.com.tr\/fr\/wp-json\/wp\/v2\/product_tag?post=932"}],"curies":[{"name":"wp","href":"https:\/\/api.w.org\/{rel}","templated":true}]}}