{"id":931,"date":"2019-02-06T23:55:52","date_gmt":"2019-02-06T20:55:52","guid":{"rendered":"http:\/\/hortum.com.tr\/product\/import-placeholder-for-136\/"},"modified":"2024-03-21T17:40:31","modified_gmt":"2024-03-21T14:40:31","slug":"band-buckle-kelepce","status":"publish","type":"product","link":"https:\/\/tuzlahortum.com.tr\/fr\/produit\/band-buckle-kelepce\/","title":{"rendered":"Bande et Boucle Pince"},"content":{"rendered":"<h2>Bande et Boucle Pince<\/h2>\n<p class=\"ptext-circle-bullet\">Les mod\u00e8les de colliers de longueur libre en acier inoxydable Band &amp; Buckle sont con\u00e7us pour sceller et fixer des diam\u00e8tres sup\u00e9rieurs aux normes.<\/p>\n<p class=\"ptext-circle-bullet\">Ces colliers de longueur libre ont une haute r\u00e9sistance \u00e0 la corrosion. Il est fabriqu\u00e9 \u00e0 partir de mat\u00e9riau DIN 1.4301 (AISI 304).<\/p>\n<p class=\"ptext-circle-bullet\">Ces mod\u00e8les de colliers inox taille libre, tr\u00e8s simples \u00e0 poser pour le diam\u00e8tre souhait\u00e9, s&#039;utilisent avec un appareil de serrage. Par cons\u00e9quent, le temps de montage est plus court.<\/p>\n<p class=\"ptext-circle-bullet\">Gr\u00e2ce \u00e0 la bobine en plastique durable, le taux de perte de mati\u00e8re est r\u00e9duit au minimum.<\/p>\n<p class=\"ptext-circle-bullet\">Il peut \u00eatre livr\u00e9 en colis de 30,5 m.<\/p>\n<p><img data-recalc-dims=\"1\" loading=\"lazy\" decoding=\"async\" class=\"alignnone  wp-image-10403\" src=\"https:\/\/i0.wp.com\/tuzlahortum.com.tr\/wp-content\/uploads\/2019\/02\/CleanShot-2020-03-27-at-10.48.54%402x.png?resize=525%2C200&#038;ssl=1\" alt=\"\" width=\"525\" height=\"200\" title=\"\" srcset=\"https:\/\/i0.wp.com\/tuzlahortum.com.tr\/wp-content\/uploads\/2019\/02\/CleanShot-2020-03-27-at-10.48.54%402x.png?resize=800%2C305&amp;ssl=1 800w, https:\/\/i0.wp.com\/tuzlahortum.com.tr\/wp-content\/uploads\/2019\/02\/CleanShot-2020-03-27-at-10.48.54%402x.png?resize=1400%2C535&amp;ssl=1 1400w, https:\/\/i0.wp.com\/tuzlahortum.com.tr\/wp-content\/uploads\/2019\/02\/CleanShot-2020-03-27-at-10.48.54%402x.png?resize=768%2C293&amp;ssl=1 768w, https:\/\/i0.wp.com\/tuzlahortum.com.tr\/wp-content\/uploads\/2019\/02\/CleanShot-2020-03-27-at-10.48.54%402x.png?resize=600%2C229&amp;ssl=1 600w, https:\/\/i0.wp.com\/tuzlahortum.com.tr\/wp-content\/uploads\/2019\/02\/CleanShot-2020-03-27-at-10.48.54%402x.png?w=1456&amp;ssl=1 1456w\" sizes=\"auto, (max-width: 525px) 100vw, 525px\" \/><\/p>","protected":false},"excerpt":{"rendered":"<p>Band &#038; Buckle Kelep\u00e7e Band &amp; Buckle paslanmaz \u00e7elik serbest boy kelep\u00e7e modelleri standartlar\u0131n \u00fczerindeki \u00e7aplarda s\u0131zd\u0131rmazl\u0131k ve sabitleme ama\u00e7l\u0131 tasarlanm\u0131\u015flard\u0131r. Bu serbest boy kelep\u00e7elerin korozyon diren\u00e7leri y\u00fcksektir. DIN 1.4301 (AISI 304) malzemeden \u00fcretilmektedir. \u0130stenilen \u00e7ap i\u00e7in uygulanmas\u0131 olduk\u00e7a basit olan bu serbest boy paslanmaz hortum kelep\u00e7esi modelleri bir s\u0131kma aparat\u0131 ile kullan\u0131l\u0131rlar. Dolay\u0131s\u0131 ile [&#8230;]\n","protected":false},"featured_media":1770,"comment_status":"open","ping_status":"closed","template":"","meta":{"jetpack_post_was_ever_published":false},"product_brand":[],"product_cat":[112],"product_tag":[1207,2263,2264,857,1003,856,1206,1205],"class_list":{"0":"post-931","1":"product","2":"type-product","3":"status-publish","4":"has-post-thumbnail","6":"product_cat-seritli-kelepceler","7":"product_tag-band","8":"product_tag-band-buckle","9":"product_tag-band-buckle-kelepce","10":"product_tag-hortum-kelepcesi","11":"product_tag-korozyon","12":"product_tag-paslanmaz-celik","13":"product_tag-sabitleme","14":"product_tag-sizdirmazlik","16":"first","17":"instock","18":"featured","19":"taxable","20":"shipping-taxable","21":"product-type-variable"},"jetpack-related-posts":[{"id":742,"url":"https:\/\/tuzlahortum.com.tr\/fr\/produit\/strip-steel-serit-kelepce\/","url_meta":{"origin":931,"position":0},"title":"Bande d&#039;acier - Pince \u00e0 bande","author":"admin","date":"6 f\u00e9vrier 2019","format":false,"excerpt":"Strip Steel - \u015eerit Kelep\u00e7eStrip-Steel Serbest Boy Paslanmaz kelep\u00e7eler 30 metrelik rulolar halindedir. Klipsleri sayesinde uygulama noktas\u0131nda istenilen \u00e7apta kullan\u0131ma olanak sa\u011flarlar. BANT MALZEMES\u0130 PASLANMAZ \u00c7EL\u0130K (W2- 430 KAL\u0130TE) BANT KALINLI\u011eI 0,60 mm BANT GEN\u0130\u015eL\u0130\u011e\u0130 9 mm BANT UZUNLU\u011eU 30 mt","rel":"","context":"Article similaire","block_context":{"text":"Article similaire","link":""},"img":{"alt_text":"","src":"https:\/\/i0.wp.com\/tuzlahortum.com.tr\/wp-content\/uploads\/urunler\/kelepceler\/st-strip-steel-kelepce.jpg?fit=500%2C300&ssl=1&resize=350%2C200","width":350,"height":200},"classes":[]},{"id":741,"url":"https:\/\/tuzlahortum.com.tr\/fr\/produit\/smooth-kelepceler\/","url_meta":{"origin":931,"position":1},"title":"Pinces lisses","author":"admin","date":"6 f\u00e9vrier 2019","format":false,"excerpt":"Smooth Kelep\u00e7elerA\u011f\u0131r i\u015f tipi i\u00e7in tasarlanm\u0131\u015f olan bu paslanmaz \u00e7elik Smooth kelep\u00e7eler bir s\u0131kma aparat\u0131 ile montaj edilirler. Band\u0131n \u00e7ekerek s\u0131k\u0131\u015ft\u0131r\u0131lmas\u0131 prensibi ile montaj\u0131 ger\u00e7ekle\u015fen bu hortum kelep\u00e7esi modelleri maksimum s\u0131kma tork de\u011ferlerini rahatl\u0131kla sa\u011flamaktad\u0131rlar.","rel":"","context":"Article similaire","block_context":{"text":"Article similaire","link":""},"img":{"alt_text":"","src":"https:\/\/i0.wp.com\/tuzlahortum.com.tr\/wp-content\/uploads\/2019\/02\/BJR-SMOOTH-KELEP%C3%87E-3.jpg?fit=930%2C605&ssl=1&resize=350%2C200","width":350,"height":200,"srcset":"https:\/\/i0.wp.com\/tuzlahortum.com.tr\/wp-content\/uploads\/2019\/02\/BJR-SMOOTH-KELEP%C3%87E-3.jpg?fit=930%2C605&ssl=1&resize=350%2C200 1x, https:\/\/i0.wp.com\/tuzlahortum.com.tr\/wp-content\/uploads\/2019\/02\/BJR-SMOOTH-KELEP%C3%87E-3.jpg?fit=930%2C605&ssl=1&resize=525%2C300 1.5x, https:\/\/i0.wp.com\/tuzlahortum.com.tr\/wp-content\/uploads\/2019\/02\/BJR-SMOOTH-KELEP%C3%87E-3.jpg?fit=930%2C605&ssl=1&resize=700%2C400 2x"},"classes":[]},{"id":942,"url":"https:\/\/tuzlahortum.com.tr\/fr\/produit\/galvaniz-8-5-mm-hortum-kelepceleri\/","url_meta":{"origin":931,"position":2},"title":"Colliers de serrage galvanis\u00e9s de 8,5 mm","author":"admin","date":"6 f\u00e9vrier 2019","format":false,"excerpt":"Galvaniz 8.5 mm Hortum Kelep\u00e7eleriKelep\u00e7e band & Kapak Norm Standart\u0131 \u2022\u00a0DIN 1623 P2 \u2013 So\u011fuk Haddelenmi\u015f \u00c7elik. \u2022\u00a0DIN EN 10130:1999 \u2013 \u00c7ekme i\u015flemine uygun so\u011fuk haddelenmi\u015f \u00e7elik. Kelep\u00e7e band tipleri \u2022\u00a0W1 (\u00e7inko kaplama) \u2013 delikli band \u2022\u00a0Band geni\u015fli\u011fi 8.5 mm \u2022\u00a0G\u00fcvenli d\u0131\u015f b\u00fckey band kenarlar\u0131yla s\u0131k\u0131lan hortumun zarar g\u00f6rmesi engellenmi\u015ftir.\u2026","rel":"","context":"Article similaire","block_context":{"text":"Article similaire","link":""},"img":{"alt_text":"","src":"https:\/\/i0.wp.com\/tuzlahortum.com.tr\/wp-content\/uploads\/2019\/02\/tork-kelep%C3%A7e-d.jpg?fit=605%2C601&ssl=1&resize=350%2C200","width":350,"height":200,"srcset":"https:\/\/i0.wp.com\/tuzlahortum.com.tr\/wp-content\/uploads\/2019\/02\/tork-kelep%C3%A7e-d.jpg?fit=605%2C601&ssl=1&resize=350%2C200 1x, https:\/\/i0.wp.com\/tuzlahortum.com.tr\/wp-content\/uploads\/2019\/02\/tork-kelep%C3%A7e-d.jpg?fit=605%2C601&ssl=1&resize=525%2C300 1.5x"},"classes":[]},{"id":944,"url":"https:\/\/tuzlahortum.com.tr\/fr\/produit\/galvaniz-14-mm-hortum-kelepceleri\/","url_meta":{"origin":931,"position":3},"title":"Colliers de serrage galvanis\u00e9s de 14 mm","author":"admin","date":"6 f\u00e9vrier 2019","format":false,"excerpt":"Galvaniz 14 mm Hortum Kelep\u00e7eleriKelep\u00e7e band & Kapak Norm Standart\u0131 \u2022\u00a0DIN 1623 P2 \u2013 So\u011fuk Haddelenmi\u015f \u00c7elik. \u2022\u00a0DIN EN 10130:1999 \u2013 \u00c7ekme i\u015flemine uygunso\u011fuk haddelenmi\u015f \u00e7elik. Kelep\u00e7e band tipleri \u2022\u00a0W1 (\u00e7inko kaplama) \u2013 delikli band \u2022\u00a0Band geni\u015fli\u011fi 14mm \u2022\u00a0G\u00fcvenli d\u0131\u015f b\u00fckey bandkenarlar\u0131yla s\u0131k\u0131lan hortumun zarar g\u00f6rmesi engellenmi\u015ftir. Vida Norm Standard\u2026","rel":"","context":"Article similaire","block_context":{"text":"Article similaire","link":""},"img":{"alt_text":"","src":"https:\/\/i0.wp.com\/tuzlahortum.com.tr\/wp-content\/uploads\/2019\/02\/tork-kelep%C3%A7e-d.jpg?fit=605%2C601&ssl=1&resize=350%2C200","width":350,"height":200,"srcset":"https:\/\/i0.wp.com\/tuzlahortum.com.tr\/wp-content\/uploads\/2019\/02\/tork-kelep%C3%A7e-d.jpg?fit=605%2C601&ssl=1&resize=350%2C200 1x, https:\/\/i0.wp.com\/tuzlahortum.com.tr\/wp-content\/uploads\/2019\/02\/tork-kelep%C3%A7e-d.jpg?fit=605%2C601&ssl=1&resize=525%2C300 1.5x"},"classes":[]},{"id":943,"url":"https:\/\/tuzlahortum.com.tr\/fr\/produit\/galvaniz-10-mm-hortum-kelepceleri\/","url_meta":{"origin":931,"position":4},"title":"Colliers de serrage galvanis\u00e9s de 10 mm","author":"admin","date":"6 f\u00e9vrier 2019","format":false,"excerpt":"Galvaniz 10 mm Hortum Kelep\u00e7eleriKelep\u00e7e band & Kapak Norm Standart\u0131 \u2022\u00a0DIN 1623 P2 \u2013 So\u011fuk Haddelenmi\u015f \u00c7elik. \u2022\u00a0DIN EN 10130:1999 \u2013 \u00c7ekme i\u015flemine uygunso\u011fuk haddelenmi\u015f \u00e7elik. Kelep\u00e7e band tipleri \u2022\u00a0W1 (\u00e7inko kaplama) \u2013 delikli band \u2022\u00a0Band geni\u015fli\u011fi 10mm \u2022\u00a0G\u00fcvenli d\u0131\u015f b\u00fckey bandkenarlar\u0131yla s\u0131k\u0131lan hortumun zarar g\u00f6rmesi engellenmi\u015ftir. Vida Norm Standard\u2026","rel":"","context":"Article similaire","block_context":{"text":"Article similaire","link":""},"img":{"alt_text":"","src":"https:\/\/i0.wp.com\/tuzlahortum.com.tr\/wp-content\/uploads\/2019\/02\/tork-kelep%C3%A7e-d.jpg?fit=605%2C601&ssl=1&resize=350%2C200","width":350,"height":200,"srcset":"https:\/\/i0.wp.com\/tuzlahortum.com.tr\/wp-content\/uploads\/2019\/02\/tork-kelep%C3%A7e-d.jpg?fit=605%2C601&ssl=1&resize=350%2C200 1x, https:\/\/i0.wp.com\/tuzlahortum.com.tr\/wp-content\/uploads\/2019\/02\/tork-kelep%C3%A7e-d.jpg?fit=605%2C601&ssl=1&resize=525%2C300 1.5x"},"classes":[]},{"id":945,"url":"https:\/\/tuzlahortum.com.tr\/fr\/produit\/9mm-vida-surumlu-kelepceler\/","url_meta":{"origin":931,"position":5},"title":"Pinces \u00e0 vis de 9 mm","author":"admin","date":"6 f\u00e9vrier 2019","format":false,"excerpt":"9mm Vida S\u00fcr\u00fcml\u00fc Kelep\u00e7eler 9mm bant geni\u015fli\u011finde\u00a0DIN 3017\u00a0normuna g\u00f6re \u00fcretilen Kale vida s\u00fcr\u00fcml\u00fc hortum kelep\u00e7esi modelleri, geni\u015f \u00e7ap se\u00e7enekleri ile bir \u00e7ok sekt\u00f6rde rahatl\u0131kla kullan\u0131lmaktad\u0131r. KALE vida s\u00fcr\u00fcml\u00fc hortum kelep\u00e7esi modelleri, bant\/yuva\/vida malzeme kombinasyonlar\u0131 (W2B, W2, W3, W4, W5), 7mm alt\u0131gen vida ba\u015f\u0131 (y\u0131ld\u0131z ve d\u00fcz tornavida a\u011f\u0131zl\u0131) se\u00e7enekleri ile\u2026","rel":"","context":"Article similaire","block_context":{"text":"Article similaire","link":""},"img":{"alt_text":"","src":"https:\/\/i0.wp.com\/tuzlahortum.com.tr\/wp-content\/uploads\/2019\/02\/9-MM-V%C4%B0DA-S%C3%9CR%C3%9CML%C3%9C-KELEP%C3%87E.jpg?fit=699%2C753&ssl=1&resize=350%2C200","width":350,"height":200,"srcset":"https:\/\/i0.wp.com\/tuzlahortum.com.tr\/wp-content\/uploads\/2019\/02\/9-MM-V%C4%B0DA-S%C3%9CR%C3%9CML%C3%9C-KELEP%C3%87E.jpg?fit=699%2C753&ssl=1&resize=350%2C200 1x, https:\/\/i0.wp.com\/tuzlahortum.com.tr\/wp-content\/uploads\/2019\/02\/9-MM-V%C4%B0DA-S%C3%9CR%C3%9CML%C3%9C-KELEP%C3%87E.jpg?fit=699%2C753&ssl=1&resize=525%2C300 1.5x"},"classes":[]}],"jetpack_sharing_enabled":true,"jetpack_likes_enabled":true,"_links":{"self":[{"href":"https:\/\/tuzlahortum.com.tr\/fr\/wp-json\/wp\/v2\/product\/931","targetHints":{"allow":["GET"]}}],"collection":[{"href":"https:\/\/tuzlahortum.com.tr\/fr\/wp-json\/wp\/v2\/product"}],"about":[{"href":"https:\/\/tuzlahortum.com.tr\/fr\/wp-json\/wp\/v2\/types\/product"}],"replies":[{"embeddable":true,"href":"https:\/\/tuzlahortum.com.tr\/fr\/wp-json\/wp\/v2\/comments?post=931"}],"wp:featuredmedia":[{"embeddable":true,"href":"https:\/\/tuzlahortum.com.tr\/fr\/wp-json\/wp\/v2\/media\/1770"}],"wp:attachment":[{"href":"https:\/\/tuzlahortum.com.tr\/fr\/wp-json\/wp\/v2\/media?parent=931"}],"wp:term":[{"taxonomy":"product_brand","embeddable":true,"href":"https:\/\/tuzlahortum.com.tr\/fr\/wp-json\/wp\/v2\/product_brand?post=931"},{"taxonomy":"product_cat","embeddable":true,"href":"https:\/\/tuzlahortum.com.tr\/fr\/wp-json\/wp\/v2\/product_cat?post=931"},{"taxonomy":"product_tag","embeddable":true,"href":"https:\/\/tuzlahortum.com.tr\/fr\/wp-json\/wp\/v2\/product_tag?post=931"}],"curies":[{"name":"wp","href":"https:\/\/api.w.org\/{rel}","templated":true}]}}