{"id":930,"date":"2019-02-06T23:55:51","date_gmt":"2019-02-06T20:55:51","guid":{"rendered":"http:\/\/hortum.com.tr\/product\/import-placeholder-for-129\/"},"modified":"2024-03-21T17:40:32","modified_gmt":"2024-03-21T14:40:32","slug":"telli-seffaf-hortumlar","status":"publish","type":"product","link":"https:\/\/tuzlahortum.com.tr\/fr\/produit\/telli-seffaf-hortumlar\/","title":{"rendered":"Tuyaux transparents en fil"},"content":{"rendered":"<h2>Tuyaux transparents en fil<\/h2>\n<p><span class=\"footer_baslik\">Traits :<\/span><br \/>\n<span class=\"haberlink\">\u2022 Peut \u00eatre utilis\u00e9 comme absorbeur et \u00e9metteur<br \/>\n\u2022 Flexibilit\u00e9 maximale et extr\u00eamement r\u00e9sistant \u00e0 la rupture.<br \/>\n\u2022 -20\u00a0\u00b0C et +65\u00a0\u00b0C \u00e0 l&#039;\u00e9tat stationnaire<br \/>\n\u2022 -5\u00a0\u00b0C et +43\u00a0\u00b0C en mouvement\u00a0<\/span><span class=\"footer_baslik\"><br \/>\nDomaines d&#039;utilisation :<\/span><br \/>\n<span class=\"haberlink\">\u2022 Il est utilis\u00e9 dans toutes sortes de transferts d&#039;aliments liquides, travaux d&#039;aspiration et de refoulement, pompes d&#039;aspiration, industrie alimentaire et agricole, etc. utilis\u00e9 dans les champs.<\/span><\/p>\n<div class=\"video video-fit mb\" style=\"padding-top:56.25%;\"><p><iframe loading=\"lazy\" title=\"Confusion des mesures (pouces, doigts, brume, millim\u00e8tres)\" width=\"1020\" height=\"574\" src=\"https:\/\/www.youtube.com\/embed\/uKk6AG_AZls?feature=oembed\" frameborder=\"0\" allow=\"accelerometer; autoplay; clipboard-write; encrypted-media; gyroscope; picture-in-picture\" allowfullscreen><\/iframe><\/p>\n<\/div>\n<div class=\"video video-fit mb\" style=\"padding-top:56.25%;\"><p>https:\/\/www.youtube.com\/watch?v=O8ZlzKEjfEQ%20<\/p>\n<\/div>\n<p><img data-recalc-dims=\"1\" loading=\"lazy\" decoding=\"async\" class=\"size-full wp-image-1977 alignleft\" src=\"https:\/\/i0.wp.com\/hortum.com.tr\/wp-content\/uploads\/urunler\/plastik\/celik-Telli-S%CC%A7effaf-Hortum.jpg?resize=732%2C371\" alt=\"\" width=\"732\" height=\"371\" title=\"\" srcset=\"https:\/\/i0.wp.com\/tuzlahortum.com.tr\/wp-content\/uploads\/urunler\/plastik\/celik-Telli-S%CC%A7effaf-Hortum.jpg?w=732&amp;ssl=1 732w, https:\/\/i0.wp.com\/tuzlahortum.com.tr\/wp-content\/uploads\/urunler\/plastik\/celik-Telli-S%CC%A7effaf-Hortum.jpg?resize=600%2C304&amp;ssl=1 600w\" sizes=\"auto, (max-width: 732px) 100vw, 732px\" \/><\/p>","protected":false},"excerpt":{"rendered":"<p>Tuyaux transparents avec fil Caract\u00e9ristiques : - Peut \u00eatre utilis\u00e9 comme absorbeur et transmetteur - Flexibilit\u00e9 maximale et extr\u00eamement r\u00e9sistant \u00e0 la rupture. -Temp\u00e9rature d'utilisation : -20\u00b0C et +65\u00b0C \u00e0 l'\u00e9tat stationnaire -5\u00b0C et +43\u00b0C \u00e0 l'\u00e9tat mobile Domaines d'utilisation : - Il est utilis\u00e9 dans les travaux d'aspiration et de refoulement dans toutes sortes de transfert de liquides alimentaires, de pompes d'aspiration, dans l'industrie alimentaire et agricole, etc.<\/p>","protected":false},"featured_media":448,"comment_status":"open","ping_status":"closed","template":"","meta":{"jetpack_post_was_ever_published":false},"product_brand":[],"product_cat":[170,172],"product_tag":[646,1204,290,1019,1203],"class_list":{"0":"post-930","1":"product","2":"type-product","3":"status-publish","4":"has-post-thumbnail","6":"product_cat-seffaf-hortumlar","7":"product_cat-telli-seffaf-hortumlar","8":"product_tag-celik","9":"product_tag-celik-telli-seffaf-hortum","10":"product_tag-hortum","11":"product_tag-seffaf","12":"product_tag-telli","14":"first","15":"instock","16":"taxable","17":"shipping-taxable","18":"product-type-variable"},"jetpack-related-posts":[{"id":12156,"url":"https:\/\/tuzlahortum.com.tr\/fr\/produit\/telli-seffaf-hortumlar-kopya\/","url_meta":{"origin":930,"position":0},"title":"Fil Transparent Tuyau Huile D&#039;Olive","author":"\u0130smail \u00c7elik","date":"7 octobre 2020","format":false,"excerpt":"Telli \u015eeffaf Hortum Zeytinya\u011f\u0131G\u0131da s\u0131v\u0131lar\u0131n\u0131n ve bitkisel ya\u011flar\u0131n\u0131n emilmesi ve iletilmesi i\u00e7in\u00a0 \u00e7elik telli spiralli PU hortum. Avrupa Birli\u011fi EU 10\/2011 A B C\u00a0 D2\u00a0 Normlar\u0131na uygun\u00a0 ve bitkisel ya\u011flar\u0131n, End\u00fcstriyel ya\u011flar\u0131n emilmesi ve iletilmesi kullan\u0131l\u0131r ve kokusuzdur. Hafif kimyasallar\u0131n transferlerinde kullan\u0131ma uygundur.","rel":"","context":"Article similaire","block_context":{"text":"Article similaire","link":""},"img":{"alt_text":"","src":"https:\/\/i0.wp.com\/tuzlahortum.com.tr\/wp-content\/uploads\/2020\/10\/TELLI-SEFFAF-ZEYTINYAGI-HORTUMU-5.jpeg?fit=1200%2C900&ssl=1&resize=350%2C200","width":350,"height":200,"srcset":"https:\/\/i0.wp.com\/tuzlahortum.com.tr\/wp-content\/uploads\/2020\/10\/TELLI-SEFFAF-ZEYTINYAGI-HORTUMU-5.jpeg?fit=1200%2C900&ssl=1&resize=350%2C200 1x, https:\/\/i0.wp.com\/tuzlahortum.com.tr\/wp-content\/uploads\/2020\/10\/TELLI-SEFFAF-ZEYTINYAGI-HORTUMU-5.jpeg?fit=1200%2C900&ssl=1&resize=525%2C300 1.5x, https:\/\/i0.wp.com\/tuzlahortum.com.tr\/wp-content\/uploads\/2020\/10\/TELLI-SEFFAF-ZEYTINYAGI-HORTUMU-5.jpeg?fit=1200%2C900&ssl=1&resize=700%2C400 2x, https:\/\/i0.wp.com\/tuzlahortum.com.tr\/wp-content\/uploads\/2020\/10\/TELLI-SEFFAF-ZEYTINYAGI-HORTUMU-5.jpeg?fit=1200%2C900&ssl=1&resize=1050%2C600 3x"},"classes":[]},{"id":912,"url":"https:\/\/tuzlahortum.com.tr\/fr\/produit\/trelleborg-osl\/","url_meta":{"origin":930,"position":1},"title":"Trelleborg OSL","author":"admin","date":"6 f\u00e9vrier 2019","format":false,"excerpt":"Trelleborg OSLSu\/Vakum uygulamalar\u0131 Su, g\u0131da \u00fcr\u00fcnleri (ya\u011fl\u0131 s\u00fct \u00fcr\u00fcnleri hari\u00e7), p\u00fcsk\u00fcrtme sol\u00fcsyonlar, kum, at\u0131k su ve kimyasal \u00fcr\u00fcnlerin \u00e7ekilmesi ve tahliyesi (PVC i\u00e7in kimyasal dayan\u0131m tablosuna bak\u0131n\u0131z). Avantajlar *D\u00fczg\u00fcn u\u00e7. *\u0130ste\u011fe g\u00f6re \u00e7e\u015fitli uzunluklarda kesilerek teslim edilebilir. *Geni\u015f \u00e7e\u015fitlilikte \u00e7aplar. *Avrupa direktifine uygun g\u0131da kalitesinde. Teknik a\u00e7\u0131klama \u0130\u00e7 t\u00fcp :\u00a0PVC,\u2026","rel":"","context":"Article similaire","block_context":{"text":"Article similaire","link":""},"img":{"alt_text":"","src":"https:\/\/i0.wp.com\/tuzlahortum.com.tr\/wp-content\/uploads\/2019\/02\/OSL.jpg?fit=800%2C800&ssl=1&resize=350%2C200","width":350,"height":200,"srcset":"https:\/\/i0.wp.com\/tuzlahortum.com.tr\/wp-content\/uploads\/2019\/02\/OSL.jpg?fit=800%2C800&ssl=1&resize=350%2C200 1x, https:\/\/i0.wp.com\/tuzlahortum.com.tr\/wp-content\/uploads\/2019\/02\/OSL.jpg?fit=800%2C800&ssl=1&resize=525%2C300 1.5x, https:\/\/i0.wp.com\/tuzlahortum.com.tr\/wp-content\/uploads\/2019\/02\/OSL.jpg?fit=800%2C800&ssl=1&resize=700%2C400 2x"},"classes":[]},{"id":5256,"url":"https:\/\/tuzlahortum.com.tr\/fr\/produit\/telli-karbon-ufleme-hortumu\/","url_meta":{"origin":930,"position":2},"title":"Tuyau de soufflage en carbone filaire","author":"\u0130smail \u00c7elik","date":"27 f\u00e9vrier 2019","format":false,"excerpt":"Telli Karbon \u00dcfleme HortumuKULLANIM ALANLARI : Demir \u00c7elik Fabrikalar\u0131nda a\u015f\u0131nd\u0131r\u0131c\u0131 madde tozlar\u0131 ve k\u00f6m\u00fcr tozu emi\u015f ve bo\u015falt\u0131m\u0131nda kullan\u0131lan \u00f6zel hortumlard\u0131r. 10 BAR -30\u00b0C+85\u00b0C","rel":"","context":"Article similaire","block_context":{"text":"Article similaire","link":""},"img":{"alt_text":"","src":"https:\/\/i0.wp.com\/tuzlahortum.com.tr\/wp-content\/uploads\/urunler\/kaucuk\/superlas-telli-spiral-hortum.jpg?fit=360%2C270&ssl=1&resize=350%2C200","width":350,"height":200},"classes":[]},{"id":859,"url":"https:\/\/tuzlahortum.com.tr\/fr\/produit\/vidanjor-hortumu\/","url_meta":{"origin":930,"position":3},"title":"Tuyau d&#039;aspiration","author":"admin","date":"6 f\u00e9vrier 2019","format":false,"excerpt":"Vidanj\u00f6r hortumu\u00d6zellikler Emici ve verici olarak kullan\u0131labilir. Esnek \u015feffaf PVC, y\u00fcksek mukavemetli, k\u0131r\u0131lmaya kar\u015f\u0131 maksimum dayan\u0131kl\u0131 sert PVC takviyesiyle \u00fcretilmektedir. \u00c7al\u0131\u015fma S\u0131cakl\u0131\u011f\u0131 -5\u00b0C ile +60\u00b0C aras\u0131 Kullan\u0131m Alanlar\u0131 Vidanj\u00f6rlerde a\u011f\u0131r hizmetlerde her t\u00fcrl\u00fc \u00a0likit ve sair malzeme naklinde kullan\u0131labilir. \u00c7ap (inch) \u00c7ap (mm) Uzunluk (mt) 4\" 102 mm 15","rel":"","context":"Article similaire","block_context":{"text":"Article similaire","link":""},"img":{"alt_text":"","src":"https:\/\/i0.wp.com\/tuzlahortum.com.tr\/wp-content\/uploads\/urunler\/plastik\/VI%CC%87DANJO%CC%88R-HORTUMU.jpg?fit=640%2C480&ssl=1&resize=350%2C200","width":350,"height":200,"srcset":"https:\/\/i0.wp.com\/tuzlahortum.com.tr\/wp-content\/uploads\/urunler\/plastik\/VI%CC%87DANJO%CC%88R-HORTUMU.jpg?fit=640%2C480&ssl=1&resize=350%2C200 1x, https:\/\/i0.wp.com\/tuzlahortum.com.tr\/wp-content\/uploads\/urunler\/plastik\/VI%CC%87DANJO%CC%88R-HORTUMU.jpg?fit=640%2C480&ssl=1&resize=525%2C300 1.5x"},"classes":[]},{"id":825,"url":"https:\/\/tuzlahortum.com.tr\/fr\/produit\/v-tipi-sari-verici-hortum-standart\/","url_meta":{"origin":930,"position":4},"title":"Tuyau de transmetteur jaune de type V (STANDARD)","author":"admin","date":"6 f\u00e9vrier 2019","format":false,"excerpt":"V Tipi Sar\u0131 Verici Hortum (STANDART)\u00d6zellikler Emici ve verici olarak kullan\u0131labilir. Esnek \u015feffaf PVC, y\u00fcksek mukavemetli, k\u0131r\u0131lmaya kar\u015f\u0131 maksimum dayan\u0131kl\u0131 sert PVC takviyesiyle \u00fcretilmektedir. \u0130\u00e7 ve d\u0131\u015f y\u00fczey d\u00fczd\u00fcr. \u00c7al\u0131\u015fma S\u0131cakl\u0131\u011f\u0131 -5\u00b0C ile +60\u00b0C aras\u0131 Kullan\u0131m Alanlar\u0131 Tar\u0131m, sanayi ve in\u015faat sekt\u00f6r\u00fcnde , pompa emi\u015flerinde, likit ve sair malzeme naklinde\u00a0\u2026","rel":"","context":"Article similaire","block_context":{"text":"Article similaire","link":""},"img":{"alt_text":"","src":"https:\/\/i0.wp.com\/tuzlahortum.com.tr\/wp-content\/uploads\/urunler\/plastik\/39.jpg?fit=456%2C232&ssl=1&resize=350%2C200","width":350,"height":200},"classes":[]},{"id":917,"url":"https:\/\/tuzlahortum.com.tr\/fr\/produit\/trelleborg-osx\/","url_meta":{"origin":930,"position":5},"title":"Trelleborg OSX","author":"admin","date":"6 f\u00e9vrier 2019","format":false,"excerpt":"Trelleborg OSXSu\/Vakum uygulamalar\u0131 \u00c7e\u015fitli s\u0131v\u0131lar ve genel end\u00fcstride kullan\u0131lan orta derecede a\u015f\u0131nd\u0131r\u0131c\u0131 kat\u0131lar\u0131n \u00e7ekilmesi ve\u00a0tahliyesi. Tohum ekme, drenaj, kanalizasyon ve su ta\u015f\u0131ma gibi tar\u0131msal uygulamalar Ayr\u0131ca itfaiye ve tesis ekipman\u0131nda (yeralt\u0131 suyunun pompalanmas\u0131) i\u00e7in kullan\u0131l\u0131r. Avantajlar *\u015eeffaf PVC, y\u00fcksek \u00e7ekme dayan\u0131m\u0131na sahip \u00e7elik helisli \u00e7ekme ve tahliye hortumu. *D\u00fczg\u00fcn u\u00e7.\u2026","rel":"","context":"Article similaire","block_context":{"text":"Article similaire","link":""},"img":{"alt_text":"","src":"https:\/\/i0.wp.com\/tuzlahortum.com.tr\/wp-content\/uploads\/2019\/02\/OSX.jpg?fit=800%2C800&ssl=1&resize=350%2C200","width":350,"height":200,"srcset":"https:\/\/i0.wp.com\/tuzlahortum.com.tr\/wp-content\/uploads\/2019\/02\/OSX.jpg?fit=800%2C800&ssl=1&resize=350%2C200 1x, https:\/\/i0.wp.com\/tuzlahortum.com.tr\/wp-content\/uploads\/2019\/02\/OSX.jpg?fit=800%2C800&ssl=1&resize=525%2C300 1.5x, https:\/\/i0.wp.com\/tuzlahortum.com.tr\/wp-content\/uploads\/2019\/02\/OSX.jpg?fit=800%2C800&ssl=1&resize=700%2C400 2x"},"classes":[]}],"jetpack_sharing_enabled":true,"jetpack_likes_enabled":true,"_links":{"self":[{"href":"https:\/\/tuzlahortum.com.tr\/fr\/wp-json\/wp\/v2\/product\/930","targetHints":{"allow":["GET"]}}],"collection":[{"href":"https:\/\/tuzlahortum.com.tr\/fr\/wp-json\/wp\/v2\/product"}],"about":[{"href":"https:\/\/tuzlahortum.com.tr\/fr\/wp-json\/wp\/v2\/types\/product"}],"replies":[{"embeddable":true,"href":"https:\/\/tuzlahortum.com.tr\/fr\/wp-json\/wp\/v2\/comments?post=930"}],"wp:featuredmedia":[{"embeddable":true,"href":"https:\/\/tuzlahortum.com.tr\/fr\/wp-json\/wp\/v2\/media\/448"}],"wp:attachment":[{"href":"https:\/\/tuzlahortum.com.tr\/fr\/wp-json\/wp\/v2\/media?parent=930"}],"wp:term":[{"taxonomy":"product_brand","embeddable":true,"href":"https:\/\/tuzlahortum.com.tr\/fr\/wp-json\/wp\/v2\/product_brand?post=930"},{"taxonomy":"product_cat","embeddable":true,"href":"https:\/\/tuzlahortum.com.tr\/fr\/wp-json\/wp\/v2\/product_cat?post=930"},{"taxonomy":"product_tag","embeddable":true,"href":"https:\/\/tuzlahortum.com.tr\/fr\/wp-json\/wp\/v2\/product_tag?post=930"}],"curies":[{"name":"wp","href":"https:\/\/api.w.org\/{rel}","templated":true}]}}