{"id":925,"date":"2019-02-06T23:55:50","date_gmt":"2019-02-06T20:55:50","guid":{"rendered":"http:\/\/hortum.com.tr\/product\/import-placeholder-for-390\/"},"modified":"2024-03-21T17:40:39","modified_gmt":"2024-03-21T14:40:39","slug":"tek-kapi-siva-ustu-cam-kapakli-sulu-sistem","status":"publish","type":"product","link":"https:\/\/tuzlahortum.com.tr\/fr\/produit\/tek-kapi-siva-ustu-cam-kapakli-sulu-sistem\/","title":{"rendered":"Porte simple \u2013 Montage en surface avec couvercle en verre (syst\u00e8me d&#039;eau) (70\u00d765)"},"content":{"rendered":"<h2>Porte simple \u2013 Montage en surface avec couvercle en verre (syst\u00e8me d&#039;eau) (70\u00d765)<\/h2>\n<h3>TAILLE 70*65<\/h3>\n<ul class=\"list-style-2\">\n<li class=\"check-list\">Tuyau d&#039;incendie en caoutchouc semi-rigide 1\u2033 TS EN 694<\/li>\n<li class=\"check-list\">Lance de pulv\u00e9risation \u00e0 jet 1\u2033 (buse)<\/li>\n<\/ul>\n<div class=\"row\">\n<table class=\"table table-bordered span5\">\n<thead>\n<tr>\n<th>\u00a0<\/th>\n<th>20 MT<\/th>\n<th>25 MT<\/th>\n<th>30 tonnes<\/th>\n<\/tr>\n<\/thead>\n<tbody>\n<tr>\n<td><strong>Vanne \u00e0 bille TSE 1\u2033<\/strong><\/td>\n<td>PI-115<\/td>\n<td>PI-116<\/td>\n<td>PI-117<\/td>\n<\/tr>\n<tr>\n<td><strong>Vanne coupe-feu 2\u2033 (avec convertisseur 2&gt;1)<\/strong><\/td>\n<td>PI-215<\/td>\n<td>PI-216<\/td>\n<td>PI-217<\/td>\n<\/tr>\n<\/tbody>\n<\/table>\n<\/div>","protected":false},"excerpt":{"rendered":"<p>Tek Kap\u0131 &#8211; S\u0131va \u00dcst\u00fc Cam Kapakl\u0131 (Sulu Sistem)(70&#215;65) \u00d6L\u00c7\u00dc 70*65 1&#8243; TS EN 694 yar\u0131 sert kau\u00e7uk yang\u0131n hortumu 1&#8243; jet sprey lans(nozul) \u00a0 20 MT 25 MT 30 MT 1&#8243; TSE K\u00fcresel Vanal\u0131 P\u0130-115 P\u0130-116 P\u0130-117 2&#8243; Yang\u0131n Vanal\u0131 ( 2&gt;1&#8217;e D\u00f6n\u00fc\u015ft\u00fcr\u00fcc\u00fcl\u00fc ) P\u0130-215 P\u0130-216 P\u0130-217<\/p>","protected":false},"featured_media":7292,"comment_status":"open","ping_status":"closed","template":"","meta":{"jetpack_post_was_ever_published":false},"product_brand":[],"product_cat":[118],"product_tag":[990,957,518,347,1202,960,352,349],"class_list":{"0":"post-925","1":"product","2":"type-product","3":"status-publish","4":"has-post-thumbnail","6":"product_cat-sulu-sistem-ts-en-671-1","7":"product_tag-cam-kapak","8":"product_tag-jet-sprey-lans","9":"product_tag-kaucuk","10":"product_tag-siva-ustu","11":"product_tag-sulu-sistem","12":"product_tag-tek-kapi","13":"product_tag-yangin-dolabi","14":"product_tag-yangin-hortumu","16":"first","17":"instock","18":"taxable","19":"shipping-taxable","20":"product-type-variable"},"jetpack-related-posts":[],"jetpack_sharing_enabled":true,"jetpack_likes_enabled":true,"_links":{"self":[{"href":"https:\/\/tuzlahortum.com.tr\/fr\/wp-json\/wp\/v2\/product\/925","targetHints":{"allow":["GET"]}}],"collection":[{"href":"https:\/\/tuzlahortum.com.tr\/fr\/wp-json\/wp\/v2\/product"}],"about":[{"href":"https:\/\/tuzlahortum.com.tr\/fr\/wp-json\/wp\/v2\/types\/product"}],"replies":[{"embeddable":true,"href":"https:\/\/tuzlahortum.com.tr\/fr\/wp-json\/wp\/v2\/comments?post=925"}],"wp:featuredmedia":[{"embeddable":true,"href":"https:\/\/tuzlahortum.com.tr\/fr\/wp-json\/wp\/v2\/media\/7292"}],"wp:attachment":[{"href":"https:\/\/tuzlahortum.com.tr\/fr\/wp-json\/wp\/v2\/media?parent=925"}],"wp:term":[{"taxonomy":"product_brand","embeddable":true,"href":"https:\/\/tuzlahortum.com.tr\/fr\/wp-json\/wp\/v2\/product_brand?post=925"},{"taxonomy":"product_cat","embeddable":true,"href":"https:\/\/tuzlahortum.com.tr\/fr\/wp-json\/wp\/v2\/product_cat?post=925"},{"taxonomy":"product_tag","embeddable":true,"href":"https:\/\/tuzlahortum.com.tr\/fr\/wp-json\/wp\/v2\/product_tag?post=925"}],"curies":[{"name":"wp","href":"https:\/\/api.w.org\/{rel}","templated":true}]}}