{"id":922,"date":"2019-02-06T23:55:49","date_gmt":"2019-02-06T20:55:49","guid":{"rendered":"http:\/\/hortum.com.tr\/product\/import-placeholder-for-472\/"},"modified":"2024-03-21T17:40:43","modified_gmt":"2024-03-21T14:40:43","slug":"trelleborg-trelljet-580","status":"publish","type":"product","link":"https:\/\/tuzlahortum.com.tr\/fr\/produit\/trelleborg-trelljet-580\/","title":{"rendered":"Trelleborg TRELJET 580"},"content":{"rendered":"<h2>Trelleborg TRELJET 580<\/h2>\n<div>Jet d&#039;eau\/haute pression<\/div>\n<div>Sp\u00e9cialement con\u00e7u pour le nettoyage haute pression professionnel et industriel. Machines,<\/div>\n<div>v\u00e9hicules, sols, espaces publics, fa\u00e7ades, etc. efficace pour<\/div>\n<div>Le rev\u00eatement anti-taches est \u00e9galement utilis\u00e9 dans l&#039;industrie alimentaire et les toilettes publiques.<\/div>\n<div>avantageux pour<\/div>\n<div>Les nettoyeurs haute pression mobiles conviennent aux installations fixes et aux applications mont\u00e9es sur roues.<\/div>\n<div>Avantages<\/div>\n<div>*Rev\u00eatement lisse anti-taches.<\/div>\n<div>* R\u00e9sistant \u00e0 l&#039;huile, aux d\u00e9tergents, \u00e0 l&#039;abrasion et au vieillissement.<\/div>\n<div>*Haute pression de travail.<\/div>\n<div>*R\u00e9sistance aux hautes temp\u00e9ratures.<\/div>\n<div>*L\u00e9ger, flexible et incassable.<\/div>\n<div>*Longue dur\u00e9e de vie.<\/div>\n<div>description technique<\/div>\n<div>Tube int\u00e9rieur : NBR\/SBR, noir, droit.<\/div>\n<div>Renforcement : acier, double tresse.<\/div>\n<div>Rev\u00eatement : SBR\/NBR, bleu, uni.<\/div>\n<div>Plage de temp\u00e9rature : -40\u00b0C \u00e0 +150\u00b0C.<\/div>\n<div>Unions\/Raccords<\/div>\n<div>Des raccords sp\u00e9cialement con\u00e7us sont disponibles pour obtenir des connexions optimales<\/div>\n<div>Contactez-nous pour plus d&#039;informations sur.<\/div>\n<div>Informations Compl\u00e9mentaires<\/div>\n<div>Her teslimat hacminin %50&#8217;si rastgele uzunluklarda olacak, en k\u0131sa uzunluk 10m, en az %50<\/div>\n<div>doit \u00eatre de longueur fixe sp\u00e9cifi\u00e9e dans le tableau.<\/div>\n<div>\n<div class=\"video video-fit mb\" style=\"padding-top:56.25%;\"><p><iframe loading=\"lazy\" title=\"Confusion des mesures (pouces, doigts, brume, millim\u00e8tres)\" width=\"1020\" height=\"574\" src=\"https:\/\/www.youtube.com\/embed\/uKk6AG_AZls?feature=oembed\" frameborder=\"0\" allow=\"accelerometer; autoplay; clipboard-write; encrypted-media; gyroscope; picture-in-picture; web-share\" referrerpolicy=\"strict-origin-when-cross-origin\" allowfullscreen><\/iframe><\/p>\n<\/div>\n<div class=\"video video-fit mb\" style=\"padding-top:56.25%;\"><p>https:\/\/www.youtube.com\/watch?v=O8ZlzKEjfEQ%20<\/p>\n<\/div>\n<\/div>\n<p><img data-recalc-dims=\"1\" loading=\"lazy\" decoding=\"async\" class=\"alignnone size-medium wp-image-2079\" src=\"https:\/\/i0.wp.com\/hortum.com.tr\/wp-content\/uploads\/urunler\/trelleborg\/Trelleborg-TRELLJET-580-800x105.jpg?resize=800%2C105\" alt=\"\" width=\"800\" height=\"105\" title=\"\" srcset=\"https:\/\/i0.wp.com\/tuzlahortum.com.tr\/wp-content\/uploads\/urunler\/trelleborg\/Trelleborg-TRELLJET-580.jpg?resize=800%2C105&amp;ssl=1 800w, https:\/\/i0.wp.com\/tuzlahortum.com.tr\/wp-content\/uploads\/urunler\/trelleborg\/Trelleborg-TRELLJET-580.jpg?resize=768%2C101&amp;ssl=1 768w, https:\/\/i0.wp.com\/tuzlahortum.com.tr\/wp-content\/uploads\/urunler\/trelleborg\/Trelleborg-TRELLJET-580.jpg?resize=600%2C79&amp;ssl=1 600w, https:\/\/i0.wp.com\/tuzlahortum.com.tr\/wp-content\/uploads\/urunler\/trelleborg\/Trelleborg-TRELLJET-580.jpg?w=853&amp;ssl=1 853w\" sizes=\"auto, (max-width: 800px) 100vw, 800px\" \/><\/p>","protected":false},"excerpt":{"rendered":"<p>Trelleborg TRELLJET 580 Su\/Y\u00fcksek bas\u0131n\u00e7l\u0131 p\u00fcsk\u00fcrtme \u00d6zel olarak profesyonel ve end\u00fcstriyel y\u00fcksek bas\u0131n\u00e7l\u0131 temizlik i\u00e7in tasarlanm\u0131\u015ft\u0131r. Makineler, ara\u00e7lar, zeminler, kamu alanlar\u0131, cepheler, vs. i\u00e7in etkilidir. Leke tutmayan kaplama ayn\u0131 zamanda g\u0131da end\u00fcstrisi ve umuma a\u00e7\u0131k banyolarda kullan\u0131m a\u00e7\u0131s\u0131ndan avantajl\u0131d\u0131r. Mobil bas\u0131n\u00e7l\u0131 y\u0131kay\u0131c\u0131lar, sabit tesisatlar ve tekerlek \u00fczerine monte uygulamalar i\u00e7in uygundur. Avantajlar *Leke tutmaz d\u00fcz [&#8230;]\n","protected":false},"featured_media":2678,"comment_status":"open","ping_status":"closed","template":"","meta":{"jetpack_post_was_ever_published":false},"product_brand":[],"product_cat":[1185],"product_tag":[556,558,560,1200,559,555,525,1201,557],"class_list":{"0":"post-922","1":"product","2":"type-product","3":"status-publish","4":"has-post-thumbnail","6":"product_cat-su-ve-sulama-hortumlari","7":"product_tag-asinmaya-yuksek-dayanim","8":"product_tag-basinc","9":"product_tag-gida-endustrisi","10":"product_tag-leke-tutmayan-kaplama","11":"product_tag-puskurtme","12":"product_tag-su","13":"product_tag-temizlik","14":"product_tag-umuma-acik-banyolarda-kullanim","15":"product_tag-yuksek","17":"first","18":"instock","19":"taxable","20":"shipping-taxable","21":"product-type-variable"},"jetpack-related-posts":[],"jetpack_sharing_enabled":true,"jetpack_likes_enabled":true,"_links":{"self":[{"href":"https:\/\/tuzlahortum.com.tr\/fr\/wp-json\/wp\/v2\/product\/922","targetHints":{"allow":["GET"]}}],"collection":[{"href":"https:\/\/tuzlahortum.com.tr\/fr\/wp-json\/wp\/v2\/product"}],"about":[{"href":"https:\/\/tuzlahortum.com.tr\/fr\/wp-json\/wp\/v2\/types\/product"}],"replies":[{"embeddable":true,"href":"https:\/\/tuzlahortum.com.tr\/fr\/wp-json\/wp\/v2\/comments?post=922"}],"wp:featuredmedia":[{"embeddable":true,"href":"https:\/\/tuzlahortum.com.tr\/fr\/wp-json\/wp\/v2\/media\/2678"}],"wp:attachment":[{"href":"https:\/\/tuzlahortum.com.tr\/fr\/wp-json\/wp\/v2\/media?parent=922"}],"wp:term":[{"taxonomy":"product_brand","embeddable":true,"href":"https:\/\/tuzlahortum.com.tr\/fr\/wp-json\/wp\/v2\/product_brand?post=922"},{"taxonomy":"product_cat","embeddable":true,"href":"https:\/\/tuzlahortum.com.tr\/fr\/wp-json\/wp\/v2\/product_cat?post=922"},{"taxonomy":"product_tag","embeddable":true,"href":"https:\/\/tuzlahortum.com.tr\/fr\/wp-json\/wp\/v2\/product_tag?post=922"}],"curies":[{"name":"wp","href":"https:\/\/api.w.org\/{rel}","templated":true}]}}