{"id":920,"date":"2019-02-06T23:55:49","date_gmt":"2019-02-06T20:55:49","guid":{"rendered":"http:\/\/hortum.com.tr\/product\/import-placeholder-for-471\/"},"modified":"2024-03-21T17:40:44","modified_gmt":"2024-03-21T14:40:44","slug":"trelleborg-trelljet-560","status":"publish","type":"product","link":"https:\/\/tuzlahortum.com.tr\/fr\/produit\/trelleborg-trelljet-560\/","title":{"rendered":"Trelleborg TRELLJET 560"},"content":{"rendered":"<h2>Trelleborg TRELLJET 560<\/h2>\n<div>Jet d&#039;eau\/haute pression<\/div>\n<div>Sp\u00e9cialement con\u00e7u pour le nettoyage haute pression professionnel et industriel. Machines,<\/div>\n<div>v\u00e9hicules, sols, espaces publics, fa\u00e7ades, etc. efficace pour<\/div>\n<div>Les nettoyeurs haute pression mobiles conviennent aux installations fixes et aux applications mont\u00e9es sur roues.<\/div>\n<div>Avantages<\/div>\n<div>*Rev\u00eatement plat.<\/div>\n<div>* R\u00e9sistant \u00e0 l&#039;huile, aux d\u00e9tergents, \u00e0 l&#039;abrasion et au vieillissement.<\/div>\n<div>*Haute pression de travail.<\/div>\n<div>*R\u00e9sistance aux hautes temp\u00e9ratures.<\/div>\n<div>*L\u00e9ger, flexible et incassable.<\/div>\n<div>*Longue dur\u00e9e de vie.<\/div>\n<div>description technique<\/div>\n<div>Tube int\u00e9rieur : NBR\/SBR, noir, droit.<\/div>\n<div>Renforcement : acier, double tresse.<\/div>\n<div>Rev\u00eatement : SBR\/NBR, noir, uni.<\/div>\n<div>Plage de temp\u00e9rature : -40\u00b0C \u00e0 +150\u00b0C.<\/div>\n<div>Unions\/Raccords<\/div>\n<div>Des raccords sp\u00e9cialement con\u00e7us sont disponibles pour obtenir des connexions optimales<\/div>\n<div>Contactez-nous pour plus d&#039;informations sur.<\/div>\n<div>Informations Compl\u00e9mentaires<\/div>\n<div>Her teslimat hacminin %50&#8217;si rastgele uzunluklarda olacak, en k\u0131sa uzunluk 10m, en az %50<\/div>\n<div>doit \u00eatre de longueur fixe sp\u00e9cifi\u00e9e dans le tableau.<\/div>\n<div>\n<div class=\"video video-fit mb\" style=\"padding-top:56.25%;\"><p><iframe loading=\"lazy\" title=\"Confusion des mesures (pouces, doigts, brume, millim\u00e8tres)\" width=\"1020\" height=\"574\" src=\"https:\/\/www.youtube.com\/embed\/uKk6AG_AZls?feature=oembed\" frameborder=\"0\" allow=\"accelerometer; autoplay; clipboard-write; encrypted-media; gyroscope; picture-in-picture; web-share\" referrerpolicy=\"strict-origin-when-cross-origin\" allowfullscreen><\/iframe><\/p>\n<\/div>\n<div class=\"video video-fit mb\" style=\"padding-top:56.25%;\"><p>https:\/\/www.youtube.com\/watch?v=O8ZlzKEjfEQ%20<\/p>\n<\/div>\n<\/div>\n<p><img data-recalc-dims=\"1\" loading=\"lazy\" decoding=\"async\" class=\"alignnone size-medium wp-image-2081\" src=\"https:\/\/i0.wp.com\/hortum.com.tr\/wp-content\/uploads\/urunler\/trelleborg\/Trelleborg-TRELLJET-560-800x87.jpg?resize=800%2C87\" alt=\"\" width=\"800\" height=\"87\" title=\"\" srcset=\"https:\/\/i0.wp.com\/tuzlahortum.com.tr\/wp-content\/uploads\/urunler\/trelleborg\/Trelleborg-TRELLJET-560.jpg?resize=800%2C87&amp;ssl=1 800w, https:\/\/i0.wp.com\/tuzlahortum.com.tr\/wp-content\/uploads\/urunler\/trelleborg\/Trelleborg-TRELLJET-560.jpg?resize=768%2C83&amp;ssl=1 768w, https:\/\/i0.wp.com\/tuzlahortum.com.tr\/wp-content\/uploads\/urunler\/trelleborg\/Trelleborg-TRELLJET-560.jpg?resize=600%2C65&amp;ssl=1 600w, https:\/\/i0.wp.com\/tuzlahortum.com.tr\/wp-content\/uploads\/urunler\/trelleborg\/Trelleborg-TRELLJET-560.jpg?w=856&amp;ssl=1 856w\" sizes=\"auto, (max-width: 800px) 100vw, 800px\" \/><\/p>","protected":false},"excerpt":{"rendered":"<p>Trelleborg TRELLJET 560 Su\/Y\u00fcksek bas\u0131n\u00e7l\u0131 p\u00fcsk\u00fcrtme \u00d6zel olarak profesyonel ve end\u00fcstriyel y\u00fcksek bas\u0131n\u00e7l\u0131 temizlik i\u00e7in tasarlanm\u0131\u015ft\u0131r. Makineler, ara\u00e7lar, zeminler, kamu alanlar\u0131, cepheler, vs. i\u00e7in etkilidir. Mobil bas\u0131n\u00e7l\u0131 y\u0131kay\u0131c\u0131lar, sabit tesisatlar ve tekerlek \u00fczerine monte uygulamalar i\u00e7in uygundur. Avantajlar *D\u00fcz kaplama. *Ya\u011fa, deterjana, a\u015f\u0131nmaya ve eskimeye dayan\u0131kl\u0131. *Y\u00fcksek \u00e7al\u0131\u015fma bas\u0131nc\u0131. *Y\u00fcksek s\u0131cakl\u0131k dayan\u0131m\u0131. *Hafif, esnek ve [&#8230;]\n","protected":false},"featured_media":2676,"comment_status":"open","ping_status":"closed","template":"","meta":{"jetpack_post_was_ever_published":false},"product_brand":[],"product_cat":[1185],"product_tag":[556,558,559,555,525,557],"class_list":{"0":"post-920","1":"product","2":"type-product","3":"status-publish","4":"has-post-thumbnail","6":"product_cat-su-ve-sulama-hortumlari","7":"product_tag-asinmaya-yuksek-dayanim","8":"product_tag-basinc","9":"product_tag-puskurtme","10":"product_tag-su","11":"product_tag-temizlik","12":"product_tag-yuksek","14":"first","15":"instock","16":"taxable","17":"shipping-taxable","18":"product-type-variable"},"jetpack-related-posts":[{"id":921,"url":"https:\/\/tuzlahortum.com.tr\/fr\/produit\/trelleborg-trelljet-561\/","url_meta":{"origin":920,"position":0},"title":"Trelleborg TRELJET 561","author":"admin","date":"6 f\u00e9vrier 2019","format":false,"excerpt":"Trelleborg TRELLJET 561Su\/Y\u00fcksek bas\u0131n\u00e7l\u0131 p\u00fcsk\u00fcrtme \u00d6zel olarak profesyonel ve end\u00fcstriyel y\u00fcksek bas\u0131n\u00e7l\u0131 temizlik i\u00e7in tasarlanm\u0131\u015ft\u0131r. Makineler, ara\u00e7lar, zeminler, kamu alanlar\u0131, cepheler, vs. i\u00e7in etkilidir. Mobil bas\u0131n\u00e7l\u0131 y\u0131kay\u0131c\u0131lar, sabit tesisatlar ve tekerlek \u00fczerine monte uygulamalar i\u00e7in uygundur. Avantajlar *D\u00fcz kaplama. *Ya\u011fa, deterjana, a\u015f\u0131nmaya ve eskimeye dayan\u0131kl\u0131. *Y\u00fcksek s\u0131cakl\u0131k dayan\u0131m\u0131. *Hafif, esnek\u2026","rel":"","context":"Article similaire","block_context":{"text":"Article similaire","link":""},"img":{"alt_text":"","src":"https:\/\/i0.wp.com\/tuzlahortum.com.tr\/wp-content\/uploads\/2019\/02\/TRELLJET-561.jpg?fit=800%2C800&ssl=1&resize=350%2C200","width":350,"height":200,"srcset":"https:\/\/i0.wp.com\/tuzlahortum.com.tr\/wp-content\/uploads\/2019\/02\/TRELLJET-561.jpg?fit=800%2C800&ssl=1&resize=350%2C200 1x, https:\/\/i0.wp.com\/tuzlahortum.com.tr\/wp-content\/uploads\/2019\/02\/TRELLJET-561.jpg?fit=800%2C800&ssl=1&resize=525%2C300 1.5x, https:\/\/i0.wp.com\/tuzlahortum.com.tr\/wp-content\/uploads\/2019\/02\/TRELLJET-561.jpg?fit=800%2C800&ssl=1&resize=700%2C400 2x"},"classes":[]},{"id":922,"url":"https:\/\/tuzlahortum.com.tr\/fr\/produit\/trelleborg-trelljet-580\/","url_meta":{"origin":920,"position":1},"title":"Trelleborg TRELJET 580","author":"admin","date":"6 f\u00e9vrier 2019","format":false,"excerpt":"Trelleborg TRELLJET 580Su\/Y\u00fcksek bas\u0131n\u00e7l\u0131 p\u00fcsk\u00fcrtme \u00d6zel olarak profesyonel ve end\u00fcstriyel y\u00fcksek bas\u0131n\u00e7l\u0131 temizlik i\u00e7in tasarlanm\u0131\u015ft\u0131r. Makineler, ara\u00e7lar, zeminler, kamu alanlar\u0131, cepheler, vs. i\u00e7in etkilidir. Leke tutmayan kaplama ayn\u0131 zamanda g\u0131da end\u00fcstrisi ve umuma a\u00e7\u0131k banyolarda kullan\u0131m a\u00e7\u0131s\u0131ndan avantajl\u0131d\u0131r. Mobil bas\u0131n\u00e7l\u0131 y\u0131kay\u0131c\u0131lar, sabit tesisatlar ve tekerlek \u00fczerine monte uygulamalar i\u00e7in uygundur.\u2026","rel":"","context":"Article similaire","block_context":{"text":"Article similaire","link":""},"img":{"alt_text":"","src":"https:\/\/i0.wp.com\/tuzlahortum.com.tr\/wp-content\/uploads\/2019\/02\/TRELLJET-580.jpg?fit=800%2C800&ssl=1&resize=350%2C200","width":350,"height":200,"srcset":"https:\/\/i0.wp.com\/tuzlahortum.com.tr\/wp-content\/uploads\/2019\/02\/TRELLJET-580.jpg?fit=800%2C800&ssl=1&resize=350%2C200 1x, https:\/\/i0.wp.com\/tuzlahortum.com.tr\/wp-content\/uploads\/2019\/02\/TRELLJET-580.jpg?fit=800%2C800&ssl=1&resize=525%2C300 1.5x, https:\/\/i0.wp.com\/tuzlahortum.com.tr\/wp-content\/uploads\/2019\/02\/TRELLJET-580.jpg?fit=800%2C800&ssl=1&resize=700%2C400 2x"},"classes":[]},{"id":923,"url":"https:\/\/tuzlahortum.com.tr\/fr\/produit\/trelleborg-trelljet-581\/","url_meta":{"origin":920,"position":2},"title":"Trelleborg TRELJET 581","author":"admin","date":"6 f\u00e9vrier 2019","format":false,"excerpt":"Trelleborg TRELLJET 581Su\/Y\u00fcksek bas\u0131n\u00e7l\u0131 p\u00fcsk\u00fcrtme \u00d6zel olarak profesyonel ve end\u00fcstriyel y\u00fcksek bas\u0131n\u00e7l\u0131 temizlik i\u00e7in tasarlanm\u0131\u015ft\u0131r. Makineler, ara\u00e7lar, zeminler, kamu alanlar\u0131, cepheler, vs. i\u00e7in etkilidir. Leke tutmayan kaplama ayn\u0131 zamanda g\u0131da end\u00fcstrisi ve umuma a\u00e7\u0131k banyolarda kullan\u0131m\u00a0a\u00e7\u0131s\u0131ndan avantajl\u0131d\u0131r. Mobil bas\u0131n\u00e7l\u0131 y\u0131kay\u0131c\u0131lar, sabit tesisatlar ve tekerlek \u00fczerine monte uygulamalar i\u00e7in uygundur. Avantajlar\u2026","rel":"","context":"Article similaire","block_context":{"text":"Article similaire","link":""},"img":{"alt_text":"","src":"https:\/\/i0.wp.com\/tuzlahortum.com.tr\/wp-content\/uploads\/2019\/02\/TRELLJET-581.jpg?fit=800%2C800&ssl=1&resize=350%2C200","width":350,"height":200,"srcset":"https:\/\/i0.wp.com\/tuzlahortum.com.tr\/wp-content\/uploads\/2019\/02\/TRELLJET-581.jpg?fit=800%2C800&ssl=1&resize=350%2C200 1x, https:\/\/i0.wp.com\/tuzlahortum.com.tr\/wp-content\/uploads\/2019\/02\/TRELLJET-581.jpg?fit=800%2C800&ssl=1&resize=525%2C300 1.5x, https:\/\/i0.wp.com\/tuzlahortum.com.tr\/wp-content\/uploads\/2019\/02\/TRELLJET-581.jpg?fit=800%2C800&ssl=1&resize=700%2C400 2x"},"classes":[]},{"id":645,"url":"https:\/\/tuzlahortum.com.tr\/fr\/produit\/trelleborg-trelljet-681-antimicrobial-protection\/","url_meta":{"origin":920,"position":3},"title":"Trelleborg TRELLJET 681 Protection antimicrobienne","author":"admin","date":"6 f\u00e9vrier 2019","format":false,"excerpt":"Trelleborg TRELLJET 681 Antimicrobial ProtectionG\u0131da End\u00fcstrisi\/Y\u00fcksek bas\u0131n\u00e7l\u0131 p\u00fcsk\u00fcrtme \u00d6zel olarak profesyonel ve end\u00fcstriyel y\u00fcksek bas\u0131n\u00e7l\u0131 temizlik i\u00e7in tasarlanm\u0131\u015ft\u0131r. Antimikrobiyel TRELLJET 681 bakteri \u00fcremesinin s\u00f6z konusu oldu\u011fu t\u00fcm ortamlar i\u00e7in uygundur: temizlik \u015firketleri, g\u0131da end\u00fcstrileri, farmas\u00f6tik, ambalajlama\/\u015fi\u015feleme, sa\u011fl\u0131k tesisleri, okullar, vs. Mobil bas\u0131n\u00e7l\u0131 y\u0131kay\u0131c\u0131lar, sabit tesisatlar ve tekerle\u011fe monte uygulamalar\u00a0i\u00e7in uygundur.\u2026","rel":"","context":"Article similaire","block_context":{"text":"Article similaire","link":""},"img":{"alt_text":"","src":"https:\/\/i0.wp.com\/tuzlahortum.com.tr\/wp-content\/uploads\/2019\/02\/TRELLJET-681-AP.jpg?fit=800%2C800&ssl=1&resize=350%2C200","width":350,"height":200,"srcset":"https:\/\/i0.wp.com\/tuzlahortum.com.tr\/wp-content\/uploads\/2019\/02\/TRELLJET-681-AP.jpg?fit=800%2C800&ssl=1&resize=350%2C200 1x, https:\/\/i0.wp.com\/tuzlahortum.com.tr\/wp-content\/uploads\/2019\/02\/TRELLJET-681-AP.jpg?fit=800%2C800&ssl=1&resize=525%2C300 1.5x, https:\/\/i0.wp.com\/tuzlahortum.com.tr\/wp-content\/uploads\/2019\/02\/TRELLJET-681-AP.jpg?fit=800%2C800&ssl=1&resize=700%2C400 2x"},"classes":[]},{"id":654,"url":"https:\/\/tuzlahortum.com.tr\/fr\/produit\/trelleborg-airflat\/","url_meta":{"origin":920,"position":4},"title":"Trelleborg AIRFLAT","author":"admin","date":"6 f\u00e9vrier 2019","format":false,"excerpt":"Trelleborg AIRFLATHava\/Bas\u0131n\u00e7l\u0131 hava uygulamalar\u0131 Bay\u0131nd\u0131rl\u0131k hizmetleri, tar\u0131m ve t\u00fcm end\u00fcstrilerde \u00e7ok ama\u00e7l\u0131 uygulamalara y\u00f6nelik hafif, d\u00fcz\u00a0hortum. \u00d6zellikle y\u00fcksek uzunluk ve hafif a\u011f\u0131rl\u0131klara ihtiya\u00e7 duyuldu\u011funda ve eri\u015fimin kolay olmad\u0131\u011f\u0131 alanlarda s\u0131v\u0131 ve benzeri s\u0131v\u0131lar\u0131n yan\u0131 s\u0131ra bas\u0131n\u00e7l\u0131 hava pompalanmas\u0131 ve ta\u015f\u0131nmas\u0131 i\u00e7in\u00a0tasarlanm\u0131\u015ft\u0131r. Avantajlar *Ta\u015f\u0131mas\u0131 ve depolanmas\u0131 kolayd\u0131r, \u00e7ok d\u00fc\u015f\u00fck a\u011f\u0131rl\u0131k, sar\u0131labilir.\u2026","rel":"","context":"Article similaire","block_context":{"text":"Article similaire","link":""},"img":{"alt_text":"","src":"https:\/\/i0.wp.com\/tuzlahortum.com.tr\/wp-content\/uploads\/2019\/02\/AIRFLAT.jpg?fit=800%2C800&ssl=1&resize=350%2C200","width":350,"height":200,"srcset":"https:\/\/i0.wp.com\/tuzlahortum.com.tr\/wp-content\/uploads\/2019\/02\/AIRFLAT.jpg?fit=800%2C800&ssl=1&resize=350%2C200 1x, https:\/\/i0.wp.com\/tuzlahortum.com.tr\/wp-content\/uploads\/2019\/02\/AIRFLAT.jpg?fit=800%2C800&ssl=1&resize=525%2C300 1.5x, https:\/\/i0.wp.com\/tuzlahortum.com.tr\/wp-content\/uploads\/2019\/02\/AIRFLAT.jpg?fit=800%2C800&ssl=1&resize=700%2C400 2x"},"classes":[]},{"id":561,"url":"https:\/\/tuzlahortum.com.tr\/fr\/produit\/trelleborg-kuka-hortumu-kanal-acma\/","url_meta":{"origin":920,"position":5},"title":"Tuyau Trelleborg Kuka (CANALKLER 250 S)","author":"admin","date":"6 f\u00e9vrier 2019","format":false,"excerpt":"Trelleborg Kuka Hortumu (CANALKLER 250 S )Drenaj ve kanalizasyon temizli\u011fi Kanalizasyon bas\u0131n\u00e7l\u0131 su p\u00fcsk\u00fcrtme ve a\u011f\u0131r hizmet ko\u015fullar\u0131nda, y\u00fcksek bas\u0131n\u00e7l\u0131 suyla temizlik. Avantajlar Daha y\u00fcksek temizlik verimi, temizlik s\u00fcresinden tasarruf, dolay\u0131s\u0131yla yak\u0131t t\u00fcketiminde azalma sa\u011flayan \u00e7ok d\u00fc\u015f\u00fck kayma direnci. Daha y\u00fcksek a\u015f\u0131nma dayan\u0131m\u0131na sahip \u00f6zel kaplama bile\u015fi\u011fi sayesinde daha uzun\u2026","rel":"","context":"Article similaire","block_context":{"text":"Article similaire","link":""},"img":{"alt_text":"","src":"https:\/\/i0.wp.com\/tuzlahortum.com.tr\/wp-content\/uploads\/2019\/02\/CANALKLER-250-S-ASSEMBLY.jpg?fit=800%2C800&ssl=1&resize=350%2C200","width":350,"height":200,"srcset":"https:\/\/i0.wp.com\/tuzlahortum.com.tr\/wp-content\/uploads\/2019\/02\/CANALKLER-250-S-ASSEMBLY.jpg?fit=800%2C800&ssl=1&resize=350%2C200 1x, https:\/\/i0.wp.com\/tuzlahortum.com.tr\/wp-content\/uploads\/2019\/02\/CANALKLER-250-S-ASSEMBLY.jpg?fit=800%2C800&ssl=1&resize=525%2C300 1.5x, https:\/\/i0.wp.com\/tuzlahortum.com.tr\/wp-content\/uploads\/2019\/02\/CANALKLER-250-S-ASSEMBLY.jpg?fit=800%2C800&ssl=1&resize=700%2C400 2x"},"classes":[]}],"jetpack_sharing_enabled":true,"jetpack_likes_enabled":true,"_links":{"self":[{"href":"https:\/\/tuzlahortum.com.tr\/fr\/wp-json\/wp\/v2\/product\/920","targetHints":{"allow":["GET"]}}],"collection":[{"href":"https:\/\/tuzlahortum.com.tr\/fr\/wp-json\/wp\/v2\/product"}],"about":[{"href":"https:\/\/tuzlahortum.com.tr\/fr\/wp-json\/wp\/v2\/types\/product"}],"replies":[{"embeddable":true,"href":"https:\/\/tuzlahortum.com.tr\/fr\/wp-json\/wp\/v2\/comments?post=920"}],"wp:featuredmedia":[{"embeddable":true,"href":"https:\/\/tuzlahortum.com.tr\/fr\/wp-json\/wp\/v2\/media\/2676"}],"wp:attachment":[{"href":"https:\/\/tuzlahortum.com.tr\/fr\/wp-json\/wp\/v2\/media?parent=920"}],"wp:term":[{"taxonomy":"product_brand","embeddable":true,"href":"https:\/\/tuzlahortum.com.tr\/fr\/wp-json\/wp\/v2\/product_brand?post=920"},{"taxonomy":"product_cat","embeddable":true,"href":"https:\/\/tuzlahortum.com.tr\/fr\/wp-json\/wp\/v2\/product_cat?post=920"},{"taxonomy":"product_tag","embeddable":true,"href":"https:\/\/tuzlahortum.com.tr\/fr\/wp-json\/wp\/v2\/product_tag?post=920"}],"curies":[{"name":"wp","href":"https:\/\/api.w.org\/{rel}","templated":true}]}}