{"id":918,"date":"2019-02-06T23:55:48","date_gmt":"2019-02-06T20:55:48","guid":{"rendered":"http:\/\/hortum.com.tr\/product\/import-placeholder-for-447\/"},"modified":"2024-03-21T17:40:46","modified_gmt":"2024-03-21T14:40:46","slug":"trelleborg-redwater","status":"publish","type":"product","link":"https:\/\/tuzlahortum.com.tr\/fr\/produit\/trelleborg-redwater\/","title":{"rendered":"EAU ROUGE Trelleborg"},"content":{"rendered":"<h2>EAU ROUGE Trelleborg<\/h2>\n<div>Eau\/Nettoyage et lavage<\/div>\n<div>Rejet d&#039;eau sous pression dans les zones industrielles ou les villes.<\/div>\n<div>Avantages<\/div>\n<div>*Tuyau r\u00e9sistant.<\/div>\n<div>*Haute r\u00e9sistance \u00e0 l&#039;abrasion gr\u00e2ce \u00e0 son \u00e9paisseur de paroi.<\/div>\n<div>description technique<\/div>\n<div>Chambre \u00e0 air : SBR pour DI\u226425mm, EPDM pour DI&gt;25mm, noir, uni.<\/div>\n<div>Renforcement : textile synth\u00e9tique.<\/div>\n<div>Rev\u00eatement : SBR, rouge, aspect tissu pour DIA&gt;25mm, uni pour DIA \u226425mm.<\/div>\n<div>Plage de temp\u00e9rature : -25\u00b0C \u00e0 +70\u00b0C.<\/div>\n<div>\n<div class=\"video video-fit mb\" style=\"padding-top:56.25%;\"><p><iframe loading=\"lazy\" title=\"Confusion des mesures (pouces, doigts, brume, millim\u00e8tres)\" width=\"1020\" height=\"574\" src=\"https:\/\/www.youtube.com\/embed\/uKk6AG_AZls?feature=oembed\" frameborder=\"0\" allow=\"accelerometer; autoplay; clipboard-write; encrypted-media; gyroscope; picture-in-picture; web-share\" referrerpolicy=\"strict-origin-when-cross-origin\" allowfullscreen><\/iframe><\/p>\n<\/div>\n<div class=\"video video-fit mb\" style=\"padding-top:56.25%;\"><p>https:\/\/www.youtube.com\/watch?v=O8ZlzKEjfEQ%20<\/p>\n<\/div>\n<\/div>\n<p><img data-recalc-dims=\"1\" loading=\"lazy\" decoding=\"async\" class=\"alignnone size-medium wp-image-2085\" src=\"https:\/\/i0.wp.com\/hortum.com.tr\/wp-content\/uploads\/urunler\/trelleborg\/Trelleborg-REDWATER-800x321.jpg?resize=800%2C321\" alt=\"\" width=\"800\" height=\"321\" title=\"\" srcset=\"https:\/\/i0.wp.com\/tuzlahortum.com.tr\/wp-content\/uploads\/urunler\/trelleborg\/Trelleborg-REDWATER.jpg?resize=800%2C321&amp;ssl=1 800w, https:\/\/i0.wp.com\/tuzlahortum.com.tr\/wp-content\/uploads\/urunler\/trelleborg\/Trelleborg-REDWATER.jpg?resize=768%2C308&amp;ssl=1 768w, https:\/\/i0.wp.com\/tuzlahortum.com.tr\/wp-content\/uploads\/urunler\/trelleborg\/Trelleborg-REDWATER.jpg?resize=600%2C241&amp;ssl=1 600w, https:\/\/i0.wp.com\/tuzlahortum.com.tr\/wp-content\/uploads\/urunler\/trelleborg\/Trelleborg-REDWATER.jpg?w=844&amp;ssl=1 844w\" sizes=\"auto, (max-width: 800px) 100vw, 800px\" \/><\/p>","protected":false},"excerpt":{"rendered":"<p>Trelleborg REDWATER Su\/Temizlik ve y\u0131kama End\u00fcstriyel alanlarda veya \u015fehirlerde bas\u0131n\u00e7 alt\u0131nda su tahliyesi. Avantajlar *Dayan\u0131kl\u0131 hortum. *Et kal\u0131nl\u0131\u011f\u0131 sayesinde a\u015f\u0131nmaya kar\u015f\u0131 y\u00fcksek dayan\u0131m. Teknik a\u00e7\u0131klama \u0130\u00e7 t\u00fcp :\u00a0\u0130\u00c7\u226425mm i\u00e7in SBR, \u0130\u00c7&gt;25mm i\u00e7in EPDM, siyah, d\u00fcz. Takviye :\u00a0sentetik tekstil. Kaplama :\u00a0SBR, k\u0131rm\u0131z\u0131, \u0130\u00c7&gt;25mm i\u00e7in kuma\u015f g\u00f6r\u00fcn\u00fcml\u00fc, \u0130\u00c7\u226425mm i\u00e7in d\u00fcz. S\u0131cakl\u0131k aral\u0131\u011f\u0131 :\u00a0-25\u00b0C to +70\u00b0C.<\/p>","protected":false},"featured_media":2672,"comment_status":"open","ping_status":"closed","template":"","meta":{"jetpack_post_was_ever_published":false},"product_brand":[],"product_cat":[1185],"product_tag":[556,357,2167,2168,555,1187,525],"class_list":{"0":"post-918","1":"product","2":"type-product","3":"status-publish","4":"has-post-thumbnail","6":"product_cat-su-ve-sulama-hortumlari","7":"product_tag-asinmaya-yuksek-dayanim","8":"product_tag-endustriyel","9":"product_tag-endustriyel-alanlarda","10":"product_tag-sehirlerde","11":"product_tag-su","12":"product_tag-su-tahliyesi","13":"product_tag-temizlik","15":"first","16":"instock","17":"taxable","18":"shipping-taxable","19":"product-type-variable"},"jetpack-related-posts":[],"jetpack_sharing_enabled":true,"jetpack_likes_enabled":true,"_links":{"self":[{"href":"https:\/\/tuzlahortum.com.tr\/fr\/wp-json\/wp\/v2\/product\/918","targetHints":{"allow":["GET"]}}],"collection":[{"href":"https:\/\/tuzlahortum.com.tr\/fr\/wp-json\/wp\/v2\/product"}],"about":[{"href":"https:\/\/tuzlahortum.com.tr\/fr\/wp-json\/wp\/v2\/types\/product"}],"replies":[{"embeddable":true,"href":"https:\/\/tuzlahortum.com.tr\/fr\/wp-json\/wp\/v2\/comments?post=918"}],"wp:featuredmedia":[{"embeddable":true,"href":"https:\/\/tuzlahortum.com.tr\/fr\/wp-json\/wp\/v2\/media\/2672"}],"wp:attachment":[{"href":"https:\/\/tuzlahortum.com.tr\/fr\/wp-json\/wp\/v2\/media?parent=918"}],"wp:term":[{"taxonomy":"product_brand","embeddable":true,"href":"https:\/\/tuzlahortum.com.tr\/fr\/wp-json\/wp\/v2\/product_brand?post=918"},{"taxonomy":"product_cat","embeddable":true,"href":"https:\/\/tuzlahortum.com.tr\/fr\/wp-json\/wp\/v2\/product_cat?post=918"},{"taxonomy":"product_tag","embeddable":true,"href":"https:\/\/tuzlahortum.com.tr\/fr\/wp-json\/wp\/v2\/product_tag?post=918"}],"curies":[{"name":"wp","href":"https:\/\/api.w.org\/{rel}","templated":true}]}}