{"id":917,"date":"2019-02-06T23:55:48","date_gmt":"2019-02-06T20:55:48","guid":{"rendered":"http:\/\/hortum.com.tr\/product\/import-placeholder-for-467\/"},"modified":"2024-03-21T17:40:47","modified_gmt":"2024-03-21T14:40:47","slug":"trelleborg-osx","status":"publish","type":"product","link":"https:\/\/tuzlahortum.com.tr\/fr\/produit\/trelleborg-osx\/","title":{"rendered":"Trelleborg OSX"},"content":{"rendered":"<h2>Trelleborg OSX<\/h2>\n<div>Applications eau\/vide<\/div>\n<div>Extraction et d\u00e9charge de solides mod\u00e9r\u00e9ment abrasifs utilis\u00e9s dans divers liquides et industrie g\u00e9n\u00e9rale.<\/div>\n<div>Applications agricoles telles que la plantation de graines, le drainage, le transport des eaux us\u00e9es et de l&#039;eau.<\/div>\n<div>utilis\u00e9 pour l&#039;\u00e9quipement de l&#039;usine (pompage des eaux souterraines).<\/div>\n<div>Avantages<\/div>\n<div>* PVC transparent, tuyau de traction et de d\u00e9charge h\u00e9lico\u00efdal en acier \u00e0 haute r\u00e9sistance \u00e0 la traction.<\/div>\n<div>* Volez correctement.<\/div>\n<div>*La force maximale.<\/div>\n<div>*Rayon de courbure maximum qui ne bloque pas le flux.<\/div>\n<div>*Excellente r\u00e9sistance \u00e0 la pression, au vide total et \u00e0 l&#039;\u00e9crasement accidentel.<\/div>\n<div>*R\u00e9sistance chimique.<\/div>\n<div>*PVC de qualit\u00e9 alimentaire (approuv\u00e9 JANESCO), max. D\u00e9charge d&#039;alcool jusqu&#039;\u00e0 18\u00b0.<\/div>\n<div>description technique<\/div>\n<div>Tube int\u00e9rieur : PVC alimentaire, transparent, droit.<\/div>\n<div>Renforcement : acier haute r\u00e9sistance.<\/div>\n<div>Rev\u00eatement : PVC, transparent, l\u00e9g\u00e8rement ondul\u00e9.<\/div>\n<div>Plage de temp\u00e9rature : -5\u00b0C \u00e0 +50\u00b0C.<\/div>\n<div>Propri\u00e9t\u00e9s \u00e9lectriques : non conducteur.<\/div>\n<div>Informations Compl\u00e9mentaires<\/div>\n<div>Toutes les donn\u00e9es techniques sont valables pour +20\u00b0C.<\/div>\n<div>Pression d&#039;\u00e9clatement = 2,5 pression de service \u00e0 20\u00b0C.<\/div>\n<div>\n<div class=\"video video-fit mb\" style=\"padding-top:56.25%;\"><p><iframe loading=\"lazy\" title=\"Confusion des mesures (pouces, doigts, brume, millim\u00e8tres)\" width=\"1020\" height=\"574\" src=\"https:\/\/www.youtube.com\/embed\/uKk6AG_AZls?feature=oembed\" frameborder=\"0\" allow=\"accelerometer; autoplay; clipboard-write; encrypted-media; gyroscope; picture-in-picture; web-share\" referrerpolicy=\"strict-origin-when-cross-origin\" allowfullscreen><\/iframe><\/p>\n<\/div>\n<div class=\"video video-fit mb\" style=\"padding-top:56.25%;\"><p>https:\/\/www.youtube.com\/watch?v=O8ZlzKEjfEQ%20<\/p>\n<\/div>\n<\/div>\n<p><img data-recalc-dims=\"1\" loading=\"lazy\" decoding=\"async\" class=\"alignnone size-medium wp-image-2090\" src=\"https:\/\/i0.wp.com\/hortum.com.tr\/wp-content\/uploads\/urunler\/trelleborg\/Trelleborg-OSX-800x335.jpg?resize=800%2C335\" alt=\"\" width=\"800\" height=\"335\" title=\"\" srcset=\"https:\/\/i0.wp.com\/tuzlahortum.com.tr\/wp-content\/uploads\/urunler\/trelleborg\/Trelleborg-OSX.jpg?resize=800%2C335&amp;ssl=1 800w, https:\/\/i0.wp.com\/tuzlahortum.com.tr\/wp-content\/uploads\/urunler\/trelleborg\/Trelleborg-OSX.jpg?resize=768%2C322&amp;ssl=1 768w, https:\/\/i0.wp.com\/tuzlahortum.com.tr\/wp-content\/uploads\/urunler\/trelleborg\/Trelleborg-OSX.jpg?resize=600%2C251&amp;ssl=1 600w, https:\/\/i0.wp.com\/tuzlahortum.com.tr\/wp-content\/uploads\/urunler\/trelleborg\/Trelleborg-OSX.jpg?w=857&amp;ssl=1 857w\" sizes=\"auto, (max-width: 800px) 100vw, 800px\" \/><\/p>","protected":false},"excerpt":{"rendered":"<p>Trelleborg OSX Su\/Vakum uygulamalar\u0131 \u00c7e\u015fitli s\u0131v\u0131lar ve genel end\u00fcstride kullan\u0131lan orta derecede a\u015f\u0131nd\u0131r\u0131c\u0131 kat\u0131lar\u0131n \u00e7ekilmesi ve\u00a0tahliyesi. Tohum ekme, drenaj, kanalizasyon ve su ta\u015f\u0131ma gibi tar\u0131msal uygulamalar Ayr\u0131ca itfaiye ve tesis ekipman\u0131nda (yeralt\u0131 suyunun pompalanmas\u0131) i\u00e7in kullan\u0131l\u0131r. Avantajlar *\u015eeffaf PVC, y\u00fcksek \u00e7ekme dayan\u0131m\u0131na sahip \u00e7elik helisli \u00e7ekme ve tahliye hortumu. *D\u00fczg\u00fcn u\u00e7. *Maksimum dayan\u0131m. *Ak\u0131\u015f\u0131 engellemeyen [&#8230;]\n","protected":false},"featured_media":2662,"comment_status":"open","ping_status":"closed","template":"","meta":{"jetpack_post_was_ever_published":false},"product_brand":[],"product_cat":[1185],"product_tag":[556,1196,1195,555,343,525,1036],"class_list":{"0":"post-917","1":"product","2":"type-product","3":"status-publish","4":"has-post-thumbnail","6":"product_cat-su-ve-sulama-hortumlari","7":"product_tag-asinmaya-yuksek-dayanim","8":"product_tag-kati-asindirici","9":"product_tag-sivi","10":"product_tag-su","11":"product_tag-tahliye","12":"product_tag-temizlik","13":"product_tag-vakum","15":"first","16":"instock","17":"taxable","18":"shipping-taxable","19":"product-type-variable"},"jetpack-related-posts":[{"id":912,"url":"https:\/\/tuzlahortum.com.tr\/fr\/produit\/trelleborg-osl\/","url_meta":{"origin":917,"position":0},"title":"Trelleborg OSL","author":"admin","date":"6 f\u00e9vrier 2019","format":false,"excerpt":"Trelleborg OSLSu\/Vakum uygulamalar\u0131 Su, g\u0131da \u00fcr\u00fcnleri (ya\u011fl\u0131 s\u00fct \u00fcr\u00fcnleri hari\u00e7), p\u00fcsk\u00fcrtme sol\u00fcsyonlar, kum, at\u0131k su ve kimyasal \u00fcr\u00fcnlerin \u00e7ekilmesi ve tahliyesi (PVC i\u00e7in kimyasal dayan\u0131m tablosuna bak\u0131n\u0131z). Avantajlar *D\u00fczg\u00fcn u\u00e7. *\u0130ste\u011fe g\u00f6re \u00e7e\u015fitli uzunluklarda kesilerek teslim edilebilir. *Geni\u015f \u00e7e\u015fitlilikte \u00e7aplar. *Avrupa direktifine uygun g\u0131da kalitesinde. Teknik a\u00e7\u0131klama \u0130\u00e7 t\u00fcp :\u00a0PVC,\u2026","rel":"","context":"Article similaire","block_context":{"text":"Article similaire","link":""},"img":{"alt_text":"","src":"https:\/\/i0.wp.com\/tuzlahortum.com.tr\/wp-content\/uploads\/2019\/02\/OSL.jpg?fit=800%2C800&ssl=1&resize=350%2C200","width":350,"height":200,"srcset":"https:\/\/i0.wp.com\/tuzlahortum.com.tr\/wp-content\/uploads\/2019\/02\/OSL.jpg?fit=800%2C800&ssl=1&resize=350%2C200 1x, https:\/\/i0.wp.com\/tuzlahortum.com.tr\/wp-content\/uploads\/2019\/02\/OSL.jpg?fit=800%2C800&ssl=1&resize=525%2C300 1.5x, https:\/\/i0.wp.com\/tuzlahortum.com.tr\/wp-content\/uploads\/2019\/02\/OSL.jpg?fit=800%2C800&ssl=1&resize=700%2C400 2x"},"classes":[]},{"id":668,"url":"https:\/\/tuzlahortum.com.tr\/fr\/produit\/tc-25\/","url_meta":{"origin":917,"position":1},"title":"CT 25","author":"admin","date":"6 f\u00e9vrier 2019","format":false,"excerpt":"TC 25MATERYAL: Hortum duvar\u0131 : PVC Kapl\u0131 Kuma\u015f \u2022 A\u011f\u0131rl\u0131k : 850 gr\/m2 \u2022 \u00c7ekme dayan\u0131m\u0131 : 320 \/ 300 kg.F \u2022 Y\u0131rt\u0131lma dayan\u0131m\u0131 : 37 \/ 45 kg.F \u2022 Kal\u0131nl\u0131k : 0.65 mm \u2022 Renk : Sar\u0131 - Gri \u2022 Su Ge\u00e7irgenli\u011fi : 2000 mmWG D\u0131\u015f Spiral : Galvaniz\u2026","rel":"","context":"Article similaire","block_context":{"text":"Article similaire","link":""},"img":{"alt_text":"","src":"https:\/\/i0.wp.com\/tuzlahortum.com.tr\/wp-content\/uploads\/2019\/03\/TC-02FR-01FR-TC25.jpg?fit=600%2C450&ssl=1&resize=350%2C200","width":350,"height":200,"srcset":"https:\/\/i0.wp.com\/tuzlahortum.com.tr\/wp-content\/uploads\/2019\/03\/TC-02FR-01FR-TC25.jpg?fit=600%2C450&ssl=1&resize=350%2C200 1x, https:\/\/i0.wp.com\/tuzlahortum.com.tr\/wp-content\/uploads\/2019\/03\/TC-02FR-01FR-TC25.jpg?fit=600%2C450&ssl=1&resize=525%2C300 1.5x"},"classes":[]},{"id":905,"url":"https:\/\/tuzlahortum.com.tr\/fr\/produit\/trelleborg-ap-red\/","url_meta":{"origin":917,"position":2},"title":"Trelleborg AP ROUGE","author":"admin","date":"6 f\u00e9vrier 2019","format":false,"excerpt":"Trelleborg AP REDSu\/Tahliye uygulamalar\u0131 A\u011f\u0131r hizmet uygulamalar\u0131na y\u00f6nelik su tahliyesi. Avantajlar *Kolay depolama ve ta\u015f\u0131ma i\u00e7in d\u00fcz olarak sar\u0131l\u0131r. *Hafif. *Y\u00fcksek uzunluk. *Y\u00fcksek patlama bas\u0131nc\u0131. *Geni\u015f \u00e7e\u015fitlilikte \u00e7aplar. Teknik a\u00e7\u0131klama \u0130\u00e7 t\u00fcp :\u00a0PVC, siyah, d\u00fcz. Takviye :\u00a0sentetik tekstil. Kaplama :\u00a0PVC, k\u0131rm\u0131z\u0131, d\u00fcz. S\u0131cakl\u0131k aral\u0131\u011f\u0131 :\u00a0-10\u00b0C to +40\u00b0C. Ek bilgiler Bahsi\u2026","rel":"","context":"Article similaire","block_context":{"text":"Article similaire","link":""},"img":{"alt_text":"","src":"https:\/\/i0.wp.com\/tuzlahortum.com.tr\/wp-content\/uploads\/2019\/02\/AP-RED.jpg?fit=800%2C800&ssl=1&resize=350%2C200","width":350,"height":200,"srcset":"https:\/\/i0.wp.com\/tuzlahortum.com.tr\/wp-content\/uploads\/2019\/02\/AP-RED.jpg?fit=800%2C800&ssl=1&resize=350%2C200 1x, https:\/\/i0.wp.com\/tuzlahortum.com.tr\/wp-content\/uploads\/2019\/02\/AP-RED.jpg?fit=800%2C800&ssl=1&resize=525%2C300 1.5x, https:\/\/i0.wp.com\/tuzlahortum.com.tr\/wp-content\/uploads\/2019\/02\/AP-RED.jpg?fit=800%2C800&ssl=1&resize=700%2C400 2x"},"classes":[]},{"id":569,"url":"https:\/\/tuzlahortum.com.tr\/fr\/produit\/trelleborg-klegaine-gpu-fg\/","url_meta":{"origin":917,"position":3},"title":"Trelleborg KLEGAINE GPU-FG","author":"admin","date":"6 f\u00e9vrier 2019","format":false,"excerpt":"Trelleborg KLEGAINE GPU-FGEnd\u00fcstriyel hortumlar\/Poli\u00fcretan G\u0131daya uygun kalitede, son derece d\u00fczg\u00fcn. G\u0131da end\u00fcstrisinde a\u015f\u0131nd\u0131r\u0131c\u0131 malzemeler, tozlar ve gran\u00fcllerin ve ila\u00e7 laboratuvarlar\u0131nda\u00a0ila\u00e7lar\u0131n \u00e7ekilmesi ve ta\u015f\u0131nmas\u0131 i\u00e7in idealdir. End\u00fcstriyel elektrik s\u00fcp\u00fcrgeleri ve zemin bak\u0131m uygulamalar\u0131, \u00e7imen bi\u00e7me makineleri ve kaya\u00a0y\u00fcn\u00fc projeksiyonu. Ah\u015fap i\u015fleme end\u00fcstrileri. Robotikler, r\u00f6ntgen makineleri i\u00e7in kablo kanal\u0131. Avantajlar *G\u0131dada kullan\u0131ma\u2026","rel":"","context":"Article similaire","block_context":{"text":"Article similaire","link":""},"img":{"alt_text":"","src":"https:\/\/i0.wp.com\/tuzlahortum.com.tr\/wp-content\/uploads\/2019\/02\/KLEGAINE-GPU-FG.jpg?fit=800%2C800&ssl=1&resize=350%2C200","width":350,"height":200,"srcset":"https:\/\/i0.wp.com\/tuzlahortum.com.tr\/wp-content\/uploads\/2019\/02\/KLEGAINE-GPU-FG.jpg?fit=800%2C800&ssl=1&resize=350%2C200 1x, https:\/\/i0.wp.com\/tuzlahortum.com.tr\/wp-content\/uploads\/2019\/02\/KLEGAINE-GPU-FG.jpg?fit=800%2C800&ssl=1&resize=525%2C300 1.5x, https:\/\/i0.wp.com\/tuzlahortum.com.tr\/wp-content\/uploads\/2019\/02\/KLEGAINE-GPU-FG.jpg?fit=800%2C800&ssl=1&resize=700%2C400 2x"},"classes":[]},{"id":904,"url":"https:\/\/tuzlahortum.com.tr\/fr\/produit\/trelleborg-ap-blue\/","url_meta":{"origin":917,"position":4},"title":"Trelleborg AP BLEU","author":"admin","date":"6 f\u00e9vrier 2019","format":false,"excerpt":"Trelleborg AP BLUESu\/Tahliye uygulamalar\u0131 Su tahliyesi. Avantajlar *Kolay depolama ve ta\u015f\u0131ma i\u00e7in d\u00fcz olarak sar\u0131l\u0131r. *Hafif. *Y\u00fcksek uzunluk. *Geni\u015f \u00e7e\u015fitlilikte \u00e7aplar. Teknik a\u00e7\u0131klama \u0130\u00e7 t\u00fcp :\u00a0PVC, siyah, d\u00fcz. Takviye :\u00a0sentetik tekstil. Kaplama :\u00a0PVC, mavi, d\u00fcz. S\u0131cakl\u0131k aral\u0131\u011f\u0131 :\u00a0-10\u00b0C to +40\u00b0C. Ek bilgiler Bahsi ge\u00e7en \u00e7al\u0131\u015fma bas\u0131nc\u0131 ve patlama bas\u0131nc\u0131 +20\u00b0C\u2026","rel":"","context":"Article similaire","block_context":{"text":"Article similaire","link":""},"img":{"alt_text":"","src":"https:\/\/i0.wp.com\/tuzlahortum.com.tr\/wp-content\/uploads\/2019\/02\/AP-BLUE.jpg?fit=800%2C800&ssl=1&resize=350%2C200","width":350,"height":200,"srcset":"https:\/\/i0.wp.com\/tuzlahortum.com.tr\/wp-content\/uploads\/2019\/02\/AP-BLUE.jpg?fit=800%2C800&ssl=1&resize=350%2C200 1x, https:\/\/i0.wp.com\/tuzlahortum.com.tr\/wp-content\/uploads\/2019\/02\/AP-BLUE.jpg?fit=800%2C800&ssl=1&resize=525%2C300 1.5x, https:\/\/i0.wp.com\/tuzlahortum.com.tr\/wp-content\/uploads\/2019\/02\/AP-BLUE.jpg?fit=800%2C800&ssl=1&resize=700%2C400 2x"},"classes":[]},{"id":916,"url":"https:\/\/tuzlahortum.com.tr\/fr\/produit\/trelleborg-ost-epdm-16bar\/","url_meta":{"origin":917,"position":5},"title":"Trelleborg OST EPDM 16BAR","author":"admin","date":"6 f\u00e9vrier 2019","format":false,"excerpt":"Trelleborg OST EPDM 16BARSu\/Vakum uygulamalar\u0131 Evsel su, end\u00fcstriyel su, at\u0131k sular, \u00e7amurlu su ve s\u0131v\u0131 g\u00fcbrenin \u00e7ekilmesi ve tahliyesi i\u00e7in. Avantajlar *End\u00fcstrinin t\u00fcm alanlar\u0131nda kullan\u0131lan pompalara uygun geni\u015f \u00e7e\u015fitlilikte \u00e7aplar. *M\u00fckemmel esneklik. *T\u00fcm \u00e7aplarda 16 bar'l\u0131k sabit \u00e7al\u0131\u015fma bas\u0131nc\u0131. *Is\u0131ya kar\u015f\u0131 y\u00fcksek dayan\u0131m, iletken ve a\u015f\u0131nmaya kar\u015f\u0131 dayan\u0131kl\u0131 i\u00e7 lastik.\u2026","rel":"","context":"Article similaire","block_context":{"text":"Article similaire","link":""},"img":{"alt_text":"","src":"https:\/\/i0.wp.com\/tuzlahortum.com.tr\/wp-content\/uploads\/2019\/02\/OST-EPDM-16BAR.jpg?fit=800%2C800&ssl=1&resize=350%2C200","width":350,"height":200,"srcset":"https:\/\/i0.wp.com\/tuzlahortum.com.tr\/wp-content\/uploads\/2019\/02\/OST-EPDM-16BAR.jpg?fit=800%2C800&ssl=1&resize=350%2C200 1x, https:\/\/i0.wp.com\/tuzlahortum.com.tr\/wp-content\/uploads\/2019\/02\/OST-EPDM-16BAR.jpg?fit=800%2C800&ssl=1&resize=525%2C300 1.5x, https:\/\/i0.wp.com\/tuzlahortum.com.tr\/wp-content\/uploads\/2019\/02\/OST-EPDM-16BAR.jpg?fit=800%2C800&ssl=1&resize=700%2C400 2x"},"classes":[]}],"jetpack_sharing_enabled":true,"jetpack_likes_enabled":true,"_links":{"self":[{"href":"https:\/\/tuzlahortum.com.tr\/fr\/wp-json\/wp\/v2\/product\/917","targetHints":{"allow":["GET"]}}],"collection":[{"href":"https:\/\/tuzlahortum.com.tr\/fr\/wp-json\/wp\/v2\/product"}],"about":[{"href":"https:\/\/tuzlahortum.com.tr\/fr\/wp-json\/wp\/v2\/types\/product"}],"replies":[{"embeddable":true,"href":"https:\/\/tuzlahortum.com.tr\/fr\/wp-json\/wp\/v2\/comments?post=917"}],"wp:featuredmedia":[{"embeddable":true,"href":"https:\/\/tuzlahortum.com.tr\/fr\/wp-json\/wp\/v2\/media\/2662"}],"wp:attachment":[{"href":"https:\/\/tuzlahortum.com.tr\/fr\/wp-json\/wp\/v2\/media?parent=917"}],"wp:term":[{"taxonomy":"product_brand","embeddable":true,"href":"https:\/\/tuzlahortum.com.tr\/fr\/wp-json\/wp\/v2\/product_brand?post=917"},{"taxonomy":"product_cat","embeddable":true,"href":"https:\/\/tuzlahortum.com.tr\/fr\/wp-json\/wp\/v2\/product_cat?post=917"},{"taxonomy":"product_tag","embeddable":true,"href":"https:\/\/tuzlahortum.com.tr\/fr\/wp-json\/wp\/v2\/product_tag?post=917"}],"curies":[{"name":"wp","href":"https:\/\/api.w.org\/{rel}","templated":true}]}}