{"id":914,"date":"2019-02-06T23:55:47","date_gmt":"2019-02-06T20:55:47","guid":{"rendered":"http:\/\/hortum.com.tr\/product\/import-placeholder-for-463\/"},"modified":"2024-03-21T17:40:49","modified_gmt":"2024-03-21T14:40:49","slug":"trelleborg-oss-iv","status":"publish","type":"product","link":"https:\/\/tuzlahortum.com.tr\/fr\/produit\/trelleborg-oss-iv\/","title":{"rendered":"Trelleborg OSS IV"},"content":{"rendered":"<h2>Trelleborg OSS IV<\/h2>\n<div>Applications eau\/vide<\/div>\n<div>Pour l&#039;extraction et l&#039;\u00e9vacuation des eaux domestiques, des eaux industrielles, des eaux us\u00e9es, des boues et du lisier (embouts de serrage).<\/div>\n<div>Avantages<\/div>\n<div>* Large vari\u00e9t\u00e9 de diam\u00e8tres (jusqu&#039;\u00e0 350 mm) adapt\u00e9s aux pompes utilis\u00e9es dans tous les domaines de l&#039;industrie<\/div>\n<div>jusqu&#039;\u00e0 diam\u00e8tres disponibles sur demande).<\/div>\n<div>* Diff\u00e9rentes longueurs standard sont disponibles dans de nombreux diam\u00e8tres.<\/div>\n<div>*Excellente flexibilit\u00e9.<\/div>\n<div>description technique<\/div>\n<div>Chambre \u00e0 air : NR, noire, droite.<\/div>\n<div>Renforcement : textile synth\u00e9tique avec ressort en acier int\u00e9gr\u00e9.<\/div>\n<div>Rev\u00eatement : NR, noir, aspect tissu, ondul\u00e9.<\/div>\n<div>Plage de temp\u00e9rature : -30\u00b0C \u00e0 +60\u00b0C.<\/div>\n<div>Informations Compl\u00e9mentaires<\/div>\n<div>D&#039;autres longueurs et diam\u00e8tres jusqu&#039;\u00e0 350 mm sont disponibles sur demande. Bas\u00e9 sur le diam\u00e8tre du tuyau<\/div>\n<div>Il est conditionn\u00e9 \u00e0 plat ou en bobines. \u00c7a ne serre pas.<\/div>\n<div>OD=Corps du tuyau.<\/div>\n<div>\n<div class=\"video video-fit mb\" style=\"padding-top:56.25%;\"><p><iframe loading=\"lazy\" title=\"Confusion des mesures (pouces, doigts, brume, millim\u00e8tres)\" width=\"1020\" height=\"574\" src=\"https:\/\/www.youtube.com\/embed\/uKk6AG_AZls?feature=oembed\" frameborder=\"0\" allow=\"accelerometer; autoplay; clipboard-write; encrypted-media; gyroscope; picture-in-picture; web-share\" referrerpolicy=\"strict-origin-when-cross-origin\" allowfullscreen><\/iframe><\/p>\n<\/div>\n<div class=\"video video-fit mb\" style=\"padding-top:56.25%;\"><p>https:\/\/www.youtube.com\/watch?v=O8ZlzKEjfEQ%20<\/p>\n<\/div>\n<\/div>\n<p><img data-recalc-dims=\"1\" loading=\"lazy\" decoding=\"async\" class=\"alignnone size-medium wp-image-2093\" src=\"https:\/\/i0.wp.com\/hortum.com.tr\/wp-content\/uploads\/urunler\/trelleborg\/Trelleborg-OSS-IV-670x400.jpg?resize=670%2C400\" alt=\"\" width=\"670\" height=\"400\" title=\"\" srcset=\"https:\/\/i0.wp.com\/tuzlahortum.com.tr\/wp-content\/uploads\/urunler\/trelleborg\/Trelleborg-OSS-IV.jpg?resize=670%2C400&amp;ssl=1 670w, https:\/\/i0.wp.com\/tuzlahortum.com.tr\/wp-content\/uploads\/urunler\/trelleborg\/Trelleborg-OSS-IV.jpg?resize=768%2C458&amp;ssl=1 768w, https:\/\/i0.wp.com\/tuzlahortum.com.tr\/wp-content\/uploads\/urunler\/trelleborg\/Trelleborg-OSS-IV.jpg?resize=600%2C358&amp;ssl=1 600w, https:\/\/i0.wp.com\/tuzlahortum.com.tr\/wp-content\/uploads\/urunler\/trelleborg\/Trelleborg-OSS-IV.jpg?w=858&amp;ssl=1 858w\" sizes=\"auto, (max-width: 670px) 100vw, 670px\" \/><\/p>","protected":false},"excerpt":{"rendered":"<p>Trelleborg OSS IV Su\/Vakum uygulamalar\u0131 Evsel su, end\u00fcstriyel su, at\u0131k sular, \u00e7amurlu su ve s\u0131v\u0131 g\u00fcbrenin \u00e7ekilmesi ve tahliyesi i\u00e7in\u00a0(kelep\u00e7eli u\u00e7lar). Avantajlar *End\u00fcstrinin t\u00fcm alanlar\u0131nda kullan\u0131lan pompalara uygun geni\u015f \u00e7e\u015fitlilikte \u00e7aplar (350mm&#8217;ye kadar olan \u00e7aplar talep \u00fczerine tedarik edilebilir). *Bir\u00e7ok \u00e7apta farkl\u0131 standart uzunluklar mevcuttur. *M\u00fckemmel esneklik. Teknik a\u00e7\u0131klama \u0130\u00e7 t\u00fcp :\u00a0NR, siyah, d\u00fcz. Takviye [&#8230;]\n","protected":false},"featured_media":2660,"comment_status":"open","ping_status":"closed","template":"","meta":{"jetpack_post_was_ever_published":false},"product_brand":[],"product_cat":[1185],"product_tag":[556,1043,1192,1194,1193,555,343,525,1036],"class_list":{"0":"post-914","1":"product","2":"type-product","3":"status-publish","4":"has-post-thumbnail","6":"product_cat-su-ve-sulama-hortumlari","7":"product_tag-asinmaya-yuksek-dayanim","8":"product_tag-atik-su","9":"product_tag-camurlu-su","10":"product_tag-evsel-su","11":"product_tag-sivi-gubre","12":"product_tag-su","13":"product_tag-tahliye","14":"product_tag-temizlik","15":"product_tag-vakum","17":"first","18":"instock","19":"taxable","20":"shipping-taxable","21":"product-type-variable"},"jetpack-related-posts":[{"id":904,"url":"https:\/\/tuzlahortum.com.tr\/fr\/produit\/trelleborg-ap-blue\/","url_meta":{"origin":914,"position":0},"title":"Trelleborg AP BLEU","author":"admin","date":"6 f\u00e9vrier 2019","format":false,"excerpt":"Trelleborg AP BLUESu\/Tahliye uygulamalar\u0131 Su tahliyesi. Avantajlar *Kolay depolama ve ta\u015f\u0131ma i\u00e7in d\u00fcz olarak sar\u0131l\u0131r. *Hafif. *Y\u00fcksek uzunluk. *Geni\u015f \u00e7e\u015fitlilikte \u00e7aplar. Teknik a\u00e7\u0131klama \u0130\u00e7 t\u00fcp :\u00a0PVC, siyah, d\u00fcz. Takviye :\u00a0sentetik tekstil. Kaplama :\u00a0PVC, mavi, d\u00fcz. S\u0131cakl\u0131k aral\u0131\u011f\u0131 :\u00a0-10\u00b0C to +40\u00b0C. Ek bilgiler Bahsi ge\u00e7en \u00e7al\u0131\u015fma bas\u0131nc\u0131 ve patlama bas\u0131nc\u0131 +20\u00b0C\u2026","rel":"","context":"Article similaire","block_context":{"text":"Article similaire","link":""},"img":{"alt_text":"","src":"https:\/\/i0.wp.com\/tuzlahortum.com.tr\/wp-content\/uploads\/2019\/02\/AP-BLUE.jpg?fit=800%2C800&ssl=1&resize=350%2C200","width":350,"height":200,"srcset":"https:\/\/i0.wp.com\/tuzlahortum.com.tr\/wp-content\/uploads\/2019\/02\/AP-BLUE.jpg?fit=800%2C800&ssl=1&resize=350%2C200 1x, https:\/\/i0.wp.com\/tuzlahortum.com.tr\/wp-content\/uploads\/2019\/02\/AP-BLUE.jpg?fit=800%2C800&ssl=1&resize=525%2C300 1.5x, https:\/\/i0.wp.com\/tuzlahortum.com.tr\/wp-content\/uploads\/2019\/02\/AP-BLUE.jpg?fit=800%2C800&ssl=1&resize=700%2C400 2x"},"classes":[]},{"id":905,"url":"https:\/\/tuzlahortum.com.tr\/fr\/produit\/trelleborg-ap-red\/","url_meta":{"origin":914,"position":1},"title":"Trelleborg AP ROUGE","author":"admin","date":"6 f\u00e9vrier 2019","format":false,"excerpt":"Trelleborg AP REDSu\/Tahliye uygulamalar\u0131 A\u011f\u0131r hizmet uygulamalar\u0131na y\u00f6nelik su tahliyesi. Avantajlar *Kolay depolama ve ta\u015f\u0131ma i\u00e7in d\u00fcz olarak sar\u0131l\u0131r. *Hafif. *Y\u00fcksek uzunluk. *Y\u00fcksek patlama bas\u0131nc\u0131. *Geni\u015f \u00e7e\u015fitlilikte \u00e7aplar. Teknik a\u00e7\u0131klama \u0130\u00e7 t\u00fcp :\u00a0PVC, siyah, d\u00fcz. Takviye :\u00a0sentetik tekstil. Kaplama :\u00a0PVC, k\u0131rm\u0131z\u0131, d\u00fcz. S\u0131cakl\u0131k aral\u0131\u011f\u0131 :\u00a0-10\u00b0C to +40\u00b0C. Ek bilgiler Bahsi\u2026","rel":"","context":"Article similaire","block_context":{"text":"Article similaire","link":""},"img":{"alt_text":"","src":"https:\/\/i0.wp.com\/tuzlahortum.com.tr\/wp-content\/uploads\/2019\/02\/AP-RED.jpg?fit=800%2C800&ssl=1&resize=350%2C200","width":350,"height":200,"srcset":"https:\/\/i0.wp.com\/tuzlahortum.com.tr\/wp-content\/uploads\/2019\/02\/AP-RED.jpg?fit=800%2C800&ssl=1&resize=350%2C200 1x, https:\/\/i0.wp.com\/tuzlahortum.com.tr\/wp-content\/uploads\/2019\/02\/AP-RED.jpg?fit=800%2C800&ssl=1&resize=525%2C300 1.5x, https:\/\/i0.wp.com\/tuzlahortum.com.tr\/wp-content\/uploads\/2019\/02\/AP-RED.jpg?fit=800%2C800&ssl=1&resize=700%2C400 2x"},"classes":[]},{"id":906,"url":"https:\/\/tuzlahortum.com.tr\/fr\/produit\/trelleborg-aquakler-10\/","url_meta":{"origin":914,"position":2},"title":"Trelleborg AQUAKLER 10","author":"admin","date":"6 f\u00e9vrier 2019","format":false,"excerpt":"Trelleborg AQUAKLER 10Su\/Tahliye uygulamalar\u0131 Sulama donan\u0131mlar\u0131 i\u00e7in besleme hatlar\u0131, hortum sarg\u0131lar\u0131 ve sulama muslu\u011fu aras\u0131nda ba\u011flant\u0131 hatlar\u0131 (uzunluk 5 ila 10m) ve bina ve bay\u0131nd\u0131rl\u0131k hizmetleri i\u00e7in su tahliye hortumu. Avantajlar *Esnek, kolay ta\u015f\u0131n\u0131r, hafif bir hortumdur ancak y\u00fcksek i\u015fletme bas\u0131n\u00e7lar\u0131na kar\u015f\u0131\u00a0dayan\u0131kl\u0131d\u0131r. *Kolay depolama ve ta\u015f\u0131ma i\u00e7in d\u00fcz olarak sar\u0131l\u0131r.\u2026","rel":"","context":"Article similaire","block_context":{"text":"Article similaire","link":""},"img":{"alt_text":"","src":"https:\/\/i0.wp.com\/tuzlahortum.com.tr\/wp-content\/uploads\/2019\/02\/AQUA-10.jpg?fit=800%2C800&ssl=1&resize=350%2C200","width":350,"height":200,"srcset":"https:\/\/i0.wp.com\/tuzlahortum.com.tr\/wp-content\/uploads\/2019\/02\/AQUA-10.jpg?fit=800%2C800&ssl=1&resize=350%2C200 1x, https:\/\/i0.wp.com\/tuzlahortum.com.tr\/wp-content\/uploads\/2019\/02\/AQUA-10.jpg?fit=800%2C800&ssl=1&resize=525%2C300 1.5x, https:\/\/i0.wp.com\/tuzlahortum.com.tr\/wp-content\/uploads\/2019\/02\/AQUA-10.jpg?fit=800%2C800&ssl=1&resize=700%2C400 2x"},"classes":[]},{"id":908,"url":"https:\/\/tuzlahortum.com.tr\/fr\/produit\/trelleborg-aquakler-5\/","url_meta":{"origin":914,"position":3},"title":"Trelleborg AQUAKLER 5","author":"admin","date":"6 f\u00e9vrier 2019","format":false,"excerpt":"Trelleborg AQUAKLER 5Su\/Tahliye uygulamalar\u0131 Sulama donan\u0131mlar\u0131 i\u00e7in besleme hatlar\u0131, hortum sarg\u0131lar\u0131 ve sulama muslu\u011fu aras\u0131nda ba\u011flant\u0131 hatlar\u0131 (uzunluk 5 ila 10m) ve bina ve bay\u0131nd\u0131rl\u0131k hizmetleri i\u00e7in su tahliye hortumu. Avantajlar *Esnek, kolay ta\u015f\u0131n\u0131r, hafif bir hortumdur ancak y\u00fcksek i\u015fletme bas\u0131n\u00e7lar\u0131na kar\u015f\u0131\u00a0dayan\u0131kl\u0131d\u0131r. *Kolay depolama ve ta\u015f\u0131ma i\u00e7in d\u00fcz olarak sar\u0131l\u0131r.\u2026","rel":"","context":"Article similaire","block_context":{"text":"Article similaire","link":""},"img":{"alt_text":"","src":"https:\/\/i0.wp.com\/tuzlahortum.com.tr\/wp-content\/uploads\/2019\/02\/AQUA-5.jpg?fit=800%2C800&ssl=1&resize=350%2C200","width":350,"height":200,"srcset":"https:\/\/i0.wp.com\/tuzlahortum.com.tr\/wp-content\/uploads\/2019\/02\/AQUA-5.jpg?fit=800%2C800&ssl=1&resize=350%2C200 1x, https:\/\/i0.wp.com\/tuzlahortum.com.tr\/wp-content\/uploads\/2019\/02\/AQUA-5.jpg?fit=800%2C800&ssl=1&resize=525%2C300 1.5x, https:\/\/i0.wp.com\/tuzlahortum.com.tr\/wp-content\/uploads\/2019\/02\/AQUA-5.jpg?fit=800%2C800&ssl=1&resize=700%2C400 2x"},"classes":[]},{"id":916,"url":"https:\/\/tuzlahortum.com.tr\/fr\/produit\/trelleborg-ost-epdm-16bar\/","url_meta":{"origin":914,"position":4},"title":"Trelleborg OST EPDM 16BAR","author":"admin","date":"6 f\u00e9vrier 2019","format":false,"excerpt":"Trelleborg OST EPDM 16BARSu\/Vakum uygulamalar\u0131 Evsel su, end\u00fcstriyel su, at\u0131k sular, \u00e7amurlu su ve s\u0131v\u0131 g\u00fcbrenin \u00e7ekilmesi ve tahliyesi i\u00e7in. Avantajlar *End\u00fcstrinin t\u00fcm alanlar\u0131nda kullan\u0131lan pompalara uygun geni\u015f \u00e7e\u015fitlilikte \u00e7aplar. *M\u00fckemmel esneklik. *T\u00fcm \u00e7aplarda 16 bar'l\u0131k sabit \u00e7al\u0131\u015fma bas\u0131nc\u0131. *Is\u0131ya kar\u015f\u0131 y\u00fcksek dayan\u0131m, iletken ve a\u015f\u0131nmaya kar\u015f\u0131 dayan\u0131kl\u0131 i\u00e7 lastik.\u2026","rel":"","context":"Article similaire","block_context":{"text":"Article similaire","link":""},"img":{"alt_text":"","src":"https:\/\/i0.wp.com\/tuzlahortum.com.tr\/wp-content\/uploads\/2019\/02\/OST-EPDM-16BAR.jpg?fit=800%2C800&ssl=1&resize=350%2C200","width":350,"height":200,"srcset":"https:\/\/i0.wp.com\/tuzlahortum.com.tr\/wp-content\/uploads\/2019\/02\/OST-EPDM-16BAR.jpg?fit=800%2C800&ssl=1&resize=350%2C200 1x, https:\/\/i0.wp.com\/tuzlahortum.com.tr\/wp-content\/uploads\/2019\/02\/OST-EPDM-16BAR.jpg?fit=800%2C800&ssl=1&resize=525%2C300 1.5x, https:\/\/i0.wp.com\/tuzlahortum.com.tr\/wp-content\/uploads\/2019\/02\/OST-EPDM-16BAR.jpg?fit=800%2C800&ssl=1&resize=700%2C400 2x"},"classes":[]},{"id":933,"url":"https:\/\/tuzlahortum.com.tr\/fr\/produit\/trelleborg-altiplus\/","url_meta":{"origin":914,"position":5},"title":"Trelleborg ALTIPLUS","author":"admin","date":"6 f\u00e9vrier 2019","format":false,"excerpt":"Trelleborg ALTIPLUSTar\u0131m\/P\u00fcsk\u00fcrtme Y\u00fcksek bas\u0131n\u00e7ta tar\u0131msal p\u00fcsk\u00fcrtme (fungisit, yabani ot \u00f6ld\u00fcr\u00fcc\u00fcler, b\u00f6cek ila\u00e7lar\u0131, vs.). Ayn\u0131 zamanda boya p\u00fcsk\u00fcrtme ve binalar\u0131n dezenfeksiyonu ve y\u00fcksek bas\u0131n\u00e7ta su tahliyesi\u00a0i\u00e7in uygundur. Avantajlar *Ekstra a\u011f\u0131r \u00e7al\u0131\u015fma ko\u015fullar\u0131na uygun y\u00fcksek performans hortumu. *M\u00fckemmel ba\u011flant\u0131 par\u00e7as\u0131 tutu\u015fu. *Geni\u015f \u00e7e\u015fitlilikte \u00e7aplar. *\u0130z b\u0131rakmayan kaplama. * \u0130yi eskime ve a\u015f\u0131nma\u2026","rel":"","context":"Article similaire","block_context":{"text":"Article similaire","link":""},"img":{"alt_text":"","src":"https:\/\/i0.wp.com\/tuzlahortum.com.tr\/wp-content\/uploads\/2019\/02\/ALTIPLUS.jpg?fit=800%2C800&ssl=1&resize=350%2C200","width":350,"height":200,"srcset":"https:\/\/i0.wp.com\/tuzlahortum.com.tr\/wp-content\/uploads\/2019\/02\/ALTIPLUS.jpg?fit=800%2C800&ssl=1&resize=350%2C200 1x, https:\/\/i0.wp.com\/tuzlahortum.com.tr\/wp-content\/uploads\/2019\/02\/ALTIPLUS.jpg?fit=800%2C800&ssl=1&resize=525%2C300 1.5x, https:\/\/i0.wp.com\/tuzlahortum.com.tr\/wp-content\/uploads\/2019\/02\/ALTIPLUS.jpg?fit=800%2C800&ssl=1&resize=700%2C400 2x"},"classes":[]}],"jetpack_sharing_enabled":true,"jetpack_likes_enabled":true,"_links":{"self":[{"href":"https:\/\/tuzlahortum.com.tr\/fr\/wp-json\/wp\/v2\/product\/914","targetHints":{"allow":["GET"]}}],"collection":[{"href":"https:\/\/tuzlahortum.com.tr\/fr\/wp-json\/wp\/v2\/product"}],"about":[{"href":"https:\/\/tuzlahortum.com.tr\/fr\/wp-json\/wp\/v2\/types\/product"}],"replies":[{"embeddable":true,"href":"https:\/\/tuzlahortum.com.tr\/fr\/wp-json\/wp\/v2\/comments?post=914"}],"wp:featuredmedia":[{"embeddable":true,"href":"https:\/\/tuzlahortum.com.tr\/fr\/wp-json\/wp\/v2\/media\/2660"}],"wp:attachment":[{"href":"https:\/\/tuzlahortum.com.tr\/fr\/wp-json\/wp\/v2\/media?parent=914"}],"wp:term":[{"taxonomy":"product_brand","embeddable":true,"href":"https:\/\/tuzlahortum.com.tr\/fr\/wp-json\/wp\/v2\/product_brand?post=914"},{"taxonomy":"product_cat","embeddable":true,"href":"https:\/\/tuzlahortum.com.tr\/fr\/wp-json\/wp\/v2\/product_cat?post=914"},{"taxonomy":"product_tag","embeddable":true,"href":"https:\/\/tuzlahortum.com.tr\/fr\/wp-json\/wp\/v2\/product_tag?post=914"}],"curies":[{"name":"wp","href":"https:\/\/api.w.org\/{rel}","templated":true}]}}