{"id":913,"date":"2019-02-06T23:55:47","date_gmt":"2019-02-06T20:55:47","guid":{"rendered":"http:\/\/hortum.com.tr\/product\/import-placeholder-for-460\/"},"modified":"2024-03-21T17:40:49","modified_gmt":"2024-03-21T14:40:49","slug":"trelleborg-osm-ii","status":"publish","type":"product","link":"https:\/\/tuzlahortum.com.tr\/fr\/produit\/trelleborg-osm-ii\/","title":{"rendered":"Trelleborg OSM II"},"content":{"rendered":"<h2>Trelleborg OSM II<\/h2>\n<div>Applications eau\/vide<\/div>\n<div>Extraction et rejet d&#039;eau sanitaire, d&#039;eau industrielle, d&#039;eau de mer et d&#039;eaux us\u00e9es.<\/div>\n<div>Avantages<\/div>\n<div>*Peut \u00eatre livr\u00e9 par d\u00e9coupe en diff\u00e9rentes longueurs sur demande.<\/div>\n<div>*Tr\u00e8s haute r\u00e9sistance \u00e0 l&#039;\u00e9crasement.<\/div>\n<div>* H\u00e9lices parall\u00e8les \u00e0 trois couches dans le tuyau pour une pose plus facile avec divers raccords<\/div>\n<div>Il donne une texture douce.<\/div>\n<div>description technique<\/div>\n<div>Chambre \u00e0 air : SBR, noire, droite.<\/div>\n<div>Renforcement : textile synth\u00e9tique, cordons, h\u00e9lice PET int\u00e9gr\u00e9e pour DI&lt;70mm et pour DI 89 \u00e0 100mm<\/div>\n<div>h\u00e9lice en acier encastr\u00e9e.<\/div>\n<div>Rev\u00eatement : SBR, noir, aspect tissu.<\/div>\n<div>Plage de temp\u00e9rature : -30\u00b0C \u00e0 +60\u00b0C.<\/div>\n<div>\n<div class=\"video video-fit mb\" style=\"padding-top:56.25%;\"><p><iframe loading=\"lazy\" title=\"Confusion des mesures (pouces, doigts, brume, millim\u00e8tres)\" width=\"1020\" height=\"574\" src=\"https:\/\/www.youtube.com\/embed\/uKk6AG_AZls?feature=oembed\" frameborder=\"0\" allow=\"accelerometer; autoplay; clipboard-write; encrypted-media; gyroscope; picture-in-picture; web-share\" referrerpolicy=\"strict-origin-when-cross-origin\" allowfullscreen><\/iframe><\/p>\n<\/div>\n<div class=\"video video-fit mb\" style=\"padding-top:56.25%;\"><p>https:\/\/www.youtube.com\/watch?v=O8ZlzKEjfEQ%20<\/p>\n<\/div>\n<\/div>\n<p><img data-recalc-dims=\"1\" loading=\"lazy\" decoding=\"async\" class=\"alignnone size-medium wp-image-2094\" src=\"https:\/\/i0.wp.com\/hortum.com.tr\/wp-content\/uploads\/urunler\/trelleborg\/Trelleborg-OSM-II-800x282.jpg?resize=800%2C282\" alt=\"\" width=\"800\" height=\"282\" title=\"\" srcset=\"https:\/\/i0.wp.com\/tuzlahortum.com.tr\/wp-content\/uploads\/urunler\/trelleborg\/Trelleborg-OSM-II.jpg?resize=800%2C282&amp;ssl=1 800w, https:\/\/i0.wp.com\/tuzlahortum.com.tr\/wp-content\/uploads\/urunler\/trelleborg\/Trelleborg-OSM-II.jpg?resize=768%2C271&amp;ssl=1 768w, https:\/\/i0.wp.com\/tuzlahortum.com.tr\/wp-content\/uploads\/urunler\/trelleborg\/Trelleborg-OSM-II.jpg?resize=600%2C212&amp;ssl=1 600w, https:\/\/i0.wp.com\/tuzlahortum.com.tr\/wp-content\/uploads\/urunler\/trelleborg\/Trelleborg-OSM-II.jpg?w=856&amp;ssl=1 856w\" sizes=\"auto, (max-width: 800px) 100vw, 800px\" \/><\/p>","protected":false},"excerpt":{"rendered":"<p>Trelleborg OSM II Su\/Vakum uygulamalar\u0131 Evsel su, end\u00fcstriyel su, deniz suyu ve at\u0131k sular\u0131n \u00e7ekilmesi ve tahliyesi. Avantajlar *\u0130ste\u011fe g\u00f6re \u00e7e\u015fitli uzunluklarda kesilerek teslim edilebilir. *Ezilmeye kar\u015f\u0131 \u00e7ok y\u00fcksek diren\u00e7. *Hortumdaki \u00fc\u00e7 katl\u0131 paralel helisler \u00e7e\u015fitli ba\u011flant\u0131 par\u00e7alar\u0131 ile daha kolay d\u00f6\u015fenmesi i\u00e7in yumu\u015fak bir yap\u0131 kazand\u0131r\u0131r. Teknik a\u00e7\u0131klama \u0130\u00e7 t\u00fcp :\u00a0SBR, siyah, d\u00fcz. Takviye [&#8230;]\n","protected":false},"featured_media":2659,"comment_status":"open","ping_status":"closed","template":"","meta":{"jetpack_post_was_ever_published":false},"product_brand":[],"product_cat":[1185],"product_tag":[556,1043,1191,555,343,525,1036],"class_list":{"0":"post-913","1":"product","2":"type-product","3":"status-publish","4":"has-post-thumbnail","6":"product_cat-su-ve-sulama-hortumlari","7":"product_tag-asinmaya-yuksek-dayanim","8":"product_tag-atik-su","9":"product_tag-deniz-suyu","10":"product_tag-su","11":"product_tag-tahliye","12":"product_tag-temizlik","13":"product_tag-vakum","15":"first","16":"instock","17":"taxable","18":"shipping-taxable","19":"product-type-variable"},"jetpack-related-posts":[{"id":903,"url":"https:\/\/tuzlahortum.com.tr\/fr\/produit\/trelleborg-boat-sanitary-hose\/","url_meta":{"origin":913,"position":0},"title":"TUYAU SANITAIRE POUR BATEAU Trelleborg","author":"admin","date":"6 f\u00e9vrier 2019","format":false,"excerpt":"Trelleborg BOAT SANITARY HOSESu\/\u00d6zel uygulamalar Tatil teknelerinin tuvalet sistemleri i\u00e7in at\u0131k su hortumu. Avantajlar *Esnek. *Dola\u015fmaya kar\u015f\u0131 dayan\u0131kl\u0131. *Dif\u00fczyon ge\u00e7irimi yoktur (tuvalet sisteminden gelen kokuyu ge\u00e7irmez). *Kolayl\u0131kla kesilir ve plastik helisten dolay\u0131 ezilmez. Teknik a\u00e7\u0131klama \u0130\u00e7 t\u00fcp :\u00a0S\u0131zd\u0131rmaz butil kau\u00e7uk, siyah. Takviye :\u00a0g\u00f6m\u00fcl\u00fc \u00e7elik yay ile sentetik tekstil. Kaplama :\u00a0EPDM,\u2026","rel":"","context":"Article similaire","block_context":{"text":"Article similaire","link":""},"img":{"alt_text":"","src":"https:\/\/i0.wp.com\/tuzlahortum.com.tr\/wp-content\/uploads\/2019\/02\/BOAT-SANITARY-HOSE.jpg?fit=800%2C800&ssl=1&resize=350%2C200","width":350,"height":200,"srcset":"https:\/\/i0.wp.com\/tuzlahortum.com.tr\/wp-content\/uploads\/2019\/02\/BOAT-SANITARY-HOSE.jpg?fit=800%2C800&ssl=1&resize=350%2C200 1x, https:\/\/i0.wp.com\/tuzlahortum.com.tr\/wp-content\/uploads\/2019\/02\/BOAT-SANITARY-HOSE.jpg?fit=800%2C800&ssl=1&resize=525%2C300 1.5x, https:\/\/i0.wp.com\/tuzlahortum.com.tr\/wp-content\/uploads\/2019\/02\/BOAT-SANITARY-HOSE.jpg?fit=800%2C800&ssl=1&resize=700%2C400 2x"},"classes":[]},{"id":918,"url":"https:\/\/tuzlahortum.com.tr\/fr\/produit\/trelleborg-redwater\/","url_meta":{"origin":913,"position":1},"title":"EAU ROUGE Trelleborg","author":"admin","date":"6 f\u00e9vrier 2019","format":false,"excerpt":"Trelleborg REDWATERSu\/Temizlik ve y\u0131kama End\u00fcstriyel alanlarda veya \u015fehirlerde bas\u0131n\u00e7 alt\u0131nda su tahliyesi. Avantajlar *Dayan\u0131kl\u0131 hortum. *Et kal\u0131nl\u0131\u011f\u0131 sayesinde a\u015f\u0131nmaya kar\u015f\u0131 y\u00fcksek dayan\u0131m. Teknik a\u00e7\u0131klama \u0130\u00e7 t\u00fcp :\u00a0\u0130\u00c7\u226425mm i\u00e7in SBR, \u0130\u00c7>25mm i\u00e7in EPDM, siyah, d\u00fcz. Takviye :\u00a0sentetik tekstil. Kaplama :\u00a0SBR, k\u0131rm\u0131z\u0131, \u0130\u00c7>25mm i\u00e7in kuma\u015f g\u00f6r\u00fcn\u00fcml\u00fc, \u0130\u00c7\u226425mm i\u00e7in d\u00fcz. S\u0131cakl\u0131k aral\u0131\u011f\u0131 :\u00a0-25\u00b0C\u2026","rel":"","context":"Article similaire","block_context":{"text":"Article similaire","link":""},"img":{"alt_text":"","src":"https:\/\/i0.wp.com\/tuzlahortum.com.tr\/wp-content\/uploads\/2019\/02\/RED-WATER.jpg?fit=800%2C800&ssl=1&resize=350%2C200","width":350,"height":200,"srcset":"https:\/\/i0.wp.com\/tuzlahortum.com.tr\/wp-content\/uploads\/2019\/02\/RED-WATER.jpg?fit=800%2C800&ssl=1&resize=350%2C200 1x, https:\/\/i0.wp.com\/tuzlahortum.com.tr\/wp-content\/uploads\/2019\/02\/RED-WATER.jpg?fit=800%2C800&ssl=1&resize=525%2C300 1.5x, https:\/\/i0.wp.com\/tuzlahortum.com.tr\/wp-content\/uploads\/2019\/02\/RED-WATER.jpg?fit=800%2C800&ssl=1&resize=700%2C400 2x"},"classes":[]},{"id":540,"url":"https:\/\/tuzlahortum.com.tr\/fr\/produit\/trelleborg-fp-2007\/","url_meta":{"origin":913,"position":2},"title":"Trelleborg FP 2007","author":"admin","date":"6 f\u00e9vrier 2019","format":false,"excerpt":"Trelleborg FP 2007Bal\u0131k pompas\u0131 Bak\u0131l \u00e7iftliklerinde ve bal\u0131k i\u015fleme tesislerinde bal\u0131\u011f\u0131n pompalanmas\u0131 i\u00e7in kullan\u0131l\u0131r. Avantajlar *Esnek hortum tasar\u0131m\u0131 bu uygulama i\u00e7in optimum \u00f6zellikler sa\u011flar. *Zorlu \u015fartlarda kullan\u0131ma dayan\u0131kl\u0131d\u0131r. *Tahliye uygulamalar\u0131 i\u00e7in helissiz olarak \u00fcretilir. Teknik a\u00e7\u0131klama \u0130\u00e7 t\u00fcp :\u00a0a\u015f\u0131nmaya dayan\u0131kl\u0131 SBR\/NBR, siyah. Takviye :\u00a0sentetik tekstil. Kaplama :\u00a0hava ko\u015fullar\u0131na kar\u015f\u0131 dayan\u0131kl\u0131\u2026","rel":"","context":"Article similaire","block_context":{"text":"Article similaire","link":""},"img":{"alt_text":"","src":"https:\/\/i0.wp.com\/tuzlahortum.com.tr\/wp-content\/uploads\/2019\/02\/FP-2007.jpg?fit=800%2C800&ssl=1&resize=350%2C200","width":350,"height":200,"srcset":"https:\/\/i0.wp.com\/tuzlahortum.com.tr\/wp-content\/uploads\/2019\/02\/FP-2007.jpg?fit=800%2C800&ssl=1&resize=350%2C200 1x, https:\/\/i0.wp.com\/tuzlahortum.com.tr\/wp-content\/uploads\/2019\/02\/FP-2007.jpg?fit=800%2C800&ssl=1&resize=525%2C300 1.5x, https:\/\/i0.wp.com\/tuzlahortum.com.tr\/wp-content\/uploads\/2019\/02\/FP-2007.jpg?fit=800%2C800&ssl=1&resize=700%2C400 2x"},"classes":[]},{"id":541,"url":"https:\/\/tuzlahortum.com.tr\/fr\/produit\/trelleborg-fp-3010\/","url_meta":{"origin":913,"position":3},"title":"Trelleborg FP 3010","author":"admin","date":"6 f\u00e9vrier 2019","format":false,"excerpt":"Trelleborg FP 3010Bal\u0131k pompas\u0131 Bak\u0131l \u00e7iftliklerinde ve bal\u0131k i\u015fleme tesislerinde bal\u0131\u011f\u0131n pompalanmas\u0131 i\u00e7in kullan\u0131l\u0131r. Avantajlar *Esnek hortum tasar\u0131m\u0131 bu uygulama i\u00e7in optimum \u00f6zellikler sa\u011flar. *Zorlu \u015fartlarda kullan\u0131ma dayan\u0131kl\u0131d\u0131r. *Tahliye uygulamalar\u0131 i\u00e7in helissiz olarak \u00fcretilir. Teknik a\u00e7\u0131klama \u0130\u00e7 t\u00fcp :\u00a0a\u015f\u0131nmaya dayan\u0131kl\u0131 SBR\/NB, siyah. Takviye :\u00a0sentetik tekstil. Kaplama :\u00a0hava ko\u015fullar\u0131na kar\u015f\u0131 dayan\u0131kl\u0131\u2026","rel":"","context":"Article similaire","block_context":{"text":"Article similaire","link":""},"img":{"alt_text":"","src":"https:\/\/i0.wp.com\/tuzlahortum.com.tr\/wp-content\/uploads\/2019\/02\/FP-3010.jpg?fit=800%2C800&ssl=1&resize=350%2C200","width":350,"height":200,"srcset":"https:\/\/i0.wp.com\/tuzlahortum.com.tr\/wp-content\/uploads\/2019\/02\/FP-3010.jpg?fit=800%2C800&ssl=1&resize=350%2C200 1x, https:\/\/i0.wp.com\/tuzlahortum.com.tr\/wp-content\/uploads\/2019\/02\/FP-3010.jpg?fit=800%2C800&ssl=1&resize=525%2C300 1.5x, https:\/\/i0.wp.com\/tuzlahortum.com.tr\/wp-content\/uploads\/2019\/02\/FP-3010.jpg?fit=800%2C800&ssl=1&resize=700%2C400 2x"},"classes":[]},{"id":558,"url":"https:\/\/tuzlahortum.com.tr\/fr\/produit\/trelleborg-ag2100-marine-corrugated\/","url_meta":{"origin":913,"position":4},"title":"Trelleborg AG2100 Marine Ondul\u00e9","author":"admin","date":"6 f\u00e9vrier 2019","format":false,"excerpt":"Trelleborg AG2100 Marine Corrugated Gaz d'\u00e9chappement Syst\u00e8mes d'\u00e9chappement humides pour moteurs marins o\u00f9 les gaz d'\u00e9chappement sont m\u00e9lang\u00e9s \u00e0 de l'eau froide. Avantages * Flexibilit\u00e9 extr\u00eamement \u00e9lev\u00e9e. *L\u00e9ger. *R\u00e9sistant \u00e0 l'usure. *Ondul\u00e9 et facile \u00e0 utiliser. *Approuv\u00e9 par le DNV. Description technique Chambre \u00e0 air : CR, noir, uni. Renfort : textile synth\u00e9tique avec h\u00e9lice int\u00e9gr\u00e9e en fil d'acier. Rev\u00eatement ...","rel":"","context":"Article similaire","block_context":{"text":"Article similaire","link":""},"img":{"alt_text":"","src":"https:\/\/i0.wp.com\/tuzlahortum.com.tr\/wp-content\/uploads\/2019\/02\/AG-2100-MARINE-CORRUGATED.jpg?fit=800%2C800&ssl=1&resize=350%2C200","width":350,"height":200,"srcset":"https:\/\/i0.wp.com\/tuzlahortum.com.tr\/wp-content\/uploads\/2019\/02\/AG-2100-MARINE-CORRUGATED.jpg?fit=800%2C800&ssl=1&resize=350%2C200 1x, https:\/\/i0.wp.com\/tuzlahortum.com.tr\/wp-content\/uploads\/2019\/02\/AG-2100-MARINE-CORRUGATED.jpg?fit=800%2C800&ssl=1&resize=525%2C300 1.5x, https:\/\/i0.wp.com\/tuzlahortum.com.tr\/wp-content\/uploads\/2019\/02\/AG-2100-MARINE-CORRUGATED.jpg?fit=800%2C800&ssl=1&resize=700%2C400 2x"},"classes":[]},{"id":559,"url":"https:\/\/tuzlahortum.com.tr\/fr\/produit\/trelleborg-ag2100-marine-smooth\/","url_meta":{"origin":913,"position":5},"title":"Trelleborg AG2100 Marine Lisse","author":"admin","date":"6 f\u00e9vrier 2019","format":false,"excerpt":"Trelleborg AG2100 Marine SmoothEgzoz gaz\u0131 Egzoz gazlar\u0131n\u0131n tahliye edilen so\u011fuk su ile kar\u0131\u015ft\u0131\u011f\u0131 deniz motoru \u0131slak egzoz sistemleri. Avantajlar *Esnek. *Y\u0131pranma ve eskimeye dayan\u0131kl\u0131. *Flex Max yap\u0131 (\u00f6r. \u00e7oklu helis). *D\u00fcz ve dayan\u0131kl\u0131. *Kuru egzoza 3 saatten fazla dayan\u0131r. *DNV onayl\u0131d\u0131r. Teknik a\u00e7\u0131klama \u0130\u00e7 t\u00fcp :\u00a0CR, siyah, d\u00fcz. Takviye :\u00a0\u00e7elik\u2026","rel":"","context":"Article similaire","block_context":{"text":"Article similaire","link":""},"img":{"alt_text":"","src":"https:\/\/i0.wp.com\/tuzlahortum.com.tr\/wp-content\/uploads\/2019\/02\/AG-2100-MAR%C4%B0NE-SMOOTH.jpg?fit=800%2C800&ssl=1&resize=350%2C200","width":350,"height":200,"srcset":"https:\/\/i0.wp.com\/tuzlahortum.com.tr\/wp-content\/uploads\/2019\/02\/AG-2100-MAR%C4%B0NE-SMOOTH.jpg?fit=800%2C800&ssl=1&resize=350%2C200 1x, https:\/\/i0.wp.com\/tuzlahortum.com.tr\/wp-content\/uploads\/2019\/02\/AG-2100-MAR%C4%B0NE-SMOOTH.jpg?fit=800%2C800&ssl=1&resize=525%2C300 1.5x, https:\/\/i0.wp.com\/tuzlahortum.com.tr\/wp-content\/uploads\/2019\/02\/AG-2100-MAR%C4%B0NE-SMOOTH.jpg?fit=800%2C800&ssl=1&resize=700%2C400 2x"},"classes":[]}],"jetpack_sharing_enabled":true,"jetpack_likes_enabled":true,"_links":{"self":[{"href":"https:\/\/tuzlahortum.com.tr\/fr\/wp-json\/wp\/v2\/product\/913","targetHints":{"allow":["GET"]}}],"collection":[{"href":"https:\/\/tuzlahortum.com.tr\/fr\/wp-json\/wp\/v2\/product"}],"about":[{"href":"https:\/\/tuzlahortum.com.tr\/fr\/wp-json\/wp\/v2\/types\/product"}],"replies":[{"embeddable":true,"href":"https:\/\/tuzlahortum.com.tr\/fr\/wp-json\/wp\/v2\/comments?post=913"}],"wp:featuredmedia":[{"embeddable":true,"href":"https:\/\/tuzlahortum.com.tr\/fr\/wp-json\/wp\/v2\/media\/2659"}],"wp:attachment":[{"href":"https:\/\/tuzlahortum.com.tr\/fr\/wp-json\/wp\/v2\/media?parent=913"}],"wp:term":[{"taxonomy":"product_brand","embeddable":true,"href":"https:\/\/tuzlahortum.com.tr\/fr\/wp-json\/wp\/v2\/product_brand?post=913"},{"taxonomy":"product_cat","embeddable":true,"href":"https:\/\/tuzlahortum.com.tr\/fr\/wp-json\/wp\/v2\/product_cat?post=913"},{"taxonomy":"product_tag","embeddable":true,"href":"https:\/\/tuzlahortum.com.tr\/fr\/wp-json\/wp\/v2\/product_tag?post=913"}],"curies":[{"name":"wp","href":"https:\/\/api.w.org\/{rel}","templated":true}]}}