{"id":912,"date":"2019-02-06T23:55:47","date_gmt":"2019-02-06T20:55:47","guid":{"rendered":"http:\/\/hortum.com.tr\/product\/import-placeholder-for-466\/"},"modified":"2024-03-21T17:40:50","modified_gmt":"2024-03-21T14:40:50","slug":"trelleborg-osl","status":"publish","type":"product","link":"https:\/\/tuzlahortum.com.tr\/fr\/produit\/trelleborg-osl\/","title":{"rendered":"Trelleborg OSL"},"content":{"rendered":"<h2>Trelleborg OSL<\/h2>\n<p>Applications eau\/vide<\/p>\n<p>Eau, produits alimentaires (\u00e0 l&#039;exception des produits laitiers), solutions de pulv\u00e9risation, sable, eaux us\u00e9es et produits chimiques<\/p>\n<p>retrait et \u00e9vacuation des produits (voir tableau de r\u00e9sistance chimique du PVC).<\/p>\n<p>Avantages<\/p>\n<p>* Volez correctement.<\/p>\n<p>*Peut \u00eatre livr\u00e9 par d\u00e9coupe en diff\u00e9rentes longueurs sur demande.<\/p>\n<p>*Grande vari\u00e9t\u00e9 de diam\u00e8tres.<\/p>\n<p>*Qualit\u00e9 alimentaire conforme \u00e0 la directive europ\u00e9enne.<\/p>\n<p>description technique<\/p>\n<p>Tube int\u00e9rieur : PVC, transparent, plat.<\/p>\n<p>Rev\u00eatement : PVC, transparent.<\/p>\n<p>Plage de temp\u00e9rature : -10\u00b0C \u00e0 +60\u00b0C.<\/p>\n<p>Norme\/Agr\u00e9ment :<\/p>\n<p>Il est adapt\u00e9 au transport d&#039;aliments non gras et d&#039;alcools divers conform\u00e9ment \u00e0 la directive europ\u00e9enne 2007\/19\/CE.<\/p>\n<p>Informations Compl\u00e9mentaires<\/p>\n<p>Toutes les donn\u00e9es techniques sont valables pour +20\u00b0C.<\/p>\n<div class=\"video video-fit mb\" style=\"padding-top:56.25%;\"><p><iframe loading=\"lazy\" title=\"Confusion des mesures (pouces, doigts, brume, millim\u00e8tres)\" width=\"1020\" height=\"574\" src=\"https:\/\/www.youtube.com\/embed\/uKk6AG_AZls?feature=oembed\" frameborder=\"0\" allow=\"accelerometer; autoplay; clipboard-write; encrypted-media; gyroscope; picture-in-picture; web-share\" referrerpolicy=\"strict-origin-when-cross-origin\" allowfullscreen><\/iframe><\/p>\n<\/div>\n<div class=\"video video-fit mb\" style=\"padding-top:56.25%;\"><p>https:\/\/www.youtube.com\/watch?v=O8ZlzKEjfEQ%20<\/p>\n<\/div>\n<p><img data-recalc-dims=\"1\" loading=\"lazy\" decoding=\"async\" class=\"alignnone size-medium wp-image-2095\" src=\"https:\/\/i0.wp.com\/hortum.com.tr\/wp-content\/uploads\/urunler\/trelleborg\/Trelleborg-OSL-722x400.jpg?resize=722%2C400\" alt=\"\" width=\"722\" height=\"400\" title=\"\" srcset=\"https:\/\/i0.wp.com\/tuzlahortum.com.tr\/wp-content\/uploads\/urunler\/trelleborg\/Trelleborg-OSL.jpg?resize=722%2C400&amp;ssl=1 722w, https:\/\/i0.wp.com\/tuzlahortum.com.tr\/wp-content\/uploads\/urunler\/trelleborg\/Trelleborg-OSL.jpg?resize=768%2C425&amp;ssl=1 768w, https:\/\/i0.wp.com\/tuzlahortum.com.tr\/wp-content\/uploads\/urunler\/trelleborg\/Trelleborg-OSL.jpg?resize=600%2C332&amp;ssl=1 600w, https:\/\/i0.wp.com\/tuzlahortum.com.tr\/wp-content\/uploads\/urunler\/trelleborg\/Trelleborg-OSL.jpg?w=854&amp;ssl=1 854w\" sizes=\"auto, (max-width: 722px) 100vw, 722px\" \/><\/p>","protected":false},"excerpt":{"rendered":"<p>Trelleborg OSL Su\/Vakum uygulamalar\u0131 Su, g\u0131da \u00fcr\u00fcnleri (ya\u011fl\u0131 s\u00fct \u00fcr\u00fcnleri hari\u00e7), p\u00fcsk\u00fcrtme sol\u00fcsyonlar, kum, at\u0131k su ve kimyasal \u00fcr\u00fcnlerin \u00e7ekilmesi ve tahliyesi (PVC i\u00e7in kimyasal dayan\u0131m tablosuna bak\u0131n\u0131z). Avantajlar *D\u00fczg\u00fcn u\u00e7. *\u0130ste\u011fe g\u00f6re \u00e7e\u015fitli uzunluklarda kesilerek teslim edilebilir. *Geni\u015f \u00e7e\u015fitlilikte \u00e7aplar. *Avrupa direktifine uygun g\u0131da kalitesinde. Teknik a\u00e7\u0131klama \u0130\u00e7 t\u00fcp :\u00a0PVC, \u015feffaf, d\u00fcz. Kaplama :\u00a0PVC, [&#8230;]\n","protected":false},"featured_media":2658,"comment_status":"open","ping_status":"closed","template":"","meta":[],"product_brand":[],"product_cat":[1185],"product_tag":[556,1043,1190,1176,414,555,525,1036],"class_list":{"0":"post-912","1":"product","2":"type-product","3":"status-publish","4":"has-post-thumbnail","6":"product_cat-su-ve-sulama-hortumlari","7":"product_tag-asinmaya-yuksek-dayanim","8":"product_tag-atik-su","9":"product_tag-gida-urunleri","10":"product_tag-kimyasal","11":"product_tag-kum","12":"product_tag-su","13":"product_tag-temizlik","14":"product_tag-vakum","16":"first","17":"instock","18":"taxable","19":"shipping-taxable","20":"product-type-variable"},"jetpack-related-posts":[{"id":917,"url":"https:\/\/tuzlahortum.com.tr\/fr\/produit\/trelleborg-osx\/","url_meta":{"origin":912,"position":0},"title":"Trelleborg OSX","author":"admin","date":"6 f\u00e9vrier 2019","format":false,"excerpt":"Trelleborg OSXSu\/Vakum uygulamalar\u0131 \u00c7e\u015fitli s\u0131v\u0131lar ve genel end\u00fcstride kullan\u0131lan orta derecede a\u015f\u0131nd\u0131r\u0131c\u0131 kat\u0131lar\u0131n \u00e7ekilmesi ve\u00a0tahliyesi. Tohum ekme, drenaj, kanalizasyon ve su ta\u015f\u0131ma gibi tar\u0131msal uygulamalar Ayr\u0131ca itfaiye ve tesis ekipman\u0131nda (yeralt\u0131 suyunun pompalanmas\u0131) i\u00e7in kullan\u0131l\u0131r. Avantajlar *\u015eeffaf PVC, y\u00fcksek \u00e7ekme dayan\u0131m\u0131na sahip \u00e7elik helisli \u00e7ekme ve tahliye hortumu. *D\u00fczg\u00fcn u\u00e7.\u2026","rel":"","context":"Article similaire","block_context":{"text":"Article similaire","link":""},"img":{"alt_text":"","src":"https:\/\/i0.wp.com\/tuzlahortum.com.tr\/wp-content\/uploads\/2019\/02\/OSX.jpg?fit=800%2C800&ssl=1&resize=350%2C200","width":350,"height":200,"srcset":"https:\/\/i0.wp.com\/tuzlahortum.com.tr\/wp-content\/uploads\/2019\/02\/OSX.jpg?fit=800%2C800&ssl=1&resize=350%2C200 1x, https:\/\/i0.wp.com\/tuzlahortum.com.tr\/wp-content\/uploads\/2019\/02\/OSX.jpg?fit=800%2C800&ssl=1&resize=525%2C300 1.5x, https:\/\/i0.wp.com\/tuzlahortum.com.tr\/wp-content\/uploads\/2019\/02\/OSX.jpg?fit=800%2C800&ssl=1&resize=700%2C400 2x"},"classes":[]},{"id":12156,"url":"https:\/\/tuzlahortum.com.tr\/fr\/produit\/telli-seffaf-hortumlar-kopya\/","url_meta":{"origin":912,"position":1},"title":"Fil Transparent Tuyau Huile D&#039;Olive","author":"\u0130smail \u00c7elik","date":"7 octobre 2020","format":false,"excerpt":"Telli \u015eeffaf Hortum Zeytinya\u011f\u0131G\u0131da s\u0131v\u0131lar\u0131n\u0131n ve bitkisel ya\u011flar\u0131n\u0131n emilmesi ve iletilmesi i\u00e7in\u00a0 \u00e7elik telli spiralli PU hortum. Avrupa Birli\u011fi EU 10\/2011 A B C\u00a0 D2\u00a0 Normlar\u0131na uygun\u00a0 ve bitkisel ya\u011flar\u0131n, End\u00fcstriyel ya\u011flar\u0131n emilmesi ve iletilmesi kullan\u0131l\u0131r ve kokusuzdur. Hafif kimyasallar\u0131n transferlerinde kullan\u0131ma uygundur.","rel":"","context":"Article similaire","block_context":{"text":"Article similaire","link":""},"img":{"alt_text":"","src":"https:\/\/i0.wp.com\/tuzlahortum.com.tr\/wp-content\/uploads\/2020\/10\/TELLI-SEFFAF-ZEYTINYAGI-HORTUMU-5.jpeg?fit=1200%2C900&ssl=1&resize=350%2C200","width":350,"height":200,"srcset":"https:\/\/i0.wp.com\/tuzlahortum.com.tr\/wp-content\/uploads\/2020\/10\/TELLI-SEFFAF-ZEYTINYAGI-HORTUMU-5.jpeg?fit=1200%2C900&ssl=1&resize=350%2C200 1x, https:\/\/i0.wp.com\/tuzlahortum.com.tr\/wp-content\/uploads\/2020\/10\/TELLI-SEFFAF-ZEYTINYAGI-HORTUMU-5.jpeg?fit=1200%2C900&ssl=1&resize=525%2C300 1.5x, https:\/\/i0.wp.com\/tuzlahortum.com.tr\/wp-content\/uploads\/2020\/10\/TELLI-SEFFAF-ZEYTINYAGI-HORTUMU-5.jpeg?fit=1200%2C900&ssl=1&resize=700%2C400 2x, https:\/\/i0.wp.com\/tuzlahortum.com.tr\/wp-content\/uploads\/2020\/10\/TELLI-SEFFAF-ZEYTINYAGI-HORTUMU-5.jpeg?fit=1200%2C900&ssl=1&resize=1050%2C600 3x"},"classes":[]},{"id":638,"url":"https:\/\/tuzlahortum.com.tr\/fr\/produit\/trelleborg-citerdial\/","url_meta":{"origin":912,"position":2},"title":"CITERDIAL de Trelleborg","author":"admin","date":"6 f\u00e9vrier 2019","format":false,"excerpt":"Trelleborg CITERDIALG\u0131da End\u00fcstrisi\/Transfer S\u00fct ta\u015f\u0131mak i\u00e7in: s\u00fct toplamak ve ta\u015f\u0131mak i\u00e7in kullan\u0131lan tankerler, s\u00fct \u00fcr\u00fcnleri bo\u015faltma\u00a0alanlar\u0131 ve sabit ekipman, i\u015fleme ve doldurma tesisi. Ya\u011fl\u0131 g\u0131da maddeleri ve ya\u011flar hari\u00e7\u00a0\u015farap, elma \u015f\u0131ras\u0131, meyve suyu, sirke ve %96'ya kadar alkol gibi di\u011fer s\u0131v\u0131 g\u0131da maddelerinin\u00a0ta\u015f\u0131nmas\u0131. Avantajlar *K\u0131r\u0131lma olmaks\u0131z\u0131n en k\u00fc\u00e7\u00fck k\u0131vr\u0131lma yar\u0131\u00e7aplar\u0131n\u0131\u2026","rel":"","context":"Article similaire","block_context":{"text":"Article similaire","link":""},"img":{"alt_text":"","src":"https:\/\/i0.wp.com\/tuzlahortum.com.tr\/wp-content\/uploads\/2019\/02\/CITERDIAL.jpg?fit=800%2C800&ssl=1&resize=350%2C200","width":350,"height":200,"srcset":"https:\/\/i0.wp.com\/tuzlahortum.com.tr\/wp-content\/uploads\/2019\/02\/CITERDIAL.jpg?fit=800%2C800&ssl=1&resize=350%2C200 1x, https:\/\/i0.wp.com\/tuzlahortum.com.tr\/wp-content\/uploads\/2019\/02\/CITERDIAL.jpg?fit=800%2C800&ssl=1&resize=525%2C300 1.5x, https:\/\/i0.wp.com\/tuzlahortum.com.tr\/wp-content\/uploads\/2019\/02\/CITERDIAL.jpg?fit=800%2C800&ssl=1&resize=700%2C400 2x"},"classes":[]},{"id":644,"url":"https:\/\/tuzlahortum.com.tr\/fr\/produit\/trelleborg-vinitrell\/","url_meta":{"origin":912,"position":3},"title":"Trelleborg VIITRELL","author":"admin","date":"6 f\u00e9vrier 2019","format":false,"excerpt":"Trelleborg VINITRELLG\u0131da End\u00fcstrisi\/Transfer \u015earap \u00fcretim end\u00fcstrilerinde \u015farab\u0131n aktar\u0131lmas\u0131 i\u00e7in \u00f6zel olarak tasarlanm\u0131\u015ft\u0131r. Ya\u011fl\u0131 s\u0131v\u0131lar\u00a0d\u0131\u015f\u0131ndaki t\u00fcm g\u0131da maddelerinin \u00e7ekilmesi ve tahliyesi. Avantajlar *En y\u00fcksek seviyede kullan\u0131c\u0131 dostu hortum: p\u00fcr\u00fczs\u00fcz kaplama sayesinde benzersiz esneklik\u00a0ve kolay ta\u015f\u0131ma, d\u00fc\u015f\u00fck \u00e7ekme g\u00fcc\u00fc. *G\u0131dada kullan\u0131ma uygun olan beyaz i\u00e7 lastik g\u0131da maddelerinin ta\u015f\u0131nmas\u0131na y\u00f6nelik en kat\u0131\u00a0Avrupa\u2026","rel":"","context":"Article similaire","block_context":{"text":"Article similaire","link":""},"img":{"alt_text":"","src":"https:\/\/i0.wp.com\/tuzlahortum.com.tr\/wp-content\/uploads\/2019\/02\/VINITRELL.jpg?fit=800%2C800&ssl=1&resize=350%2C200","width":350,"height":200,"srcset":"https:\/\/i0.wp.com\/tuzlahortum.com.tr\/wp-content\/uploads\/2019\/02\/VINITRELL.jpg?fit=800%2C800&ssl=1&resize=350%2C200 1x, https:\/\/i0.wp.com\/tuzlahortum.com.tr\/wp-content\/uploads\/2019\/02\/VINITRELL.jpg?fit=800%2C800&ssl=1&resize=525%2C300 1.5x, https:\/\/i0.wp.com\/tuzlahortum.com.tr\/wp-content\/uploads\/2019\/02\/VINITRELL.jpg?fit=800%2C800&ssl=1&resize=700%2C400 2x"},"classes":[]},{"id":569,"url":"https:\/\/tuzlahortum.com.tr\/fr\/produit\/trelleborg-klegaine-gpu-fg\/","url_meta":{"origin":912,"position":4},"title":"Trelleborg KLEGAINE GPU-FG","author":"admin","date":"6 f\u00e9vrier 2019","format":false,"excerpt":"Trelleborg KLEGAINE GPU-FGEnd\u00fcstriyel hortumlar\/Poli\u00fcretan G\u0131daya uygun kalitede, son derece d\u00fczg\u00fcn. G\u0131da end\u00fcstrisinde a\u015f\u0131nd\u0131r\u0131c\u0131 malzemeler, tozlar ve gran\u00fcllerin ve ila\u00e7 laboratuvarlar\u0131nda\u00a0ila\u00e7lar\u0131n \u00e7ekilmesi ve ta\u015f\u0131nmas\u0131 i\u00e7in idealdir. End\u00fcstriyel elektrik s\u00fcp\u00fcrgeleri ve zemin bak\u0131m uygulamalar\u0131, \u00e7imen bi\u00e7me makineleri ve kaya\u00a0y\u00fcn\u00fc projeksiyonu. Ah\u015fap i\u015fleme end\u00fcstrileri. Robotikler, r\u00f6ntgen makineleri i\u00e7in kablo kanal\u0131. Avantajlar *G\u0131dada kullan\u0131ma\u2026","rel":"","context":"Article similaire","block_context":{"text":"Article similaire","link":""},"img":{"alt_text":"","src":"https:\/\/i0.wp.com\/tuzlahortum.com.tr\/wp-content\/uploads\/2019\/02\/KLEGAINE-GPU-FG.jpg?fit=800%2C800&ssl=1&resize=350%2C200","width":350,"height":200,"srcset":"https:\/\/i0.wp.com\/tuzlahortum.com.tr\/wp-content\/uploads\/2019\/02\/KLEGAINE-GPU-FG.jpg?fit=800%2C800&ssl=1&resize=350%2C200 1x, https:\/\/i0.wp.com\/tuzlahortum.com.tr\/wp-content\/uploads\/2019\/02\/KLEGAINE-GPU-FG.jpg?fit=800%2C800&ssl=1&resize=525%2C300 1.5x, https:\/\/i0.wp.com\/tuzlahortum.com.tr\/wp-content\/uploads\/2019\/02\/KLEGAINE-GPU-FG.jpg?fit=800%2C800&ssl=1&resize=700%2C400 2x"},"classes":[]},{"id":904,"url":"https:\/\/tuzlahortum.com.tr\/fr\/produit\/trelleborg-ap-blue\/","url_meta":{"origin":912,"position":5},"title":"Trelleborg AP BLEU","author":"admin","date":"6 f\u00e9vrier 2019","format":false,"excerpt":"Trelleborg AP BLUESu\/Tahliye uygulamalar\u0131 Su tahliyesi. Avantajlar *Kolay depolama ve ta\u015f\u0131ma i\u00e7in d\u00fcz olarak sar\u0131l\u0131r. *Hafif. *Y\u00fcksek uzunluk. *Geni\u015f \u00e7e\u015fitlilikte \u00e7aplar. Teknik a\u00e7\u0131klama \u0130\u00e7 t\u00fcp :\u00a0PVC, siyah, d\u00fcz. Takviye :\u00a0sentetik tekstil. Kaplama :\u00a0PVC, mavi, d\u00fcz. S\u0131cakl\u0131k aral\u0131\u011f\u0131 :\u00a0-10\u00b0C to +40\u00b0C. Ek bilgiler Bahsi ge\u00e7en \u00e7al\u0131\u015fma bas\u0131nc\u0131 ve patlama bas\u0131nc\u0131 +20\u00b0C\u2026","rel":"","context":"Article similaire","block_context":{"text":"Article similaire","link":""},"img":{"alt_text":"","src":"https:\/\/i0.wp.com\/tuzlahortum.com.tr\/wp-content\/uploads\/2019\/02\/AP-BLUE.jpg?fit=800%2C800&ssl=1&resize=350%2C200","width":350,"height":200,"srcset":"https:\/\/i0.wp.com\/tuzlahortum.com.tr\/wp-content\/uploads\/2019\/02\/AP-BLUE.jpg?fit=800%2C800&ssl=1&resize=350%2C200 1x, https:\/\/i0.wp.com\/tuzlahortum.com.tr\/wp-content\/uploads\/2019\/02\/AP-BLUE.jpg?fit=800%2C800&ssl=1&resize=525%2C300 1.5x, https:\/\/i0.wp.com\/tuzlahortum.com.tr\/wp-content\/uploads\/2019\/02\/AP-BLUE.jpg?fit=800%2C800&ssl=1&resize=700%2C400 2x"},"classes":[]}],"jetpack_sharing_enabled":true,"jetpack_likes_enabled":true,"_links":{"self":[{"href":"https:\/\/tuzlahortum.com.tr\/fr\/wp-json\/wp\/v2\/product\/912","targetHints":{"allow":["GET"]}}],"collection":[{"href":"https:\/\/tuzlahortum.com.tr\/fr\/wp-json\/wp\/v2\/product"}],"about":[{"href":"https:\/\/tuzlahortum.com.tr\/fr\/wp-json\/wp\/v2\/types\/product"}],"replies":[{"embeddable":true,"href":"https:\/\/tuzlahortum.com.tr\/fr\/wp-json\/wp\/v2\/comments?post=912"}],"wp:featuredmedia":[{"embeddable":true,"href":"https:\/\/tuzlahortum.com.tr\/fr\/wp-json\/wp\/v2\/media\/2658"}],"wp:attachment":[{"href":"https:\/\/tuzlahortum.com.tr\/fr\/wp-json\/wp\/v2\/media?parent=912"}],"wp:term":[{"taxonomy":"product_brand","embeddable":true,"href":"https:\/\/tuzlahortum.com.tr\/fr\/wp-json\/wp\/v2\/product_brand?post=912"},{"taxonomy":"product_cat","embeddable":true,"href":"https:\/\/tuzlahortum.com.tr\/fr\/wp-json\/wp\/v2\/product_cat?post=912"},{"taxonomy":"product_tag","embeddable":true,"href":"https:\/\/tuzlahortum.com.tr\/fr\/wp-json\/wp\/v2\/product_tag?post=912"}],"curies":[{"name":"wp","href":"https:\/\/api.w.org\/{rel}","templated":true}]}}