{"id":911,"date":"2019-02-06T23:55:46","date_gmt":"2019-02-06T20:55:46","guid":{"rendered":"http:\/\/hortum.com.tr\/product\/import-placeholder-for-468\/"},"modified":"2024-03-21T17:40:51","modified_gmt":"2024-03-21T14:40:51","slug":"trelleborg-klerheat","status":"publish","type":"product","link":"https:\/\/tuzlahortum.com.tr\/fr\/produit\/trelleborg-klerheat\/","title":{"rendered":"Trelleborg KLERHEAT"},"content":{"rendered":"<h2>Trelleborg KLERHEAT<\/h2>\n<p>Applications eau\/refroidissement<\/p>\n<p>Sur les surfaces de fusion dans les aci\u00e9ries, les usines de fabrication de verre, les fonderies, etc.<\/p>\n<p>utilis\u00e9 comme tuyau de refroidissement industriel et tuyau de refroidissement de c\u00e2ble.<\/p>\n<p>\u00c9galement dans les zones de travail \u00e0 haute temp\u00e9rature et les tuyaux isol\u00e9s \u00e9lectriquement<\/p>\n<p>utilis\u00e9 dans les applications requises.<\/p>\n<p>Avantages<\/p>\n<p>*R\u00e9sistant aux \u00e9claboussures d&#039;acier et \u00e0 une temp\u00e9rature de rayonnement transitoire de +400\u00b0C.<\/p>\n<p>*La housse ext\u00e9rieure est en tissu \u00e0 mailles de verre et est donc r\u00e9sistante au feu.<\/p>\n<p>*Un rev\u00eatement en caoutchouc mince suppl\u00e9mentaire sur le fil de verre a \u00e9t\u00e9 appliqu\u00e9 sur le tuyau pour le prot\u00e9ger pendant le transport et l&#039;installation.<\/p>\n<p>description technique<\/p>\n<p>Tube int\u00e9rieur : caoutchouc EPDM aux propri\u00e9t\u00e9s isolantes, beige, plat.<\/p>\n<p>Renforcement : textile synth\u00e9tique et fibres de verre.<\/p>\n<p>Rev\u00eatement : EPDM, noir, aspect tissu.<\/p>\n<p>Plage de temp\u00e9rature : -30\u00b0C \u00e0 +100\u00b0C.<\/p>\n<p>Il r\u00e9siste aux \u00e9claboussures d&#039;acier et \u00e0 une temp\u00e9rature de rayonnement transitoire de +400\u00b0C.<\/p>\n<p>Propri\u00e9t\u00e9s \u00e9lectriques : R&gt;1010\u03a9\/m (isol\u00e9).<\/p>\n<p>Sa r\u00e9sistance \u00e9lectrique longitudinale est &gt;16kV par 40mm.<\/p>\n<div class=\"video video-fit mb\" style=\"padding-top:56.25%;\"><p><iframe loading=\"lazy\" title=\"Confusion des mesures (pouces, doigts, brume, millim\u00e8tres)\" width=\"1020\" height=\"574\" src=\"https:\/\/www.youtube.com\/embed\/uKk6AG_AZls?feature=oembed\" frameborder=\"0\" allow=\"accelerometer; autoplay; clipboard-write; encrypted-media; gyroscope; picture-in-picture; web-share\" referrerpolicy=\"strict-origin-when-cross-origin\" allowfullscreen><\/iframe><\/p>\n<\/div>\n<div class=\"video video-fit mb\" style=\"padding-top:56.25%;\"><p>https:\/\/www.youtube.com\/watch?v=O8ZlzKEjfEQ%20<\/p>\n<\/div>\n<p><img data-recalc-dims=\"1\" loading=\"lazy\" decoding=\"async\" class=\"alignnone size-medium wp-image-2100\" src=\"https:\/\/i0.wp.com\/hortum.com.tr\/wp-content\/uploads\/urunler\/trelleborg\/Trelleborg-KLERHEAT-800x163.jpg?resize=800%2C163\" alt=\"\" width=\"800\" height=\"163\" title=\"\" srcset=\"https:\/\/i0.wp.com\/tuzlahortum.com.tr\/wp-content\/uploads\/urunler\/trelleborg\/Trelleborg-KLERHEAT.jpg?resize=800%2C163&amp;ssl=1 800w, https:\/\/i0.wp.com\/tuzlahortum.com.tr\/wp-content\/uploads\/urunler\/trelleborg\/Trelleborg-KLERHEAT.jpg?resize=768%2C156&amp;ssl=1 768w, https:\/\/i0.wp.com\/tuzlahortum.com.tr\/wp-content\/uploads\/urunler\/trelleborg\/Trelleborg-KLERHEAT.jpg?resize=600%2C122&amp;ssl=1 600w, https:\/\/i0.wp.com\/tuzlahortum.com.tr\/wp-content\/uploads\/urunler\/trelleborg\/Trelleborg-KLERHEAT.jpg?w=919&amp;ssl=1 919w\" sizes=\"auto, (max-width: 800px) 100vw, 800px\" \/><\/p>","protected":false},"excerpt":{"rendered":"<p>Trelleborg KLERHEAT Su\/So\u011futma uygulamalar\u0131 \u00c7elikhaneler, cam \u00fcretim tesisleri, d\u00f6k\u00fcmhaneler, vs.&#8217;de bulunan ergitme y\u00fczeylerinde end\u00fcstriyel so\u011futma hortumu olarak ve kablo so\u011futma hortumu olarak kullan\u0131l\u0131r. Ayr\u0131ca y\u00fcksek s\u0131cakl\u0131klardaki \u00e7al\u0131\u015fma alanlar\u0131nda ve elektriksel a\u00e7\u0131dan izolasyonlu hortum gereken uygulamalarda kullan\u0131l\u0131r. Avantajlar *\u00c7elik s\u0131\u00e7ramas\u0131na ve +400\u00b0C ge\u00e7ici radyasyon s\u0131cakl\u0131\u011f\u0131na kar\u015f\u0131\u00a0dayan\u0131kl\u0131d\u0131r. *D\u0131\u015f kaplamas\u0131 cam \u00f6rg\u00fc kuma\u015ftan yap\u0131lm\u0131\u015ft\u0131r ve dolay\u0131s\u0131yla yanmaya kar\u015f\u0131 [&#8230;]\n","protected":false},"featured_media":2652,"comment_status":"open","ping_status":"closed","template":"","meta":{"jetpack_post_was_ever_published":false},"product_brand":[],"product_cat":[1185],"product_tag":[556,1189,1188,393,259,555,525],"class_list":{"0":"post-911","1":"product","2":"type-product","3":"status-publish","4":"has-post-thumbnail","6":"product_cat-su-ve-sulama-hortumlari","7":"product_tag-asinmaya-yuksek-dayanim","8":"product_tag-cam-uretim-tesisleri","9":"product_tag-celikhane","10":"product_tag-dokumhaneler","11":"product_tag-sogutma","12":"product_tag-su","13":"product_tag-temizlik","15":"first","16":"instock","17":"taxable","18":"shipping-taxable","19":"product-type-variable"},"jetpack-related-posts":[],"jetpack_sharing_enabled":true,"jetpack_likes_enabled":true,"_links":{"self":[{"href":"https:\/\/tuzlahortum.com.tr\/fr\/wp-json\/wp\/v2\/product\/911","targetHints":{"allow":["GET"]}}],"collection":[{"href":"https:\/\/tuzlahortum.com.tr\/fr\/wp-json\/wp\/v2\/product"}],"about":[{"href":"https:\/\/tuzlahortum.com.tr\/fr\/wp-json\/wp\/v2\/types\/product"}],"replies":[{"embeddable":true,"href":"https:\/\/tuzlahortum.com.tr\/fr\/wp-json\/wp\/v2\/comments?post=911"}],"wp:featuredmedia":[{"embeddable":true,"href":"https:\/\/tuzlahortum.com.tr\/fr\/wp-json\/wp\/v2\/media\/2652"}],"wp:attachment":[{"href":"https:\/\/tuzlahortum.com.tr\/fr\/wp-json\/wp\/v2\/media?parent=911"}],"wp:term":[{"taxonomy":"product_brand","embeddable":true,"href":"https:\/\/tuzlahortum.com.tr\/fr\/wp-json\/wp\/v2\/product_brand?post=911"},{"taxonomy":"product_cat","embeddable":true,"href":"https:\/\/tuzlahortum.com.tr\/fr\/wp-json\/wp\/v2\/product_cat?post=911"},{"taxonomy":"product_tag","embeddable":true,"href":"https:\/\/tuzlahortum.com.tr\/fr\/wp-json\/wp\/v2\/product_tag?post=911"}],"curies":[{"name":"wp","href":"https:\/\/api.w.org\/{rel}","templated":true}]}}