{"id":9100,"date":"2019-06-11T15:15:32","date_gmt":"2019-06-11T12:15:32","guid":{"rendered":"https:\/\/tuzlahortum.com.tr\/?post_type=product&#038;p=9100"},"modified":"2024-03-21T17:38:29","modified_gmt":"2024-03-21T14:38:29","slug":"marin-hortumu","status":"publish","type":"product","link":"https:\/\/tuzlahortum.com.tr\/fr\/produit\/marin-hortumu\/","title":{"rendered":"Tuyau marin"},"content":{"rendered":"<h2>Tuyau marin<\/h2>\n<p><span class=\"footer_baslik\">Traits :<\/span><br \/>\n<span class=\"haberlink\">\u2022 Le dernier \u00e9tage est en PVC de 1\u00e8re classe.<br \/>\n\u2022 La couche inf\u00e9rieure est en PVC blanc.<br \/>\n\u2022 Polyester renforc\u00e9 de haute qualit\u00e9.<br \/>\n\u2022 R\u00e9siste \u00e0 des temp\u00e9ratures comprises entre -5\u00b0C et +65\u00b0C.<\/span><\/p>\n<p>Domaines d&#039;utilisation :<br \/>\n<span class=\"haberlink\">\u2022 Dans les bateaux et les yachts, les travaux d&#039;irrigation de la maison et du jardin,<br \/>\npartiellement r\u00e9sistant \u00e0 l&#039;huile et au carburant.<\/span><\/p>\n<div class=\"video video-fit mb\" style=\"padding-top:56.25%;\"><p><iframe loading=\"lazy\" title=\"Confusion des mesures (pouces, doigts, brume, millim\u00e8tres)\" width=\"1020\" height=\"574\" src=\"https:\/\/www.youtube.com\/embed\/uKk6AG_AZls?feature=oembed\" frameborder=\"0\" allow=\"accelerometer; autoplay; clipboard-write; encrypted-media; gyroscope; picture-in-picture; web-share\" referrerpolicy=\"strict-origin-when-cross-origin\" allowfullscreen><\/iframe><\/p>\n<\/div>\n<p><img data-recalc-dims=\"1\" loading=\"lazy\" decoding=\"async\" class=\"alignnone size-full wp-image-9098\" src=\"https:\/\/i0.wp.com\/tuzlahortum.com.tr\/wp-content\/uploads\/2019\/06\/Marin-Hortumu-2.jpg?resize=696%2C116&#038;ssl=1\" alt=\"\" width=\"696\" height=\"116\" title=\"\" srcset=\"https:\/\/i0.wp.com\/tuzlahortum.com.tr\/wp-content\/uploads\/2019\/06\/Marin-Hortumu-2.jpg?w=696&amp;ssl=1 696w, https:\/\/i0.wp.com\/tuzlahortum.com.tr\/wp-content\/uploads\/2019\/06\/Marin-Hortumu-2.jpg?resize=600%2C100&amp;ssl=1 600w\" sizes=\"auto, (max-width: 696px) 100vw, 696px\" \/><\/p>","protected":false},"excerpt":{"rendered":"<p>Caract\u00e9ristiques du tuyau marin : - La couche sup\u00e9rieure est en PVC de premi\u00e8re classe. - La couche inf\u00e9rieure est en PVC blanc. - Renforcement en polyester de haute qualit\u00e9. - R\u00e9siste \u00e0 des temp\u00e9ratures comprises entre -5\u00b0C et +65\u00b0C. Domaines d'utilisation : - Bateaux et yachts, maison, jardin, travaux d'irrigation, partiellement r\u00e9sistant \u00e0 l'huile et au carburant.<\/p>","protected":false},"featured_media":9093,"comment_status":"open","ping_status":"closed","template":"","meta":[],"product_brand":[],"product_cat":[165],"product_tag":[795,1050,1025,421,1055,1057],"class_list":{"0":"post-9100","1":"product","2":"type-product","3":"status-publish","4":"has-post-thumbnail","6":"product_cat-plastik-bahce-hortumlari","7":"product_tag-bahce","8":"product_tag-bahce-sulama","9":"product_tag-ev","10":"product_tag-tekne","11":"product_tag-tekne-hortumu","12":"product_tag-yat-hortumu","14":"first","15":"instock","16":"taxable","17":"shipping-taxable","18":"product-type-variable"},"jetpack-related-posts":[{"id":8132,"url":"https:\/\/tuzlahortum.com.tr\/fr\/produit\/super-extra-orgulu-seffaf-hortum\/","url_meta":{"origin":9100,"position":0},"title":"Tuyau Transparent Tress\u00e9 Super Extra","author":"\u0130smail \u00c7elik","date":"14 mars 2019","format":false,"excerpt":"S\u00fcper Extra \u00d6rg\u00fcl\u00fc \u015eeffaf Hortum\u00d6zellikler : \u2022 1. S\u0131n\u0131f PVC\u2019 den imal edilmi\u015ftir. \u2022 Y\u00fcksek kaliteli polyester takviye edilmi\u015ftir \u2022 A\u015f\u0131nmaya dayan\u0131kl\u0131d\u0131r. \u2022 -20\u00b0C ile +65\u00b0C aras\u0131nda s\u0131cakl\u0131\u011fa dayan\u0131kl\u0131d\u0131r. Kullan\u0131m Alanlar\u0131 : \u2022 Sanayide, petrol-petrol t\u00fcrevleri, hafif kimyasal maddelerin tahliyesi ve bas\u0131n\u00e7l\u0131 sulama i\u015flemlerinde kullan\u0131l\u0131r.","rel":"","context":"Article similaire","block_context":{"text":"Article similaire","link":""},"img":{"alt_text":"","src":"https:\/\/i0.wp.com\/hortum.com.tr\/wp-content\/uploads\/2019\/03\/S%C3%BCper-Extra-%C3%96rg%C3%BCl%C3%BC-%C5%9Eeffaf-Hortum-2.jpg?resize=350%2C200","width":350,"height":200,"srcset":"https:\/\/i0.wp.com\/hortum.com.tr\/wp-content\/uploads\/2019\/03\/S%C3%BCper-Extra-%C3%96rg%C3%BCl%C3%BC-%C5%9Eeffaf-Hortum-2.jpg?resize=350%2C200 1x, https:\/\/i0.wp.com\/hortum.com.tr\/wp-content\/uploads\/2019\/03\/S%C3%BCper-Extra-%C3%96rg%C3%BCl%C3%BC-%C5%9Eeffaf-Hortum-2.jpg?resize=525%2C300 1.5x"},"classes":[]},{"id":692,"url":"https:\/\/tuzlahortum.com.tr\/fr\/produit\/pulverizator-ilaclama-hortumu\/","url_meta":{"origin":9100,"position":1},"title":"Tuyau de pulv\u00e9risation de pulv\u00e9risateur","author":"admin","date":"6 f\u00e9vrier 2019","format":false,"excerpt":"Pulverizat\u00f6r \u0130la\u00e7lama Hortumu\u00d6zellikler : \u2022 1. S\u0131n\u0131f PVC\u2019 den imal edilmi\u015ftir. \u2022 \u00c7ekmeye ve gerilmeye kar\u015f\u0131 y\u00fcksek derecede dayan\u0131kl\u0131d\u0131r. \u2022 -20\u00b0C ile +60\u00b0C aras\u0131nda s\u0131cakl\u0131\u011fa dayan\u0131kl\u0131d\u0131r. Kullan\u0131m Alanlar\u0131 : \u2022 Tar\u0131m sanayinde, y\u00fcksek bas\u0131n\u00e7l\u0131 ila\u00e7lama i\u015flerinde kullan\u0131l\u0131r. \u00a0","rel":"","context":"Article similaire","block_context":{"text":"Article similaire","link":""},"img":{"alt_text":"","src":"","width":0,"height":0},"classes":[]},{"id":9026,"url":"https:\/\/tuzlahortum.com.tr\/fr\/produit\/kumlama-tulumu-guderi\/","url_meta":{"origin":9100,"position":2},"title":"Costume de sablage (Chamois)","author":"\u0130smail \u00c7elik","date":"2 avril 2019","format":false,"excerpt":"Combinaisons de sablage (Chamois)Comme on le sait, les op\u00e9rateurs travaillent dans des conditions tr\u00e8s difficiles en raison des produits consommables pulv\u00e9ris\u00e9s et de la poussi\u00e8re d\u00e9gag\u00e9e lors des op\u00e9rations de sablage. C'est pourquoi nous vendons des combinaisons de sablage sp\u00e9cialement fabriqu\u00e9es pour faciliter les mouvements et prot\u00e9ger les op\u00e9rateurs. La combinaison de sablage, produite en tailles L-XL-XXL et sp\u00e9cialement con\u00e7ue pour \u00eatre port\u00e9e dans le processus de sablage, peut \u00eatre utilis\u00e9e dans d'autres...","rel":"","context":"Article similaire","block_context":{"text":"Article similaire","link":""},"img":{"alt_text":"","src":"https:\/\/i0.wp.com\/tuzlahortum.com.tr\/wp-content\/uploads\/urunler\/Kumlama\/kumlama_tulumu_on.jpg?fit=250%2C275&ssl=1&resize=350%2C200","width":350,"height":200},"classes":[]},{"id":524,"url":"https:\/\/tuzlahortum.com.tr\/fr\/produit\/combiafs\/","url_meta":{"origin":9100,"position":3},"title":"COMBIAF","author":"admin","date":"6 f\u00e9vrier 2019","format":false,"excerpt":"COMBIAFSAl\u00fcminyum & PVC kombinasyonlu flexible hava kanallar\u0131 Genel \u00d6zellikler COMBIAFS al\u00fcminyum & PVC kombinasyonlu flexible hava kanallar\u0131 kaynak duman\u0131 tahliyesi ve y\u00fcksek mekanik mukavemet istenilen uygulamalar i\u00e7in \u00f6zel olarak dizayn edilmi\u015f, \u00e7ok ama\u00e7l\u0131 bir flexible hava kanal\u0131d\u0131r. COMBIAFS \u0131s\u0131tma, so\u011futma, havaland\u0131rma ve iklimlendirme sistemleri i\u00e7in de son derece uygun ve\u2026","rel":"","context":"Article similaire","block_context":{"text":"Article similaire","link":""},"img":{"alt_text":"","src":"https:\/\/i0.wp.com\/tuzlahortum.com.tr\/wp-content\/uploads\/2019\/03\/COMBIAFS.png?fit=800%2C800&ssl=1&resize=350%2C200","width":350,"height":200,"srcset":"https:\/\/i0.wp.com\/tuzlahortum.com.tr\/wp-content\/uploads\/2019\/03\/COMBIAFS.png?fit=800%2C800&ssl=1&resize=350%2C200 1x, https:\/\/i0.wp.com\/tuzlahortum.com.tr\/wp-content\/uploads\/2019\/03\/COMBIAFS.png?fit=800%2C800&ssl=1&resize=525%2C300 1.5x, https:\/\/i0.wp.com\/tuzlahortum.com.tr\/wp-content\/uploads\/2019\/03\/COMBIAFS.png?fit=800%2C800&ssl=1&resize=700%2C400 2x"},"classes":[]},{"id":21818,"url":"https:\/\/tuzlahortum.com.tr\/fr\/produit\/termessos\/","url_meta":{"origin":9100,"position":4},"title":"TERMESSOS","author":"admin","date":"11 ao\u00fbt 2025","format":false,"excerpt":"\u00a0 \u00dcr\u00fcn Ad\u0131: TERMESSOS \u00dcr\u00fcn Kodu: TSG06 Spa - Banyo Kullanim Alan\u0131 : Y\u00fczme havuzlar\u0131, jakuziler vb. i\u00e7in y\u00fcksek bas\u0131n\u00e7ta s\u0131cak su ge\u00e7i\u015fi. Alt Katman : G\u00fc\u00e7l\u00fc, Esnek ve P\u00fcr\u00fczs\u00fcz Beyaz Plastikle\u015ftirilmi\u015f PVC. Takviye Katman\u0131 : Darbeye Dayan\u0131kl\u0131 Beyaz Spiral. \u00dcst Katman : Ezilmeye, A\u015f\u0131nmaya ve Hava Ko\u015fullar\u0131na Dayan\u0131kl\u0131, D\u0131\u015f\u2026","rel":"","context":"Article similaire","block_context":{"text":"Article similaire","link":""},"img":{"alt_text":"","src":"https:\/\/i0.wp.com\/tuzlahortum.com.tr\/wp-content\/uploads\/2025\/08\/PVC_22.png?fit=441%2C441&ssl=1&resize=350%2C200","width":350,"height":200},"classes":[]},{"id":972,"url":"https:\/\/tuzlahortum.com.tr\/fr\/produit\/kumandali-yangin-lansi\/","url_meta":{"origin":9100,"position":5},"title":"LANGAGE DE FEU CONTR\u00d4L\u00c9","author":"admin","date":"7 f\u00e9vrier 2019","format":false,"excerpt":"KUMANDALI YANGIN LANSITEKN\u0130K \u00d6ZELL\u0130KLER\u0130Lans\u0131n borusu al\u00fcminyum olup, d\u0131\u015f y\u00fczeyi kau\u00e7uk kaplamal\u0131d\u0131r.\u0130ki\u00a0 konumda \u00e7al\u0131\u015fabilecek nitelikte (kapal\u0131 ,a\u00e7\u0131k) kumanda koluna sahiptir.Rekora irtibatlama k\u0131sm\u0131nda s\u0131zd\u0131rmazl\u0131k contas\u0131 vard\u0131r.Alman tipte imal edilmi\u015ftir.Lans\u0131n sis halinde su verme tolerans\u0131 , 0 (s\u0131f\u0131r) derece ile 120 (y\u00fczyirmi) derece aras\u0131 a\u00e7\u0131lardad\u0131r.","rel":"","context":"Article similaire","block_context":{"text":"Article similaire","link":""},"img":{"alt_text":"","src":"https:\/\/i0.wp.com\/tuzlahortum.com.tr\/wp-content\/uploads\/2019\/02\/Yang%C4%B1n-Lans%C4%B13.jpg?fit=339%2C324&ssl=1&resize=350%2C200","width":350,"height":200},"classes":[]}],"jetpack_sharing_enabled":true,"jetpack_likes_enabled":true,"_links":{"self":[{"href":"https:\/\/tuzlahortum.com.tr\/fr\/wp-json\/wp\/v2\/product\/9100","targetHints":{"allow":["GET"]}}],"collection":[{"href":"https:\/\/tuzlahortum.com.tr\/fr\/wp-json\/wp\/v2\/product"}],"about":[{"href":"https:\/\/tuzlahortum.com.tr\/fr\/wp-json\/wp\/v2\/types\/product"}],"replies":[{"embeddable":true,"href":"https:\/\/tuzlahortum.com.tr\/fr\/wp-json\/wp\/v2\/comments?post=9100"}],"wp:featuredmedia":[{"embeddable":true,"href":"https:\/\/tuzlahortum.com.tr\/fr\/wp-json\/wp\/v2\/media\/9093"}],"wp:attachment":[{"href":"https:\/\/tuzlahortum.com.tr\/fr\/wp-json\/wp\/v2\/media?parent=9100"}],"wp:term":[{"taxonomy":"product_brand","embeddable":true,"href":"https:\/\/tuzlahortum.com.tr\/fr\/wp-json\/wp\/v2\/product_brand?post=9100"},{"taxonomy":"product_cat","embeddable":true,"href":"https:\/\/tuzlahortum.com.tr\/fr\/wp-json\/wp\/v2\/product_cat?post=9100"},{"taxonomy":"product_tag","embeddable":true,"href":"https:\/\/tuzlahortum.com.tr\/fr\/wp-json\/wp\/v2\/product_tag?post=9100"}],"curies":[{"name":"wp","href":"https:\/\/api.w.org\/{rel}","templated":true}]}}