{"id":908,"date":"2019-02-06T23:55:46","date_gmt":"2019-02-06T20:55:46","guid":{"rendered":"http:\/\/hortum.com.tr\/product\/import-placeholder-for-451\/"},"modified":"2024-03-21T17:40:54","modified_gmt":"2024-03-21T14:40:54","slug":"trelleborg-aquakler-5","status":"publish","type":"product","link":"https:\/\/tuzlahortum.com.tr\/fr\/produit\/trelleborg-aquakler-5\/","title":{"rendered":"Trelleborg AQUAKLER 5"},"content":{"rendered":"<h2>Trelleborg AQUAKLER 5<\/h2>\n<p>Applications eau\/vidange<\/p>\n<p>Entre les lignes d&#039;alimentation, les enveloppes de tuyau et le bec d&#039;arrosage pour l&#039;\u00e9quipement d&#039;irrigation<\/p>\n<p>lignes de raccordement (longueur 5 \u00e0 10m) et tuyau d&#039;\u00e9vacuation d&#039;eau pour le BTP.<\/p>\n<p>Avantages<\/p>\n<p>* Il s&#039;agit d&#039;un tuyau flexible, facile \u00e0 transporter et l\u00e9ger, mais il r\u00e9siste aux pressions de fonctionnement \u00e9lev\u00e9es.<\/p>\n<p>* S&#039;enroule \u00e0 plat pour un rangement et un transport faciles.<\/p>\n<p>*Compos\u00e9 \u00e0 base de caoutchouc naturel pour des propri\u00e9t\u00e9s m\u00e9caniques et une r\u00e9sistance \u00e0 l&#039;usure optimales<\/p>\n<p>combine la r\u00e9sistance.<\/p>\n<p>description technique<\/p>\n<p>Chambre \u00e0 air : SBR\/NR, noir, droit.<\/p>\n<p>Renforcement : textile synth\u00e9tique.<\/p>\n<p>Rev\u00eatement : SBR\/NR, noir, effet tissu.<\/p>\n<p>Plage de temp\u00e9rature : -30\u00b0C \u00e0 +70\u00b0C.<\/p>\n<div class=\"video video-fit mb\" style=\"padding-top:56.25%;\"><p><iframe loading=\"lazy\" title=\"Confusion des mesures (pouces, doigts, brume, millim\u00e8tres)\" width=\"1020\" height=\"574\" src=\"https:\/\/www.youtube.com\/embed\/uKk6AG_AZls?feature=oembed\" frameborder=\"0\" allow=\"accelerometer; autoplay; clipboard-write; encrypted-media; gyroscope; picture-in-picture; web-share\" referrerpolicy=\"strict-origin-when-cross-origin\" allowfullscreen><\/iframe><\/p>\n<\/div>\n<div class=\"video video-fit mb\" style=\"padding-top:56.25%;\"><p>https:\/\/www.youtube.com\/watch?v=O8ZlzKEjfEQ%20<\/p>\n<\/div>\n<p><img data-recalc-dims=\"1\" loading=\"lazy\" decoding=\"async\" class=\"alignnone size-medium wp-image-2134\" src=\"https:\/\/i0.wp.com\/hortum.com.tr\/wp-content\/uploads\/urunler\/trelleborg\/Trelleborg-AQUAKLER-5-800x182.jpg?resize=800%2C182\" alt=\"\" width=\"800\" height=\"182\" title=\"\" srcset=\"https:\/\/i0.wp.com\/tuzlahortum.com.tr\/wp-content\/uploads\/urunler\/trelleborg\/Trelleborg-AQUAKLER-5.jpg?resize=800%2C182&amp;ssl=1 800w, https:\/\/i0.wp.com\/tuzlahortum.com.tr\/wp-content\/uploads\/urunler\/trelleborg\/Trelleborg-AQUAKLER-5.jpg?resize=768%2C175&amp;ssl=1 768w, https:\/\/i0.wp.com\/tuzlahortum.com.tr\/wp-content\/uploads\/urunler\/trelleborg\/Trelleborg-AQUAKLER-5.jpg?resize=600%2C136&amp;ssl=1 600w, https:\/\/i0.wp.com\/tuzlahortum.com.tr\/wp-content\/uploads\/urunler\/trelleborg\/Trelleborg-AQUAKLER-5.jpg?w=1021&amp;ssl=1 1021w\" sizes=\"auto, (max-width: 800px) 100vw, 800px\" \/><\/p>","protected":false},"excerpt":{"rendered":"<p>Trelleborg AQUAKLER 5 Su\/Tahliye uygulamalar\u0131 Sulama donan\u0131mlar\u0131 i\u00e7in besleme hatlar\u0131, hortum sarg\u0131lar\u0131 ve sulama muslu\u011fu aras\u0131nda ba\u011flant\u0131 hatlar\u0131 (uzunluk 5 ila 10m) ve bina ve bay\u0131nd\u0131rl\u0131k hizmetleri i\u00e7in su tahliye hortumu. Avantajlar *Esnek, kolay ta\u015f\u0131n\u0131r, hafif bir hortumdur ancak y\u00fcksek i\u015fletme bas\u0131n\u00e7lar\u0131na kar\u015f\u0131\u00a0dayan\u0131kl\u0131d\u0131r. *Kolay depolama ve ta\u015f\u0131ma i\u00e7in d\u00fcz olarak sar\u0131l\u0131r. *Do\u011fal kau\u00e7uk bazl\u0131 bile\u015fik [&#8230;]\n","protected":false},"featured_media":2621,"comment_status":"open","ping_status":"closed","template":"","meta":{"jetpack_post_was_ever_published":false},"product_brand":[],"product_cat":[1185],"product_tag":[1186,555,1187,525],"class_list":{"0":"post-908","1":"product","2":"type-product","3":"status-publish","4":"has-post-thumbnail","6":"product_cat-su-ve-sulama-hortumlari","7":"product_tag-asinamaya-yuksek-dayanim","8":"product_tag-su","9":"product_tag-su-tahliyesi","10":"product_tag-temizlik","12":"first","13":"instock","14":"taxable","15":"shipping-taxable","16":"product-type-variable"},"jetpack-related-posts":[],"jetpack_sharing_enabled":true,"jetpack_likes_enabled":true,"_links":{"self":[{"href":"https:\/\/tuzlahortum.com.tr\/fr\/wp-json\/wp\/v2\/product\/908","targetHints":{"allow":["GET"]}}],"collection":[{"href":"https:\/\/tuzlahortum.com.tr\/fr\/wp-json\/wp\/v2\/product"}],"about":[{"href":"https:\/\/tuzlahortum.com.tr\/fr\/wp-json\/wp\/v2\/types\/product"}],"replies":[{"embeddable":true,"href":"https:\/\/tuzlahortum.com.tr\/fr\/wp-json\/wp\/v2\/comments?post=908"}],"wp:featuredmedia":[{"embeddable":true,"href":"https:\/\/tuzlahortum.com.tr\/fr\/wp-json\/wp\/v2\/media\/2621"}],"wp:attachment":[{"href":"https:\/\/tuzlahortum.com.tr\/fr\/wp-json\/wp\/v2\/media?parent=908"}],"wp:term":[{"taxonomy":"product_brand","embeddable":true,"href":"https:\/\/tuzlahortum.com.tr\/fr\/wp-json\/wp\/v2\/product_brand?post=908"},{"taxonomy":"product_cat","embeddable":true,"href":"https:\/\/tuzlahortum.com.tr\/fr\/wp-json\/wp\/v2\/product_cat?post=908"},{"taxonomy":"product_tag","embeddable":true,"href":"https:\/\/tuzlahortum.com.tr\/fr\/wp-json\/wp\/v2\/product_tag?post=908"}],"curies":[{"name":"wp","href":"https:\/\/api.w.org\/{rel}","templated":true}]}}