{"id":9042,"date":"2019-04-09T12:02:58","date_gmt":"2019-04-09T09:02:58","guid":{"rendered":"https:\/\/tuzlahortum.com.tr\/?post_type=product&#038;p=9042"},"modified":"2024-03-21T17:38:31","modified_gmt":"2024-03-21T14:38:31","slug":"kumlama-nozulu-performer-nozul-400","status":"publish","type":"product","link":"https:\/\/tuzlahortum.com.tr\/fr\/produit\/kumlama-nozulu-performer-nozul-400\/","title":{"rendered":"Buse de sablage \u2013 Buse Performer 400"},"content":{"rendered":"<h2>Buse de sablage \u2013 Buse Performer 400<\/h2>\n<p style=\"font-weight: 400\">Le Performer est un mod\u00e8le avanc\u00e9 de haute performance. Il est \u00e9quip\u00e9 d&#039;un chausson tr\u00e8s r\u00e9sistant \u00e0 l&#039;abrasion et d&#039;une gaine en polyur\u00e9thane robuste et l\u00e9g\u00e8re. Avec la s\u00e9rie de buses de sablage Contracor Performer, il convient au sablage d&#039;oxyde d&#039;aluminium, de carbure de silicium, de grains d&#039;acier ou de sablage hautement abrasif.<\/p>\n<p style=\"font-weight: 400\">Disponible en cinq tailles diff\u00e9rentes. Vous pouvez choisir la bonne taille de buse pour ajuster l&#039;alimentation en air comprim\u00e9 et optimiser la consommation de sable.<\/p>\n<ul style=\"font-weight: 400\">\n<li>Fabriqu\u00e9 en carbure de tungst\u00e8ne (TC) r\u00e9sistant \u00e0 l&#039;usure.<\/li>\n<li>Dur\u00e9e de vie : 400 heures<\/li>\n<li>Gaine : Polyur\u00e9thane.<\/li>\n<li>Filetage : Aluminium, adapt\u00e9 au porte-buse NHP de 50 mm.<\/li>\n<li>Taille d&#039;entr\u00e9e : 32 mm<\/li>\n<\/ul>\n<table width=\"709\">\n<tbody>\n<tr>\n<td width=\"142\"><strong>Num\u00e9ro d&#039;article<\/strong><\/td>\n<td width=\"130\"><strong>Taper<\/strong><\/td>\n<td colspan=\"2\" width=\"437\"><strong>La description<\/strong><\/td>\n<\/tr>\n<tr>\n<td width=\"142\">10113062<\/td>\n<td colspan=\"2\" width=\"165\">Interpr\u00e8te 400 x6.5<\/td>\n<td width=\"402\">Buse Venturi, carbure de tungst\u00e8ne, 6,5 mm x 130 mm<\/td>\n<\/tr>\n<tr>\n<td width=\"142\">10113063<\/td>\n<td colspan=\"2\" width=\"165\">Interpr\u00e8te 400 x8.0<\/td>\n<td width=\"402\">Buse Venturi, carbure de tungst\u00e8ne, 8,0 mm x 150 mm<\/td>\n<\/tr>\n<tr>\n<td width=\"142\">10113064<\/td>\n<td colspan=\"2\" width=\"165\">Interpr\u00e8te 400 x9.5<\/td>\n<td width=\"402\">Buse Venturi, carbure de tungst\u00e8ne, 9,5 mm x 170 mm<\/td>\n<\/tr>\n<tr>\n<td width=\"142\">10113065<\/td>\n<td colspan=\"2\" width=\"165\">Interpr\u00e8te 400 x11.0<\/td>\n<td width=\"402\">Buse Venturi, carbure de tungst\u00e8ne, 11,0 mm x 200 mm<\/td>\n<\/tr>\n<tr>\n<td width=\"142\">10113066<\/td>\n<td colspan=\"2\" width=\"165\">Interpr\u00e8te 400 x12.5<\/td>\n<td width=\"402\">Buse Venturi, carbure de tungst\u00e8ne, 12,5 mm x 210 mm<\/td>\n<\/tr>\n<\/tbody>\n<\/table>","protected":false},"excerpt":{"rendered":"<p>Kumlama Nozulu &#8211; Performer Nozul 400 Performer, y\u00fcksek performansl\u0131 geli\u015fmi\u015f bir modeldir. Y\u00fcksek a\u015f\u0131nmaya dayan\u0131kl\u0131 g\u00f6mlek ve sa\u011flam, hafif poli\u00fcretan k\u0131l\u0131f ile donat\u0131lm\u0131\u015ft\u0131r. Contracor Performer\u00a0kumlama nozul serisi ile al\u00fcminyum oksit, silikon karb\u00fcr, \u00e7elik grit veya y\u00fcksek derecede a\u015f\u0131nd\u0131r\u0131c\u0131 kumlama i\u00e7in uygundur. Be\u015f farkl\u0131 boyutta mevcuttur. Bas\u0131n\u00e7l\u0131 hava kayna\u011f\u0131n\u0131 ayarlamak ve kum t\u00fcketimini optimize etmek i\u00e7in [&#8230;]\n","protected":false},"featured_media":9060,"comment_status":"open","ping_status":"closed","template":"","meta":{"jetpack_post_was_ever_published":false},"product_brand":[],"product_cat":[2326],"product_tag":[911,925,924,2294,2293,933],"class_list":{"0":"post-9042","1":"product","2":"type-product","3":"status-publish","4":"has-post-thumbnail","6":"product_cat-kumlama-malzemeleri","7":"product_tag-kumlama","8":"product_tag-kumlama-nozulu","9":"product_tag-nozul","10":"product_tag-performer-nozul","11":"product_tag-performer-nozul-400","12":"product_tag-tungsten","14":"first","15":"instock","16":"taxable","17":"shipping-taxable","18":"product-type-variable"},"jetpack-related-posts":[],"jetpack_sharing_enabled":true,"jetpack_likes_enabled":true,"_links":{"self":[{"href":"https:\/\/tuzlahortum.com.tr\/fr\/wp-json\/wp\/v2\/product\/9042","targetHints":{"allow":["GET"]}}],"collection":[{"href":"https:\/\/tuzlahortum.com.tr\/fr\/wp-json\/wp\/v2\/product"}],"about":[{"href":"https:\/\/tuzlahortum.com.tr\/fr\/wp-json\/wp\/v2\/types\/product"}],"replies":[{"embeddable":true,"href":"https:\/\/tuzlahortum.com.tr\/fr\/wp-json\/wp\/v2\/comments?post=9042"}],"wp:featuredmedia":[{"embeddable":true,"href":"https:\/\/tuzlahortum.com.tr\/fr\/wp-json\/wp\/v2\/media\/9060"}],"wp:attachment":[{"href":"https:\/\/tuzlahortum.com.tr\/fr\/wp-json\/wp\/v2\/media?parent=9042"}],"wp:term":[{"taxonomy":"product_brand","embeddable":true,"href":"https:\/\/tuzlahortum.com.tr\/fr\/wp-json\/wp\/v2\/product_brand?post=9042"},{"taxonomy":"product_cat","embeddable":true,"href":"https:\/\/tuzlahortum.com.tr\/fr\/wp-json\/wp\/v2\/product_cat?post=9042"},{"taxonomy":"product_tag","embeddable":true,"href":"https:\/\/tuzlahortum.com.tr\/fr\/wp-json\/wp\/v2\/product_tag?post=9042"}],"curies":[{"name":"wp","href":"https:\/\/api.w.org\/{rel}","templated":true}]}}