{"id":903,"date":"2019-02-06T23:55:27","date_gmt":"2019-02-06T20:55:27","guid":{"rendered":"http:\/\/hortum.com.tr\/product\/import-placeholder-for-518\/"},"modified":"2024-03-21T17:40:58","modified_gmt":"2024-03-21T14:40:58","slug":"trelleborg-boat-sanitary-hose","status":"publish","type":"product","link":"https:\/\/tuzlahortum.com.tr\/fr\/produit\/trelleborg-boat-sanitary-hose\/","title":{"rendered":"TUYAU SANITAIRE POUR BATEAU Trelleborg"},"content":{"rendered":"<h2>TUYAU SANITAIRE POUR BATEAU Trelleborg<\/h2>\n<p>Eau\/Applications sp\u00e9ciales<\/p>\n<p>Tuyau d&#039;\u00e9vacuation des eaux us\u00e9es pour les toilettes des bateaux de vacances.<\/p>\n<p>Avantages<\/p>\n<p>*Flexible.<\/p>\n<p>*R\u00e9sistant aux enchev\u00eatrements.<\/p>\n<p>*Pas de perm\u00e9abilit\u00e9 \u00e0 la diffusion (n&#039;imperme pas l&#039;odeur provenant du syst\u00e8me de toilette).<\/p>\n<p>* Facilement coup\u00e9 et non \u00e9cras\u00e9 gr\u00e2ce \u00e0 l&#039;h\u00e9lice en plastique.<\/p>\n<p>description technique<\/p>\n<p>Chambre \u00e0 air : Caoutchouc butyle scell\u00e9, noir.<\/p>\n<p>Renforcement : textile synth\u00e9tique avec ressort en acier int\u00e9gr\u00e9.<\/p>\n<p>Rev\u00eatement : EPDM, gris, aspect textile.<\/p>\n<p>Plage de temp\u00e9rature : -30\u00b0C \u00e0 +100\u00b0C.<\/p>\n<div class=\"video video-fit mb\" style=\"padding-top:56.25%;\"><p><iframe loading=\"lazy\" title=\"Confusion des mesures (pouces, doigts, brume, millim\u00e8tres)\" width=\"1020\" height=\"574\" src=\"https:\/\/www.youtube.com\/embed\/uKk6AG_AZls?feature=oembed\" frameborder=\"0\" allow=\"accelerometer; autoplay; clipboard-write; encrypted-media; gyroscope; picture-in-picture; web-share\" referrerpolicy=\"strict-origin-when-cross-origin\" allowfullscreen><\/iframe><\/p>\n<\/div>\n<div class=\"video video-fit mb\" style=\"padding-top:56.25%;\"><p>https:\/\/www.youtube.com\/watch?v=O8ZlzKEjfEQ%20<\/p>\n<\/div>","protected":false},"excerpt":{"rendered":"<p>Trelleborg BOAT SANITARY HOSE Su\/\u00d6zel uygulamalar Tatil teknelerinin tuvalet sistemleri i\u00e7in at\u0131k su hortumu. Avantajlar *Esnek. *Dola\u015fmaya kar\u015f\u0131 dayan\u0131kl\u0131. *Dif\u00fczyon ge\u00e7irimi yoktur (tuvalet sisteminden gelen kokuyu ge\u00e7irmez). *Kolayl\u0131kla kesilir ve plastik helisten dolay\u0131 ezilmez. Teknik a\u00e7\u0131klama \u0130\u00e7 t\u00fcp :\u00a0S\u0131zd\u0131rmaz butil kau\u00e7uk, siyah. Takviye :\u00a0g\u00f6m\u00fcl\u00fc \u00e7elik yay ile sentetik tekstil. Kaplama :\u00a0EPDM, gri, kuma\u015f g\u00f6r\u00fcn\u00fcml\u00fc. S\u0131cakl\u0131k [&#8230;]\n","protected":false},"featured_media":2627,"comment_status":"open","ping_status":"closed","template":"","meta":{"jetpack_post_was_ever_published":false},"product_brand":[],"product_cat":[183],"product_tag":[1184,290,555,421,1183],"class_list":{"0":"post-903","1":"product","2":"type-product","3":"status-publish","4":"has-post-thumbnail","6":"product_cat-su-ve-ozel-hortum-uygulamalari","7":"product_tag-atik","8":"product_tag-hortum","9":"product_tag-su","10":"product_tag-tekne","11":"product_tag-tuvalet","13":"first","14":"instock","15":"taxable","16":"shipping-taxable","17":"product-type-variable"},"jetpack-related-posts":[],"jetpack_sharing_enabled":true,"jetpack_likes_enabled":true,"_links":{"self":[{"href":"https:\/\/tuzlahortum.com.tr\/fr\/wp-json\/wp\/v2\/product\/903","targetHints":{"allow":["GET"]}}],"collection":[{"href":"https:\/\/tuzlahortum.com.tr\/fr\/wp-json\/wp\/v2\/product"}],"about":[{"href":"https:\/\/tuzlahortum.com.tr\/fr\/wp-json\/wp\/v2\/types\/product"}],"replies":[{"embeddable":true,"href":"https:\/\/tuzlahortum.com.tr\/fr\/wp-json\/wp\/v2\/comments?post=903"}],"wp:featuredmedia":[{"embeddable":true,"href":"https:\/\/tuzlahortum.com.tr\/fr\/wp-json\/wp\/v2\/media\/2627"}],"wp:attachment":[{"href":"https:\/\/tuzlahortum.com.tr\/fr\/wp-json\/wp\/v2\/media?parent=903"}],"wp:term":[{"taxonomy":"product_brand","embeddable":true,"href":"https:\/\/tuzlahortum.com.tr\/fr\/wp-json\/wp\/v2\/product_brand?post=903"},{"taxonomy":"product_cat","embeddable":true,"href":"https:\/\/tuzlahortum.com.tr\/fr\/wp-json\/wp\/v2\/product_cat?post=903"},{"taxonomy":"product_tag","embeddable":true,"href":"https:\/\/tuzlahortum.com.tr\/fr\/wp-json\/wp\/v2\/product_tag?post=903"}],"curies":[{"name":"wp","href":"https:\/\/api.w.org\/{rel}","templated":true}]}}