{"id":9026,"date":"2019-04-02T13:30:01","date_gmt":"2019-04-02T10:30:01","guid":{"rendered":"https:\/\/tuzlahortum.com.tr\/?post_type=product&#038;p=9026"},"modified":"2024-03-21T17:38:32","modified_gmt":"2024-03-21T14:38:32","slug":"kumlama-tulumu-guderi","status":"publish","type":"product","link":"https:\/\/tuzlahortum.com.tr\/fr\/produit\/kumlama-tulumu-guderi\/","title":{"rendered":"Costume de sablage (Chamois)"},"content":{"rendered":"<h2>Costume de sablage (Chamois)<\/h2>\n<p>Comme on le sait, dans les op\u00e9rations de sablage, les op\u00e9rateurs sont affect\u00e9s par les consommables pulv\u00e9ris\u00e9s et les poussi\u00e8res d\u00e9gag\u00e9es.<\/p>\n<p>Ils travaillent dans des conditions tr\u00e8s difficiles. Pour cette raison, nous nous engageons sur la facilit\u00e9 de d\u00e9placement et la protection des op\u00e9rateurs.<\/p>\n<p>Nous vendons des combinaisons de sablage sp\u00e9cialement fabriqu\u00e9es. Produit dans les tailles L-XL-XXL et sabl\u00e9<\/p>\n<p>Combinaison de sablage sp\u00e9cialement con\u00e7ue pour \u00eatre port\u00e9e lors du processus de<\/p>\n<p>Il offre une bien meilleure protection. La combinaison de sablage que nous vendons est particuli\u00e8rement adapt\u00e9e pour travailler dans des environnements ferm\u00e9s.<\/p>\n<p>C&#039;est un produit id\u00e9al pour le personnel. Lorsqu&#039;il est utilis\u00e9 avec un masque de sablage, il peut affecter positivement le travail de l&#039;op\u00e9rateur.<\/p>\n<p>direction, offre une facilit\u00e9 de mouvement. La partie avant de la combinaison de sablage \u00e0 sec, autre que la cape du masque, est sujette \u00e0 l&#039;abrasion.<\/p>\n<p>Fabriqu\u00e9 en peau de chamois artificielle durable. Pour cette raison, les v\u00eatements de sablage offrent \u00e0 l&#039;op\u00e9rateur une protection optimale contre les particules de sable qui rebondissent.<\/p>\n<p>offre une certaine protection. La partie arri\u00e8re du v\u00eatement de sablage ne br\u00fblera pas le porteur et permettra \u00e0 la peau de respirer.<\/p>\n<p>Il est fait de tissu fr\u00e9quemment tiss\u00e9 et est \u00e9tanche \u00e0 la poussi\u00e8re. Sablage gr\u00e2ce aux \u00e9lastiques sur les bras et les pieds<\/p>\n<p>Il agrippe les bottes et les gants port\u00e9s sous la salopette et emp\u00eache toute p\u00e9n\u00e9tration de poussi\u00e8re dans ces zones.<\/p>","protected":false},"excerpt":{"rendered":"<p>Kumlama Tulumu (G\u00fcderi) Bilindi\u011fi gibi kumlama i\u015flemlerinde operat\u00f6rler p\u00fcsk\u00fcrt\u00fclen sarf malzemeleri ve a\u00e7\u0131\u011fa \u00e7\u0131kan toz nedeniyle olduk\u00e7a zor \u015fartlarda \u00e7al\u0131\u015fmaktad\u0131rlar. Bu nedenle bizler operat\u00f6rlerin hareket kolayl\u0131\u011f\u0131 ve korunmalar\u0131 i\u00e7in \u00f6zel olarak imal edilmi\u015f kumlama tulumu sat\u0131\u015f\u0131n\u0131 yapmaktay\u0131z. L-XL-XXL boyutlar\u0131nda \u00fcretilen ve kumlama i\u015fleminde giyilmek \u00fczere \u00f6zel olarak tasarlanm\u0131\u015f kumlama elbisesi di\u011fer tekstil \u00fcretimleri olan giysilere [&#8230;]\n","protected":false},"featured_media":1782,"comment_status":"open","ping_status":"closed","template":"","meta":{"jetpack_post_was_ever_published":false},"product_brand":[],"product_cat":[2326],"product_tag":[294,911,935,936,934],"class_list":{"0":"post-9026","1":"product","2":"type-product","3":"status-publish","4":"has-post-thumbnail","6":"product_cat-kumlama-malzemeleri","7":"product_tag-dayanikli","8":"product_tag-kumlama","9":"product_tag-kumlama-tulumu","10":"product_tag-toz-gecirmez","11":"product_tag-tulum","13":"first","14":"instock","15":"taxable","16":"shipping-taxable","17":"product-type-simple"},"jetpack-related-posts":[{"id":775,"url":"https:\/\/tuzlahortum.com.tr\/fr\/produit\/plastik-kumlama-nozul-tutucu\/","url_meta":{"origin":9026,"position":0},"title":"Porte-buse de sablage en plastique","author":"admin","date":"6 f\u00e9vrier 2019","format":false,"excerpt":"Porte-buse de sablage en plastiquePorte-buse de sablage ; Il assure une connexion optimale avec le tuyau de sablage en maintenant fermement la buse gr\u00e2ce \u00e0 sa structure flexible et viss\u00e9e. Gr\u00e2ce \u00e0 sa structure l\u00e9g\u00e8re et non lourde, il ne fatigue pas l'op\u00e9rateur avec son poids pendant le processus de sablage et offre une utilisation ergonomique. Elle peut \u00eatre facilement mont\u00e9e sur le tuyau de sablage ou le tube de sablage gr\u00e2ce aux trous de vissage.","rel":"","context":"Article similaire","block_context":{"text":"Article similaire","link":""},"img":{"alt_text":"","src":"https:\/\/i0.wp.com\/tuzlahortum.com.tr\/wp-content\/uploads\/urunler\/Kumlama\/kumlama-nozul-tutucu.jpg?fit=233%2C216&ssl=1&resize=350%2C200","width":350,"height":200},"classes":[]},{"id":772,"url":"https:\/\/tuzlahortum.com.tr\/fr\/produit\/kumlama-tulumu\/","url_meta":{"origin":9026,"position":1},"title":"Combinaison de sablage (tissu)","author":"admin","date":"6 f\u00e9vrier 2019","format":false,"excerpt":"Kumlama Tulumu(Kuma\u015f)Kumlama tulumlar\u0131m\u0131z, toz ge\u00e7irmeyen, s\u0131k dokuma ve dayan\u0131kl\u0131 bir kuma\u015ftan imal edilmi\u015ftir. Maskeye ba\u011fland\u0131\u011f\u0131 noktadan toz girmesi halinde tozun, tulumun i\u00e7ine girmesine engel olacak ikinci bo\u011faz\u0131 mevcuttur.","rel":"","context":"Article similaire","block_context":{"text":"Article similaire","link":""},"img":{"alt_text":"","src":"https:\/\/i0.wp.com\/tuzlahortum.com.tr\/wp-content\/uploads\/urunler\/Kumlama\/kumlama_tulumu.jpg?fit=698%2C800&ssl=1&resize=350%2C200","width":350,"height":200,"srcset":"https:\/\/i0.wp.com\/tuzlahortum.com.tr\/wp-content\/uploads\/urunler\/Kumlama\/kumlama_tulumu.jpg?fit=698%2C800&ssl=1&resize=350%2C200 1x, https:\/\/i0.wp.com\/tuzlahortum.com.tr\/wp-content\/uploads\/urunler\/Kumlama\/kumlama_tulumu.jpg?fit=698%2C800&ssl=1&resize=525%2C300 1.5x"},"classes":[]},{"id":761,"url":"https:\/\/tuzlahortum.com.tr\/fr\/produit\/kumlama-maskesicontracor\/","url_meta":{"origin":9026,"position":2},"title":"Masque de sablage (Contracor)","author":"admin","date":"6 f\u00e9vrier 2019","format":false,"excerpt":"Masque de sablage (Contracor)","rel":"","context":"Article similaire","block_context":{"text":"Article similaire","link":""},"img":{"alt_text":"","src":"https:\/\/i0.wp.com\/tuzlahortum.com.tr\/wp-content\/uploads\/urunler\/Kumlama\/contracor-comfort-kumlama-maskesi-2.jpg?fit=250%2C250&ssl=1&resize=350%2C200","width":350,"height":200},"classes":[]},{"id":767,"url":"https:\/\/tuzlahortum.com.tr\/fr\/produit\/kumlama-maskesi\/","url_meta":{"origin":9026,"position":3},"title":"Masque de sablage (plastique-polyester)","author":"admin","date":"6 f\u00e9vrier 2019","format":false,"excerpt":"Masque de sablage (plastique-polyester)","rel":"","context":"Article similaire","block_context":{"text":"Article similaire","link":""},"img":{"alt_text":"","src":"https:\/\/i0.wp.com\/tuzlahortum.com.tr\/wp-content\/uploads\/2019\/03\/kumlama-maskesi-polyester11.jpg?fit=396%2C627&ssl=1&resize=350%2C200","width":350,"height":200},"classes":[]},{"id":9251,"url":"https:\/\/tuzlahortum.com.tr\/fr\/produit\/kumlama-nozulu-gomme-kopya\/","url_meta":{"origin":9026,"position":4},"title":"Buse de sablage \u2013 Encastr\u00e9e (Kennametal)","author":"\u0130smail \u00c7elik","date":"21 janvier 2020","format":false,"excerpt":"Buse de sablage - Encastr\u00e9e (Kennametal)","rel":"","context":"Article similaire","block_context":{"text":"Article similaire","link":""},"img":{"alt_text":"","src":"https:\/\/i0.wp.com\/tuzlahortum.com.tr\/wp-content\/uploads\/2020\/01\/Kennametal-Nozul-5.jpeg?fit=900%2C1200&ssl=1&resize=350%2C200","width":350,"height":200,"srcset":"https:\/\/i0.wp.com\/tuzlahortum.com.tr\/wp-content\/uploads\/2020\/01\/Kennametal-Nozul-5.jpeg?fit=900%2C1200&ssl=1&resize=350%2C200 1x, https:\/\/i0.wp.com\/tuzlahortum.com.tr\/wp-content\/uploads\/2020\/01\/Kennametal-Nozul-5.jpeg?fit=900%2C1200&ssl=1&resize=525%2C300 1.5x, https:\/\/i0.wp.com\/tuzlahortum.com.tr\/wp-content\/uploads\/2020\/01\/Kennametal-Nozul-5.jpeg?fit=900%2C1200&ssl=1&resize=700%2C400 2x"},"classes":[]},{"id":763,"url":"https:\/\/tuzlahortum.com.tr\/fr\/produit\/kumlama-kurtagzi-contasi\/","url_meta":{"origin":9026,"position":5},"title":"Joint en queue d&#039;aronde sabl\u00e9 (grand)","author":"admin","date":"6 f\u00e9vrier 2019","format":false,"excerpt":"Kumlama Kurta\u011fz\u0131 Contas\u0131(B\u00fcy\u00fck)Kumlama Kurta\u011f\u0131zlar\u0131nda kullan\u0131lan yedek conta","rel":"","context":"Article similaire","block_context":{"text":"Article similaire","link":""},"img":{"alt_text":"","src":"https:\/\/i0.wp.com\/tuzlahortum.com.tr\/wp-content\/uploads\/urunler\/Kumlama\/kumlama_kurtagzi_contasi.jpg?fit=300%2C300&ssl=1&resize=350%2C200","width":350,"height":200},"classes":[]}],"jetpack_sharing_enabled":true,"jetpack_likes_enabled":true,"_links":{"self":[{"href":"https:\/\/tuzlahortum.com.tr\/fr\/wp-json\/wp\/v2\/product\/9026","targetHints":{"allow":["GET"]}}],"collection":[{"href":"https:\/\/tuzlahortum.com.tr\/fr\/wp-json\/wp\/v2\/product"}],"about":[{"href":"https:\/\/tuzlahortum.com.tr\/fr\/wp-json\/wp\/v2\/types\/product"}],"replies":[{"embeddable":true,"href":"https:\/\/tuzlahortum.com.tr\/fr\/wp-json\/wp\/v2\/comments?post=9026"}],"wp:featuredmedia":[{"embeddable":true,"href":"https:\/\/tuzlahortum.com.tr\/fr\/wp-json\/wp\/v2\/media\/1782"}],"wp:attachment":[{"href":"https:\/\/tuzlahortum.com.tr\/fr\/wp-json\/wp\/v2\/media?parent=9026"}],"wp:term":[{"taxonomy":"product_brand","embeddable":true,"href":"https:\/\/tuzlahortum.com.tr\/fr\/wp-json\/wp\/v2\/product_brand?post=9026"},{"taxonomy":"product_cat","embeddable":true,"href":"https:\/\/tuzlahortum.com.tr\/fr\/wp-json\/wp\/v2\/product_cat?post=9026"},{"taxonomy":"product_tag","embeddable":true,"href":"https:\/\/tuzlahortum.com.tr\/fr\/wp-json\/wp\/v2\/product_tag?post=9026"}],"curies":[{"name":"wp","href":"https:\/\/api.w.org\/{rel}","templated":true}]}}