{"id":902,"date":"2019-02-06T23:55:27","date_gmt":"2019-02-06T20:55:27","guid":{"rendered":"http:\/\/hortum.com.tr\/product\/import-placeholder-for-61\/"},"modified":"2024-03-21T17:40:58","modified_gmt":"2024-03-21T14:40:58","slug":"spiralli-su-emici-hortumlar","status":"publish","type":"product","link":"https:\/\/tuzlahortum.com.tr\/fr\/produit\/spiralli-su-emici-hortumlar\/","title":{"rendered":"Tuyaux absorbant l&#039;eau en spirale"},"content":{"rendered":"<h2>Tuyaux absorbant l&#039;eau en spirale<\/h2>\n<div>DOMAINES D&#039;UTILISATION\u00a0: Il est utilis\u00e9 comme tuyau de refoulement dans les pompes de refoulement.<\/div>\n<div><\/div>\n<div>Certificats : Les flexibles sont de marque TSE. TS 5365<\/div>\n<div><\/div>\n<div>CONSTRUCTION<\/div>\n<div>Fond : SBR\/NR noir, brillant<\/div>\n<div>Renforcement : Cordon textile haute r\u00e9sistance<\/div>\n<div>Tige : SBR noir, r\u00e9sistant \u00e0 toutes les conditions climatiques<\/div>\n<div><\/div>\n<div><div class=\"video video-fit mb\" style=\"padding-top:56.25%;\"><p><iframe loading=\"lazy\" title=\"Confusion des mesures (pouces, doigts, brume, millim\u00e8tres)\" width=\"1020\" height=\"574\" src=\"https:\/\/www.youtube.com\/embed\/uKk6AG_AZls?feature=oembed\" frameborder=\"0\" allow=\"accelerometer; autoplay; clipboard-write; encrypted-media; gyroscope; picture-in-picture\" allowfullscreen><\/iframe><\/p>\n<\/div><\/div>","protected":false},"excerpt":{"rendered":"<p>Tuyaux spiral\u00e9s absorbant l'eau DOMAINES D'UTILISATION : Il est utilis\u00e9 comme tuyau transmetteur dans les pompes de refoulement. Certificats : Les tuyaux sont de marque TSE. TS 5365 CONTRUCTION Fond : SBR\/NR noir, brillant Renforcement : Tissu cord\u00e9 \u00e0 haute r\u00e9sistance Dessus : SBR noir, r\u00e9sistant \u00e0 toutes les conditions climatiques<\/p>","protected":false},"featured_media":1689,"comment_status":"open","ping_status":"closed","template":"","meta":{"jetpack_post_was_ever_published":false},"product_brand":[],"product_cat":[163],"product_tag":[795,785,786,1182,787,789,723,788,818,841,796,793,794,791,792,652],"class_list":{"0":"post-902","1":"product","2":"type-product","3":"status-publish","4":"has-post-thumbnail","6":"product_cat-su-hortumlari","7":"product_tag-bahce","8":"product_tag-bezli-su-hortumlari","9":"product_tag-bezli-su-hortumu","10":"product_tag-insaa","11":"product_tag-kaucuk-su-hortumu","12":"product_tag-lastik-su-hortumu","13":"product_tag-sanayi","14":"product_tag-sargili-su-hortumu","15":"product_tag-siyah-su-hortumu","16":"product_tag-spiralli-su-emici-hortumlar","17":"product_tag-spor-alanlari","18":"product_tag-su-basma-hortumu","19":"product_tag-su-bosaltma-hortumu","20":"product_tag-su-nakil","21":"product_tag-su-tahliye-hortumu","22":"product_tag-tarim","24":"first","25":"instock","26":"taxable","27":"shipping-taxable","28":"product-type-variable"},"jetpack-related-posts":[{"id":735,"url":"https:\/\/tuzlahortum.com.tr\/fr\/produit\/telli-su-alici-verici-hortumlar\/","url_meta":{"origin":902,"position":0},"title":"Tuyaux \u00e9metteurs-r\u00e9cepteurs d&#039;eau c\u00e2bl\u00e9s","author":"admin","date":"6 f\u00e9vrier 2019","format":false,"excerpt":"Telli Su Al\u0131c\u0131-Verici HortumlarKULLANIM ALANLARI : Sanayi, in\u015faat tar\u0131m\u0131n a\u011f\u0131r uygulama \u015fartlar\u0131na elveri\u015fli sa\u011flam ve esnek al\u0131c\u0131 ve verici hortumdur. KONTR\u00dcKS\u0130YON Alt : SBR\/NR siyah, at\u0131k suya dayan\u0131kl\u0131 ( 5 to 9 pH ) Takviye : Y\u00fcksek mukavemetli kord bezi, katlararas\u0131 g\u00f6m\u00fcl\u00fc \u00e7elik tel \u00dcst : SBR siyah, d\u00fcz, hava\u2026","rel":"","context":"Article similaire","block_context":{"text":"Article similaire","link":""},"img":{"alt_text":"","src":"https:\/\/i0.wp.com\/tuzlahortum.com.tr\/wp-content\/uploads\/urunler\/kaucuk\/superlas-telli-su-alici-verici.jpg?fit=360%2C270&ssl=1&resize=350%2C200","width":350,"height":200},"classes":[]},{"id":653,"url":"https:\/\/tuzlahortum.com.tr\/fr\/produit\/toz-ve-hava-emis-hortumlari\/","url_meta":{"origin":902,"position":1},"title":"Tuyaux d&#039;aspiration de poussi\u00e8re et d&#039;air","author":"admin","date":"6 f\u00e9vrier 2019","format":false,"excerpt":"Toz ve Hava Emi\u015f Hortumlar\u0131KULLANIM ALANLARI : Tar\u0131mda, madenlerde ve fabrikalarda toz ve kirlenmi\u015f hava emme i\u015flerinde kullan\u0131lan emici hortumdur KONTR\u00dcKS\u0130YON Alt : SBR\/NR, siyah, antistatik ve a\u015f\u0131nmaya dayan\u0131kl\u0131 Takviye : Kord bezi, katlararas\u0131nda \u00e7elik spiral tel \u00dcst : SBR\/NR, siyah, s\u00fcrt\u00fcnmeye ve her t\u00fcrl\u00fc iklim \u015fartlar\u0131na dayan\u0131kl\u0131","rel":"","context":"Article similaire","block_context":{"text":"Article similaire","link":""},"img":{"alt_text":"","src":"https:\/\/i0.wp.com\/tuzlahortum.com.tr\/wp-content\/uploads\/urunler\/kaucuk\/superlas-supurge-hortumu.jpg?fit=360%2C270&ssl=1&resize=350%2C200","width":350,"height":200},"classes":[]},{"id":901,"url":"https:\/\/tuzlahortum.com.tr\/fr\/produit\/bezli-su-verici-hortum5-bar\/","url_meta":{"origin":902,"position":2},"title":"Tuyau de distributeur d&#039;eau en tissu (5 bars)","author":"admin","date":"6 f\u00e9vrier 2019","format":false,"excerpt":"Tuyau de transmission d'eau en tissu (5 Bar) DOMAINES D'UTILISATION : Il est utilis\u00e9 comme tuyau transmetteur dans les pompes de refoulement. Pr\u00e9par\u00e9 pour un transport et un stockage faciles. CONTR\u00d4LE Fond : SBR\/NR noir, brillant Renforcement : Tissu cord\u00e9 \u00e0 haute r\u00e9sistance Dessus : SBR noir, r\u00e9sistant \u00e0 toutes les conditions climatiques","rel":"","context":"Article similaire","block_context":{"text":"Article similaire","link":""},"img":{"alt_text":"","src":"https:\/\/i0.wp.com\/tuzlahortum.com.tr\/wp-content\/uploads\/urunler\/kaucuk\/superlas-bezli-su-verici-hortum.jpg?fit=360%2C270&ssl=1&resize=350%2C200","width":350,"height":200},"classes":[]},{"id":8622,"url":"https:\/\/tuzlahortum.com.tr\/fr\/produit\/bezli-su-verici-hortum10-bar\/","url_meta":{"origin":902,"position":3},"title":"Tuyau de distributeur d&#039;eau en tissu (10 bars)","author":"\u0130smail \u00c7elik","date":"21 mars 2019","format":false,"excerpt":"Tuyau en tissu pour transmetteur d'eau (10 Bar) DOMAINES D'UTILISATION : Il s'agit d'un tuyau robuste, flexible et r\u00e9cepteur adapt\u00e9 aux conditions d'application lourdes de l'industrie, de la construction et de l'agriculture. CONTR\u00d4LE Fond : SBR\/NR noir, brillant Renforcement : Tissu cord\u00e9 \u00e0 haute r\u00e9sistance Dessus : SBR noir, r\u00e9sistant \u00e0 toutes les conditions climatiques fghfgh test","rel":"","context":"Article similaire","block_context":{"text":"Article similaire","link":""},"img":{"alt_text":"","src":"https:\/\/i0.wp.com\/tuzlahortum.com.tr\/wp-content\/uploads\/urunler\/kaucuk\/superlas-bezli-su-verici-hortum.jpg?fit=360%2C270&ssl=1&resize=350%2C200","width":350,"height":200},"classes":[]},{"id":725,"url":"https:\/\/tuzlahortum.com.tr\/fr\/produit\/bezli-su-hortumlari-orta-tip\/","url_meta":{"origin":902,"position":4},"title":"Tuyaux d&#039;eau habill\u00e9s (type moyen)","author":"admin","date":"6 f\u00e9vrier 2019","format":false,"excerpt":"Bezli Su Hortumlar\u0131 (Orta Tip)KULLANIM ALANLARI : \u00c7al\u0131\u015fma bas\u0131n\u00e7lar\u0131na g\u00f6re sanayi, in\u015faat, tar\u0131m ve spor alanlar\u0131 gibi su nakledilmesi gereken t\u00fcm i\u015flerde kullan\u0131labilir. SERT\u0130F\u0130KALAR : Hortumlar TSE markal\u0131d\u0131r. TS2420 ISO 1403 KONTR\u00dcKS\u0130YON Alt : SBR\/NR siyah neme dayan\u0131kl\u0131 Takviye : Y\u00fcksek mukavemetli kord bezi \u00dcst : SBR siyah hava \u015fartlar\u0131na\u2026","rel":"","context":"Article similaire","block_context":{"text":"Article similaire","link":""},"img":{"alt_text":"","src":"https:\/\/i0.wp.com\/tuzlahortum.com.tr\/wp-content\/uploads\/urunler\/kaucuk\/superlas-orta-basinc-su-hortum.jpg?fit=360%2C270&ssl=1&resize=350%2C200","width":350,"height":200},"classes":[]},{"id":726,"url":"https:\/\/tuzlahortum.com.tr\/fr\/produit\/bezli-su-hortumlari-agir-tip\/","url_meta":{"origin":902,"position":5},"title":"Tuyaux d&#039;eau en tissu (type lourd)","author":"admin","date":"6 f\u00e9vrier 2019","format":false,"excerpt":"Bezli Su Hortumlar\u0131 (A\u011f\u0131r Tip)KULLANIM ALANLARI : \u00c7al\u0131\u015fma bas\u0131n\u00e7lar\u0131na g\u00f6re sanayi, in\u015faat, tar\u0131m ve spor alanlar\u0131 gibi su nakledilmesi gereken t\u00fcm i\u015flerde kullan\u0131labilir. SERT\u0130F\u0130KALAR : Hortumlar TSE markal\u0131d\u0131r. TS2420 ISO 1403 KONTR\u00dcKS\u0130YON Alt : SBR\/NR siyah neme dayan\u0131kl\u0131 Takviye : Y\u00fcksek mukavemetli kord bezi \u00dcst : SBR siyah hava \u015fartlar\u0131na\u2026","rel":"","context":"Article similaire","block_context":{"text":"Article similaire","link":""},"img":{"alt_text":"","src":"https:\/\/i0.wp.com\/tuzlahortum.com.tr\/wp-content\/uploads\/urunler\/kaucuk\/superlas-orta-basinc-su-hortum.jpg?fit=360%2C270&ssl=1&resize=350%2C200","width":350,"height":200},"classes":[]}],"jetpack_sharing_enabled":true,"jetpack_likes_enabled":true,"_links":{"self":[{"href":"https:\/\/tuzlahortum.com.tr\/fr\/wp-json\/wp\/v2\/product\/902","targetHints":{"allow":["GET"]}}],"collection":[{"href":"https:\/\/tuzlahortum.com.tr\/fr\/wp-json\/wp\/v2\/product"}],"about":[{"href":"https:\/\/tuzlahortum.com.tr\/fr\/wp-json\/wp\/v2\/types\/product"}],"replies":[{"embeddable":true,"href":"https:\/\/tuzlahortum.com.tr\/fr\/wp-json\/wp\/v2\/comments?post=902"}],"wp:featuredmedia":[{"embeddable":true,"href":"https:\/\/tuzlahortum.com.tr\/fr\/wp-json\/wp\/v2\/media\/1689"}],"wp:attachment":[{"href":"https:\/\/tuzlahortum.com.tr\/fr\/wp-json\/wp\/v2\/media?parent=902"}],"wp:term":[{"taxonomy":"product_brand","embeddable":true,"href":"https:\/\/tuzlahortum.com.tr\/fr\/wp-json\/wp\/v2\/product_brand?post=902"},{"taxonomy":"product_cat","embeddable":true,"href":"https:\/\/tuzlahortum.com.tr\/fr\/wp-json\/wp\/v2\/product_cat?post=902"},{"taxonomy":"product_tag","embeddable":true,"href":"https:\/\/tuzlahortum.com.tr\/fr\/wp-json\/wp\/v2\/product_tag?post=902"}],"curies":[{"name":"wp","href":"https:\/\/api.w.org\/{rel}","templated":true}]}}