{"id":897,"date":"2019-02-06T23:55:25","date_gmt":"2019-02-06T20:55:25","guid":{"rendered":"http:\/\/hortum.com.tr\/product\/import-placeholder-for-490\/"},"modified":"2024-03-21T17:41:03","modified_gmt":"2024-03-21T14:41:03","slug":"trelleborg-breathing-hose-en-14593","status":"publish","type":"product","link":"https:\/\/tuzlahortum.com.tr\/fr\/produit\/trelleborg-breathing-hose-en-14593\/","title":{"rendered":"TUYAU RESPIRATOIRE Trelleborg EN 14593"},"content":{"rendered":"<h2>TUYAU RESPIRATOIRE Trelleborg EN 14593<\/h2>\n<p>air respirable<\/p>\n<p>Ligne d&#039;alimentation pour masques respiratoires \u00e0 air frais et alimentation en air comprim\u00e9.<\/p>\n<p>Avantages<\/p>\n<p>* S\u00fbr et robuste.<\/p>\n<p>*R\u00e9sistance aux hautes temp\u00e9ratures.<\/p>\n<p>*Grande flexibilit\u00e9.<\/p>\n<p>*Rev\u00eatement r\u00e9sistant \u00e0 l&#039;abrasion.<\/p>\n<p>*Antistatique.<\/p>\n<p>*Approuv\u00e9 EN 14593\/14594.<\/p>\n<p>description technique<\/p>\n<p>Tube int\u00e9rieur : EPDM, noir, droit.<\/p>\n<p>Renfort : aramide, tresse.<\/p>\n<p>Rev\u00eatement : EPDM, uni, noir pour DI 7,2 et 9,5 mm, vert pour DI 20 mm.<\/p>\n<p>Plage de temp\u00e9rature : -40\u00b0C \u00e0 +120\u00b0C.<\/p>\n<p>Propri\u00e9t\u00e9s \u00e9lectriques : chambre \u00e0 air et rev\u00eatement conducteurs,<\/p>\n<p>103\u03a9\/m &lt;R&lt;108\u03a9\/m.<\/p>\n<p>Norme\/Agr\u00e9ment : EN 14593\/14594.<\/p>\n<div class=\"video video-fit mb\" style=\"padding-top:56.25%;\"><p><iframe loading=\"lazy\" title=\"Confusion des mesures (pouces, doigts, brume, millim\u00e8tres)\" width=\"1020\" height=\"574\" src=\"https:\/\/www.youtube.com\/embed\/uKk6AG_AZls?feature=oembed\" frameborder=\"0\" allow=\"accelerometer; autoplay; clipboard-write; encrypted-media; gyroscope; picture-in-picture; web-share\" referrerpolicy=\"strict-origin-when-cross-origin\" allowfullscreen><\/iframe><\/p>\n<\/div>\n<div class=\"video video-fit mb\" style=\"padding-top:56.25%;\"><p>https:\/\/www.youtube.com\/watch?v=O8ZlzKEjfEQ%20<\/p>\n<\/div>\n<p><img data-recalc-dims=\"1\" loading=\"lazy\" decoding=\"async\" class=\"alignnone size-medium wp-image-2129\" src=\"https:\/\/i0.wp.com\/hortum.com.tr\/wp-content\/uploads\/urunler\/trelleborg\/Trelleborg-BREATHING-HOSE-EN-14593-800x94.jpg?resize=800%2C94\" alt=\"\" width=\"800\" height=\"94\" title=\"\" srcset=\"https:\/\/i0.wp.com\/tuzlahortum.com.tr\/wp-content\/uploads\/urunler\/trelleborg\/Trelleborg-BREATHING-HOSE-EN-14593.jpg?resize=800%2C94&amp;ssl=1 800w, https:\/\/i0.wp.com\/tuzlahortum.com.tr\/wp-content\/uploads\/urunler\/trelleborg\/Trelleborg-BREATHING-HOSE-EN-14593.jpg?resize=768%2C90&amp;ssl=1 768w, https:\/\/i0.wp.com\/tuzlahortum.com.tr\/wp-content\/uploads\/urunler\/trelleborg\/Trelleborg-BREATHING-HOSE-EN-14593.jpg?resize=600%2C71&amp;ssl=1 600w, https:\/\/i0.wp.com\/tuzlahortum.com.tr\/wp-content\/uploads\/urunler\/trelleborg\/Trelleborg-BREATHING-HOSE-EN-14593.jpg?w=1021&amp;ssl=1 1021w\" sizes=\"auto, (max-width: 800px) 100vw, 800px\" \/><\/p>","protected":false},"excerpt":{"rendered":"<p>Trelleborg BREATHING HOSE EN 14593 Soluma havas\u0131 Taze hava soluma maskeleri ve bas\u0131n\u00e7l\u0131 hava beslemesi i\u00e7in besleme hatt\u0131. Avantajlar *G\u00fcvenli ve sa\u011flam. *Y\u00fcksek s\u0131cakl\u0131k dayan\u0131m\u0131. *Y\u00fcksek esneklik. *A\u015f\u0131nmaya dayan\u0131kl\u0131 kaplama. *Antistatik. *EN 14593\/14594 onayl\u0131. Teknik a\u00e7\u0131klama \u0130\u00e7 t\u00fcp :\u00a0EPDM, siyah, d\u00fcz. Takviye :\u00a0aramid, \u00f6rg\u00fc. Kaplama :\u00a0EPDM, d\u00fcz, 7.2 ve 9.5mm \u0130\u00c7 i\u00e7in siyah, 20mm \u0130\u00c7 [&#8230;]\n","protected":false},"featured_media":2628,"comment_status":"open","ping_status":"closed","template":"","meta":{"jetpack_post_was_ever_published":false},"product_brand":[],"product_cat":[181],"product_tag":[290,1168],"class_list":{"0":"post-897","1":"product","2":"type-product","3":"status-publish","4":"has-post-thumbnail","6":"product_cat-soluma-havasi-hortumu","7":"product_tag-hortum","8":"product_tag-soluma","10":"first","11":"instock","12":"taxable","13":"shipping-taxable","14":"product-type-variable"},"jetpack-related-posts":[],"jetpack_sharing_enabled":true,"jetpack_likes_enabled":true,"_links":{"self":[{"href":"https:\/\/tuzlahortum.com.tr\/fr\/wp-json\/wp\/v2\/product\/897","targetHints":{"allow":["GET"]}}],"collection":[{"href":"https:\/\/tuzlahortum.com.tr\/fr\/wp-json\/wp\/v2\/product"}],"about":[{"href":"https:\/\/tuzlahortum.com.tr\/fr\/wp-json\/wp\/v2\/types\/product"}],"replies":[{"embeddable":true,"href":"https:\/\/tuzlahortum.com.tr\/fr\/wp-json\/wp\/v2\/comments?post=897"}],"wp:featuredmedia":[{"embeddable":true,"href":"https:\/\/tuzlahortum.com.tr\/fr\/wp-json\/wp\/v2\/media\/2628"}],"wp:attachment":[{"href":"https:\/\/tuzlahortum.com.tr\/fr\/wp-json\/wp\/v2\/media?parent=897"}],"wp:term":[{"taxonomy":"product_brand","embeddable":true,"href":"https:\/\/tuzlahortum.com.tr\/fr\/wp-json\/wp\/v2\/product_brand?post=897"},{"taxonomy":"product_cat","embeddable":true,"href":"https:\/\/tuzlahortum.com.tr\/fr\/wp-json\/wp\/v2\/product_cat?post=897"},{"taxonomy":"product_tag","embeddable":true,"href":"https:\/\/tuzlahortum.com.tr\/fr\/wp-json\/wp\/v2\/product_tag?post=897"}],"curies":[{"name":"wp","href":"https:\/\/api.w.org\/{rel}","templated":true}]}}