{"id":893,"date":"2019-02-06T23:55:25","date_gmt":"2019-02-06T20:55:25","guid":{"rendered":"http:\/\/hortum.com.tr\/product\/import-placeholder-for-559\/"},"modified":"2024-03-21T17:41:07","modified_gmt":"2024-03-21T14:41:07","slug":"silikon-hortum","status":"publish","type":"product","link":"https:\/\/tuzlahortum.com.tr\/fr\/produit\/silikon-hortum\/","title":{"rendered":"Tuyau en silicone"},"content":{"rendered":"<h2>Tuyau en silicone<\/h2>\n<p>\u00c9tant donn\u00e9 que les tuyaux sont en silicone, ils ne causent pas de casse, peu importe combien nous les plions ou combien nous les plions.<\/p>\n<p>Il emp\u00eache le passage de liquide, de gaz ou de mati\u00e8re similaire dans le tuyau. Ainsi, les domaines d&#039;utilisation les plus courants<\/p>\n<p>Dans des situations telles que l&#039;irrigation de jardin, les flux de gaz ou les transferts de liquide, les transitions ne se cassent pas m\u00eame si les tuyaux en silicone sont pli\u00e9s.<\/p>\n<p>\u00e7a continue \u00e0 couler. Tuyaux en silicone, en particulier dans la construction et dans des domaines tels que l&#039;irrigation de jardin<\/p>\n<p>Il est fr\u00e9quemment pr\u00e9f\u00e9r\u00e9 et continue de se g\u00e9n\u00e9raliser dans l&#039;usage quotidien. Les tuyaux en silicone sont utilis\u00e9s \u00e0 la fois dans les zones ouvertes et<\/p>\n<p>Cependant, il est pr\u00eat \u00e0 l&#039;emploi de mani\u00e8re \u00e0 pouvoir passer sous terre.<\/p>\n<table width=\"493\">\n<tbody>\n<tr>\n<td colspan=\"2\" width=\"493\">CARACT\u00c9RISTIQUES DU PRODUIT<\/td>\n<\/tr>\n<tr>\n<td>R\u00e9sistance \u00e0 la traction<\/td>\n<td width=\"236\">105<\/td>\n<\/tr>\n<tr>\n<td><\/td>\n<td width=\"236\"><\/td>\n<\/tr>\n<tr>\n<td>R\u00e9sistance au d\u00e9chirement<\/td>\n<td width=\"236\">Mal<\/td>\n<\/tr>\n<tr>\n<td>R\u00e9sistance \u00e0 l&#039;usure<\/td>\n<td width=\"236\">Mal<\/td>\n<\/tr>\n<tr>\n<td>R\u00e9sistance \u00e0 l&#039;ozone<\/td>\n<td width=\"236\">Tr\u00e8s bien<\/td>\n<\/tr>\n<tr>\n<td>Tol\u00e9rance \u00e0 l&#039;alcool<\/td>\n<td width=\"236\">Milieu<\/td>\n<\/tr>\n<tr>\n<td>R\u00e9sistance aux acides dilu\u00e9s<\/td>\n<td width=\"236\">Tr\u00e8s bien<\/td>\n<\/tr>\n<tr>\n<td>R\u00e9sistance aux acides concentr\u00e9s<\/td>\n<td width=\"236\">Bien<\/td>\n<\/tr>\n<tr>\n<td>R\u00e9sistance aux huiles animales et v\u00e9g\u00e9tales<\/td>\n<td width=\"236\">Bien<\/td>\n<\/tr>\n<tr>\n<td>Temp\u00e9rature de fonctionnement<\/td>\n<td width=\"236\">-60 C \u00e0 180 C<\/td>\n<\/tr>\n<\/tbody>\n<\/table>\n<div class=\"video video-fit mb\" style=\"padding-top:56.25%;\"><p><iframe loading=\"lazy\" title=\"Confusion des mesures (pouces, doigts, brume, millim\u00e8tres)\" width=\"1020\" height=\"574\" src=\"https:\/\/www.youtube.com\/embed\/uKk6AG_AZls?feature=oembed\" frameborder=\"0\" allow=\"accelerometer; autoplay; clipboard-write; encrypted-media; gyroscope; picture-in-picture; web-share\" referrerpolicy=\"strict-origin-when-cross-origin\" allowfullscreen><\/iframe><\/p>\n<\/div>","protected":false},"excerpt":{"rendered":"<p>Silikon Hortum Hortumlar silikondan yap\u0131ld\u0131\u011f\u0131 i\u00e7in ne kadar k\u0131v\u0131r\u0131rsak ya da ne derecede b\u00fckersek b\u00fckelim k\u0131r\u0131lmaya sebep olmamaktad\u0131r. Hortum i\u00e7erisinde bulunan s\u0131v\u0131, gaz ya da benzeri maddenin ge\u00e7i\u015fini engellemektedir. Bu sayede en s\u0131k kullan\u0131m alanlar\u0131 olan bah\u00e7e sulama, gaz ak\u0131\u015flar\u0131 ya da s\u0131v\u0131 aktar\u0131mlar\u0131 gibi durumlarda ge\u00e7i\u015fler silikon hortumlar b\u00fck\u00fclse dahi k\u0131r\u0131lma olmamas\u0131ndan dolay\u0131 ak\u0131\u015f\u0131na [&#8230;]\n","protected":false},"featured_media":8167,"comment_status":"open","ping_status":"closed","template":"","meta":{"jetpack_post_was_ever_published":false},"product_brand":[],"product_cat":[171],"product_tag":[290,1167],"class_list":{"0":"post-893","1":"product","2":"type-product","3":"status-publish","4":"has-post-thumbnail","6":"product_cat-silikon-hortumlari","7":"product_tag-hortum","8":"product_tag-silikon","10":"first","11":"instock","12":"featured","13":"taxable","14":"shipping-taxable","15":"product-type-variable"},"jetpack-related-posts":[{"id":21728,"url":"https:\/\/tuzlahortum.com.tr\/fr\/produit\/sirocco\/","url_meta":{"origin":893,"position":0},"title":"SIROCCO","author":"admin","date":"11 ao\u00fbt 2025","format":false,"excerpt":"\u00a0 \u00dcr\u00fcn Ad\u0131: SIROCCO \u00dcr\u00fcn Kodu: SD950 Silikon So\u011futma Kullanim Alan\u0131 : Deniz ara\u00e7lar\u0131n\u0131n so\u011futma sistemlerinde, y\u00fcksek performans ve ekstra esneklik gerektiren \u00e7ok y\u00fcksek s\u0131cakl\u0131ktaki egzoz gazlar\u0131n\u0131n ve deniz suyunun ta\u015f\u0131nmas\u0131 i\u00e7in. Alt Katman : Deniz Suyuna, Antifriz Kar\u0131\u015f\u0131ml\u0131 Suya, Mineral Ya\u011flara Dayan\u0131kl\u0131 D\u00fcz Silikon. Takviye Katman\u0131 : Y\u00fcksek Mukavemetli\u2026","rel":"","context":"Article similaire","block_context":{"text":"Article similaire","link":""},"img":{"alt_text":"","src":"https:\/\/i0.wp.com\/tuzlahortum.com.tr\/wp-content\/uploads\/2025\/08\/sirocco-p.png?fit=513%2C513&ssl=1&resize=350%2C200","width":350,"height":200},"classes":[]},{"id":21731,"url":"https:\/\/tuzlahortum.com.tr\/fr\/produit\/sirocco-sd\/","url_meta":{"origin":893,"position":1},"title":"SIROCCO - SD","author":"admin","date":"11 ao\u00fbt 2025","format":false,"excerpt":"\u00a0 \u00dcr\u00fcn Ad\u0131: SIROCCO - SD \u00dcr\u00fcn Kodu: SDD961 Silikon So\u011futma Al\u0131c\u0131\/Verici Kullanim Alan\u0131 : Deniz ara\u00e7lar\u0131n\u0131n so\u011futma sistemlerinde, y\u00fcksek performans ve ekstra esneklik gerektiren durumlarda, \u00e7ok y\u00fcksek s\u0131cakl\u0131ktaki egzoz gazlar\u0131n\u0131n ve deniz suyunun emi\u015f ve transferi i\u00e7in kullan\u0131l\u0131r. Alt Katman : Deniz Suyuna, Antifriz Kar\u0131\u015f\u0131ml\u0131 Suya, Mineral Ya\u011flara Dayan\u0131kl\u0131\u2026","rel":"","context":"Article similaire","block_context":{"text":"Article similaire","link":""},"img":{"alt_text":"","src":"https:\/\/i0.wp.com\/tuzlahortum.com.tr\/wp-content\/uploads\/2025\/08\/siroccosd-p.png?fit=513%2C513&ssl=1&resize=350%2C200","width":350,"height":200},"classes":[]},{"id":13212,"url":"https:\/\/tuzlahortum.com.tr\/fr\/produit\/eko-1-2-plastik-mini-vana\/","url_meta":{"origin":893,"position":2},"title":"MINI VANNE EN PLASTIQUE ECO 1\/2","author":"admin","date":"28 mars 2024","format":false,"excerpt":"EKO 1\/2 PLAST\u0130K M\u0130N\u0130 VANA EKO 1\/2\" Plastik Mini Vana, bah\u00e7e sulama sistemlerinizde suyun ak\u0131\u015f\u0131n\u0131 kontrol etmek ve d\u00fczenlemek i\u00e7in tasarlanm\u0131\u015f kompakt bir vanad\u0131r. \u00d6zellikler: Dayan\u0131kl\u0131 Plastik Malzeme: Y\u00fcksek kaliteli plastikten \u00fcretilmi\u015ftir ve uzun s\u00fcreli kullan\u0131m i\u00e7in dayan\u0131kl\u0131d\u0131r. Paslanmaz \u00e7elik gibi malzemelerden yap\u0131lm\u0131\u015f olmas\u0131, uzun \u00f6m\u00fcrl\u00fc ve g\u00fcvenilir bir performans\u2026","rel":"","context":"Article similaire","block_context":{"text":"Article similaire","link":""},"img":{"alt_text":"","src":"https:\/\/i0.wp.com\/tuzlahortum.com.tr\/wp-content\/uploads\/2024\/03\/eko_plastik_vana_2.jpg?fit=800%2C800&ssl=1&resize=350%2C200","width":350,"height":200,"srcset":"https:\/\/i0.wp.com\/tuzlahortum.com.tr\/wp-content\/uploads\/2024\/03\/eko_plastik_vana_2.jpg?fit=800%2C800&ssl=1&resize=350%2C200 1x, https:\/\/i0.wp.com\/tuzlahortum.com.tr\/wp-content\/uploads\/2024\/03\/eko_plastik_vana_2.jpg?fit=800%2C800&ssl=1&resize=525%2C300 1.5x, https:\/\/i0.wp.com\/tuzlahortum.com.tr\/wp-content\/uploads\/2024\/03\/eko_plastik_vana_2.jpg?fit=800%2C800&ssl=1&resize=700%2C400 2x"},"classes":[]},{"id":13229,"url":"https:\/\/tuzlahortum.com.tr\/fr\/produit\/flow-luks-jak-3-4-hortum-govde\/","url_meta":{"origin":893,"position":3},"title":"CORPS DE TUYAU FLOW LUXURY JACK 3\/4","author":"admin","date":"28 mars 2024","format":false,"excerpt":"FLOW L\u00dcKS JAK 3\/4 HORTUM G\u00d6VDE FLOW L\u00dcKS JAK - 3\/4\" Hortum G\u00f6vdesi, bah\u00e7e sulama sistemlerinizde su ak\u0131\u015f\u0131n\u0131 y\u00f6nlendirmek ve g\u00fcvenilir bir ba\u011flant\u0131 sa\u011flamak i\u00e7in \u00f6zel olarak tasarlanm\u0131\u015ft\u0131r. \u00d6zellikler: Dayan\u0131kl\u0131 Malzeme: Y\u00fcksek kaliteli malzemeden \u00fcretilmi\u015ftir ve uzun s\u00fcreli kullan\u0131m i\u00e7in sa\u011flam bir yap\u0131ya sahiptir. Paslanmaz \u00e7elik veya sa\u011flam plastik gibi\u2026","rel":"","context":"Article similaire","block_context":{"text":"Article similaire","link":""},"img":{"alt_text":"","src":"https:\/\/i0.wp.com\/tuzlahortum.com.tr\/wp-content\/uploads\/2024\/03\/jak_luks_hortum_govde_1.jpg?fit=800%2C800&ssl=1&resize=350%2C200","width":350,"height":200,"srcset":"https:\/\/i0.wp.com\/tuzlahortum.com.tr\/wp-content\/uploads\/2024\/03\/jak_luks_hortum_govde_1.jpg?fit=800%2C800&ssl=1&resize=350%2C200 1x, https:\/\/i0.wp.com\/tuzlahortum.com.tr\/wp-content\/uploads\/2024\/03\/jak_luks_hortum_govde_1.jpg?fit=800%2C800&ssl=1&resize=525%2C300 1.5x, https:\/\/i0.wp.com\/tuzlahortum.com.tr\/wp-content\/uploads\/2024\/03\/jak_luks_hortum_govde_1.jpg?fit=800%2C800&ssl=1&resize=700%2C400 2x"},"classes":[]},{"id":13228,"url":"https:\/\/tuzlahortum.com.tr\/fr\/produit\/flow-luks-jak-1-2-hortum-ekleme\/","url_meta":{"origin":893,"position":4},"title":"JACK FLOW LUXURY \u2013 AJOUT 1\/2 TUYAU","author":"admin","date":"28 mars 2024","format":false,"excerpt":"FLOW L\u00dcKS JAK - 1\/2 HORTUM EKLEME FLOW L\u00dcKS JAK - 1\/2\" Hortum Eklemesi, bah\u00e7e sulama sistemlerinizdeki uyumluluk sorunlar\u0131n\u0131 \u00e7\u00f6zmek ve su ak\u0131\u015f\u0131n\u0131 daha etkili bir \u015fekilde y\u00f6nlendirmek i\u00e7in tasarlanm\u0131\u015ft\u0131r. \u00d6zellikler: 1. **Dayan\u0131kl\u0131 Malzeme**: Y\u00fcksek kaliteli malzemeden \u00fcretilmi\u015ftir ve uzun \u00f6m\u00fcrl\u00fc kullan\u0131m i\u00e7in dayan\u0131kl\u0131 bir yap\u0131ya sahiptir. Paslanmaz \u00e7elik veya\u2026","rel":"","context":"Article similaire","block_context":{"text":"Article similaire","link":""},"img":{"alt_text":"","src":"https:\/\/i0.wp.com\/tuzlahortum.com.tr\/wp-content\/uploads\/2024\/03\/jak_luks_hortum_ekleme_2.jpg?fit=800%2C800&ssl=1&resize=350%2C200","width":350,"height":200,"srcset":"https:\/\/i0.wp.com\/tuzlahortum.com.tr\/wp-content\/uploads\/2024\/03\/jak_luks_hortum_ekleme_2.jpg?fit=800%2C800&ssl=1&resize=350%2C200 1x, https:\/\/i0.wp.com\/tuzlahortum.com.tr\/wp-content\/uploads\/2024\/03\/jak_luks_hortum_ekleme_2.jpg?fit=800%2C800&ssl=1&resize=525%2C300 1.5x, https:\/\/i0.wp.com\/tuzlahortum.com.tr\/wp-content\/uploads\/2024\/03\/jak_luks_hortum_ekleme_2.jpg?fit=800%2C800&ssl=1&resize=700%2C400 2x"},"classes":[]},{"id":13246,"url":"https:\/\/tuzlahortum.com.tr\/fr\/produit\/flow-luks-jak-3-4-hortum-ekleme\/","url_meta":{"origin":893,"position":5},"title":"FLOW LUXURY JACK 3\/4 TUYAU AJOUT","author":"admin","date":"28 mars 2024","format":false,"excerpt":"FLOW L\u00dcKS JAK 3\/4 HORTUM EKLEME Bah\u00e7e sulama ekipmanlar\u0131n\u0131z aras\u0131ndaki uyumu sa\u011flamak i\u00e7in tasarlanan FLOW L\u00dcKS JAK 3\/4 Hortum Ekleme, sulama i\u015flerinizi daha kolay ve verimli hale getirir. \u00d6zellikler: Evrensel Uyumluluk: Bu jak, 3\/4\" \u00e7ap\u0131ndaki hortumlarla uyumludur ve farkl\u0131 sulama ekipmanlar\u0131n\u0131 birbirine ba\u011flaman\u0131z\u0131 sa\u011flar. Bah\u00e7enizdeki sulama sistemlerinin sorunsuz \u00e7al\u0131\u015fmas\u0131n\u0131 sa\u011flar.\u2026","rel":"","context":"Article similaire","block_context":{"text":"Article similaire","link":""},"img":{"alt_text":"","src":"https:\/\/i0.wp.com\/tuzlahortum.com.tr\/wp-content\/uploads\/2024\/03\/jak_luks_hortum_ekleme_2.jpg?fit=800%2C800&ssl=1&resize=350%2C200","width":350,"height":200,"srcset":"https:\/\/i0.wp.com\/tuzlahortum.com.tr\/wp-content\/uploads\/2024\/03\/jak_luks_hortum_ekleme_2.jpg?fit=800%2C800&ssl=1&resize=350%2C200 1x, https:\/\/i0.wp.com\/tuzlahortum.com.tr\/wp-content\/uploads\/2024\/03\/jak_luks_hortum_ekleme_2.jpg?fit=800%2C800&ssl=1&resize=525%2C300 1.5x, https:\/\/i0.wp.com\/tuzlahortum.com.tr\/wp-content\/uploads\/2024\/03\/jak_luks_hortum_ekleme_2.jpg?fit=800%2C800&ssl=1&resize=700%2C400 2x"},"classes":[]}],"jetpack_sharing_enabled":true,"jetpack_likes_enabled":true,"_links":{"self":[{"href":"https:\/\/tuzlahortum.com.tr\/fr\/wp-json\/wp\/v2\/product\/893","targetHints":{"allow":["GET"]}}],"collection":[{"href":"https:\/\/tuzlahortum.com.tr\/fr\/wp-json\/wp\/v2\/product"}],"about":[{"href":"https:\/\/tuzlahortum.com.tr\/fr\/wp-json\/wp\/v2\/types\/product"}],"replies":[{"embeddable":true,"href":"https:\/\/tuzlahortum.com.tr\/fr\/wp-json\/wp\/v2\/comments?post=893"}],"wp:featuredmedia":[{"embeddable":true,"href":"https:\/\/tuzlahortum.com.tr\/fr\/wp-json\/wp\/v2\/media\/8167"}],"wp:attachment":[{"href":"https:\/\/tuzlahortum.com.tr\/fr\/wp-json\/wp\/v2\/media?parent=893"}],"wp:term":[{"taxonomy":"product_brand","embeddable":true,"href":"https:\/\/tuzlahortum.com.tr\/fr\/wp-json\/wp\/v2\/product_brand?post=893"},{"taxonomy":"product_cat","embeddable":true,"href":"https:\/\/tuzlahortum.com.tr\/fr\/wp-json\/wp\/v2\/product_cat?post=893"},{"taxonomy":"product_tag","embeddable":true,"href":"https:\/\/tuzlahortum.com.tr\/fr\/wp-json\/wp\/v2\/product_tag?post=893"}],"curies":[{"name":"wp","href":"https:\/\/api.w.org\/{rel}","templated":true}]}}