{"id":890,"date":"2019-02-06T23:55:24","date_gmt":"2019-02-06T20:55:24","guid":{"rendered":"http:\/\/hortum.com.tr\/product\/import-placeholder-for-290\/"},"modified":"2024-03-21T17:41:09","modified_gmt":"2024-03-21T14:41:09","slug":"sari-kor-tapa","status":"publish","type":"product","link":"https:\/\/tuzlahortum.com.tr\/fr\/produit\/sari-kor-tapa\/","title":{"rendered":"Bouchon aveugle jaune"},"content":{"rendered":"<h2>Bouchon aveugle jaune<\/h2>","protected":false},"excerpt":{"rendered":"<p>Bouchon aveugle jaune<\/p>","protected":false},"featured_media":3832,"comment_status":"open","ping_status":"closed","template":"","meta":{"jetpack_post_was_ever_published":false},"product_brand":[],"product_cat":[99],"product_tag":[465,1163,1164],"class_list":{"0":"post-890","1":"product","2":"type-product","3":"status-publish","4":"has-post-thumbnail","6":"product_cat-sari-fittings","7":"product_tag-sari","8":"product_tag-sari-kor-tapa","9":"product_tag-tapa","11":"first","12":"instock","13":"taxable","14":"shipping-taxable","15":"product-type-variable"},"jetpack-related-posts":[{"id":611,"url":"https:\/\/tuzlahortum.com.tr\/fr\/produit\/siyah-kor-tapa\/","url_meta":{"origin":890,"position":0},"title":"Prise aveugle noire","author":"admin","date":"6 f\u00e9vrier 2019","format":false,"excerpt":"Prise aveugle noire","rel":"","context":"Article similaire","block_context":{"text":"Article similaire","link":""},"img":{"alt_text":"","src":"https:\/\/i0.wp.com\/tuzlahortum.com.tr\/wp-content\/uploads\/2019\/02\/Siyah-K%C3%B6r-Tapa.jpg?fit=600%2C600&ssl=1&resize=350%2C200","width":350,"height":200,"srcset":"https:\/\/i0.wp.com\/tuzlahortum.com.tr\/wp-content\/uploads\/2019\/02\/Siyah-K%C3%B6r-Tapa.jpg?fit=600%2C600&ssl=1&resize=350%2C200 1x, https:\/\/i0.wp.com\/tuzlahortum.com.tr\/wp-content\/uploads\/2019\/02\/Siyah-K%C3%B6r-Tapa.jpg?fit=600%2C600&ssl=1&resize=525%2C300 1.5x"},"classes":[]},{"id":3274,"url":"https:\/\/tuzlahortum.com.tr\/fr\/produit\/galvaniz-kor-tapa\/","url_meta":{"origin":890,"position":1},"title":"Bouchon aveugle galvanis\u00e9","author":"\u0130smail \u00c7elik","date":"19 f\u00e9vrier 2019","format":false,"excerpt":"Bouchon aveugle galvanis\u00e9","rel":"","context":"Article similaire","block_context":{"text":"Article similaire","link":""},"img":{"alt_text":"","src":"https:\/\/i0.wp.com\/tuzlahortum.com.tr\/wp-content\/uploads\/2019\/02\/Galvaniz-K%C3%B6r-Tapa.jpg?fit=600%2C600&ssl=1&resize=350%2C200","width":350,"height":200,"srcset":"https:\/\/i0.wp.com\/tuzlahortum.com.tr\/wp-content\/uploads\/2019\/02\/Galvaniz-K%C3%B6r-Tapa.jpg?fit=600%2C600&ssl=1&resize=350%2C200 1x, https:\/\/i0.wp.com\/tuzlahortum.com.tr\/wp-content\/uploads\/2019\/02\/Galvaniz-K%C3%B6r-Tapa.jpg?fit=600%2C600&ssl=1&resize=525%2C300 1.5x"},"classes":[]},{"id":969,"url":"https:\/\/tuzlahortum.com.tr\/fr\/produit\/alman-aluminyum-kortapa\/","url_meta":{"origin":890,"position":2},"title":"Bouchon en aluminium allemand","author":"admin","date":"7 f\u00e9vrier 2019","format":false,"excerpt":"Bouchon en aluminium allemand","rel":"","context":"Article similaire","block_context":{"text":"Article similaire","link":""},"img":{"alt_text":"","src":"https:\/\/i0.wp.com\/tuzlahortum.com.tr\/wp-content\/uploads\/2019\/02\/Alman-Al%C3%BCminyum-K%C3%B6rtapa.jpg?fit=800%2C600&ssl=1&resize=350%2C200","width":350,"height":200,"srcset":"https:\/\/i0.wp.com\/tuzlahortum.com.tr\/wp-content\/uploads\/2019\/02\/Alman-Al%C3%BCminyum-K%C3%B6rtapa.jpg?fit=800%2C600&ssl=1&resize=350%2C200 1x, https:\/\/i0.wp.com\/tuzlahortum.com.tr\/wp-content\/uploads\/2019\/02\/Alman-Al%C3%BCminyum-K%C3%B6rtapa.jpg?fit=800%2C600&ssl=1&resize=525%2C300 1.5x, https:\/\/i0.wp.com\/tuzlahortum.com.tr\/wp-content\/uploads\/2019\/02\/Alman-Al%C3%BCminyum-K%C3%B6rtapa.jpg?fit=800%2C600&ssl=1&resize=700%2C400 2x"},"classes":[]},{"id":607,"url":"https:\/\/tuzlahortum.com.tr\/fr\/produit\/sari-hortum-ekleme\/","url_meta":{"origin":890,"position":3},"title":"Attache de tuyau jaune","author":"admin","date":"6 f\u00e9vrier 2019","format":false,"excerpt":"Attache de tuyau jaune","rel":"","context":"Article similaire","block_context":{"text":"Article similaire","link":""},"img":{"alt_text":"","src":"https:\/\/i0.wp.com\/tuzlahortum.com.tr\/wp-content\/uploads\/2019\/02\/sarihortumek-300x300.jpg?fit=300%2C300&ssl=1&resize=350%2C200","width":350,"height":200},"classes":[]},{"id":608,"url":"https:\/\/tuzlahortum.com.tr\/fr\/produit\/sari-hortum-te\/","url_meta":{"origin":890,"position":4},"title":"T\u00e9 de tuyau jaune","author":"admin","date":"6 f\u00e9vrier 2019","format":false,"excerpt":"T\u00e9 de tuyau jaune","rel":"","context":"Article similaire","block_context":{"text":"Article similaire","link":""},"img":{"alt_text":"","src":"https:\/\/i0.wp.com\/tuzlahortum.com.tr\/wp-content\/uploads\/2019\/02\/sarihortumte-300x300.jpg?fit=300%2C300&ssl=1&resize=350%2C200","width":350,"height":200},"classes":[]},{"id":886,"url":"https:\/\/tuzlahortum.com.tr\/fr\/produit\/sari-konik-rekor\/","url_meta":{"origin":890,"position":5},"title":"Union conique jaune","author":"admin","date":"6 f\u00e9vrier 2019","format":false,"excerpt":"Union conique jaune","rel":"","context":"Article similaire","block_context":{"text":"Article similaire","link":""},"img":{"alt_text":"","src":"https:\/\/i0.wp.com\/tuzlahortum.com.tr\/wp-content\/uploads\/2019\/02\/sarikonikrekor-300x300.jpg?fit=300%2C300&ssl=1&resize=350%2C200","width":350,"height":200},"classes":[]}],"jetpack_sharing_enabled":true,"jetpack_likes_enabled":true,"_links":{"self":[{"href":"https:\/\/tuzlahortum.com.tr\/fr\/wp-json\/wp\/v2\/product\/890","targetHints":{"allow":["GET"]}}],"collection":[{"href":"https:\/\/tuzlahortum.com.tr\/fr\/wp-json\/wp\/v2\/product"}],"about":[{"href":"https:\/\/tuzlahortum.com.tr\/fr\/wp-json\/wp\/v2\/types\/product"}],"replies":[{"embeddable":true,"href":"https:\/\/tuzlahortum.com.tr\/fr\/wp-json\/wp\/v2\/comments?post=890"}],"wp:featuredmedia":[{"embeddable":true,"href":"https:\/\/tuzlahortum.com.tr\/fr\/wp-json\/wp\/v2\/media\/3832"}],"wp:attachment":[{"href":"https:\/\/tuzlahortum.com.tr\/fr\/wp-json\/wp\/v2\/media?parent=890"}],"wp:term":[{"taxonomy":"product_brand","embeddable":true,"href":"https:\/\/tuzlahortum.com.tr\/fr\/wp-json\/wp\/v2\/product_brand?post=890"},{"taxonomy":"product_cat","embeddable":true,"href":"https:\/\/tuzlahortum.com.tr\/fr\/wp-json\/wp\/v2\/product_cat?post=890"},{"taxonomy":"product_tag","embeddable":true,"href":"https:\/\/tuzlahortum.com.tr\/fr\/wp-json\/wp\/v2\/product_tag?post=890"}],"curies":[{"name":"wp","href":"https:\/\/api.w.org\/{rel}","templated":true}]}}