{"id":8872,"date":"2019-03-26T15:18:34","date_gmt":"2019-03-26T12:18:34","guid":{"rendered":"https:\/\/tuzlahortum.com.tr\/?post_type=product&#038;p=8872"},"modified":"2024-03-21T17:38:37","modified_gmt":"2024-03-21T14:38:37","slug":"trellflex-chem-ptfe-14-sg","status":"publish","type":"product","link":"https:\/\/tuzlahortum.com.tr\/fr\/produit\/trellflex-chem-ptfe-14-sg\/","title":{"rendered":"TRELLFLEX CHEM PTFE 14 SG"},"content":{"rendered":"<h2>TRELLFLEX CHEM PTFE 14 SG<\/h2>\n<p>Flexibles composites\/Produits chimiques et corrosifs<br \/>\nDes produits chimiques tr\u00e8s agressifs ou tr\u00e8s corrosifs sont utilis\u00e9s pour attirer et \u00e9liminer la plupart des d\u00e9chets chimiques.<br \/>\n\u00e9vacuation.<br \/>\n\u00c9quipements pour camions-citernes, camions-citernes ou syst\u00e8mes fixes dans l&#039;industrie chimique.<br \/>\nAvantages<br \/>\nLe tuyau est facile \u00e0 transporter gr\u00e2ce \u00e0 sa flexibilit\u00e9 (faible rayon de courbure).<br \/>\nIl peut \u00eatre utilis\u00e9 dans une large plage de temp\u00e9rature.<br \/>\nIl peut \u00eatre utilis\u00e9 pour de nombreux produits chimiques diff\u00e9rents.<br \/>\nL&#039;h\u00e9lice ext\u00e9rieure en acier inoxydable est con\u00e7ue pour r\u00e9sister \u00e0 la corrosion.<br \/>\ndescription technique<br \/>\nRessort int\u00e9rieur : inox 304L (inox 316L sur demande)<br \/>\nTube int\u00e9rieur : film PTFE.<br \/>\nRenforcement : couches de polypropyl\u00e8ne.<br \/>\nRev\u00eatement : Tissu enduit PVC, rouge, ondul\u00e9.<br \/>\nRessort ext\u00e9rieur : acier galvanis\u00e9<br \/>\nPlage de temp\u00e9rature : -30\u00b0C \u00e0 +115\u00b0C.<br \/>\nPropri\u00e9t\u00e9s \u00e9lectriques : \u22642.5\u03a9\/m pour ID&lt;50mm.<br \/>\n\u22641.0\u03a9\/m pour INS\u226550mm.<br \/>\nNorme\/Agr\u00e9ment :<br \/>\nEN 13765 et ADR.<br \/>\nUnions\/Raccords<br \/>\nTous types de raccords \u00e0 sertir :<br \/>\n\u2013 Guillemin (aluminium, pistolet m\u00e9tal, inox) ;<br \/>\n\u2013 engin, m\u00e2le et femelle;<br \/>\n\u2013 Raccords faciles \u00e0 monter avec m\u00e9canisme \u00e0 came (type Camlock).<br \/>\nBride fixe ou tournante ISO PN10\/16, PN20 (ASA150).<\/p>\n<p><img data-recalc-dims=\"1\" loading=\"lazy\" decoding=\"async\" class=\"alignnone size-full wp-image-8822\" src=\"https:\/\/i0.wp.com\/tuzlahortum.com.tr\/wp-content\/uploads\/2019\/03\/TRELLFLEX-CHEM-14-SG.jpg?resize=893%2C263&#038;ssl=1\" alt=\"\" width=\"893\" height=\"263\" title=\"\" srcset=\"https:\/\/i0.wp.com\/tuzlahortum.com.tr\/wp-content\/uploads\/2019\/03\/TRELLFLEX-CHEM-14-SG.jpg?w=893&amp;ssl=1 893w, https:\/\/i0.wp.com\/tuzlahortum.com.tr\/wp-content\/uploads\/2019\/03\/TRELLFLEX-CHEM-14-SG.jpg?resize=800%2C236&amp;ssl=1 800w, https:\/\/i0.wp.com\/tuzlahortum.com.tr\/wp-content\/uploads\/2019\/03\/TRELLFLEX-CHEM-14-SG.jpg?resize=768%2C226&amp;ssl=1 768w, https:\/\/i0.wp.com\/tuzlahortum.com.tr\/wp-content\/uploads\/2019\/03\/TRELLFLEX-CHEM-14-SG.jpg?resize=600%2C177&amp;ssl=1 600w\" sizes=\"auto, (max-width: 893px) 100vw, 893px\" \/><\/p>\n<div class=\"video video-fit mb\" style=\"padding-top:56.25%;\"><p><iframe loading=\"lazy\" title=\"Confusion des mesures (pouces, doigts, brume, millim\u00e8tres)\" width=\"1020\" height=\"574\" src=\"https:\/\/www.youtube.com\/embed\/uKk6AG_AZls?feature=oembed\" frameborder=\"0\" allow=\"accelerometer; autoplay; clipboard-write; encrypted-media; gyroscope; picture-in-picture; web-share\" referrerpolicy=\"strict-origin-when-cross-origin\" allowfullscreen><\/iframe><\/p>\n<\/div>\n<div class=\"video video-fit mb\" style=\"padding-top:56.25%;\"><p>https:\/\/www.youtube.com\/watch?v=O8ZlzKEjfEQ%20<\/p>\n<\/div>","protected":false},"excerpt":{"rendered":"<p>TRELLFLEX CHEM PTFE 14 SG Kompozit hortumlar\/Kimyasal ve korozif \u00fcr\u00fcnler \u00c7ok agresif veya \u00e7ok korozif olan kimyasallar, kimyasal at\u0131klar\u0131n \u00e7o\u011funun \u00e7ekilmesi ve tahliyesi. Karayolu ve demiryolu tankerleri ekipman\u0131 veya kimya end\u00fcstrisindeki sabit sistemler. Avantajlar Hortumun esnekli\u011finden (d\u00fc\u015f\u00fck k\u0131vr\u0131lma yar\u0131\u00e7ap\u0131) dolay\u0131 ta\u015f\u0131mas\u0131 kolayd\u0131r. Geni\u015f bir s\u0131cakl\u0131k aral\u0131\u011f\u0131nda kullan\u0131labilir. Bir\u00e7ok farkl\u0131 kimyasal i\u00e7in kullan\u0131labilir. Paslanmaz \u00e7elik d\u0131\u015f [&#8230;]\n","protected":false},"featured_media":8943,"comment_status":"open","ping_status":"closed","template":"","meta":{"jetpack_post_was_ever_published":false},"product_brand":[],"product_cat":[2209],"product_tag":[290,904,905,2292,2107],"class_list":{"0":"post-8872","1":"product","2":"type-product","3":"status-publish","4":"has-post-thumbnail","6":"product_cat-kompozit-hortumlar-kimyasal","7":"product_tag-hortum","8":"product_tag-kompozit","9":"product_tag-kompozit-hortum","10":"product_tag-kompozit-hortum-kimyasal","11":"product_tag-ptfe","13":"first","14":"instock","15":"taxable","16":"shipping-taxable","17":"product-type-variable"},"jetpack-related-posts":[],"jetpack_sharing_enabled":true,"jetpack_likes_enabled":true,"_links":{"self":[{"href":"https:\/\/tuzlahortum.com.tr\/fr\/wp-json\/wp\/v2\/product\/8872","targetHints":{"allow":["GET"]}}],"collection":[{"href":"https:\/\/tuzlahortum.com.tr\/fr\/wp-json\/wp\/v2\/product"}],"about":[{"href":"https:\/\/tuzlahortum.com.tr\/fr\/wp-json\/wp\/v2\/types\/product"}],"replies":[{"embeddable":true,"href":"https:\/\/tuzlahortum.com.tr\/fr\/wp-json\/wp\/v2\/comments?post=8872"}],"wp:featuredmedia":[{"embeddable":true,"href":"https:\/\/tuzlahortum.com.tr\/fr\/wp-json\/wp\/v2\/media\/8943"}],"wp:attachment":[{"href":"https:\/\/tuzlahortum.com.tr\/fr\/wp-json\/wp\/v2\/media?parent=8872"}],"wp:term":[{"taxonomy":"product_brand","embeddable":true,"href":"https:\/\/tuzlahortum.com.tr\/fr\/wp-json\/wp\/v2\/product_brand?post=8872"},{"taxonomy":"product_cat","embeddable":true,"href":"https:\/\/tuzlahortum.com.tr\/fr\/wp-json\/wp\/v2\/product_cat?post=8872"},{"taxonomy":"product_tag","embeddable":true,"href":"https:\/\/tuzlahortum.com.tr\/fr\/wp-json\/wp\/v2\/product_tag?post=8872"}],"curies":[{"name":"wp","href":"https:\/\/api.w.org\/{rel}","templated":true}]}}