{"id":883,"date":"2019-02-06T23:55:22","date_gmt":"2019-02-06T20:55:22","guid":{"rendered":"http:\/\/hortum.com.tr\/product\/import-placeholder-for-558\/"},"modified":"2024-03-21T17:41:15","modified_gmt":"2024-03-21T14:41:15","slug":"sari-sintine-baglanti-rekoru","status":"publish","type":"product","link":"https:\/\/tuzlahortum.com.tr\/fr\/produit\/sari-sintine-baglanti-rekoru\/","title":{"rendered":"Dossier de connexion de la cale jaune"},"content":{"rendered":"<h2>Dossier de connexion de la cale jaune<\/h2>","protected":false},"excerpt":{"rendered":"<p>Dossier de connexion de la cale jaune<\/p>","protected":false},"featured_media":3838,"comment_status":"open","ping_status":"closed","template":"","meta":{"jetpack_post_was_ever_published":false},"product_brand":[],"product_cat":[99],"product_tag":[252,465,1151,1152],"class_list":{"0":"post-883","1":"product","2":"type-product","3":"status-publish","4":"has-post-thumbnail","6":"product_cat-sari-fittings","7":"product_tag-rekor","8":"product_tag-sari","9":"product_tag-sari-sintin","10":"product_tag-sari-sintine-baglanti-rekoru","12":"first","13":"instock","14":"taxable","15":"shipping-taxable","16":"product-type-variable"},"jetpack-related-posts":[{"id":609,"url":"https:\/\/tuzlahortum.com.tr\/fr\/produit\/sari-kose-rekor\/","url_meta":{"origin":883,"position":0},"title":"Union de radiateur d&#039;angle jaune","author":"admin","date":"6 f\u00e9vrier 2019","format":false,"excerpt":"Sar\u0131 K\u00f6\u015fe Radyat\u00f6r RekoruISO 9001 Kalite Sistem Sertfikas\u0131.ISO 228 Di\u015fi X Di\u015fi ba\u011flant\u0131.End\u00fcstriyel, Tesisat ve sulama sistemlerinde kullan\u0131lmak \u00fczere geni\u015f kullan\u0131m alan\u0131.S\u0131cakl\u0131k -10\u00b0C + 120\u00b0C\u00a0\u00a0","rel":"","context":"Article similaire","block_context":{"text":"Article similaire","link":""},"img":{"alt_text":"","src":"https:\/\/i0.wp.com\/tuzlahortum.com.tr\/wp-content\/uploads\/2019\/02\/Sar%C4%B1-K%C3%B6%C5%9Fe-Radyat%C3%B6r-Rekoru.jpg?fit=520%2C350&ssl=1&resize=350%2C200","width":350,"height":200},"classes":[]},{"id":603,"url":"https:\/\/tuzlahortum.com.tr\/fr\/produit\/sari-disi-hortum-rekoru\/","url_meta":{"origin":883,"position":1},"title":"Union de tuyau femelle jaune","author":"admin","date":"6 f\u00e9vrier 2019","format":false,"excerpt":"Union de tuyau femelle jaune","rel":"","context":"Article similaire","block_context":{"text":"Article similaire","link":""},"img":{"alt_text":"","src":"https:\/\/i0.wp.com\/tuzlahortum.com.tr\/wp-content\/uploads\/2019\/02\/disihortumrekor-300x300.jpg?fit=300%2C300&ssl=1&resize=350%2C200","width":350,"height":200},"classes":[]},{"id":3579,"url":"https:\/\/tuzlahortum.com.tr\/fr\/produit\/sari-hortum-rekoru-erkek-hafif-tip\/","url_meta":{"origin":883,"position":2},"title":"Union de tuyau jaune m\u00e2le (type l\u00e9ger)","author":"\u0130smail \u00c7elik","date":"20 f\u00e9vrier 2019","format":false,"excerpt":"Union de tuyau jaune m\u00e2le (type l\u00e9ger)","rel":"","context":"Article similaire","block_context":{"text":"Article similaire","link":""},"img":{"alt_text":"Sar\u0131 Hortum Rekoru","src":"https:\/\/i0.wp.com\/tuzlahortum.com.tr\/wp-content\/uploads\/2019\/02\/Sar%C4%B1-Hortum-Rekoru.jpg?fit=400%2C300&ssl=1&resize=350%2C200","width":350,"height":200},"classes":[]},{"id":888,"url":"https:\/\/tuzlahortum.com.tr\/fr\/produit\/sari-hortum-rekoru\/","url_meta":{"origin":883,"position":3},"title":"Union de tuyau jaune m\u00e2le (type lourd)","author":"admin","date":"6 f\u00e9vrier 2019","format":false,"excerpt":"Union de tuyau jaune m\u00e2le (type lourd)","rel":"","context":"Article similaire","block_context":{"text":"Article similaire","link":""},"img":{"alt_text":"","src":"https:\/\/i0.wp.com\/tuzlahortum.com.tr\/wp-content\/uploads\/2019\/02\/erkek-hortum-rekoru.jpg?fit=600%2C600&ssl=1&resize=350%2C200","width":350,"height":200,"srcset":"https:\/\/i0.wp.com\/tuzlahortum.com.tr\/wp-content\/uploads\/2019\/02\/erkek-hortum-rekoru.jpg?fit=600%2C600&ssl=1&resize=350%2C200 1x, https:\/\/i0.wp.com\/tuzlahortum.com.tr\/wp-content\/uploads\/2019\/02\/erkek-hortum-rekoru.jpg?fit=600%2C600&ssl=1&resize=525%2C300 1.5x"},"classes":[]},{"id":605,"url":"https:\/\/tuzlahortum.com.tr\/fr\/produit\/sari-depo-rekoru\/","url_meta":{"origin":883,"position":4},"title":"Registre de l&#039;entrep\u00f4t jaune","author":"admin","date":"6 f\u00e9vrier 2019","format":false,"excerpt":"Registre de l&#039;entrep\u00f4t jaune","rel":"","context":"Article similaire","block_context":{"text":"Article similaire","link":""},"img":{"alt_text":"","src":"https:\/\/i0.wp.com\/tuzlahortum.com.tr\/wp-content\/uploads\/2019\/02\/Sar%C4%B1-Depo-Rakoru.jpg?fit=600%2C600&ssl=1&resize=350%2C200","width":350,"height":200,"srcset":"https:\/\/i0.wp.com\/tuzlahortum.com.tr\/wp-content\/uploads\/2019\/02\/Sar%C4%B1-Depo-Rakoru.jpg?fit=600%2C600&ssl=1&resize=350%2C200 1x, https:\/\/i0.wp.com\/tuzlahortum.com.tr\/wp-content\/uploads\/2019\/02\/Sar%C4%B1-Depo-Rakoru.jpg?fit=600%2C600&ssl=1&resize=525%2C300 1.5x"},"classes":[]},{"id":13078,"url":"https:\/\/tuzlahortum.com.tr\/fr\/produit\/1-x-25-mm-akaryakit-hortum-rekoru\/","url_meta":{"origin":883,"position":5},"title":"Raccord de tuyau de carburant 1 pouce x 25 mm","author":"admin","date":"16 mars 2024","format":false,"excerpt":"Akaryak\u0131t Hortum Rekoru 1 Inch x 25 mm Akaryak\u0131t Hortum Rekoru 1\" BSP x 25 mm \u00f6l\u00e7\u00fclerinde ba\u011flant\u0131. Yeniden kullan\u0131labilir akaryak\u0131t hortumu seti. NBR O-Halka ile sa\u011flanm\u0131\u015f s\u0131zd\u0131rmazl\u0131k \u00f6zelli\u011fi, krom kapl\u0131. Kaliteli ve dayan\u0131kl\u0131 malzemelerle \u00fcretilmi\u015f olan \u00fcr\u00fcnlerimiz, g\u00fcvenilirlik ve uzun \u00f6m\u00fcr i\u00e7in tasarlanm\u0131\u015ft\u0131r.\"","rel":"","context":"Article similaire","block_context":{"text":"Article similaire","link":""},"img":{"alt_text":"","src":"https:\/\/i0.wp.com\/tuzlahortum.com.tr\/wp-content\/uploads\/2024\/03\/Akaryakit_Hortum_Rekoru-1x25_2.jpg?fit=1200%2C1200&ssl=1&resize=350%2C200","width":350,"height":200,"srcset":"https:\/\/i0.wp.com\/tuzlahortum.com.tr\/wp-content\/uploads\/2024\/03\/Akaryakit_Hortum_Rekoru-1x25_2.jpg?fit=1200%2C1200&ssl=1&resize=350%2C200 1x, https:\/\/i0.wp.com\/tuzlahortum.com.tr\/wp-content\/uploads\/2024\/03\/Akaryakit_Hortum_Rekoru-1x25_2.jpg?fit=1200%2C1200&ssl=1&resize=525%2C300 1.5x, https:\/\/i0.wp.com\/tuzlahortum.com.tr\/wp-content\/uploads\/2024\/03\/Akaryakit_Hortum_Rekoru-1x25_2.jpg?fit=1200%2C1200&ssl=1&resize=700%2C400 2x, https:\/\/i0.wp.com\/tuzlahortum.com.tr\/wp-content\/uploads\/2024\/03\/Akaryakit_Hortum_Rekoru-1x25_2.jpg?fit=1200%2C1200&ssl=1&resize=1050%2C600 3x"},"classes":[]}],"jetpack_sharing_enabled":true,"jetpack_likes_enabled":true,"_links":{"self":[{"href":"https:\/\/tuzlahortum.com.tr\/fr\/wp-json\/wp\/v2\/product\/883","targetHints":{"allow":["GET"]}}],"collection":[{"href":"https:\/\/tuzlahortum.com.tr\/fr\/wp-json\/wp\/v2\/product"}],"about":[{"href":"https:\/\/tuzlahortum.com.tr\/fr\/wp-json\/wp\/v2\/types\/product"}],"replies":[{"embeddable":true,"href":"https:\/\/tuzlahortum.com.tr\/fr\/wp-json\/wp\/v2\/comments?post=883"}],"wp:featuredmedia":[{"embeddable":true,"href":"https:\/\/tuzlahortum.com.tr\/fr\/wp-json\/wp\/v2\/media\/3838"}],"wp:attachment":[{"href":"https:\/\/tuzlahortum.com.tr\/fr\/wp-json\/wp\/v2\/media?parent=883"}],"wp:term":[{"taxonomy":"product_brand","embeddable":true,"href":"https:\/\/tuzlahortum.com.tr\/fr\/wp-json\/wp\/v2\/product_brand?post=883"},{"taxonomy":"product_cat","embeddable":true,"href":"https:\/\/tuzlahortum.com.tr\/fr\/wp-json\/wp\/v2\/product_cat?post=883"},{"taxonomy":"product_tag","embeddable":true,"href":"https:\/\/tuzlahortum.com.tr\/fr\/wp-json\/wp\/v2\/product_tag?post=883"}],"curies":[{"name":"wp","href":"https:\/\/api.w.org\/{rel}","templated":true}]}}