{"id":880,"date":"2019-02-06T23:55:21","date_gmt":"2019-02-06T20:55:21","guid":{"rendered":"http:\/\/hortum.com.tr\/product\/import-placeholder-for-230\/"},"modified":"2024-03-21T17:41:19","modified_gmt":"2024-03-21T14:41:19","slug":"tpu52-heavy","status":"publish","type":"product","link":"https:\/\/tuzlahortum.com.tr\/fr\/produit\/tpu52-heavy\/","title":{"rendered":"TPU52 Lourd"},"content":{"rendered":"<h2>TPU52 Lourd<\/h2>\n<p><strong>Tuyau transparent en fil d&#039;acier<\/strong><\/p>\n<p><strong>Traits :<\/strong><\/p>\n<p>\u2022 Absorption et transfert des mat\u00e9riaux de coupe<\/p>\n<p>\u2022 Transfert de petites particules granuleuses<\/p>\n<p>\u2022 Comme tuyau de protection contre la pression m\u00e9canique<\/p>\n<p>\u2022 Absorption et transfert de pi\u00e8ces dans l&#039;industrie papeti\u00e8re et textile<\/p>\n<p>\u2022 Transfert de mati\u00e8res gazeuses et liquides<\/p>\n<p>\u2022 Chargement de silos<\/p>\n<p>\u2022 Transfert de fluides et poudres abrasifs<\/p>\n<p>\u2022 Transfert de granul\u00e9s<\/p>\n<p>\u2022 Dans l&#039;industrie alimentaire<\/p>\n<div class=\"video video-fit mb\" style=\"padding-top:56.25%;\"><p><iframe loading=\"lazy\" title=\"Confusion des mesures (pouces, doigts, brume, millim\u00e8tres)\" width=\"1020\" height=\"574\" src=\"https:\/\/www.youtube.com\/embed\/uKk6AG_AZls?feature=oembed\" frameborder=\"0\" allow=\"accelerometer; autoplay; clipboard-write; encrypted-media; gyroscope; picture-in-picture; web-share\" referrerpolicy=\"strict-origin-when-cross-origin\" allowfullscreen><\/iframe><\/p>\n<\/div>\n<p><strong>Domaines d&#039;utilisation\u00a0:<\/strong><\/p>\n<p>\u2022 Structure l\u00e9g\u00e8re et renforc\u00e9e<\/p>\n<p>\u2022 bonne flexibilit\u00e9 et taux de compression\u00a0: 4:1<\/p>\n<p>\u2022 R\u00e9sistant \u00e0 l&#039;abrasion<\/p>\n<p>\u2022 R\u00e9sistant aux produits chimiques<\/p>\n<p>\u2022 Bon rayon de courbure<\/p>\n<p>\u2022 R\u00e9sistant \u00e0 la perm\u00e9abilit\u00e9 aux gaz et aux liquides<\/p>\n<p>\u2022 R\u00e9sistant aux germes<\/p>\n<p>\u2022 R\u00e9sistant aux huiles min\u00e9rales<\/p>\n<p>\u2022 Fonction de d\u00e9charge d&#039;\u00e9lectricit\u00e9 statique<\/p>\n<p>\u2022 Plus durable que le Techni PU 50<\/p>","protected":false},"excerpt":{"rendered":"<p>TPU52 Heavy \u00c7elik Telli \u015eeffaf Hortum \u00d6zellikler : \u2022Kesici materyallerin emilmesi ve\u00a0\u00a0 transferi \u2022 K\u00fc\u00e7\u00fck tanecikli par\u00e7alar\u0131n transferi \u2022 Mekanik bas\u0131nca kar\u015f\u0131 koruma\u00a0\u00a0\u00a0 hortumu olarak \u2022 Ka\u011f\u0131t ve tekstil sekt\u00f6r\u00fcnde par\u00e7a\u00a0\u00a0\u00a0 emilmesi ve transferi \u2022 Gazl\u0131 ve s\u0131v\u0131 materyallerin transferi \u2022 Silo y\u00fcklemesi \u2022 A\u015f\u0131nd\u0131r\u0131c\u0131 ak\u0131\u015fkan &amp; tozlar\u0131n transferi \u2022 Gran\u00fcl transferi \u2022 G\u0131da sekt\u00f6r\u00fcnde [&#8230;]\n","protected":false},"featured_media":1821,"comment_status":"open","ping_status":"closed","template":"","meta":{"jetpack_post_was_ever_published":false},"product_brand":[],"product_cat":[142,150],"product_tag":[480,509,507,510,1145,511,508],"class_list":{"0":"post-880","1":"product","2":"type-product","3":"status-publish","4":"has-post-thumbnail","6":"product_cat-agac-isleri-hortumlari","7":"product_cat-tarim-sektoru-hortumlari","8":"product_tag-antistatik","9":"product_tag-bakir-dis-spiral-tel","10":"product_tag-ester-poliuretan-kumas","11":"product_tag-mikrop-gecirmez","12":"product_tag-mineral-yaglara-karsi-dayanikli","13":"product_tag-statik-elektrik","14":"product_tag-transparent","16":"first","17":"instock","18":"taxable","19":"shipping-taxable","20":"product-type-variable"},"jetpack-related-posts":[],"jetpack_sharing_enabled":true,"jetpack_likes_enabled":true,"_links":{"self":[{"href":"https:\/\/tuzlahortum.com.tr\/fr\/wp-json\/wp\/v2\/product\/880","targetHints":{"allow":["GET"]}}],"collection":[{"href":"https:\/\/tuzlahortum.com.tr\/fr\/wp-json\/wp\/v2\/product"}],"about":[{"href":"https:\/\/tuzlahortum.com.tr\/fr\/wp-json\/wp\/v2\/types\/product"}],"replies":[{"embeddable":true,"href":"https:\/\/tuzlahortum.com.tr\/fr\/wp-json\/wp\/v2\/comments?post=880"}],"wp:featuredmedia":[{"embeddable":true,"href":"https:\/\/tuzlahortum.com.tr\/fr\/wp-json\/wp\/v2\/media\/1821"}],"wp:attachment":[{"href":"https:\/\/tuzlahortum.com.tr\/fr\/wp-json\/wp\/v2\/media?parent=880"}],"wp:term":[{"taxonomy":"product_brand","embeddable":true,"href":"https:\/\/tuzlahortum.com.tr\/fr\/wp-json\/wp\/v2\/product_brand?post=880"},{"taxonomy":"product_cat","embeddable":true,"href":"https:\/\/tuzlahortum.com.tr\/fr\/wp-json\/wp\/v2\/product_cat?post=880"},{"taxonomy":"product_tag","embeddable":true,"href":"https:\/\/tuzlahortum.com.tr\/fr\/wp-json\/wp\/v2\/product_tag?post=880"}],"curies":[{"name":"wp","href":"https:\/\/api.w.org\/{rel}","templated":true}]}}