{"id":879,"date":"2019-02-06T23:55:21","date_gmt":"2019-02-06T20:55:21","guid":{"rendered":"http:\/\/hortum.com.tr\/product\/import-placeholder-for-236\/"},"modified":"2024-03-21T17:41:20","modified_gmt":"2024-03-21T14:41:20","slug":"tc-24as","status":"publish","type":"product","link":"https:\/\/tuzlahortum.com.tr\/fr\/produit\/tc-24as\/","title":{"rendered":"TC 24AS"},"content":{"rendered":"<h2>TC 24AS<\/h2>\n<div>\n<div>MAT\u00c9RIEL:<\/div>\n<div>Mur en tissu: tissu en fibre de verre feuillet\u00e9 PTFE<\/div>\n<div>\u2022 Poids\u00a0: 155-270\u00a0gr\/m2<\/div>\n<div>\u2022 R\u00e9sistance \u00e0 la traction\u00a0: 800\u00a0N\/5\u00a0cm 1\u00a0200\u00a0N\/5\u00a0cm<\/div>\n<div>\u2022 \u00c9paisseur du joint\u00a0: 0,08 \u00e0 0,25\u00a0mm<\/div>\n<div>\u2022 La couleur noire<\/div>\n<div>Spirale ext\u00e9rieure : Acier galvanis\u00e9<\/div>\n<\/div>\n<div><\/div>\n<div><div class=\"video video-fit mb\" style=\"padding-top:56.25%;\"><p><iframe loading=\"lazy\" title=\"Confusion des mesures (pouces, doigts, brume, millim\u00e8tres)\" width=\"1020\" height=\"574\" src=\"https:\/\/www.youtube.com\/embed\/uKk6AG_AZls?feature=oembed\" frameborder=\"0\" allow=\"accelerometer; autoplay; clipboard-write; encrypted-media; gyroscope; picture-in-picture; web-share\" referrerpolicy=\"strict-origin-when-cross-origin\" allowfullscreen><\/iframe><\/p>\n<\/div><\/div>\n<div><\/div>\n<div>\n<div>APPLICATIONS:<\/div>\n<div>\u2022 Dans les ateliers de peinture<\/div>\n<div>\u2022 Industrie pharmaceutique<\/div>\n<div>\u2022 Dans les endroits o\u00f9 un arc \u00e9lectrique peut se produire<\/div>\n<div>\u2022 Dans les applications \u00e0 basse pression<\/div>\n<div>\u2022 Rejet de solvants dans l&#039;environnement ext\u00e9rieur<\/div>\n<div>\u2022 Gaz et vapeurs explosifs pouvant provoquer des \u00e9tincelles<\/div>\n<div>en transit<\/div>\n<div>\u2022 Dans les installations chimiques<\/div>\n<div>\u2022 Industrie de la peinture, du bois et du papier<\/div>\n<div>CARACT\u00c9RISTIQUES:<\/div>\n<div>\u2022 Extr\u00eamement flexible<\/div>\n<div>\u2022 Excellente r\u00e9sistance aux intemp\u00e9ries<\/div>\n<div>\u2022 La paroi int\u00e9rieure du tuyau a une surface antiadh\u00e9sive<\/div>\n<div>\u2022 R\u00e9sistance de surface Ro&lt;10 6Ohm<\/div>\n<div>\u2022 Faible rayon de courbure<\/div>\n<div>\u2022 Excellente r\u00e9sistance chimique<\/div>\n<div>\u2022 R\u00e9sistant aux basses et hautes temp\u00e9ratures<\/div>\n<div>\u2022 La m\u00e9thode de jonction sp\u00e9ciale permet au tuyau d&#039;\u00eatre en spirale et<\/div>\n<div>verrouiller le tissu fermement ensemble<\/div>\n<div>garanties.<\/div>\n<div>\u2022 Compressible 1:6<\/div>\n<div>\u2022 Le mat\u00e9riau de la paroi ext\u00e9rieure du tuyau est assez durable<\/div>\n<div>\u2022 Le fluide ne peut pas \u00eatre log\u00e9 sur la surface au niveau optimal.<\/div>\n<div>\u2022 La spirale ext\u00e9rieure prot\u00e8ge contre l&#039;usure<\/div>\n<\/div>","protected":false},"excerpt":{"rendered":"<p>TC 24AS MATERYAL: Kuma\u015f Duvar\u0131: PTFE lamine cam Elyaf kuma\u015f \u2022 A\u011f\u0131rl\u0131k : 155-270 gr\/m2 \u2022 \u00c7ekme Dayan\u0131m\u0131 : 800 N\/5 cm 1200 N\/5 cm \u2022 Ek Kal\u0131nl\u0131\u011f\u0131 : 0.08 &#8211; 0.25 mm \u2022 Renk : Siyah D\u0131\u015f Spiral : Galvaniz \u00c7elik UYGULAMALAR: \u2022 Boyahanelerde \u2022 \u0130la\u00e7 end\u00fcstrisi \u2022 Elektrik ark\u0131 olu\u015fabilecek yerlerde \u2022 D\u00fc\u015f\u00fck [&#8230;]\n","protected":false},"featured_media":6349,"comment_status":"open","ping_status":"closed","template":"","meta":{"jetpack_post_was_ever_published":false},"product_brand":[],"product_cat":[145,146],"product_tag":[1144,692,1141,1143,481,1142,498,632,1140,454],"class_list":{"0":"post-879","1":"product","2":"type-product","3":"status-publish","4":"has-post-thumbnail","6":"product_cat-isiya-dayanikli-hortumlar","7":"product_cat-kimyasal-hortumlar","8":"product_tag-ahsap-ve-kagit-endustrisinde","9":"product_tag-boya","10":"product_tag-boyahanelerde","11":"product_tag-elektrik-arki","12":"product_tag-galvaniz-celik-dis-spiral","13":"product_tag-ilac-endustrisi","14":"product_tag-isiya-dayanikli","15":"product_tag-kimyasal-tesislerde","16":"product_tag-lamine-cam-elyaf-kumas","17":"product_tag-siyah","19":"first","20":"instock","21":"taxable","22":"shipping-taxable","23":"product-type-variable"},"jetpack-related-posts":[],"jetpack_sharing_enabled":true,"jetpack_likes_enabled":true,"_links":{"self":[{"href":"https:\/\/tuzlahortum.com.tr\/fr\/wp-json\/wp\/v2\/product\/879","targetHints":{"allow":["GET"]}}],"collection":[{"href":"https:\/\/tuzlahortum.com.tr\/fr\/wp-json\/wp\/v2\/product"}],"about":[{"href":"https:\/\/tuzlahortum.com.tr\/fr\/wp-json\/wp\/v2\/types\/product"}],"replies":[{"embeddable":true,"href":"https:\/\/tuzlahortum.com.tr\/fr\/wp-json\/wp\/v2\/comments?post=879"}],"wp:featuredmedia":[{"embeddable":true,"href":"https:\/\/tuzlahortum.com.tr\/fr\/wp-json\/wp\/v2\/media\/6349"}],"wp:attachment":[{"href":"https:\/\/tuzlahortum.com.tr\/fr\/wp-json\/wp\/v2\/media?parent=879"}],"wp:term":[{"taxonomy":"product_brand","embeddable":true,"href":"https:\/\/tuzlahortum.com.tr\/fr\/wp-json\/wp\/v2\/product_brand?post=879"},{"taxonomy":"product_cat","embeddable":true,"href":"https:\/\/tuzlahortum.com.tr\/fr\/wp-json\/wp\/v2\/product_cat?post=879"},{"taxonomy":"product_tag","embeddable":true,"href":"https:\/\/tuzlahortum.com.tr\/fr\/wp-json\/wp\/v2\/product_tag?post=879"}],"curies":[{"name":"wp","href":"https:\/\/api.w.org\/{rel}","templated":true}]}}