{"id":8757,"date":"2019-03-26T13:30:44","date_gmt":"2019-03-26T10:30:44","guid":{"rendered":"https:\/\/tuzlahortum.com.tr\/?post_type=product&#038;p=8757"},"modified":"2024-03-21T17:38:42","modified_gmt":"2024-03-21T14:38:42","slug":"trellflex-roof-drain","status":"publish","type":"product","link":"https:\/\/tuzlahortum.com.tr\/fr\/produit\/trellflex-roof-drain\/","title":{"rendered":"DRAIN DE TOIT TRELLFLEX"},"content":{"rendered":"<h2>DRAIN DE TOIT TRELLFLEX<\/h2>\n<p>Tuyaux composites\/Drain de toit<br \/>\nEvacuation des eaux pluviales du toit d&#039;un r\u00e9servoir de toit ext\u00e9rieur.<br \/>\nAvantages<br \/>\n%100&#8217;e kadar aromatik i\u00e7eren hidrokarbonlar i\u00e7in uygundur.<br \/>\nFlottabilit\u00e9 n\u00e9gative naturelle.<br \/>\nIl a \u00e9t\u00e9 test\u00e9 et approuv\u00e9 sur le terrain pendant des ann\u00e9es.<br \/>\nIl est facile \u00e0 transporter et \u00e0 installer.<br \/>\nLongue dur\u00e9e de vie (jusqu&#039;\u00e0 10 ans).<br \/>\nFaible entretien.<br \/>\ndescription technique<br \/>\nRessort int\u00e9rieur : inox 304L (inox 316L sur demande)<br \/>\nTube int\u00e9rieur : film polypropyl\u00e8ne.<br \/>\nRenforcement : couches de polypropyl\u00e8ne\/polyester.<br \/>\nRev\u00eatement : polyamide, blanc, ondul\u00e9.<br \/>\nRessort ext\u00e9rieur : inox 304L (inox 316L sur demande)<br \/>\nPlage de temp\u00e9rature : -30\u00b0C \u00e0 +100\u00b0C.<br \/>\nPropri\u00e9t\u00e9s \u00e9lectriques : conductivit\u00e9 \u00e9lectrique de l&#039;h\u00e9lice ext\u00e9rieure en contact avec les raccords<br \/>\nfournit.<br \/>\nNorme\/Agr\u00e9ment :<br \/>\nBS 5842.<br \/>\nUnions\/Raccords<br \/>\nTous types de raccords \u00e0 sertir :<br \/>\n\u2013 Guillemin (aluminium, pistolet m\u00e9tal, inox) ;<br \/>\n\u2013 engin, m\u00e2le et femelle;<br \/>\n\u2013 Raccords faciles \u00e0 monter avec m\u00e9canisme \u00e0 came (type Camlock).<br \/>\nBride fixe ou tournante ISO PN10\/16, PN20 (ASA150).<\/p>\n<p><img data-recalc-dims=\"1\" loading=\"lazy\" decoding=\"async\" class=\"alignnone size-full wp-image-8758\" src=\"https:\/\/i0.wp.com\/tuzlahortum.com.tr\/wp-content\/uploads\/2019\/03\/TRELLFLEX-ROOF-DRAIN.jpg?resize=918%2C199&#038;ssl=1\" alt=\"\" width=\"918\" height=\"199\" title=\"\" srcset=\"https:\/\/i0.wp.com\/tuzlahortum.com.tr\/wp-content\/uploads\/2019\/03\/TRELLFLEX-ROOF-DRAIN.jpg?w=918&amp;ssl=1 918w, https:\/\/i0.wp.com\/tuzlahortum.com.tr\/wp-content\/uploads\/2019\/03\/TRELLFLEX-ROOF-DRAIN.jpg?resize=800%2C173&amp;ssl=1 800w, https:\/\/i0.wp.com\/tuzlahortum.com.tr\/wp-content\/uploads\/2019\/03\/TRELLFLEX-ROOF-DRAIN.jpg?resize=768%2C166&amp;ssl=1 768w, https:\/\/i0.wp.com\/tuzlahortum.com.tr\/wp-content\/uploads\/2019\/03\/TRELLFLEX-ROOF-DRAIN.jpg?resize=600%2C130&amp;ssl=1 600w\" sizes=\"auto, (max-width: 918px) 100vw, 918px\" \/><\/p>\n<div class=\"video video-fit mb\" style=\"padding-top:56.25%;\"><p><iframe loading=\"lazy\" title=\"Confusion des mesures (pouces, doigts, brume, millim\u00e8tres)\" width=\"1020\" height=\"574\" src=\"https:\/\/www.youtube.com\/embed\/uKk6AG_AZls?feature=oembed\" frameborder=\"0\" allow=\"accelerometer; autoplay; clipboard-write; encrypted-media; gyroscope; picture-in-picture; web-share\" referrerpolicy=\"strict-origin-when-cross-origin\" allowfullscreen><\/iframe><\/p>\n<\/div>\n<div class=\"video video-fit mb\" style=\"padding-top:56.25%;\"><p>https:\/\/www.youtube.com\/watch?v=O8ZlzKEjfEQ%20<\/p>\n<\/div>","protected":false},"excerpt":{"rendered":"<p>TRELLFLEX ROOF DRAIN Kompozit hortumlar\/\u00c7at\u0131 drenaj\u0131 Harici bir \u00e7at\u0131 \u00fcst\u00fc tank\u0131n \u00e7at\u0131s\u0131ndan ya\u011fmur suyunun uzakla\u015ft\u0131r\u0131lmas\u0131. Avantajlar %100&#8217;e kadar aromatik i\u00e7eren hidrokarbonlar i\u00e7in uygundur. Do\u011fal negatif batmazl\u0131k. Y\u0131llarca sahada test edilmi\u015f ve onaylanm\u0131\u015ft\u0131r. Ta\u015f\u0131nmas\u0131 ve kurulumu kolayd\u0131r. Uzun hizmet \u00f6mr\u00fc (10 y\u0131la kadar). D\u00fc\u015f\u00fck bak\u0131m. Teknik a\u00e7\u0131klama \u0130\u00e7 yay: paslanmaz \u00e7elik 304L (talep \u00fczerine paslanmaz \u00e7elik [&#8230;]\n","protected":false},"featured_media":8947,"comment_status":"open","ping_status":"closed","template":"","meta":{"jetpack_post_was_ever_published":false},"product_brand":[],"product_cat":[2208],"product_tag":[2213,2215,2164,290,904,905,2214],"class_list":{"0":"post-8757","1":"product","2":"type-product","3":"status-publish","4":"has-post-thumbnail","6":"product_cat-kompozit-hortumlar-akaryakit","7":"product_tag-cati","8":"product_tag-cati-drenaji","9":"product_tag-drenaj","10":"product_tag-hortum","11":"product_tag-kompozit","12":"product_tag-kompozit-hortum","13":"product_tag-yagmur-suyu","15":"first","16":"instock","17":"taxable","18":"shipping-taxable","19":"product-type-variable"},"jetpack-related-posts":[{"id":8753,"url":"https:\/\/tuzlahortum.com.tr\/fr\/produit\/trellflex-biofuel\/","url_meta":{"origin":8757,"position":0},"title":"TRELLFLEX BIOCARBURANT","author":"\u0130smail \u00c7elik","date":"26 mars 2019","format":false,"excerpt":"TRELLFLEX BIOFUELKompozit hortumlar\/Biyoyak\u0131t \u00d6zellikle kerosen, JET, AVGAS, biyoyak\u0131t ve etanol olmak \u00fczere aromatik i\u00e7eri\u011fi %50'ye kadar olan hafif veya a\u011f\u0131r petrol \u00fcr\u00fcnleri ve t\u00fcrevlerinin \u00e7ekilmesi ve tahliyesi. Karayolu veya demiryolu ta\u015f\u0131tlar\u0131 veya sabit donan\u0131mlar. Avantajlar Solventler ta\u015f\u0131nabilir. Hortumun esnekli\u011finden (d\u00fc\u015f\u00fck k\u0131vr\u0131lma yar\u0131\u00e7ap\u0131) dolay\u0131 ta\u015f\u0131mas\u0131 kolayd\u0131r. Ba\u011flant\u0131 par\u00e7alar\u0131na ba\u011flanan iki helis\u2026","rel":"","context":"Article similaire","block_context":{"text":"Article similaire","link":""},"img":{"alt_text":"","src":"https:\/\/i0.wp.com\/tuzlahortum.com.tr\/wp-content\/uploads\/2019\/03\/trellflex-biofuel-1.jpg?fit=650%2C600&ssl=1&resize=350%2C200","width":350,"height":200,"srcset":"https:\/\/i0.wp.com\/tuzlahortum.com.tr\/wp-content\/uploads\/2019\/03\/trellflex-biofuel-1.jpg?fit=650%2C600&ssl=1&resize=350%2C200 1x, https:\/\/i0.wp.com\/tuzlahortum.com.tr\/wp-content\/uploads\/2019\/03\/trellflex-biofuel-1.jpg?fit=650%2C600&ssl=1&resize=525%2C300 1.5x"},"classes":[]},{"id":8894,"url":"https:\/\/tuzlahortum.com.tr\/fr\/produit\/trellflex-chem-14-ss\/","url_meta":{"origin":8757,"position":1},"title":"TRELLFLEX CHEM 14 SS","author":"\u0130smail \u00c7elik","date":"26 mars 2019","format":false,"excerpt":"TRELLFLEX CHEM 14 SSKompozit hortumlar\/Kimyasal ve korozif \u00fcr\u00fcnler Aromatik i\u00e7eri\u011fi %100'e kadar olan t\u00fcm petrol \u00fcr\u00fcnleri, agresif ve korozif kimyasallar\u0131n ve kimyasal at\u0131klar\u0131n b\u00fcy\u00fck bir k\u0131sm\u0131n\u0131n \u00e7ekilmesi ve tahliyesi. Karayolu ve demiryolu tankerleri ekipman\u0131 veya kimya end\u00fcstrisindeki sabit sistemler. Avantajlar Hortumun esnekli\u011finden (d\u00fc\u015f\u00fck k\u0131vr\u0131lma yar\u0131\u00e7ap\u0131) dolay\u0131 ta\u015f\u0131mas\u0131 kolayd\u0131r. Geni\u015f bir\u2026","rel":"","context":"Article similaire","block_context":{"text":"Article similaire","link":""},"img":{"alt_text":"","src":"https:\/\/i0.wp.com\/tuzlahortum.com.tr\/wp-content\/uploads\/2019\/03\/trellflex-chem.jpg?fit=669%2C604&ssl=1&resize=350%2C200","width":350,"height":200,"srcset":"https:\/\/i0.wp.com\/tuzlahortum.com.tr\/wp-content\/uploads\/2019\/03\/trellflex-chem.jpg?fit=669%2C604&ssl=1&resize=350%2C200 1x, https:\/\/i0.wp.com\/tuzlahortum.com.tr\/wp-content\/uploads\/2019\/03\/trellflex-chem.jpg?fit=669%2C604&ssl=1&resize=525%2C300 1.5x"},"classes":[]},{"id":8820,"url":"https:\/\/tuzlahortum.com.tr\/fr\/produit\/trellflex-chem-14-sg\/","url_meta":{"origin":8757,"position":2},"title":"TRELLFLEX CHEM 14 SG","author":"\u0130smail \u00c7elik","date":"26 mars 2019","format":false,"excerpt":"TRELLFLEX CHEM 14 SGKompozit hortumlar\/Kimyasal ve korozif \u00fcr\u00fcnler Aromatik i\u00e7eri\u011fi %100'e kadar olan t\u00fcm petrol \u00fcr\u00fcnleri,agresif ve korozif kimyasallar\u0131n ve kimyasal at\u0131klar\u0131n b\u00fcy\u00fck bir k\u0131sm\u0131n\u0131n \u00e7ekilmesi ve tahliyesi. Karayolu ve demiryolu tankerleri ekipman\u0131 veya kimya end\u00fcstrisindeki sabit sistemler. Avantajlar Hortumun esnekli\u011finden (d\u00fc\u015f\u00fck k\u0131vr\u0131lma yar\u0131\u00e7ap\u0131) dolay\u0131 ta\u015f\u0131mas\u0131 kolayd\u0131r. Geni\u015f bir s\u0131cakl\u0131k\u2026","rel":"","context":"Article similaire","block_context":{"text":"Article similaire","link":""},"img":{"alt_text":"","src":"https:\/\/i0.wp.com\/tuzlahortum.com.tr\/wp-content\/uploads\/2019\/03\/trellflex-chem.jpg?fit=669%2C604&ssl=1&resize=350%2C200","width":350,"height":200,"srcset":"https:\/\/i0.wp.com\/tuzlahortum.com.tr\/wp-content\/uploads\/2019\/03\/trellflex-chem.jpg?fit=669%2C604&ssl=1&resize=350%2C200 1x, https:\/\/i0.wp.com\/tuzlahortum.com.tr\/wp-content\/uploads\/2019\/03\/trellflex-chem.jpg?fit=669%2C604&ssl=1&resize=525%2C300 1.5x"},"classes":[]},{"id":8889,"url":"https:\/\/tuzlahortum.com.tr\/fr\/produit\/trellflex-chem-10-ss\/","url_meta":{"origin":8757,"position":3},"title":"TRELLFLEX CHEM 10 SS","author":"\u0130smail \u00c7elik","date":"26 mars 2019","format":false,"excerpt":"TRELLFLEX CHEM 10 SSKompozit hortumlar\/Kimyasal ve korozif \u00fcr\u00fcnler Aromatik i\u00e7eri\u011fi %100'e kadar olan t\u00fcm petrol \u00fcr\u00fcnleri,agresif ve korozif kimyasallar\u0131n ve kimyasal at\u0131klar\u0131n b\u00fcy\u00fck bir k\u0131sm\u0131n\u0131n \u00e7ekilmesi ve tahliyesi. Karayolu ve demiryolu tankerleri ekipman\u0131 veya kimya end\u00fcstrisindeki sabit sistemler. Avantajlar Hortumun esnekli\u011finden (d\u00fc\u015f\u00fck k\u0131vr\u0131lma yar\u0131\u00e7ap\u0131) dolay\u0131 ta\u015f\u0131mas\u0131 kolayd\u0131r. Geni\u015f bir s\u0131cakl\u0131k\u2026","rel":"","context":"Article similaire","block_context":{"text":"Article similaire","link":""},"img":{"alt_text":"","src":"https:\/\/i0.wp.com\/tuzlahortum.com.tr\/wp-content\/uploads\/2019\/03\/trellflex-chem.jpg?fit=669%2C604&ssl=1&resize=350%2C200","width":350,"height":200,"srcset":"https:\/\/i0.wp.com\/tuzlahortum.com.tr\/wp-content\/uploads\/2019\/03\/trellflex-chem.jpg?fit=669%2C604&ssl=1&resize=350%2C200 1x, https:\/\/i0.wp.com\/tuzlahortum.com.tr\/wp-content\/uploads\/2019\/03\/trellflex-chem.jpg?fit=669%2C604&ssl=1&resize=525%2C300 1.5x"},"classes":[]},{"id":8819,"url":"https:\/\/tuzlahortum.com.tr\/fr\/produit\/trellflex-chem-10-sg\/","url_meta":{"origin":8757,"position":4},"title":"TRELLFLEX CHEM 10 SG","author":"\u0130smail \u00c7elik","date":"26 mars 2019","format":false,"excerpt":"TRELLFLEX CHEM 10 SGKompozit hortumlar\/Kimyasal ve korozif \u00fcr\u00fcnler Aromatik i\u00e7eri\u011fi %100'e kadar olan t\u00fcm petrol \u00fcr\u00fcnleri,agresif ve korozif kimyasallar\u0131n ve kimyasal at\u0131klar\u0131n b\u00fcy\u00fck bir k\u0131sm\u0131n\u0131n \u00e7ekilmesi ve tahliyesi. Karayolu ve demiryolu tankerleri ekipman\u0131 veya kimya end\u00fcstrisindeki sabit sistemler. Avantajlar Hortumun esnekli\u011finden (d\u00fc\u015f\u00fck k\u0131vr\u0131lma yar\u0131\u00e7ap\u0131) dolay\u0131 ta\u015f\u0131mas\u0131 kolayd\u0131r. Geni\u015f bir s\u0131cakl\u0131k\u2026","rel":"","context":"Article similaire","block_context":{"text":"Article similaire","link":""},"img":{"alt_text":"","src":"https:\/\/i0.wp.com\/tuzlahortum.com.tr\/wp-content\/uploads\/2019\/03\/trellflex-chem.jpg?fit=669%2C604&ssl=1&resize=350%2C200","width":350,"height":200,"srcset":"https:\/\/i0.wp.com\/tuzlahortum.com.tr\/wp-content\/uploads\/2019\/03\/trellflex-chem.jpg?fit=669%2C604&ssl=1&resize=350%2C200 1x, https:\/\/i0.wp.com\/tuzlahortum.com.tr\/wp-content\/uploads\/2019\/03\/trellflex-chem.jpg?fit=669%2C604&ssl=1&resize=525%2C300 1.5x"},"classes":[]},{"id":8872,"url":"https:\/\/tuzlahortum.com.tr\/fr\/produit\/trellflex-chem-ptfe-14-sg\/","url_meta":{"origin":8757,"position":5},"title":"TRELLFLEX CHEM PTFE 14 SG","author":"\u0130smail \u00c7elik","date":"26 mars 2019","format":false,"excerpt":"TRELLFLEX CHEM PTFE 14 SGKompozit hortumlar\/Kimyasal ve korozif \u00fcr\u00fcnler \u00c7ok agresif veya \u00e7ok korozif olan kimyasallar, kimyasal at\u0131klar\u0131n \u00e7o\u011funun \u00e7ekilmesi ve tahliyesi. Karayolu ve demiryolu tankerleri ekipman\u0131 veya kimya end\u00fcstrisindeki sabit sistemler. Avantajlar Hortumun esnekli\u011finden (d\u00fc\u015f\u00fck k\u0131vr\u0131lma yar\u0131\u00e7ap\u0131) dolay\u0131 ta\u015f\u0131mas\u0131 kolayd\u0131r. Geni\u015f bir s\u0131cakl\u0131k aral\u0131\u011f\u0131nda kullan\u0131labilir. Bir\u00e7ok farkl\u0131 kimyasal i\u00e7in\u2026","rel":"","context":"Article similaire","block_context":{"text":"Article similaire","link":""},"img":{"alt_text":"","src":"https:\/\/i0.wp.com\/tuzlahortum.com.tr\/wp-content\/uploads\/2019\/03\/trellflex-chem-ptfe-1.jpg?fit=624%2C602&ssl=1&resize=350%2C200","width":350,"height":200,"srcset":"https:\/\/i0.wp.com\/tuzlahortum.com.tr\/wp-content\/uploads\/2019\/03\/trellflex-chem-ptfe-1.jpg?fit=624%2C602&ssl=1&resize=350%2C200 1x, https:\/\/i0.wp.com\/tuzlahortum.com.tr\/wp-content\/uploads\/2019\/03\/trellflex-chem-ptfe-1.jpg?fit=624%2C602&ssl=1&resize=525%2C300 1.5x"},"classes":[]}],"jetpack_sharing_enabled":true,"jetpack_likes_enabled":true,"_links":{"self":[{"href":"https:\/\/tuzlahortum.com.tr\/fr\/wp-json\/wp\/v2\/product\/8757","targetHints":{"allow":["GET"]}}],"collection":[{"href":"https:\/\/tuzlahortum.com.tr\/fr\/wp-json\/wp\/v2\/product"}],"about":[{"href":"https:\/\/tuzlahortum.com.tr\/fr\/wp-json\/wp\/v2\/types\/product"}],"replies":[{"embeddable":true,"href":"https:\/\/tuzlahortum.com.tr\/fr\/wp-json\/wp\/v2\/comments?post=8757"}],"wp:featuredmedia":[{"embeddable":true,"href":"https:\/\/tuzlahortum.com.tr\/fr\/wp-json\/wp\/v2\/media\/8947"}],"wp:attachment":[{"href":"https:\/\/tuzlahortum.com.tr\/fr\/wp-json\/wp\/v2\/media?parent=8757"}],"wp:term":[{"taxonomy":"product_brand","embeddable":true,"href":"https:\/\/tuzlahortum.com.tr\/fr\/wp-json\/wp\/v2\/product_brand?post=8757"},{"taxonomy":"product_cat","embeddable":true,"href":"https:\/\/tuzlahortum.com.tr\/fr\/wp-json\/wp\/v2\/product_cat?post=8757"},{"taxonomy":"product_tag","embeddable":true,"href":"https:\/\/tuzlahortum.com.tr\/fr\/wp-json\/wp\/v2\/product_tag?post=8757"}],"curies":[{"name":"wp","href":"https:\/\/api.w.org\/{rel}","templated":true}]}}