{"id":8753,"date":"2019-03-26T12:51:17","date_gmt":"2019-03-26T09:51:17","guid":{"rendered":"https:\/\/tuzlahortum.com.tr\/?post_type=product&#038;p=8753"},"modified":"2024-03-21T17:38:44","modified_gmt":"2024-03-21T14:38:44","slug":"trellflex-biofuel","status":"publish","type":"product","link":"https:\/\/tuzlahortum.com.tr\/fr\/produit\/trellflex-biofuel\/","title":{"rendered":"TRELLFLEX BIOCARBURANT"},"content":{"rendered":"<h2>TRELLFLEX BIOCARBURANT<\/h2>\n<p>Flexibles composites\/Biocarburant<br \/>\n\u00d6zellikle kerosen, JET, AVGAS, biyoyak\u0131t ve etanol olmak \u00fczere aromatik i\u00e7eri\u011fi %50&#8217;ye kadar<br \/>\nextraction et rejet de produits p\u00e9troliers l\u00e9gers ou lourds et d\u00e9riv\u00e9s.<br \/>\nV\u00e9hicules routiers ou ferroviaires ou \u00e9quipements fixes.<br \/>\nAvantages<br \/>\nLes solvants sont portables.<br \/>\nLe tuyau est facile \u00e0 transporter gr\u00e2ce \u00e0 sa flexibilit\u00e9 (faible rayon de courbure).<br \/>\nLa conductivit\u00e9 \u00e9lectrique est assur\u00e9e par deux h\u00e9lices reli\u00e9es aux pi\u00e8ces de connexion.<br \/>\ndescription technique<br \/>\nRessort int\u00e9rieur : inox 304L (inox 316L sur demande)<br \/>\nTube int\u00e9rieur : film PTFE.<br \/>\nRenforcement : Tissus PP, couches PP et PET.<br \/>\nRev\u00eatement : Tissu enduit PVC, vert, ondul\u00e9.<br \/>\nRessort ext\u00e9rieur : inox 304L (inox 316L sur demande)<br \/>\nPlage de temp\u00e9rature : -30\u00b0C \u00e0 +100\u00b0C.<br \/>\nPropri\u00e9t\u00e9s \u00e9lectriques : \u22642.5\u03a9\/m pour ID&lt;50mm.<br \/>\n\u22641.0\u03a9\/m pour INS\u226550mm.<br \/>\nNorme\/Agr\u00e9ment :<br \/>\nEN 13765 et ADR.<br \/>\nUnions\/Raccords<br \/>\nTous types de raccords \u00e0 sertir :<br \/>\n\u2013 Guillemin (aluminium, pistolet m\u00e9tal, inox) ;<br \/>\n\u2013 engin, m\u00e2le et femelle;<br \/>\n\u2013 Raccords faciles \u00e0 monter avec m\u00e9canisme \u00e0 came (type Camlock).<br \/>\nBride fixe ou tournante ISO PN10\/16, PN20 (ASA150).<\/p>\n<p><img data-recalc-dims=\"1\" loading=\"lazy\" decoding=\"async\" class=\"alignnone size-full wp-image-8754\" src=\"https:\/\/i0.wp.com\/tuzlahortum.com.tr\/wp-content\/uploads\/2019\/03\/TRELLFLEX-BIOFUEL.jpg?resize=921%2C271&#038;ssl=1\" alt=\"\" width=\"921\" height=\"271\" title=\"\" srcset=\"https:\/\/i0.wp.com\/tuzlahortum.com.tr\/wp-content\/uploads\/2019\/03\/TRELLFLEX-BIOFUEL.jpg?w=921&amp;ssl=1 921w, https:\/\/i0.wp.com\/tuzlahortum.com.tr\/wp-content\/uploads\/2019\/03\/TRELLFLEX-BIOFUEL.jpg?resize=800%2C235&amp;ssl=1 800w, https:\/\/i0.wp.com\/tuzlahortum.com.tr\/wp-content\/uploads\/2019\/03\/TRELLFLEX-BIOFUEL.jpg?resize=768%2C226&amp;ssl=1 768w, https:\/\/i0.wp.com\/tuzlahortum.com.tr\/wp-content\/uploads\/2019\/03\/TRELLFLEX-BIOFUEL.jpg?resize=600%2C177&amp;ssl=1 600w\" sizes=\"auto, (max-width: 921px) 100vw, 921px\" \/><\/p>\n<div class=\"video video-fit mb\" style=\"padding-top:56.25%;\"><p><iframe loading=\"lazy\" title=\"Confusion des mesures (pouces, doigts, brume, millim\u00e8tres)\" width=\"1020\" height=\"574\" src=\"https:\/\/www.youtube.com\/embed\/uKk6AG_AZls?feature=oembed\" frameborder=\"0\" allow=\"accelerometer; autoplay; clipboard-write; encrypted-media; gyroscope; picture-in-picture; web-share\" referrerpolicy=\"strict-origin-when-cross-origin\" allowfullscreen><\/iframe><\/p>\n<\/div>\n<div class=\"video video-fit mb\" style=\"padding-top:56.25%;\"><p>https:\/\/www.youtube.com\/watch?v=O8ZlzKEjfEQ%20<\/p>\n<\/div>","protected":false},"excerpt":{"rendered":"<p>TRELLFLEX BIOFUEL Kompozit hortumlar\/Biyoyak\u0131t \u00d6zellikle kerosen, JET, AVGAS, biyoyak\u0131t ve etanol olmak \u00fczere aromatik i\u00e7eri\u011fi %50&#8217;ye kadar olan hafif veya a\u011f\u0131r petrol \u00fcr\u00fcnleri ve t\u00fcrevlerinin \u00e7ekilmesi ve tahliyesi. Karayolu veya demiryolu ta\u015f\u0131tlar\u0131 veya sabit donan\u0131mlar. Avantajlar Solventler ta\u015f\u0131nabilir. Hortumun esnekli\u011finden (d\u00fc\u015f\u00fck k\u0131vr\u0131lma yar\u0131\u00e7ap\u0131) dolay\u0131 ta\u015f\u0131mas\u0131 kolayd\u0131r. Ba\u011flant\u0131 par\u00e7alar\u0131na ba\u011flanan iki helis ile elektriksel iletkenlik sa\u011flan\u0131r. [&#8230;]\n","protected":false},"featured_media":8944,"comment_status":"open","ping_status":"closed","template":"","meta":{"jetpack_post_was_ever_published":false},"product_brand":[],"product_cat":[2208],"product_tag":[2219,2217,2220,290,1258,2218,904,905,732],"class_list":{"0":"post-8753","1":"product","2":"type-product","3":"status-publish","4":"has-post-thumbnail","6":"product_cat-kompozit-hortumlar-akaryakit","7":"product_tag-avgas","8":"product_tag-biyoyakit","9":"product_tag-etanol","10":"product_tag-hortum","11":"product_tag-jet","12":"product_tag-kerosen","13":"product_tag-kompozit","14":"product_tag-kompozit-hortum","15":"product_tag-petrol","17":"first","18":"instock","19":"taxable","20":"shipping-taxable","21":"product-type-variable"},"jetpack-related-posts":[],"jetpack_sharing_enabled":true,"jetpack_likes_enabled":true,"_links":{"self":[{"href":"https:\/\/tuzlahortum.com.tr\/fr\/wp-json\/wp\/v2\/product\/8753","targetHints":{"allow":["GET"]}}],"collection":[{"href":"https:\/\/tuzlahortum.com.tr\/fr\/wp-json\/wp\/v2\/product"}],"about":[{"href":"https:\/\/tuzlahortum.com.tr\/fr\/wp-json\/wp\/v2\/types\/product"}],"replies":[{"embeddable":true,"href":"https:\/\/tuzlahortum.com.tr\/fr\/wp-json\/wp\/v2\/comments?post=8753"}],"wp:featuredmedia":[{"embeddable":true,"href":"https:\/\/tuzlahortum.com.tr\/fr\/wp-json\/wp\/v2\/media\/8944"}],"wp:attachment":[{"href":"https:\/\/tuzlahortum.com.tr\/fr\/wp-json\/wp\/v2\/media?parent=8753"}],"wp:term":[{"taxonomy":"product_brand","embeddable":true,"href":"https:\/\/tuzlahortum.com.tr\/fr\/wp-json\/wp\/v2\/product_brand?post=8753"},{"taxonomy":"product_cat","embeddable":true,"href":"https:\/\/tuzlahortum.com.tr\/fr\/wp-json\/wp\/v2\/product_cat?post=8753"},{"taxonomy":"product_tag","embeddable":true,"href":"https:\/\/tuzlahortum.com.tr\/fr\/wp-json\/wp\/v2\/product_tag?post=8753"}],"curies":[{"name":"wp","href":"https:\/\/api.w.org\/{rel}","templated":true}]}}