{"id":873,"date":"2019-02-06T23:54:59","date_gmt":"2019-02-06T20:54:59","guid":{"rendered":"http:\/\/hortum.com.tr\/product\/import-placeholder-for-584\/"},"modified":"2024-03-21T17:41:24","modified_gmt":"2024-03-21T14:41:24","slug":"duz-yassi-verici-l","status":"publish","type":"product","link":"https:\/\/tuzlahortum.com.tr\/fr\/produit\/duz-yassi-verici-l\/","title":{"rendered":"Plat Plat Emetteur L"},"content":{"rendered":"<h2>Plat Plat Emetteur L<\/h2>\n<table border=\"0\" width=\"100%\">\n<tbody>\n<tr valign=\"top\">\n<td width=\"370\">PLANCHER INF\u00c9RIEUR EN PVC SOUPLE<\/p>\n<p>TEXTILE SYNTH\u00c9TIQUE \u00c0 HAUTE R\u00c9SISTANCE.<\/td>\n<\/tr>\n<tr valign=\"top\">\n<td width=\"60\">COUCHE DE FINITION EN PVC R\u00c9SISTANT AUX PRODUITS CHIMIQUES L\u00c9GERS ET \u00c0 TOUTES LES CONDITIONS M\u00c9T\u00c9OROLOGIQUES.<\/td>\n<td width=\"15\"><\/td>\n<td width=\"370\"><\/td>\n<\/tr>\n<tr valign=\"top\">\n<td width=\"60\">TOUTES SORTES D&#039;EAU, PRODUITS CHIMIQUES L\u00c9GERS ETC.. DANS L&#039;AGRICULTURE ET L&#039;INDUSTRIE. EN TRAVAUX DE D\u00c9CHARGE<\/td>\n<\/tr>\n<\/tbody>\n<\/table>\n<p><img data-recalc-dims=\"1\" loading=\"lazy\" decoding=\"async\" class=\"alignnone size-medium wp-image-1994\" src=\"https:\/\/i0.wp.com\/hortum.com.tr\/wp-content\/uploads\/urunler\/plastik\/Standart-Hizmet-Yass%C4%B1-Verici-bar-659x400.jpg?resize=659%2C400\" alt=\"\" width=\"659\" height=\"400\" title=\"\" srcset=\"https:\/\/i0.wp.com\/tuzlahortum.com.tr\/wp-content\/uploads\/urunler\/plastik\/Standart-Hizmet-Yass%C4%B1-Verici-bar.jpg?resize=659%2C400&amp;ssl=1 659w, https:\/\/i0.wp.com\/tuzlahortum.com.tr\/wp-content\/uploads\/urunler\/plastik\/Standart-Hizmet-Yass%C4%B1-Verici-bar.jpg?resize=768%2C466&amp;ssl=1 768w, https:\/\/i0.wp.com\/tuzlahortum.com.tr\/wp-content\/uploads\/urunler\/plastik\/Standart-Hizmet-Yass%C4%B1-Verici-bar.jpg?resize=600%2C364&amp;ssl=1 600w, https:\/\/i0.wp.com\/tuzlahortum.com.tr\/wp-content\/uploads\/urunler\/plastik\/Standart-Hizmet-Yass%C4%B1-Verici-bar.jpg?w=832&amp;ssl=1 832w\" sizes=\"auto, (max-width: 659px) 100vw, 659px\" \/><\/p>\n<div class=\"video video-fit mb\" style=\"padding-top:56.25%;\"><p><iframe loading=\"lazy\" title=\"Confusion des mesures (pouces, doigts, brume, millim\u00e8tres)\" width=\"1020\" height=\"574\" src=\"https:\/\/www.youtube.com\/embed\/uKk6AG_AZls?feature=oembed\" frameborder=\"0\" allow=\"accelerometer; autoplay; clipboard-write; encrypted-media; gyroscope; picture-in-picture; web-share\" referrerpolicy=\"strict-origin-when-cross-origin\" allowfullscreen><\/iframe><\/p>\n<\/div>\n<div class=\"video video-fit mb\" style=\"padding-top:56.25%;\"><p>https:\/\/www.youtube.com\/watch?v=O8ZlzKEjfEQ%20<\/p>\n<\/div>","protected":false},"excerpt":{"rendered":"<p>Transmetteur plat plat L Couche inf\u00e9rieure flexible en PVC TEXTILE SYNTH\u00c9TIQUE DE HAUTE R\u00c9SISTANCE. Couche sup\u00e9rieure en PVC R\u00c9SISTANT AUX PRODUITS CHIMIQUES L\u00c9GERS ET \u00c0 TOUTES LES CONDITIONS M\u00c9T\u00c9OROLOGIQUES. dans toutes sortes d'eau, de produits chimiques l\u00e9gers, etc. dans l'agriculture et l'industrie.<\/p>","protected":false},"featured_media":1993,"comment_status":"open","ping_status":"closed","template":"","meta":{"jetpack_post_was_ever_published":false},"product_brand":[],"product_cat":[169],"product_tag":[676,1124,1125,723,343,652,576,1123,661],"class_list":{"0":"post-873","1":"product","2":"type-product","3":"status-publish","4":"has-post-thumbnail","6":"product_cat-pvc-yassi-hortumlari","7":"product_tag-duz","8":"product_tag-duz-yassi-verici","9":"product_tag-hafif-kimyasallar","10":"product_tag-sanayi","11":"product_tag-tahliye","12":"product_tag-tarim","13":"product_tag-verici","14":"product_tag-yassi","15":"product_tag-yuksek-mukavemetli","17":"first","18":"instock","19":"taxable","20":"shipping-taxable","21":"product-type-variable"},"jetpack-related-posts":[],"jetpack_sharing_enabled":true,"jetpack_likes_enabled":true,"_links":{"self":[{"href":"https:\/\/tuzlahortum.com.tr\/fr\/wp-json\/wp\/v2\/product\/873","targetHints":{"allow":["GET"]}}],"collection":[{"href":"https:\/\/tuzlahortum.com.tr\/fr\/wp-json\/wp\/v2\/product"}],"about":[{"href":"https:\/\/tuzlahortum.com.tr\/fr\/wp-json\/wp\/v2\/types\/product"}],"replies":[{"embeddable":true,"href":"https:\/\/tuzlahortum.com.tr\/fr\/wp-json\/wp\/v2\/comments?post=873"}],"wp:featuredmedia":[{"embeddable":true,"href":"https:\/\/tuzlahortum.com.tr\/fr\/wp-json\/wp\/v2\/media\/1993"}],"wp:attachment":[{"href":"https:\/\/tuzlahortum.com.tr\/fr\/wp-json\/wp\/v2\/media?parent=873"}],"wp:term":[{"taxonomy":"product_brand","embeddable":true,"href":"https:\/\/tuzlahortum.com.tr\/fr\/wp-json\/wp\/v2\/product_brand?post=873"},{"taxonomy":"product_cat","embeddable":true,"href":"https:\/\/tuzlahortum.com.tr\/fr\/wp-json\/wp\/v2\/product_cat?post=873"},{"taxonomy":"product_tag","embeddable":true,"href":"https:\/\/tuzlahortum.com.tr\/fr\/wp-json\/wp\/v2\/product_tag?post=873"}],"curies":[{"name":"wp","href":"https:\/\/api.w.org\/{rel}","templated":true}]}}