{"id":872,"date":"2019-02-06T23:54:58","date_gmt":"2019-02-06T20:54:58","guid":{"rendered":"http:\/\/hortum.com.tr\/product\/import-placeholder-for-585\/"},"modified":"2024-03-21T17:41:26","modified_gmt":"2024-03-21T14:41:26","slug":"duz-yassi-verici-m","status":"publish","type":"product","link":"https:\/\/tuzlahortum.com.tr\/fr\/produit\/duz-yassi-verici-m\/","title":{"rendered":"Plat Plat Emetteur M"},"content":{"rendered":"<h2>Plat Plat Emetteur M<\/h2>\n<table border=\"0\" width=\"100%\">\n<tbody>\n<tr valign=\"top\">\n<td width=\"370\">SOUS-PLANCHER PVC\/NBR SOUPLE<\/p>\n<p>TEXTILE SYNTH\u00c9TIQUE \u00c0 HAUTE R\u00c9SISTANCE.<\/td>\n<\/tr>\n<tr valign=\"top\">\n<td width=\"60\">COUCHE DE FINITION EN PVC R\u00c9SISTANT AUX PRODUITS CHIMIQUES L\u00c9GERS ET \u00c0 TOUTES LES CONDITIONS M\u00c9T\u00c9OROLOGIQUES.<\/td>\n<td width=\"15\"><\/td>\n<td width=\"370\"><\/td>\n<\/tr>\n<tr valign=\"top\">\n<td width=\"60\">SERVICE MOYEN DANS L&#039;AGRICULTURE ET L&#039;INDUSTRIE TOUTES SORTES D&#039;EAU, PRODUITS CHIMIQUES L\u00c9GERS ETC. EN TRAVAUX DE D\u00c9CHARGE<\/td>\n<\/tr>\n<\/tbody>\n<\/table>\n<p style=\"text-align: left;\"><img data-recalc-dims=\"1\" loading=\"lazy\" decoding=\"async\" class=\"alignnone size-medium wp-image-2005\" src=\"https:\/\/i0.wp.com\/hortum.com.tr\/wp-content\/uploads\/urunler\/plastik\/Orta-Hizmet-Yass%C4%B1-Verici-bar-568x400.jpg?resize=568%2C400\" alt=\"\" width=\"568\" height=\"400\" title=\"\" srcset=\"https:\/\/i0.wp.com\/tuzlahortum.com.tr\/wp-content\/uploads\/urunler\/plastik\/Orta-Hizmet-Yass%C4%B1-Verici-bar.jpg?resize=568%2C400&amp;ssl=1 568w, https:\/\/i0.wp.com\/tuzlahortum.com.tr\/wp-content\/uploads\/urunler\/plastik\/Orta-Hizmet-Yass%C4%B1-Verici-bar.jpg?resize=600%2C423&amp;ssl=1 600w, https:\/\/i0.wp.com\/tuzlahortum.com.tr\/wp-content\/uploads\/urunler\/plastik\/Orta-Hizmet-Yass%C4%B1-Verici-bar.jpg?w=663&amp;ssl=1 663w\" sizes=\"auto, (max-width: 568px) 100vw, 568px\" \/><\/p>\n<div class=\"video video-fit mb\" style=\"padding-top:56.25%;\"><p><iframe loading=\"lazy\" title=\"Confusion des mesures (pouces, doigts, brume, millim\u00e8tres)\" width=\"1020\" height=\"574\" src=\"https:\/\/www.youtube.com\/embed\/uKk6AG_AZls?feature=oembed\" frameborder=\"0\" allow=\"accelerometer; autoplay; clipboard-write; encrypted-media; gyroscope; picture-in-picture; web-share\" referrerpolicy=\"strict-origin-when-cross-origin\" allowfullscreen><\/iframe><\/p>\n<\/div>\n<div class=\"video video-fit mb\" style=\"padding-top:56.25%;\"><p>https:\/\/www.youtube.com\/watch?v=O8ZlzKEjfEQ%20<\/p>\n<\/div>","protected":false},"excerpt":{"rendered":"<p>\u00c9metteur plat plat M Couche inf\u00e9rieure flexible en PVC\/NBR TEXTILE SYNTH\u00c9TIQUE DE HAUTE R\u00c9SISTANCE. Couche sup\u00e9rieure en PVC R\u00c9SISTANT AUX PRODUITS CHIMIQUES L\u00c9GERS ET \u00c0 TOUTES LES CONDITIONS M\u00c9T\u00c9OROLOGIQUES. SERVICE MOYEN DANS L'AGRICULTURE ET L'INDUSTRIE DANS TOUS LES TYPES D'EAU, DE PRODUITS CHIMIQUES L\u00c9GERS, ET-C. TRAVAUX D'\u00c9VACUATION<\/p>","protected":false},"featured_media":2003,"comment_status":"open","ping_status":"closed","template":"","meta":[],"product_brand":[],"product_cat":[169],"product_tag":[676,1124,1125,723,343,652,576,1123,661],"class_list":{"0":"post-872","1":"product","2":"type-product","3":"status-publish","4":"has-post-thumbnail","6":"product_cat-pvc-yassi-hortumlari","7":"product_tag-duz","8":"product_tag-duz-yassi-verici","9":"product_tag-hafif-kimyasallar","10":"product_tag-sanayi","11":"product_tag-tahliye","12":"product_tag-tarim","13":"product_tag-verici","14":"product_tag-yassi","15":"product_tag-yuksek-mukavemetli","17":"first","18":"instock","19":"taxable","20":"shipping-taxable","21":"product-type-variable"},"jetpack-related-posts":[{"id":873,"url":"https:\/\/tuzlahortum.com.tr\/fr\/produit\/duz-yassi-verici-l\/","url_meta":{"origin":872,"position":0},"title":"Plat Plat Emetteur L","author":"admin","date":"6 f\u00e9vrier 2019","format":false,"excerpt":"Transmetteur plat plat L Couche inf\u00e9rieure flexible en PVC TEXTILE SYNTH\u00c9TIQUE DE HAUTE R\u00c9SISTANCE. Couche sup\u00e9rieure en PVC R\u00c9SISTANT AUX PRODUITS CHIMIQUES L\u00c9GERS ET \u00c0 TOUTES LES CONDITIONS M\u00c9T\u00c9OROLOGIQUES. dans toutes sortes d'eau, de produits chimiques l\u00e9gers, etc. dans l'agriculture et l'industrie.","rel":"","context":"Article similaire","block_context":{"text":"Article similaire","link":""},"img":{"alt_text":"","src":"https:\/\/i0.wp.com\/hortum.com.tr\/wp-content\/uploads\/urunler\/plastik\/Standart-Hizmet-Yass%C4%B1-Verici-bar-659x400.jpg?resize=350%2C200","width":350,"height":200,"srcset":"https:\/\/i0.wp.com\/hortum.com.tr\/wp-content\/uploads\/urunler\/plastik\/Standart-Hizmet-Yass%C4%B1-Verici-bar-659x400.jpg?resize=350%2C200 1x, https:\/\/i0.wp.com\/hortum.com.tr\/wp-content\/uploads\/urunler\/plastik\/Standart-Hizmet-Yass%C4%B1-Verici-bar-659x400.jpg?resize=525%2C300 1.5x"},"classes":[]},{"id":867,"url":"https:\/\/tuzlahortum.com.tr\/fr\/produit\/hv-tipi-kirmizi-verici-hortum-standart\/","url_meta":{"origin":872,"position":1},"title":"Tuyau de transmetteur rouge de type HV (STANDARD)","author":"admin","date":"6 f\u00e9vrier 2019","format":false,"excerpt":"HV Tipi K\u0131rm\u0131z\u0131 Verici Hortum (STANDART)\u00d6zellikler Verici olarak kullan\u0131labilir. Esnek \u015feffaf PVC, y\u00fcksek mukavemetli, k\u0131r\u0131lmaya kar\u015f\u0131 maksimum dayan\u0131kl\u0131 sert PVC takviyesiyle \u00fcretilmektedir. \u0130\u00e7 y\u00fczey d\u00fcz, d\u0131\u015f y\u00fczey bo\u011fumludur. \u00c7al\u0131\u015fma S\u0131cakl\u0131\u011f\u0131 -5\u00b0C ile +60\u00b0C aras\u0131 Kullan\u0131m Alanlar\u0131 Tar\u0131m ve sanayide her t\u00fcrl\u00fc su ve hafif kimyasallar\u0131n tahliye i\u015flerinde kullan\u0131l\u0131r, Verici hortumlar\u2026","rel":"","context":"Article similaire","block_context":{"text":"Article similaire","link":""},"img":{"alt_text":"","src":"https:\/\/i0.wp.com\/tuzlahortum.com.tr\/wp-content\/uploads\/urunler\/plastik\/25.jpg?fit=583%2C324&ssl=1&resize=350%2C200","width":350,"height":200,"srcset":"https:\/\/i0.wp.com\/tuzlahortum.com.tr\/wp-content\/uploads\/urunler\/plastik\/25.jpg?fit=583%2C324&ssl=1&resize=350%2C200 1x, https:\/\/i0.wp.com\/tuzlahortum.com.tr\/wp-content\/uploads\/urunler\/plastik\/25.jpg?fit=583%2C324&ssl=1&resize=525%2C300 1.5x"},"classes":[]},{"id":868,"url":"https:\/\/tuzlahortum.com.tr\/fr\/produit\/hv-tipi-kirmizi-verici-hortum-orta-hizmet\/","url_meta":{"origin":872,"position":2},"title":"Tuyau de transmetteur rouge de type HV (MOYENNE)","author":"admin","date":"6 f\u00e9vrier 2019","format":false,"excerpt":"HV Tipi K\u0131rm\u0131z\u0131 Verici Hortum (ORTA H\u0130ZMET)\u00d6zellikler Verici olarak kullan\u0131labilir. Esnek \u015feffaf PVC, y\u00fcksek mukavemetli, k\u0131r\u0131lmaya kar\u015f\u0131 maksimum dayan\u0131kl\u0131 sert PVC takviyesiyle \u00fcretilmektedir. \u00c7al\u0131\u015fma S\u0131cakl\u0131\u011f\u0131 -5\u00b0C ile +60\u00b0C aras\u0131 Kullan\u0131m Alanlar\u0131 Tar\u0131m ve sanayide her t\u00fcrl\u00fc su ve hafif kimyasallar\u0131n tahliye i\u015flerinde kullan\u0131l\u0131r, Verici hortumlar hafif bas\u0131nca mukavemet \u00f6zelliklerinden dolay\u0131\u2026","rel":"","context":"Article similaire","block_context":{"text":"Article similaire","link":""},"img":{"alt_text":"","src":"https:\/\/i0.wp.com\/tuzlahortum.com.tr\/wp-content\/uploads\/urunler\/plastik\/25.jpg?fit=583%2C324&ssl=1&resize=350%2C200","width":350,"height":200,"srcset":"https:\/\/i0.wp.com\/tuzlahortum.com.tr\/wp-content\/uploads\/urunler\/plastik\/25.jpg?fit=583%2C324&ssl=1&resize=350%2C200 1x, https:\/\/i0.wp.com\/tuzlahortum.com.tr\/wp-content\/uploads\/urunler\/plastik\/25.jpg?fit=583%2C324&ssl=1&resize=525%2C300 1.5x"},"classes":[]},{"id":828,"url":"https:\/\/tuzlahortum.com.tr\/fr\/produit\/te-tipi-gri-toz-emis-hortumu-standart\/","url_meta":{"origin":872,"position":3},"title":"Tuyau d&#039;aspiration de poussi\u00e8re gris de type TE (STANDARD)","author":"admin","date":"6 f\u00e9vrier 2019","format":false,"excerpt":"TE Tipi Gri Toz Emi\u015f Hortumu (STANDART)\u00d6zellikler Verici olarak kullan\u0131labilir. Esnek \u015feffaf PVC, y\u00fcksek mukavemetli, k\u0131r\u0131lmaya kar\u015f\u0131 maksimum dayan\u0131kl\u0131 sert PVC takviyesiyle \u00fcretilmektedir. \u0130\u00e7 y\u00fczey d\u00fcz, d\u0131\u015f y\u00fczey bo\u011fumludur. \u00c7al\u0131\u015fma S\u0131cakl\u0131\u011f\u0131 -5\u00b0C ile +60\u00b0C aras\u0131 Kullan\u0131m Alanlar\u0131 Her t\u00fcrl\u00fc hava, duman, gaz, tala\u015f vb. emme i\u015flerinde \u00f6zellikle tekstil ve mobilya\u2026","rel":"","context":"Article similaire","block_context":{"text":"Article similaire","link":""},"img":{"alt_text":"","src":"https:\/\/i0.wp.com\/tuzlahortum.com.tr\/wp-content\/uploads\/urunler\/plastik\/19.jpg?fit=588%2C373&ssl=1&resize=350%2C200","width":350,"height":200,"srcset":"https:\/\/i0.wp.com\/tuzlahortum.com.tr\/wp-content\/uploads\/urunler\/plastik\/19.jpg?fit=588%2C373&ssl=1&resize=350%2C200 1x, https:\/\/i0.wp.com\/tuzlahortum.com.tr\/wp-content\/uploads\/urunler\/plastik\/19.jpg?fit=588%2C373&ssl=1&resize=525%2C300 1.5x"},"classes":[]},{"id":866,"url":"https:\/\/tuzlahortum.com.tr\/fr\/produit\/te-tipi-gri-toz-emis-hortumu-orta-hizmet\/","url_meta":{"origin":872,"position":4},"title":"Tuyau d&#039;aspiration de poussi\u00e8re gris de type TE (MOYENNE)","author":"admin","date":"6 f\u00e9vrier 2019","format":false,"excerpt":"TE Tipi Gri Toz Emi\u015f Hortumu (ORTA H\u0130ZMET)\u00d6zellikler Verici olarak kullan\u0131labilir. Esnek \u015feffaf PVC, y\u00fcksek mukavemetli, k\u0131r\u0131lmaya kar\u015f\u0131 maksimum dayan\u0131kl\u0131 sert PVC takviyesiyle \u00fcretilmektedir. \u0130\u00e7 y\u00fczey d\u00fcz, d\u0131\u015f y\u00fczey bo\u011fumludur. \u00c7al\u0131\u015fma S\u0131cakl\u0131\u011f\u0131 -5\u00b0C ile +60\u00b0C aras\u0131 Kullan\u0131m Alanlar\u0131 Her t\u00fcrl\u00fc hava, duman, gaz, tala\u015f vb. emme i\u015flerinde \u00f6zellikle tekstil ve\u2026","rel":"","context":"Article similaire","block_context":{"text":"Article similaire","link":""},"img":{"alt_text":"","src":"https:\/\/i0.wp.com\/tuzlahortum.com.tr\/wp-content\/uploads\/urunler\/plastik\/19.jpg?fit=588%2C373&ssl=1&resize=350%2C200","width":350,"height":200,"srcset":"https:\/\/i0.wp.com\/tuzlahortum.com.tr\/wp-content\/uploads\/urunler\/plastik\/19.jpg?fit=588%2C373&ssl=1&resize=350%2C200 1x, https:\/\/i0.wp.com\/tuzlahortum.com.tr\/wp-content\/uploads\/urunler\/plastik\/19.jpg?fit=588%2C373&ssl=1&resize=525%2C300 1.5x"},"classes":[]},{"id":648,"url":"https:\/\/tuzlahortum.com.tr\/fr\/produit\/yagli-gida-verici-hortum\/","url_meta":{"origin":872,"position":5},"title":"Tuyau distributeur d&#039;aliments gras","author":"admin","date":"6 f\u00e9vrier 2019","format":false,"excerpt":"Ya\u011fl\u0131 G\u0131da Verici HortumKULLANIM ALANLARI : S\u00fct ve ya\u011f gibi her t\u00fcrl\u00fc alkols\u00fcz g\u0131da ta\u015f\u0131nma ve nakillerinde kullan\u0131l\u0131r. FDA (G\u0131da) Normlar\u0131na Uygun Olarak \u00dcretilmektedir KONTR\u00dcKS\u0130YON Alt : NR\/NBR, beyaz, d\u00fcz, g\u0131da t\u00fcz\u00fc\u011f\u00fcne uygun Takviye : Y\u00fcksek mukavemetli kord bezi \u00dcst : NR\/EPDM, NBR\/PVC\/SBR k\u0131rm\u0131z\u0131 veya mavi, a\u015f\u0131nmaya ve her t\u00fcrl\u00fc\u2026","rel":"","context":"Article similaire","block_context":{"text":"Article similaire","link":""},"img":{"alt_text":"","src":"https:\/\/i0.wp.com\/tuzlahortum.com.tr\/wp-content\/uploads\/urunler\/kaucuk\/superlas-sut-yagli-gida-verici-hortum.jpg?fit=360%2C270&ssl=1&resize=350%2C200","width":350,"height":200},"classes":[]}],"jetpack_sharing_enabled":true,"jetpack_likes_enabled":true,"_links":{"self":[{"href":"https:\/\/tuzlahortum.com.tr\/fr\/wp-json\/wp\/v2\/product\/872","targetHints":{"allow":["GET"]}}],"collection":[{"href":"https:\/\/tuzlahortum.com.tr\/fr\/wp-json\/wp\/v2\/product"}],"about":[{"href":"https:\/\/tuzlahortum.com.tr\/fr\/wp-json\/wp\/v2\/types\/product"}],"replies":[{"embeddable":true,"href":"https:\/\/tuzlahortum.com.tr\/fr\/wp-json\/wp\/v2\/comments?post=872"}],"wp:featuredmedia":[{"embeddable":true,"href":"https:\/\/tuzlahortum.com.tr\/fr\/wp-json\/wp\/v2\/media\/2003"}],"wp:attachment":[{"href":"https:\/\/tuzlahortum.com.tr\/fr\/wp-json\/wp\/v2\/media?parent=872"}],"wp:term":[{"taxonomy":"product_brand","embeddable":true,"href":"https:\/\/tuzlahortum.com.tr\/fr\/wp-json\/wp\/v2\/product_brand?post=872"},{"taxonomy":"product_cat","embeddable":true,"href":"https:\/\/tuzlahortum.com.tr\/fr\/wp-json\/wp\/v2\/product_cat?post=872"},{"taxonomy":"product_tag","embeddable":true,"href":"https:\/\/tuzlahortum.com.tr\/fr\/wp-json\/wp\/v2\/product_tag?post=872"}],"curies":[{"name":"wp","href":"https:\/\/api.w.org\/{rel}","templated":true}]}}