{"id":8705,"date":"2019-03-25T11:43:11","date_gmt":"2019-03-25T08:43:11","guid":{"rendered":"https:\/\/tuzlahortum.com.tr\/?post_type=product&#038;p=8705"},"modified":"2024-03-21T17:38:47","modified_gmt":"2024-03-21T14:38:47","slug":"kablo-koruma-kilif-hortumu","status":"publish","type":"product","link":"https:\/\/tuzlahortum.com.tr\/fr\/produit\/kablo-koruma-kilif-hortumu\/","title":{"rendered":"Manchon de protection de c\u00e2ble Tuyau"},"content":{"rendered":"<h2>Manchon de protection de c\u00e2ble Tuyau<\/h2>\n<div class=\"video video-fit mb\" style=\"padding-top:56.25%;\"><p><iframe loading=\"lazy\" title=\"Confusion des mesures (pouces, doigts, brume, millim\u00e8tres)\" width=\"1020\" height=\"574\" src=\"https:\/\/www.youtube.com\/embed\/uKk6AG_AZls?feature=oembed\" frameborder=\"0\" allow=\"accelerometer; autoplay; clipboard-write; encrypted-media; gyroscope; picture-in-picture; web-share\" referrerpolicy=\"strict-origin-when-cross-origin\" allowfullscreen><\/iframe><\/p>\n<\/div>","protected":false},"excerpt":{"rendered":"<p>Manchon de protection de c\u00e2ble Tuyau<\/p>","protected":false},"featured_media":1706,"comment_status":"open","ping_status":"closed","template":"","meta":{"jetpack_post_was_ever_published":false},"product_brand":[],"product_cat":[2205],"product_tag":[294,290],"class_list":{"0":"post-8705","1":"product","2":"type-product","3":"status-publish","4":"has-post-thumbnail","6":"product_cat-kablo-koruma-kilif-hortumlari","7":"product_tag-dayanikli","8":"product_tag-hortum","10":"first","11":"instock","12":"taxable","13":"shipping-taxable","14":"product-type-variable"},"jetpack-related-posts":[{"id":950,"url":"https:\/\/tuzlahortum.com.tr\/fr\/produit\/yalitkan-hortum\/","url_meta":{"origin":8705,"position":0},"title":"Tuyau isolant","author":"admin","date":"6 f\u00e9vrier 2019","format":false,"excerpt":"Yal\u0131tkan Hortum-30\u00b0C +85\u00b0C Ye\u015fil Demir \u00e7elik\u00a0haddehanelerinde kullan\u0131lan\u00a0ve i\u00e7indeki kabloyu so\u011futan, yal\u0131tkan a\u015f\u0131nmaya dayan\u0131kl\u0131\u00a0hortumdur.","rel":"","context":"Article similaire","block_context":{"text":"Article similaire","link":""},"img":{"alt_text":"","src":"https:\/\/i0.wp.com\/tuzlahortum.com.tr\/wp-content\/uploads\/2019\/02\/Yal%C4%B1tkan-Hortum3.jpg?fit=620%2C604&ssl=1&resize=350%2C200","width":350,"height":200,"srcset":"https:\/\/i0.wp.com\/tuzlahortum.com.tr\/wp-content\/uploads\/2019\/02\/Yal%C4%B1tkan-Hortum3.jpg?fit=620%2C604&ssl=1&resize=350%2C200 1x, https:\/\/i0.wp.com\/tuzlahortum.com.tr\/wp-content\/uploads\/2019\/02\/Yal%C4%B1tkan-Hortum3.jpg?fit=620%2C604&ssl=1&resize=525%2C300 1.5x"},"classes":[]},{"id":820,"url":"https:\/\/tuzlahortum.com.tr\/fr\/produit\/kaset-kombine-hortumu\/","url_meta":{"origin":8705,"position":1},"title":"Tuyau combin\u00e9 \u00e0 cassette","author":"admin","date":"6 f\u00e9vrier 2019","format":false,"excerpt":"Tuyau combin\u00e9 \u00e0 cassette","rel":"","context":"Article similaire","block_context":{"text":"Article similaire","link":""},"img":{"alt_text":"","src":"https:\/\/i0.wp.com\/tuzlahortum.com.tr\/wp-content\/uploads\/urunler\/kaucuk\/kaset-boomlu-kombine-6-1.jpg?fit=615%2C429&ssl=1&resize=350%2C200","width":350,"height":200,"srcset":"https:\/\/i0.wp.com\/tuzlahortum.com.tr\/wp-content\/uploads\/urunler\/kaucuk\/kaset-boomlu-kombine-6-1.jpg?fit=615%2C429&ssl=1&resize=350%2C200 1x, https:\/\/i0.wp.com\/tuzlahortum.com.tr\/wp-content\/uploads\/urunler\/kaucuk\/kaset-boomlu-kombine-6-1.jpg?fit=615%2C429&ssl=1&resize=525%2C300 1.5x"},"classes":[]},{"id":934,"url":"https:\/\/tuzlahortum.com.tr\/fr\/produit\/thermo-kalorifer-hortumu\/","url_meta":{"origin":8705,"position":2},"title":"Tuyau de chauffage thermique","author":"admin","date":"6 f\u00e9vrier 2019","format":false,"excerpt":"Thermo Kalorifer Hortumu\u00d6zellikler : \u2022 Is\u0131 yal\u0131t\u0131m\u0131 sa\u011flayan \u00f6zel \u00fcst kat. \u2022 Ya\u011f ge\u00e7irmez, elektrik iletmez, U.V. ve Ozon\u2019 a dayan\u0131kl\u0131d\u0131r. \u2022 -20\u00b0C ile +65\u00b0C aras\u0131nda s\u0131cakl\u0131\u011fa dayan\u0131kl\u0131d\u0131r. Kullan\u0131m Alanlar\u0131 : \u2022 S\u0131cak su aktar\u0131m\u0131nda ve devirdaim i\u015flerinde kullan\u0131l\u0131r.","rel":"","context":"Article similaire","block_context":{"text":"Article similaire","link":""},"img":{"alt_text":"","src":"https:\/\/i0.wp.com\/hortum.com.tr\/wp-content\/uploads\/urunler\/plastik\/Thermo-Kalorifer-Hortumu-2.jpg?resize=350%2C200","width":350,"height":200,"srcset":"https:\/\/i0.wp.com\/hortum.com.tr\/wp-content\/uploads\/urunler\/plastik\/Thermo-Kalorifer-Hortumu-2.jpg?resize=350%2C200 1x, https:\/\/i0.wp.com\/hortum.com.tr\/wp-content\/uploads\/urunler\/plastik\/Thermo-Kalorifer-Hortumu-2.jpg?resize=525%2C300 1.5x"},"classes":[]},{"id":937,"url":"https:\/\/tuzlahortum.com.tr\/fr\/produit\/thermo-kompresor-hortumu-10-bar\/","url_meta":{"origin":8705,"position":3},"title":"Flexible de thermocompresseur (10 bars)","author":"admin","date":"6 f\u00e9vrier 2019","format":false,"excerpt":"Thermo Kompres\u00f6r Hortumu (10 Bar)\u00d6zellikler : \u2022 \u00d6zel Sentetik PVC, y\u00fcksek mukavemetli polyester ile takviye edilmi\u015ftir. \u2022 Kompres\u00f6r ya\u011flar\u0131na ve hert\u00fcrl\u00fc hava \u015fartlar\u0131na kar\u015f\u0131 dayan\u0131kl\u0131d\u0131r. \u2022 -20\u00b0C ile +60\u00b0C aras\u0131nda s\u0131cakl\u0131\u011fa dayan\u0131kl\u0131d\u0131r. Kullan\u0131m Alanlar\u0131 : \u2022 Hert\u00fcrl\u00fc bas\u0131n\u00e7l\u0131 hava tahliyesine ve hava ile \u00e7al\u0131\u015fan aletlerde kullan\u0131l\u0131r.","rel":"","context":"Article similaire","block_context":{"text":"Article similaire","link":""},"img":{"alt_text":"","src":"https:\/\/i0.wp.com\/hortum.com.tr\/wp-content\/uploads\/urunler\/plastik\/Thermo-Kompreso%CC%88r-Hortumu-10-Bar-1.jpg?resize=350%2C200","width":350,"height":200,"srcset":"https:\/\/i0.wp.com\/hortum.com.tr\/wp-content\/uploads\/urunler\/plastik\/Thermo-Kompreso%CC%88r-Hortumu-10-Bar-1.jpg?resize=350%2C200 1x, https:\/\/i0.wp.com\/hortum.com.tr\/wp-content\/uploads\/urunler\/plastik\/Thermo-Kompreso%CC%88r-Hortumu-10-Bar-1.jpg?resize=525%2C300 1.5x"},"classes":[]},{"id":717,"url":"https:\/\/tuzlahortum.com.tr\/fr\/produit\/katlanabilir-silobas-hortumu\/","url_meta":{"origin":8705,"position":4},"title":"Tuyau de camion pliable","author":"admin","date":"6 f\u00e9vrier 2019","format":false,"excerpt":"Katlanabilir Silobas HortumuKULLANIM ALANLARI : \u0130nce, kolay ta\u015f\u0131nabilir, \u00e7imento, kum gibi a\u015f\u0131nd\u0131r\u0131c\u0131 maddelerin pnomatik ve hidrolik naklinde KONTR\u00dcKS\u0130YON Alt : Sentetik ve do\u011fal kau\u00e7uk kar\u0131\u015f\u0131m\u0131, a\u015f\u0131nmaya dayan\u0131kl\u0131, siyah, d\u00fcz Takviye : Y\u00fcksek mukavemetli kord bezi, g\u00f6m\u00fcl\u00fc bak\u0131r tel \u00dcst : SBR, siyah, s\u00fcrt\u00fcnmeye ve iklim \u015fartlar\u0131na dayan\u0131kl\u0131","rel":"","context":"Article similaire","block_context":{"text":"Article similaire","link":""},"img":{"alt_text":"","src":"https:\/\/i0.wp.com\/tuzlahortum.com.tr\/wp-content\/uploads\/urunler\/kaucuk\/superlas-silobas-hortumu.jpg?fit=360%2C270&ssl=1&resize=350%2C200","width":350,"height":200},"classes":[]},{"id":911,"url":"https:\/\/tuzlahortum.com.tr\/fr\/produit\/trelleborg-klerheat\/","url_meta":{"origin":8705,"position":5},"title":"Trelleborg KLERHEAT","author":"admin","date":"6 f\u00e9vrier 2019","format":false,"excerpt":"Trelleborg KLERHEATSu\/So\u011futma uygulamalar\u0131 \u00c7elikhaneler, cam \u00fcretim tesisleri, d\u00f6k\u00fcmhaneler, vs.'de bulunan ergitme y\u00fczeylerinde end\u00fcstriyel so\u011futma hortumu olarak ve kablo so\u011futma hortumu olarak kullan\u0131l\u0131r. Ayr\u0131ca y\u00fcksek s\u0131cakl\u0131klardaki \u00e7al\u0131\u015fma alanlar\u0131nda ve elektriksel a\u00e7\u0131dan izolasyonlu hortum gereken uygulamalarda kullan\u0131l\u0131r. Avantajlar *\u00c7elik s\u0131\u00e7ramas\u0131na ve +400\u00b0C ge\u00e7ici radyasyon s\u0131cakl\u0131\u011f\u0131na kar\u015f\u0131\u00a0dayan\u0131kl\u0131d\u0131r. *D\u0131\u015f kaplamas\u0131 cam \u00f6rg\u00fc kuma\u015ftan yap\u0131lm\u0131\u015ft\u0131r\u2026","rel":"","context":"Article similaire","block_context":{"text":"Article similaire","link":""},"img":{"alt_text":"","src":"https:\/\/i0.wp.com\/tuzlahortum.com.tr\/wp-content\/uploads\/2019\/02\/KLERHEAT.jpg?fit=800%2C800&ssl=1&resize=350%2C200","width":350,"height":200,"srcset":"https:\/\/i0.wp.com\/tuzlahortum.com.tr\/wp-content\/uploads\/2019\/02\/KLERHEAT.jpg?fit=800%2C800&ssl=1&resize=350%2C200 1x, https:\/\/i0.wp.com\/tuzlahortum.com.tr\/wp-content\/uploads\/2019\/02\/KLERHEAT.jpg?fit=800%2C800&ssl=1&resize=525%2C300 1.5x, https:\/\/i0.wp.com\/tuzlahortum.com.tr\/wp-content\/uploads\/2019\/02\/KLERHEAT.jpg?fit=800%2C800&ssl=1&resize=700%2C400 2x"},"classes":[]}],"jetpack_sharing_enabled":true,"jetpack_likes_enabled":true,"_links":{"self":[{"href":"https:\/\/tuzlahortum.com.tr\/fr\/wp-json\/wp\/v2\/product\/8705","targetHints":{"allow":["GET"]}}],"collection":[{"href":"https:\/\/tuzlahortum.com.tr\/fr\/wp-json\/wp\/v2\/product"}],"about":[{"href":"https:\/\/tuzlahortum.com.tr\/fr\/wp-json\/wp\/v2\/types\/product"}],"replies":[{"embeddable":true,"href":"https:\/\/tuzlahortum.com.tr\/fr\/wp-json\/wp\/v2\/comments?post=8705"}],"wp:featuredmedia":[{"embeddable":true,"href":"https:\/\/tuzlahortum.com.tr\/fr\/wp-json\/wp\/v2\/media\/1706"}],"wp:attachment":[{"href":"https:\/\/tuzlahortum.com.tr\/fr\/wp-json\/wp\/v2\/media?parent=8705"}],"wp:term":[{"taxonomy":"product_brand","embeddable":true,"href":"https:\/\/tuzlahortum.com.tr\/fr\/wp-json\/wp\/v2\/product_brand?post=8705"},{"taxonomy":"product_cat","embeddable":true,"href":"https:\/\/tuzlahortum.com.tr\/fr\/wp-json\/wp\/v2\/product_cat?post=8705"},{"taxonomy":"product_tag","embeddable":true,"href":"https:\/\/tuzlahortum.com.tr\/fr\/wp-json\/wp\/v2\/product_tag?post=8705"}],"curies":[{"name":"wp","href":"https:\/\/api.w.org\/{rel}","templated":true}]}}