{"id":866,"date":"2019-02-06T23:54:57","date_gmt":"2019-02-06T20:54:57","guid":{"rendered":"http:\/\/hortum.com.tr\/product\/import-placeholder-for-618\/"},"modified":"2024-03-21T17:41:30","modified_gmt":"2024-03-21T14:41:30","slug":"te-tipi-gri-toz-emis-hortumu-orta-hizmet","status":"publish","type":"product","link":"https:\/\/tuzlahortum.com.tr\/fr\/produit\/te-tipi-gri-toz-emis-hortumu-orta-hizmet\/","title":{"rendered":"Tuyau d&#039;aspiration de poussi\u00e8re gris de type TE (MOYENNE)"},"content":{"rendered":"<h2>Tuyau d&#039;aspiration de poussi\u00e8re gris de type TE (MOYENNE)<\/h2>\n<p>Fonctionnalit\u00e9s<\/p>\n<p>Il peut \u00eatre utilis\u00e9 comme \u00e9metteur. PVC transparent souple, haute r\u00e9sistance, r\u00e9sistance maximale \u00e0 la rupture<\/p>\n<p>Il est fabriqu\u00e9 avec une armature en PVC rigide. La surface int\u00e9rieure est lisse, la surface ext\u00e9rieure est noueuse.<br \/>\nTemp\u00e9rature de fonctionnement<\/p>\n<p>-5\u00b0C \u00e0 +60\u00b0C<\/p>\n<p>Zones d&#039;utilisation<\/p>\n<p>Toutes sortes d&#039;air, de fum\u00e9e, de gaz, de sciure de bois, etc. Il est utilis\u00e9 dans les travaux d&#039;aspiration, en particulier dans l&#039;industrie du textile et du meuble.<\/p>\n<div class=\"video video-fit mb\" style=\"padding-top:56.25%;\"><p><iframe loading=\"lazy\" title=\"Confusion des mesures (pouces, doigts, brume, millim\u00e8tres)\" width=\"1020\" height=\"574\" src=\"https:\/\/www.youtube.com\/embed\/uKk6AG_AZls?feature=oembed\" frameborder=\"0\" allow=\"accelerometer; autoplay; clipboard-write; encrypted-media; gyroscope; picture-in-picture; web-share\" referrerpolicy=\"strict-origin-when-cross-origin\" allowfullscreen><\/iframe><\/p>\n<\/div>\n<div class=\"video video-fit mb\" style=\"padding-top:56.25%;\"><p>https:\/\/www.youtube.com\/watch?v=O8ZlzKEjfEQ%20<\/p>\n<\/div>\n<p><img data-recalc-dims=\"1\" loading=\"lazy\" decoding=\"async\" class=\"alignnone size-full wp-image-1992\" src=\"https:\/\/i0.wp.com\/hortum.com.tr\/wp-content\/uploads\/urunler\/plastik\/TE-TI%CC%87PI%CC%87-TOZ-EMI%CC%87CI%CC%87-SPI%CC%87RAL-HORTUM-ORTA.jpg?resize=329%2C307\" alt=\"\" width=\"329\" height=\"307\" title=\"\"><\/p>","protected":false},"excerpt":{"rendered":"<p>Tuyau d'aspiration de poudre gris de type TE (TRAVAIL MOYEN) Sp\u00e9cifications Peut \u00eatre utilis\u00e9 comme transmetteur. Le PVC transparent flexible est fabriqu\u00e9 avec un renfort en PVC dur \u00e0 haute r\u00e9sistance, avec une r\u00e9sistance maximale \u00e0 la rupture. La surface int\u00e9rieure est lisse, la surface ext\u00e9rieure est cannel\u00e9e. Temp\u00e9rature de fonctionnement -5\u00b0C \u00e0 +60\u00b0C Domaines d'utilisation Toutes sortes d'air, de fum\u00e9e, de gaz, de sciure, etc. utilis\u00e9s dans les travaux d'aspiration, en particulier dans l'industrie du textile et de l'ameublement.<\/p>","protected":false},"featured_media":2034,"comment_status":"open","ping_status":"closed","template":"","meta":{"jetpack_post_was_ever_published":false},"product_brand":[],"product_cat":[168],"product_tag":[1016,1070,969,1071,1069,625,629,723,1068],"class_list":{"0":"post-866","1":"product","2":"type-product","3":"status-publish","4":"has-post-thumbnail","6":"product_cat-pvc-spiralli-hortumlari","7":"product_tag-bogumlu","8":"product_tag-cok-esnek-hortum","9":"product_tag-ekonomik","10":"product_tag-hafif","11":"product_tag-havalandirma-hortumu","12":"product_tag-insaat","13":"product_tag-maden-ocaklari","14":"product_tag-sanayi","15":"product_tag-te-tipi-gri-toz-emis-hortumu","17":"first","18":"instock","19":"featured","20":"taxable","21":"shipping-taxable","22":"product-type-variable"},"jetpack-related-posts":[],"jetpack_sharing_enabled":true,"jetpack_likes_enabled":true,"_links":{"self":[{"href":"https:\/\/tuzlahortum.com.tr\/fr\/wp-json\/wp\/v2\/product\/866","targetHints":{"allow":["GET"]}}],"collection":[{"href":"https:\/\/tuzlahortum.com.tr\/fr\/wp-json\/wp\/v2\/product"}],"about":[{"href":"https:\/\/tuzlahortum.com.tr\/fr\/wp-json\/wp\/v2\/types\/product"}],"replies":[{"embeddable":true,"href":"https:\/\/tuzlahortum.com.tr\/fr\/wp-json\/wp\/v2\/comments?post=866"}],"wp:featuredmedia":[{"embeddable":true,"href":"https:\/\/tuzlahortum.com.tr\/fr\/wp-json\/wp\/v2\/media\/2034"}],"wp:attachment":[{"href":"https:\/\/tuzlahortum.com.tr\/fr\/wp-json\/wp\/v2\/media?parent=866"}],"wp:term":[{"taxonomy":"product_brand","embeddable":true,"href":"https:\/\/tuzlahortum.com.tr\/fr\/wp-json\/wp\/v2\/product_brand?post=866"},{"taxonomy":"product_cat","embeddable":true,"href":"https:\/\/tuzlahortum.com.tr\/fr\/wp-json\/wp\/v2\/product_cat?post=866"},{"taxonomy":"product_tag","embeddable":true,"href":"https:\/\/tuzlahortum.com.tr\/fr\/wp-json\/wp\/v2\/product_tag?post=866"}],"curies":[{"name":"wp","href":"https:\/\/api.w.org\/{rel}","templated":true}]}}