{"id":861,"date":"2019-02-06T23:54:55","date_gmt":"2019-02-06T20:54:55","guid":{"rendered":"http:\/\/hortum.com.tr\/product\/import-placeholder-for-627\/"},"modified":"2024-03-21T17:41:35","modified_gmt":"2024-03-21T14:41:35","slug":"jakuzi-ve-havuz-hortumlari-beyaz-orgulu-ve-seffaf","status":"publish","type":"product","link":"https:\/\/tuzlahortum.com.tr\/fr\/produit\/jakuzi-ve-havuz-hortumlari-beyaz-orgulu-ve-seffaf\/","title":{"rendered":"TUYAUX JACUZZI ET PISCINE BLANC TRESS\u00c9 et TRANSPARENT"},"content":{"rendered":"<h2>TUYAUX JACUZZI ET PISCINE BLANC TRESS\u00c9 et TRANSPARENT<\/h2>\n<p>Fonctionnalit\u00e9s<\/p>\n<p>La couche inf\u00e9rieure est fabriqu\u00e9e avec un mat\u00e9riau transparent de haute qualit\u00e9, une armature en PVC rigide \u00e0 haute r\u00e9sistance et \u00e0 r\u00e9sistance maximale \u00e0 la rupture.<br \/>\nTemp\u00e9rature de fonctionnement<\/p>\n<p>-5\u00b0C \u00e0 +60\u00b0C<\/p>\n<p>Zones d&#039;utilisation<\/p>\n<p>Il peut \u00eatre utilis\u00e9 dans les syst\u00e8mes de circulation d&#039;eau de piscine et de jacuzzi.<\/p>\n<div class=\"video video-fit mb\" style=\"padding-top:56.25%;\"><p><iframe loading=\"lazy\" title=\"Confusion des mesures (pouces, doigts, brume, millim\u00e8tres)\" width=\"1020\" height=\"574\" src=\"https:\/\/www.youtube.com\/embed\/uKk6AG_AZls?feature=oembed\" frameborder=\"0\" allow=\"accelerometer; autoplay; clipboard-write; encrypted-media; gyroscope; picture-in-picture; web-share\" referrerpolicy=\"strict-origin-when-cross-origin\" allowfullscreen><\/iframe><\/p>\n<\/div>","protected":false},"excerpt":{"rendered":"<p>JACUZUZI ET BASSINS DE PISCINE BLANCS PONC\u00c9S et TRANSPARENTS Caract\u00e9ristiques La couche inf\u00e9rieure est fabriqu\u00e9e \u00e0 partir d'un mat\u00e9riau transparent de haute qualit\u00e9, d'un renfort en PVC rigide tr\u00e8s solide et tr\u00e8s r\u00e9sistant \u00e0 la rupture. Temp\u00e9rature de fonctionnement -5\u00b0C \u00e0 +60\u00b0C Domaines d'utilisation Peut \u00eatre utilis\u00e9 pour la circulation de l'eau de piscine, les syst\u00e8mes de bains bouillonnants.<\/p>","protected":false},"featured_media":2016,"comment_status":"open","ping_status":"closed","template":"","meta":{"jetpack_post_was_ever_published":false},"product_brand":[],"product_cat":[168],"product_tag":[1105,2298,1106,290,1104,2297,1064],"class_list":{"0":"post-861","1":"product","2":"type-product","3":"status-publish","4":"has-post-thumbnail","6":"product_cat-pvc-spiralli-hortumlari","7":"product_tag-havuz","8":"product_tag-havuz-hortumlari","9":"product_tag-havuz-hortumu","10":"product_tag-hortum","11":"product_tag-jakuzi","12":"product_tag-jakuzi-hortumlari","13":"product_tag-jakuzi-hortumu","15":"first","16":"instock","17":"taxable","18":"shipping-taxable","19":"product-type-variable"},"jetpack-related-posts":[],"jetpack_sharing_enabled":true,"jetpack_likes_enabled":true,"_links":{"self":[{"href":"https:\/\/tuzlahortum.com.tr\/fr\/wp-json\/wp\/v2\/product\/861","targetHints":{"allow":["GET"]}}],"collection":[{"href":"https:\/\/tuzlahortum.com.tr\/fr\/wp-json\/wp\/v2\/product"}],"about":[{"href":"https:\/\/tuzlahortum.com.tr\/fr\/wp-json\/wp\/v2\/types\/product"}],"replies":[{"embeddable":true,"href":"https:\/\/tuzlahortum.com.tr\/fr\/wp-json\/wp\/v2\/comments?post=861"}],"wp:featuredmedia":[{"embeddable":true,"href":"https:\/\/tuzlahortum.com.tr\/fr\/wp-json\/wp\/v2\/media\/2016"}],"wp:attachment":[{"href":"https:\/\/tuzlahortum.com.tr\/fr\/wp-json\/wp\/v2\/media?parent=861"}],"wp:term":[{"taxonomy":"product_brand","embeddable":true,"href":"https:\/\/tuzlahortum.com.tr\/fr\/wp-json\/wp\/v2\/product_brand?post=861"},{"taxonomy":"product_cat","embeddable":true,"href":"https:\/\/tuzlahortum.com.tr\/fr\/wp-json\/wp\/v2\/product_cat?post=861"},{"taxonomy":"product_tag","embeddable":true,"href":"https:\/\/tuzlahortum.com.tr\/fr\/wp-json\/wp\/v2\/product_tag?post=861"}],"curies":[{"name":"wp","href":"https:\/\/api.w.org\/{rel}","templated":true}]}}