{"id":860,"date":"2019-02-06T23:54:55","date_gmt":"2019-02-06T20:54:55","guid":{"rendered":"http:\/\/hortum.com.tr\/product\/import-placeholder-for-572\/"},"modified":"2024-03-21T17:41:35","modified_gmt":"2024-03-21T14:41:35","slug":"jakuzi-ve-havuz-hortumlari","status":"publish","type":"product","link":"https:\/\/tuzlahortum.com.tr\/fr\/produit\/jakuzi-ve-havuz-hortumlari\/","title":{"rendered":"JACUZZI ET TUYAUX DE PISCINE"},"content":{"rendered":"<h2>JACUZZI ET TUYAUX DE PISCINE<\/h2>\n<p>Fonctionnalit\u00e9s<\/p>\n<p>Il peut \u00eatre utilis\u00e9 comme absorbeur et \u00e9metteur, il est fabriqu\u00e9 avec une armature en PVC rigide \u00e0 haute r\u00e9sistance et r\u00e9sistance maximale \u00e0 la rupture.<br \/>\nTemp\u00e9rature de fonctionnement<\/p>\n<p>-5\u00b0C \u00e0 +60\u00b0C<\/p>\n<p>Zones d&#039;utilisation<\/p>\n<p>Il peut \u00eatre utilis\u00e9 dans les syst\u00e8mes de circulation d&#039;eau de piscine et de jacuzzi.<\/p>\n<div class=\"video video-fit mb\" style=\"padding-top:56.25%;\"><p><iframe loading=\"lazy\" title=\"Confusion des mesures (pouces, doigts, brume, millim\u00e8tres)\" width=\"1020\" height=\"574\" src=\"https:\/\/www.youtube.com\/embed\/uKk6AG_AZls?feature=oembed\" frameborder=\"0\" allow=\"accelerometer; autoplay; clipboard-write; encrypted-media; gyroscope; picture-in-picture; web-share\" referrerpolicy=\"strict-origin-when-cross-origin\" allowfullscreen><\/iframe><\/p>\n<\/div>\n<p><img data-recalc-dims=\"1\" loading=\"lazy\" decoding=\"async\" class=\"alignnone size-full wp-image-2015\" src=\"https:\/\/i0.wp.com\/hortum.com.tr\/wp-content\/uploads\/urunler\/plastik\/JAKUZI%CC%87-VE-HAVUZ-HORTUMLARI.jpg?resize=486%2C142\" alt=\"\" width=\"486\" height=\"142\" title=\"\"><\/p>","protected":false},"excerpt":{"rendered":"<p>JAKUZ\u0130 VE HAVUZ HORTUMLARI \u00d6zellikler Emici ve verici olarak kullan\u0131labilir, y\u00fcksek mukavemetli, k\u0131r\u0131lmaya kar\u015f\u0131 maksimum dayan\u0131kl\u0131 sert PVC takviyesiyle \u00fcretilmektedir. \u00c7al\u0131\u015fma S\u0131cakl\u0131\u011f\u0131 -5\u00b0C ile +60\u00b0C aras\u0131 Kullan\u0131m Alanlar\u0131 Y\u00fczme havuzu su sirk\u00fclasyonu\u00a0,\u00a0jakuzi k\u00fcvet sistemlerinde kullan\u0131labilir.<\/p>","protected":false},"featured_media":2213,"comment_status":"open","ping_status":"closed","template":"","meta":{"jetpack_post_was_ever_published":false},"product_brand":[],"product_cat":[168],"product_tag":[1105,2298,1106,290,1104,2297,1064],"class_list":{"0":"post-860","1":"product","2":"type-product","3":"status-publish","4":"has-post-thumbnail","6":"product_cat-pvc-spiralli-hortumlari","7":"product_tag-havuz","8":"product_tag-havuz-hortumlari","9":"product_tag-havuz-hortumu","10":"product_tag-hortum","11":"product_tag-jakuzi","12":"product_tag-jakuzi-hortumlari","13":"product_tag-jakuzi-hortumu","15":"first","16":"instock","17":"taxable","18":"shipping-taxable","19":"product-type-variable"},"jetpack-related-posts":[],"jetpack_sharing_enabled":true,"jetpack_likes_enabled":true,"_links":{"self":[{"href":"https:\/\/tuzlahortum.com.tr\/fr\/wp-json\/wp\/v2\/product\/860","targetHints":{"allow":["GET"]}}],"collection":[{"href":"https:\/\/tuzlahortum.com.tr\/fr\/wp-json\/wp\/v2\/product"}],"about":[{"href":"https:\/\/tuzlahortum.com.tr\/fr\/wp-json\/wp\/v2\/types\/product"}],"replies":[{"embeddable":true,"href":"https:\/\/tuzlahortum.com.tr\/fr\/wp-json\/wp\/v2\/comments?post=860"}],"wp:featuredmedia":[{"embeddable":true,"href":"https:\/\/tuzlahortum.com.tr\/fr\/wp-json\/wp\/v2\/media\/2213"}],"wp:attachment":[{"href":"https:\/\/tuzlahortum.com.tr\/fr\/wp-json\/wp\/v2\/media?parent=860"}],"wp:term":[{"taxonomy":"product_brand","embeddable":true,"href":"https:\/\/tuzlahortum.com.tr\/fr\/wp-json\/wp\/v2\/product_brand?post=860"},{"taxonomy":"product_cat","embeddable":true,"href":"https:\/\/tuzlahortum.com.tr\/fr\/wp-json\/wp\/v2\/product_cat?post=860"},{"taxonomy":"product_tag","embeddable":true,"href":"https:\/\/tuzlahortum.com.tr\/fr\/wp-json\/wp\/v2\/product_tag?post=860"}],"curies":[{"name":"wp","href":"https:\/\/api.w.org\/{rel}","templated":true}]}}